{"id":3643,"date":"2024-01-30T17:22:06","date_gmt":"2024-01-30T17:22:06","guid":{"rendered":"https:\/\/agropic.it\/prodotto\/jus-de-bergamote-a-100-720-ml-12-pieces\/"},"modified":"2024-05-17T16:56:08","modified_gmt":"2024-05-17T16:56:08","slug":"jus-de-bergamote-a-100-720-ml-6-pieces","status":"publish","type":"product","link":"https:\/\/agropic.it\/fr\/Produit\/jus-de-bergamote-a-100-720-ml-6-pieces\/","title":{"rendered":"100% pur jus de bergamote bio 720ml (6 bouteilles)"},"content":{"rendered":"<h5>Pack de 6 bouteilles de 720 ml de Jus de Bergamote 100% Pur Bio<\/h5>\n<p>Sans sucres ajout\u00e9s et sans conservateurs<\/p>\n<p><strong>Ingr\u00e9dients<\/strong> : Jus de Bergamote 100% Bio<\/p>\n<p><strong>Format<\/strong> : 720 ml<\/p>\n<p><strong>Origine de la bergamote<\/strong> : Italie (Calabre)<\/p>\n<p><strong>Mode de conservation<\/strong> : Conserver dans un endroit sec et frais, \u00e0 l&rsquo;\u00e9cart des sources de lumi\u00e8re et de chaleur. Une fois ouvert, placer au r\u00e9frig\u00e9rateur et consommer dans quelques jours.<\/p>\n<p><strong>Comment utiliser<\/strong> : Bien agiter avant utilisation. Boire tel quel ou diluer dans de l&rsquo;eau. Les \u00e9ventuels r\u00e9sidus ou s\u00e9parations ne compromettent pas la qualit\u00e9 du produit.<\/p>\n<h6>La bergamote est cultiv\u00e9e dans la r\u00e9gion Jonico-Reggina en Calabre, le microclimat de cette petite zone est particuli\u00e8rement favorable \u00e0 la production de cet agrume. Il est consid\u00e9r\u00e9 comme le fruit de la sant\u00e9 puisque certaines \u00e9tudes scientifiques r\u00e9alis\u00e9es r\u00e9cemment lui attribuent de nombreux effets b\u00e9n\u00e9fiques.<\/h6>\n<p>En effet, il aide \u00e0 combattre les probl\u00e8mes de mauvais cholest\u00e9rol LDL, pr\u00e9venant ainsi les maladies cardiovasculaires et normalisant les taux de transaminases, de CPK et de sucre dans le sang.<br \/>\nIl est riche en sels min\u00e9raux et en vitamines capables de pr\u00e9venir les troubles osseux et de renforcer le syst\u00e8me immunitaire et en antioxydants qui ralentissent le vieillissement.<br \/>\nEfficace \u00e9galement pour les probl\u00e8mes digestifs et pour lutter contre la mauvaise haleine.<\/p>\n<p>L\u2019utilisation du jus de bergamote ne doit pas remplacer un traitement m\u00e9dicamenteux. &lt;\/h3<\/p>\n<p><strong>Etudes scientifiques sur le jus de Bergamote :<\/strong><\/p>\n<ul>\n<li><strong><strong>Les effets anti-inflammatoires et antioxydants de l&rsquo;extrait de jus de bergamote IBJeJ dans un mod\u00e8le exp\u00e9rimental de maladie inflammatoire de l&rsquo;intestin. Impezzineri D1, Di Paola G1, Ahmad A1, Campolo M1, Cuzzocrea 52, Esposito E1, Navarra M3.<\/strong><\/strong><\/li>\n<li><strong><strong>La fraction polyph\u00e9nolique de bergamote am\u00e9liore l&rsquo;effet induit par la rosuvastatine sur l&rsquo;expression du cholest\u00e9rol LDL LOX-1 et la phosphorylation de la prot\u00e9ine kinase B chez les patients atteints d&rsquo;hyperlipid\u00e9mie. Int J Cardiol. 10 d\u00e9cembre 2013 ; 170(2) : 140-5. est ce que je: 10.1016\/j.ijcard.2013.08.125. En ligne le 8 septembre 2013. Gliozzi M(1), Walker R, Muscoli S, Vitale C, Gratteri S, Carresi C, Musolino V, Russo V, Janda E, Ragusa S, Aloe A, Palma E, Muscoli C, Romeo F, Mollac\u00e9 V.<\/strong><\/strong><\/li>\n<li><strong><strong>Activit\u00e9 hypolipid\u00e9mique et hypoglyc\u00e9mique des polyph\u00e9nols de bergamote : des mod\u00e8les animaux aux \u00e9tudes humaines. Phytoth\u00e9rapie. avril 2011;82(3):309-16. doi: 10.1016\/j.fitote.2010.10.014, publication en ligne le 4 novembre 2010. MoLtace V[1], Sacco I, Janda E, Malara C, Ventrice D, Colica C, Visalli V, Muscoli S, Ragusa S, Muscoli C, Rotiroti D, Rom\u00e9o F.<\/strong><\/strong><\/li>\n<\/ul>\n<h6><strong>L&rsquo;objectif principal de l&rsquo;activit\u00e9 est la valorisation des saveurs et des fruits de Calabre, en particulier les plus particuliers et g\u00e9n\u00e9ralement moins connus<\/strong>, comme la bergamote, un fruit aux multiples propri\u00e9t\u00e9s b\u00e9n\u00e9fiques, unique et aigre comme tout le territoire calabrais.<\/h6>\n<h6>Nature, tradition et haute qualit\u00e9 sont les ingr\u00e9dients du succ\u00e8s d&rsquo;Agro Pic.<\/h6>\n<h6><strong>Pour toute information sur nos produits n&rsquo;h\u00e9sitez pas \u00e0 nous contacter :<\/strong><\/h6>\n<h6>Cellulaire 349 5651669.<\/h6>\n<h6>T\u00e9l. 0964 1955229<\/h6>\n<h6>info@agropic.it<\/h6>\n","protected":false},"excerpt":{"rendered":"<p>Pack de 6 bouteilles de 720 ml de Jus de Bergamote 100% Pur Bio<\/p>\n<h6>Sans sucres ajout\u00e9s et sans conservateurs<\/h6>\n<p><strong>Ingr\u00e9dients<\/strong> : Jus de Bergamote 100% Bio Format : 720ml<\/p>\n<p><strong>Origine de la bergamote<\/strong> : Italie (Calabre)<\/p>\n<p>Lisez la description compl\u00e8te ci-dessous pour d\u00e9couvrir tous les conseils d&rsquo;utilisation, propri\u00e9t\u00e9s b\u00e9n\u00e9fiques et \u00e9tudes scientifiques r\u00e9alis\u00e9es sur la bergamote.<\/p>\n<p>&nbsp;<\/p>\n<p><strong>Achetez-le maintenant et recevez-le chez vous dans 4-5 jours.<\/strong>&hellip; <a class=\"kt-excerpt-readmore more-link\" href=\"https:\/\/agropic.it\/fr\/Produit\/jus-de-bergamote-a-100-720-ml-6-pieces\/\" aria-label=\"100% pur jus de bergamote bio 720ml (6 bouteilles)\">Read More<\/a><\/p>\n","protected":false},"featured_media":12841,"comment_status":"open","ping_status":"closed","template":"","meta":{"kt_blocks_editor_width":"","_kad_blocks_custom_css":"","_kad_blocks_head_custom_js":"","_kad_blocks_body_custom_js":"","_kad_blocks_footer_custom_js":""},"product_brand":[],"product_cat":[294],"product_tag":[1178,1179,1176,1177],"class_list":{"0":"post-3643","1":"product","2":"type-product","3":"status-publish","4":"has-post-thumbnail","6":"product_cat-jus-de-bergamote","7":"product_tag-100-jus-de-bergamote-2","8":"product_tag-bergamote-de-calabre-2","9":"product_tag-jus-de-bergamote-2","10":"product_tag-jus-de-bergamote-pur","12":"first","13":"instock","14":"sale","15":"shipping-taxable","16":"purchasable","17":"product-type-simple"},"taxonomy_info":{"product_cat":[{"value":294,"label":"Jus de bergamote"}],"product_tag":[{"value":1178,"label":"100% jus de bergamote"},{"value":1179,"label":"bergamote de Calabre"},{"value":1176,"label":"jus de bergamote"},{"value":1177,"label":"jus de bergamote pur"}]},"featured_image_src_large":["https:\/\/agropic.it\/wp-content\/uploads\/2024\/01\/B0F5BX6YJR.MAIN_-960x960.jpg",960,960,true],"author_info":[],"comment_info":0,"_links":{"self":[{"href":"https:\/\/agropic.it\/fr\/wp-json\/wp\/v2\/product\/3643","targetHints":{"allow":["GET"]}}],"collection":[{"href":"https:\/\/agropic.it\/fr\/wp-json\/wp\/v2\/product"}],"about":[{"href":"https:\/\/agropic.it\/fr\/wp-json\/wp\/v2\/types\/product"}],"replies":[{"embeddable":true,"href":"https:\/\/agropic.it\/fr\/wp-json\/wp\/v2\/comments?post=3643"}],"wp:featuredmedia":[{"embeddable":true,"href":"https:\/\/agropic.it\/fr\/wp-json\/wp\/v2\/media\/12841"}],"wp:attachment":[{"href":"https:\/\/agropic.it\/fr\/wp-json\/wp\/v2\/media?parent=3643"}],"wp:term":[{"taxonomy":"product_brand","embeddable":true,"href":"https:\/\/agropic.it\/fr\/wp-json\/wp\/v2\/product_brand?post=3643"},{"taxonomy":"product_cat","embeddable":true,"href":"https:\/\/agropic.it\/fr\/wp-json\/wp\/v2\/product_cat?post=3643"},{"taxonomy":"product_tag","embeddable":true,"href":"https:\/\/agropic.it\/fr\/wp-json\/wp\/v2\/product_tag?post=3643"}],"curies":[{"name":"wp","href":"https:\/\/api.w.org\/{rel}","templated":true}]}}