{"id":3641,"date":"2024-01-29T15:26:42","date_gmt":"2017-10-09T15:26:42","guid":{"rendered":"https:\/\/agropic.it\/prodotto\/hachis-de-piment-sous-huile-180g\/"},"modified":"2024-05-29T07:27:00","modified_gmt":"2024-05-29T07:27:00","slug":"hachis-de-piment-sous-huile-180g","status":"publish","type":"product","link":"https:\/\/agropic.it\/fr\/Produit\/hachis-de-piment-sous-huile-180g\/","title":{"rendered":"Piment hach\u00e9 dans l&rsquo;huile 180g"},"content":{"rendered":"<h5>Piment hach\u00e9 dans l&rsquo;huile.<\/h5>\n<p>Le piment hach\u00e9 est l&rsquo;un des cornichons qui ne manque jamais dans les maisons calabraises. Notre piment \u00e9pic\u00e9 hach\u00e9 est fabriqu\u00e9 avec les meilleurs piments \u00e9pic\u00e9s de Calabre 100 % bien m\u00fbrs, collect\u00e9s directement sur les terres non contamin\u00e9es de l&rsquo;entreprise et transform\u00e9s directement par Agro Pic.<\/p>\n<p>Cette confiture s&rsquo;utilise surtout sur le pain et les bruschettas mais aussi pour donner de la vivacit\u00e9 aux savoureux ap\u00e9ritifs et parfumer les entr\u00e9es et les seconds plats.<\/p>\n<p>Il se marie tr\u00e8s bien avec une assiette typique de spaghettis \u00e0 la sauce tomate.<\/p>\n<p>Notre viande hach\u00e9e est sans conservateurs.<\/p>\n<p><strong>Ingr\u00e9dients<\/strong> : Piment, origan, ail, sel et huile de tournesol et huile d&rsquo;olive.<\/p>\n<p><strong>Format<\/strong> 180 g<\/p>\n<p><strong>Valeurs nutritionnelles:<\/strong><\/p>\n<p>\u00c9nergie : 40 kcal &#8211; 167 kj<\/p>\n<p>Prot\u00e9ines : 1,94 g<\/p>\n<p>Lipides 0,32 g dont satur\u00e9s 0,032 g<\/p>\n<p>Glucides : 9,14 g dont sucres 5,2 g<\/p>\n<p>Sel 0,3 g<\/p>\n<p>Le piment est un ingr\u00e9dient de base de la cuisine calabraise typique, il poss\u00e8de un grand pouvoir antioxydant gr\u00e2ce aux flavono\u00efdes qu&rsquo;il contient, il est riche en vitamine C et en min\u00e9raux.<\/p>\n<p>Certaines \u00e9tudes recommandent \u00e9galement son utilisation pour pr\u00e9venir les maladies cardiovasculaires, pour augmenter le m\u00e9tabolisme et pour perdre du poids, mais elle est \u00e9galement utile pour lutter contre les maux de gorge.<\/p>\n<p><strong>En fait, le piment :<\/strong><\/p>\n<ul>\n<li><strong>il est riche en vitamines A, C et E.<\/strong><\/li>\n<li><strong>Il poss\u00e8de des propri\u00e9t\u00e9s antibact\u00e9riennes, antihistaminiques et antioxydantes.<\/strong><\/li>\n<li><strong>Il a un effet aphrodisiaque r\u00e9put\u00e9.<\/strong><\/li>\n<li><strong>Il a des effets analg\u00e9siques sur les muscles et les os.<\/strong><\/li>\n<li><strong>active le m\u00e9tabolisme et aide \u00e0 contr\u00f4ler le poids corporel.<\/strong><\/li>\n<li><strong>Il r\u00e9duit les niveaux de cholest\u00e9rol, de glucose et de triglyc\u00e9rides.<\/strong><\/li>\n<li><strong>Am\u00e9liore la circulation sanguine et pr\u00e9vient les maladies cardiovasculaires.<\/strong><\/li>\n<li><strong>a un effet antitumoral.<\/strong><\/li>\n<\/ul>\n<p><strong>Entreprise familiale et s\u00e9lection des meilleures mati\u00e8res premi\u00e8res<\/strong>, cultiv\u00e9es sur les terres fertiles de l&rsquo;entreprise et transform\u00e9es dans le respect de l&rsquo;ancienne tradition. Il s&rsquo;agit de la carte d&rsquo;identit\u00e9 d&rsquo;Agro Pic, une entreprise sp\u00e9cialis\u00e9e dans la production de confitures, jus, sauces et cornichons.<\/p>\n<p><strong>L&rsquo;objectif principal de l&rsquo;activit\u00e9 est la valorisation des saveurs et des fruits de Calabre, en particulier les plus particuliers et g\u00e9n\u00e9ralement moins connus<\/strong>, comme la bergamote, un fruit aux multiples propri\u00e9t\u00e9s b\u00e9n\u00e9fiques, unique et aigre comme tout le territoire calabrais.<\/p>\n<p>Nature, tradition et haute qualit\u00e9 sont les ingr\u00e9dients du succ\u00e8s d&rsquo;Agro Pic.<\/p>\n<p><strong>Pour toute information sur nos produits n&rsquo;h\u00e9sitez pas \u00e0 nous contacter :<\/strong><\/p>\n<p>cellule. 3495651669<\/p>\n<p>adresse e-mail: info@agropic.it<\/p>\n<p>T\u00e9l. 0964 1955229<\/p>\n","protected":false},"excerpt":{"rendered":"<p>Le piment hach\u00e9 est l&rsquo;un des cornichons qui ne manque jamais dans les maisons calabraises. Notre piment \u00e9pic\u00e9 hach\u00e9 est fabriqu\u00e9 avec les meilleurs piments \u00e9pic\u00e9s de Calabre 100 % bien m\u00fbrs, collect\u00e9s directement sur les terres non contamin\u00e9es de l&rsquo;entreprise et transform\u00e9s directement par Agro Pic.<\/p>\n<p>Cette confiture s&rsquo;utilise surtout sur le pain et les bruschettas mais aussi pour donner de la vivacit\u00e9 aux savoureux ap\u00e9ritifs et parfumer les entr\u00e9es et les seconds plats. Il se marie tr\u00e8s bien avec une assiette typique de spaghettis \u00e0 la sauce tomate.<\/p>\n<p>Sans conservateur!<\/p>\n<p><strong>Achetez-le maintenant et recevez-le dans 4-5 jours chez vous !<\/strong><\/p>\n<p>Lire la description compl\u00e8te pour plus d&rsquo;informations&hellip; <a class=\"kt-excerpt-readmore more-link\" href=\"https:\/\/agropic.it\/fr\/Produit\/hachis-de-piment-sous-huile-180g\/\" aria-label=\"Piment hach\u00e9 dans l&rsquo;huile 180g\">Read More<\/a><\/p>\n","protected":false},"featured_media":7229,"comment_status":"closed","ping_status":"closed","template":"","meta":{"kt_blocks_editor_width":"","_kad_blocks_custom_css":"","_kad_blocks_head_custom_js":"","_kad_blocks_body_custom_js":"","_kad_blocks_footer_custom_js":""},"product_brand":[],"product_cat":[266,247,293],"product_tag":[730],"class_list":{"0":"post-3641","1":"product","2":"type-product","3":"status-publish","4":"has-post-thumbnail","6":"product_cat-conserves-a-lhuile-et-en-aigre-doux","7":"product_cat-cremes-pate-et-tartinades","8":"product_cat-produits-au-piment","9":"product_tag-piment-hache","11":"first","12":"instock","13":"shipping-taxable","14":"purchasable","15":"product-type-simple"},"taxonomy_info":{"product_cat":[{"value":266,"label":"Conserves \u00e0 l\u2019huile et en aigre-doux"},{"value":247,"label":"Cr\u00e8mes p\u00e2t\u00e9 et tartinades"},{"value":293,"label":"Produits au piment"}],"product_tag":[{"value":730,"label":"piment hach\u00e9"}]},"featured_image_src_large":["https:\/\/agropic.it\/wp-content\/uploads\/2023\/03\/Trito-di-peperoncino-960x960.webp",960,960,true],"author_info":[],"comment_info":0,"_links":{"self":[{"href":"https:\/\/agropic.it\/fr\/wp-json\/wp\/v2\/product\/3641","targetHints":{"allow":["GET"]}}],"collection":[{"href":"https:\/\/agropic.it\/fr\/wp-json\/wp\/v2\/product"}],"about":[{"href":"https:\/\/agropic.it\/fr\/wp-json\/wp\/v2\/types\/product"}],"replies":[{"embeddable":true,"href":"https:\/\/agropic.it\/fr\/wp-json\/wp\/v2\/comments?post=3641"}],"wp:featuredmedia":[{"embeddable":true,"href":"https:\/\/agropic.it\/fr\/wp-json\/wp\/v2\/media\/7229"}],"wp:attachment":[{"href":"https:\/\/agropic.it\/fr\/wp-json\/wp\/v2\/media?parent=3641"}],"wp:term":[{"taxonomy":"product_brand","embeddable":true,"href":"https:\/\/agropic.it\/fr\/wp-json\/wp\/v2\/product_brand?post=3641"},{"taxonomy":"product_cat","embeddable":true,"href":"https:\/\/agropic.it\/fr\/wp-json\/wp\/v2\/product_cat?post=3641"},{"taxonomy":"product_tag","embeddable":true,"href":"https:\/\/agropic.it\/fr\/wp-json\/wp\/v2\/product_tag?post=3641"}],"curies":[{"name":"wp","href":"https:\/\/api.w.org\/{rel}","templated":true}]}}