{"id":3639,"date":"2024-01-31T05:38:13","date_gmt":"2024-01-31T05:38:13","guid":{"rendered":"https:\/\/agropic.it\/prodotto\/puree-de-tomates-serbino-340-g-1-piece\/"},"modified":"2024-05-17T10:56:51","modified_gmt":"2024-05-17T10:56:51","slug":"puree-de-tomates-serbino-340-g-1-piece","status":"publish","type":"product","link":"https:\/\/agropic.it\/fr\/Produit\/puree-de-tomates-serbino-340-g-1-piece\/","title":{"rendered":"1 bouteille &#8211; Pur\u00e9e de tomates cerises SERBINO 340g"},"content":{"rendered":"<h4>La pur\u00e9e de tomates Serbino est cors\u00e9e, sans conservateur et pr\u00eate en quelques minutes.<\/h4>\n<p>La pur\u00e9e de tomates Serbino est \u00e9labor\u00e9e exclusivement par Agro Pic avec les meilleures tomates cerises Serbo (vari\u00e9t\u00e9 indig\u00e8ne de Calabre), cultiv\u00e9es dans notre ferme en plein champ et sous le soleil.<\/p>\n<p>Les tomates sont cultiv\u00e9es sans produits chimiques, r\u00e9colt\u00e9es \u00e0 la main et transform\u00e9es selon l&rsquo;ancienne tradition calabraise.<\/p>\n<p><strong>Ingr\u00e9dients :<\/strong> Tomate, sel.<\/p>\n<p>Produit sans colorants ni colorants.<\/p>\n<p><strong>Mode d&#8217;emploi :<\/strong> Une bouteille de 340 g contient 3-4 portions, id\u00e9ales pour un spaghetti italien, sur une pizza et pour de nombreuses recettes.<\/p>\n<p><strong>M\u00e9thode de stockage :<\/strong> Conserver dans un endroit frais et sec, \u00e0 l\u2019abri du soleil et des sources de chaleur.<\/p>\n<p><strong>Origine de la tomate :<\/strong> ITALIE (Calabre)<\/p>\n<p><strong>Format :<\/strong> 340g<\/p>\n<p>D\u00e9claration nutritionnelle (valeurs moyennes pour 100g de produit) :<\/p>\n<p>Energie : 28 Kj 115 kcal<\/p>\n<p>Prot\u00e9ine : 1,65%<\/p>\n<p>Lipides : 0,21%<\/p>\n<p>Glucides : 8,98%<\/p>\n<p><strong>Voici les propri\u00e9t\u00e9s b\u00e9n\u00e9fiques des tomates :<\/strong><\/p>\n<ul>\n<li><strong><strong>Pr\u00e9vient les maladies cardiovasculaires<\/strong><\/strong><\/li>\n<li><strong><strong>Riche en vitamine C<\/strong><\/strong><\/li>\n<li><strong><strong>Pr\u00e9vient les cancers du c\u00f4lon et de la prostate<\/strong><\/strong><\/li>\n<li><strong><strong>Pr\u00e9vient l&rsquo;ost\u00e9oporose<\/strong><\/strong><\/li>\n<li><strong><strong>Il diminue le mauvais cholest\u00e9rol LDL et augmente le bon cholest\u00e9rol HDL.<\/strong><\/strong><\/li>\n<li><strong><strong>Prot\u00e8ge votre vue<\/strong><\/strong><\/li>\n<li><strong>Il a des propri\u00e9t\u00e9s diur\u00e9tiques et digestives<\/strong><\/li>\n<\/ul>\n<p>Manger quotidiennement de la tomate et ses d\u00e9riv\u00e9s permet de r\u00e9duire les risques de formations canc\u00e9reuses des voies gastro-digestives et respiratoires, de l&rsquo;estomac et des poumons.<\/p>\n<h6>Entreprise familiale et s\u00e9lection des meilleures mati\u00e8res premi\u00e8res, cultiv\u00e9es sur les terres fertiles de l&rsquo;entreprise et transform\u00e9es dans le respect de l&rsquo;ancienne tradition. Il s&rsquo;agit de la carte d&rsquo;identit\u00e9 d&rsquo;Agro Pic, une entreprise sp\u00e9cialis\u00e9e dans la production de confitures, jus, sauces et cornichons.<\/h6>\n<h6>Nature, tradition et haute qualit\u00e9 sont les ingr\u00e9dients du succ\u00e8s d&rsquo;Agro Pic.<\/h6>\n<h6>Pour toute information sur nos produits n&rsquo;h\u00e9sitez pas \u00e0 nous contacter :<\/h6>\n<h6>cellule. 3495651669<\/h6>\n<h6>T\u00e9l. 0964 1955229<\/h6>\n<h6>adresse e-mail: info@agropic.it<\/h6>\n","protected":false},"excerpt":{"rendered":"<p>La pur\u00e9e de tomates cerises Serbino est cors\u00e9e, sans conservateur et pr\u00eate en quelques minutes.<\/p>\n<p>La pur\u00e9e de tomates Serbino est \u00e9labor\u00e9e exclusivement par Agro Pic avec les meilleures tomates cerises Serbo (vari\u00e9t\u00e9 indig\u00e8ne de Calabre), cultiv\u00e9es dans notre ferme en plein champ et sous le soleil.<\/p>\n<p>Les tomates sont cultiv\u00e9es sans produits chimiques, r\u00e9colt\u00e9es \u00e0 la main et transform\u00e9es selon l&rsquo;ancienne tradition calabraise.<\/p>\n<p>Comment utiliser : Une bouteille de 340 g contient 3-4 portions, id\u00e9ales pour un spaghetti italien, sur une pizza et pour de nombreuses recettes.<\/p>\n<p>Produit sans colorants ni conservateurs<\/p>\n<p><strong>Origine de la tomate :<\/strong> ITALIE (Calabre)<\/p>\n<p><strong>Format :<\/strong> 340 g<\/p>\n<p>Lisez la description compl\u00e8te ci-dessous.<\/p>\n<p>&nbsp;<\/p>\n<p><strong>Achetez-le maintenant et recevez-le chez vous dans 4-5 jours<\/strong>&hellip; <a class=\"kt-excerpt-readmore more-link\" href=\"https:\/\/agropic.it\/fr\/Produit\/puree-de-tomates-serbino-340-g-1-piece\/\" aria-label=\"1 bouteille &#8211; Pur\u00e9e de tomates cerises SERBINO 340g\">Read More<\/a><\/p>\n","protected":false},"featured_media":7139,"comment_status":"closed","ping_status":"closed","template":"","meta":{"kt_blocks_editor_width":"","_kad_blocks_custom_css":"","_kad_blocks_head_custom_js":"","_kad_blocks_body_custom_js":"","_kad_blocks_footer_custom_js":""},"product_brand":[],"product_cat":[243],"product_tag":[727,728],"class_list":{"0":"post-3639","1":"product","2":"type-product","3":"status-publish","4":"has-post-thumbnail","6":"product_cat-passes-de-tomates-et-sauces","7":"product_tag-sauce-tomate","8":"product_tag-tomate-italienne","10":"first","11":"instock","12":"shipping-taxable","13":"purchasable","14":"product-type-simple"},"taxonomy_info":{"product_cat":[{"value":243,"label":"Passes de tomates et sauces"}],"product_tag":[{"value":727,"label":"sauce tomate"},{"value":728,"label":"tomate italienne"}]},"featured_image_src_large":["https:\/\/agropic.it\/wp-content\/uploads\/2023\/03\/passata-di-pomodoro-ciliegino-960x960.webp",960,960,true],"author_info":[],"comment_info":0,"_links":{"self":[{"href":"https:\/\/agropic.it\/fr\/wp-json\/wp\/v2\/product\/3639","targetHints":{"allow":["GET"]}}],"collection":[{"href":"https:\/\/agropic.it\/fr\/wp-json\/wp\/v2\/product"}],"about":[{"href":"https:\/\/agropic.it\/fr\/wp-json\/wp\/v2\/types\/product"}],"replies":[{"embeddable":true,"href":"https:\/\/agropic.it\/fr\/wp-json\/wp\/v2\/comments?post=3639"}],"wp:featuredmedia":[{"embeddable":true,"href":"https:\/\/agropic.it\/fr\/wp-json\/wp\/v2\/media\/7139"}],"wp:attachment":[{"href":"https:\/\/agropic.it\/fr\/wp-json\/wp\/v2\/media?parent=3639"}],"wp:term":[{"taxonomy":"product_brand","embeddable":true,"href":"https:\/\/agropic.it\/fr\/wp-json\/wp\/v2\/product_brand?post=3639"},{"taxonomy":"product_cat","embeddable":true,"href":"https:\/\/agropic.it\/fr\/wp-json\/wp\/v2\/product_cat?post=3639"},{"taxonomy":"product_tag","embeddable":true,"href":"https:\/\/agropic.it\/fr\/wp-json\/wp\/v2\/product_tag?post=3639"}],"curies":[{"name":"wp","href":"https:\/\/api.w.org\/{rel}","templated":true}]}}