{"id":3599,"date":"2024-12-25T09:58:43","date_gmt":"2024-12-25T09:58:43","guid":{"rendered":"https:\/\/agropic.it\/prodotto\/confiture-supplementaire-de-bergamote-220g-avec-bergamotes-biologiques\/"},"modified":"2025-08-06T08:21:38","modified_gmt":"2025-08-06T08:21:38","slug":"confiture-de-bergamote-biologiques-220g","status":"publish","type":"product","link":"https:\/\/agropic.it\/fr\/Produit\/confiture-de-bergamote-biologiques-220g\/","title":{"rendered":"Confiture de Bergamote BIO 220g"},"content":{"rendered":"<h4>La confiture de bergamote BIO Agro Pic est un produit naturel \u00e9labor\u00e9 de mani\u00e8re artisanale avec des bergamotes de Calabre et du sucre sans ajout de conservateurs. La confiture de bergamote a \u00e9t\u00e9 cr\u00e9\u00e9e pour ravir les tables, avec son go\u00fbt inimitable, intense et frais, r\u00e9alis\u00e9 \u00e0 partir de pulpe de bergamote, qui offre de nombreux effets b\u00e9n\u00e9fiques.<\/h4>\n<p><strong>Ingr\u00e9dients:\u00a0<\/strong> Bergamotes bio 70 %, sucre.<\/p>\n<p>70% bio sur le total des ingr\u00e9dients d&rsquo;origine agricole.<\/p>\n<p>70g de bergamotes bio ont \u00e9t\u00e9 utilis\u00e9s pour 100g de produit fini.<\/p>\n<p>Sans conservateurs et sans pectine. Produit 100% italien<\/p>\n<p>COMMENT UTILISER: recommand\u00e9 pour les petits d\u00e9jeuners et pour pr\u00e9parer et garnir des desserts tels que des biscuits et des tartes, \u00e0 d\u00e9guster avec des charcuteries et des fromages, mais il est \u00e9galement excellent uniquement s&rsquo;il est tartin\u00e9 sur du pain. Conserver au frais et une fois ouvert, conserver au frais. le r\u00e9frig\u00e9rateur .<\/p>\n<p>M\u00e9thode de stockage : Conserver dans un endroit frais et sec, \u00e0 l\u2019abri des sources de chaleur et du soleil. Une fois ouvert, placer le produit au r\u00e9frig\u00e9rateur et consommer apr\u00e8s quelques jours.<\/p>\n<p><strong>Format:<\/strong> 220g<\/p>\n<h6>Cultiv\u00e9e dans la r\u00e9gion de Jonico-Reggina en Calabre, la bergamote est consid\u00e9r\u00e9e comme le fruit de la sant\u00e9 car elle poss\u00e8de de nombreux effets b\u00e9n\u00e9fiques, en effet si elle est prise r\u00e9guli\u00e8rement :<\/h6>\n<ul>\n<li>\n<h6>R\u00e9duit consid\u00e9rablement les taux de cholest\u00e9rol, de triglyc\u00e9rides et de sucre dans le sang.<\/h6>\n<\/li>\n<li>\n<h6>\u00a0Pr\u00e9vient les maladies cardiovasculaires telles que les crises cardiaques et les accidents vasculaires c\u00e9r\u00e9braux.<\/h6>\n<\/li>\n<li>\n<h6>\u00a0Normalise les niveaux de transaminases et de CPK.<\/h6>\n<\/li>\n<li>\n<h6>\u00a0Il ralentit le vieillissement car il est riche en antioxydants qui combattent les radicaux libres.<\/h6>\n<\/li>\n<li>\n<h6>Riche en sels min\u00e9raux et en vitamines B1, B2, C et P, capables de pr\u00e9venir les troubles osseux et de renforcer le syst\u00e8me immunitaire.<\/h6>\n<\/li>\n<li>\n<h6>Utile pour r\u00e9duire le stress.<\/h6>\n<\/li>\n<li>\n<h6>Combat la mauvaise haleine et aide \u00e0 am\u00e9liorer les voies respiratoires.<\/h6>\n<\/li>\n<li>\n<h6>Renforce le cuir chevelu.<\/h6>\n<\/li>\n<li>\n<h6>\u00a0Efficace pour les probl\u00e8mes digestifs.<\/h6>\n<\/li>\n<\/ul>\n<h6><strong>Entreprise familiale et s\u00e9lection des meilleures mati\u00e8res premi\u00e8res, cultiv\u00e9es sur les terres fertiles de l&rsquo;entreprise et transform\u00e9es dans le respect de l&rsquo;ancienne tradition. Il s&rsquo;agit de la carte d&rsquo;identit\u00e9 d&rsquo;Agro Pic, une entreprise sp\u00e9cialis\u00e9e dans la production de confitures, jus, sauces et cornichons.<br \/>\n<\/strong><strong><br \/>\nL&rsquo;objectif principal de l&rsquo;activit\u00e9 est la valorisation des saveurs et des fruits de Calabre, en particulier les plus particuliers et g\u00e9n\u00e9ralement moins connus, comme la bergamote, un fruit aux multiples propri\u00e9t\u00e9s b\u00e9n\u00e9fiques, unique et aigre comme tout le territoire calabrais.<br \/>\n<\/strong><br \/>\n<strong>Nature, tradition et haute qualit\u00e9 sont les ingr\u00e9dients du succ\u00e8s d&rsquo;Agro Pic.<br \/>\n<\/strong><\/h6>\n<p>Suivez-nous sur Instagram pour d\u00e9couvrir toute l&rsquo;actualit\u00e9 d&rsquo;Agro Pic.<\/p>\n<p>https:\/\/www.instagram.com\/agropic\/<\/p>\n<p>Pour toute information sur nos produits, n&rsquo;h\u00e9sitez pas \u00e0 nous contacter\u00a0:<\/p>\n<p>T\u00e9l.\u00a0: +39 3495651669<\/p>\n<p>E-mail\u00a0: info@agropic.it<\/p>\n<p>T\u00e9l.\u00a0: +39 0964 1955229<\/p>\n","protected":false},"excerpt":{"rendered":"<h6><strong>La confiture de bergamote biologiques Agro Pic est un produit naturel \u00e9labor\u00e9 de mani\u00e8re artisanale avec des bergamotes de Calabre et du sucre sans ajout de conservateurs. La confiture de bergamote a \u00e9t\u00e9 cr\u00e9\u00e9e pour ravir les tables, avec son go\u00fbt inimitable, intense et frais, r\u00e9alis\u00e9 \u00e0 partir de pulpe de bergamote, qui offre de nombreux effets b\u00e9n\u00e9fiques.<\/strong><\/h6>\n<p><strong>Ingr\u00e9dients:<\/strong>\u00a0 Bergamotes bio 70 %, sucre.<\/p>\n<p>70% bio sur le total des ingr\u00e9dients d&rsquo;origine agricole.<\/p>\n<p>70g de bergamotes bio ont \u00e9t\u00e9 utilis\u00e9s pour 100g de produit fini.<\/p>\n<p>Sans conservateurs et sans pectine. Produit 100% italien<\/p>\n<p>Recommand\u00e9 pour les petits d\u00e9jeuners et pour pr\u00e9parer et garnir des desserts tels que des biscuits et des tartes, \u00e0 d\u00e9guster avec des charcuteries et des fromages, mais il est \u00e9galement excellent uniquement s&rsquo;il est tartin\u00e9 sur du pain. Conserver au frais et une fois ouvert, conserver au r\u00e9frig\u00e9rateur.<\/p>\n<p><strong>Format:<\/strong> 220g<\/p>\n<p><strong>Achetez-le maintenant et recevez-le chez vous dans 4-5 jours.<\/strong><\/p>\n<p>Continuez \u00e0 lire la description compl\u00e8te ci-dessous&hellip; <a class=\"kt-excerpt-readmore more-link\" href=\"https:\/\/agropic.it\/fr\/Produit\/confiture-de-bergamote-biologiques-220g\/\" aria-label=\"Confiture de Bergamote BIO 220g\">Read More<\/a><\/p>\n","protected":false},"featured_media":7039,"comment_status":"closed","ping_status":"closed","template":"","meta":{"kt_blocks_editor_width":"","_kad_blocks_custom_css":"","_kad_blocks_head_custom_js":"","_kad_blocks_body_custom_js":"","_kad_blocks_footer_custom_js":""},"product_brand":[],"product_cat":[263],"product_tag":[670],"class_list":{"0":"post-3599","1":"product","2":"type-product","3":"status-publish","4":"has-post-thumbnail","6":"product_cat-confitures-et-confitures","7":"product_tag-confiture-de-bergamote-fr","9":"first","10":"instock","11":"shipping-taxable","12":"purchasable","13":"product-type-simple"},"taxonomy_info":{"product_cat":[{"value":263,"label":"Confitures et confitures"}],"product_tag":[{"value":670,"label":"confiture de bergamote"}]},"featured_image_src_large":["https:\/\/agropic.it\/wp-content\/uploads\/2023\/03\/Marmellata-di-bergamotto-960x960.webp",960,960,true],"author_info":[],"comment_info":0,"_links":{"self":[{"href":"https:\/\/agropic.it\/fr\/wp-json\/wp\/v2\/product\/3599","targetHints":{"allow":["GET"]}}],"collection":[{"href":"https:\/\/agropic.it\/fr\/wp-json\/wp\/v2\/product"}],"about":[{"href":"https:\/\/agropic.it\/fr\/wp-json\/wp\/v2\/types\/product"}],"replies":[{"embeddable":true,"href":"https:\/\/agropic.it\/fr\/wp-json\/wp\/v2\/comments?post=3599"}],"wp:featuredmedia":[{"embeddable":true,"href":"https:\/\/agropic.it\/fr\/wp-json\/wp\/v2\/media\/7039"}],"wp:attachment":[{"href":"https:\/\/agropic.it\/fr\/wp-json\/wp\/v2\/media?parent=3599"}],"wp:term":[{"taxonomy":"product_brand","embeddable":true,"href":"https:\/\/agropic.it\/fr\/wp-json\/wp\/v2\/product_brand?post=3599"},{"taxonomy":"product_cat","embeddable":true,"href":"https:\/\/agropic.it\/fr\/wp-json\/wp\/v2\/product_cat?post=3599"},{"taxonomy":"product_tag","embeddable":true,"href":"https:\/\/agropic.it\/fr\/wp-json\/wp\/v2\/product_tag?post=3599"}],"curies":[{"name":"wp","href":"https:\/\/api.w.org\/{rel}","templated":true}]}}