{"id":3564,"date":"2024-01-24T17:24:08","date_gmt":"2024-01-24T17:24:08","guid":{"rendered":"https:\/\/agropic.it\/prodotto\/confiture-doignons-220g\/"},"modified":"2017-10-16T17:24:08","modified_gmt":"2017-10-16T17:24:08","slug":"confiture-doignons-220g","status":"publish","type":"product","link":"https:\/\/agropic.it\/fr\/Produit\/confiture-doignons-220g\/","title":{"rendered":"Confiture d\u2019oignons 220g"},"content":{"rendered":"<p>Confiture d\u2019oignons. La confiture d\u2019oignons Agro Pic est un produit au go\u00fbt r\u00e9solu et doux-amer, \u00e0 base d\u2019oignons rouges de Tropea. Il peut \u00eatre servi comme collation pour les ap\u00e9ritifs, les entr\u00e9es et les salades,  comme accompagnement pour quelques plats de viande et de poisson. Produit 100% italien. Format de 220 g. L\u2019oignon rouge de Tropea poss\u00e8de de nombreuses propri\u00e9t\u00e9s b\u00e9n\u00e9fiques, r\u00e9duit le cholest\u00e9rol, la glyc\u00e9mie et les triglyc\u00e9rides, pr\u00e9vient les maladies cardiovasculaires, aide \u00e0 purifier l\u2019organisme<\/p>\n<p>Gestion familiale et s\u00e9lection des meilleures mati\u00e8res premi\u00e8res, cultiv\u00e9es dans les sols fertiles de l\u2019activit\u00e9 et transform\u00e9es dans le respect de l\u2019ancienne tradition. Telle est la carte d\u2019identit\u00e9 d\u2019Agro Pic, soci\u00e9t\u00e9 sp\u00e9cialis\u00e9e dans la production de produits \u00e0 la bergamote,  confitures, jus de fruits, sauces et sous huiles. L\u2019objectif principal  de l\u2019exploitation est la valorisation des saveurs et des fruits de la Calabre, en particulier les saveurs sp\u00e9ciales et g\u00e9n\u00e9ralement moins connues, comme la bergamote, fruit aux multiples propri\u00e9t\u00e9s b\u00e9n\u00e9fiques, unique et aigre comme tout le territoire calabrais. La nature, la tradition et la haute qualit\u00e9  sont  les ingr\u00e9dients du succ\u00e8s d\u2019Agro Pic. Vous pouvez acheter nos produits via ce site ou par courrier \u00e9lectronique en \u00e9crivant \u00e0 info@agropic.it ou par t\u00e9l\u00e9phone au  +39  349 56 51 669. Une fois le paiement effectu\u00e9, votre commande vous sera livr\u00e9e  en 2-3  jours ouvrables.<\/p>\n","protected":false},"excerpt":{"rendered":"<p>Confiture d\u2019oignons. La confiture d\u2019oignons Agro Pic est un produit au go\u00fbt r\u00e9solu et doux-amer, \u00e0 base d\u2019oignons rouges de Tropea. Il peut \u00eatre servi comme collation pour les ap\u00e9ritifs, les entr\u00e9es et les salades,  comme accompagnement pour quelques plats de viande et de poisson. Produit 100% italien. Format de 220 g. L\u2019oignon rouge de Tropea poss\u00e8de de nombreuses propri\u00e9t\u00e9s b\u00e9n\u00e9fiques, r\u00e9duit le cholest\u00e9rol, la glyc\u00e9mie et les triglyc\u00e9rides, pr\u00e9vient les maladies cardiovasculaires, aide \u00e0 purifier l\u2019organisme&hellip; <a class=\"kt-excerpt-readmore more-link\" href=\"https:\/\/agropic.it\/fr\/Produit\/confiture-doignons-220g\/\" aria-label=\"Confiture d\u2019oignons 220g\">Read More<\/a><\/p>\n","protected":false},"featured_media":12324,"comment_status":"closed","ping_status":"closed","template":"","meta":{"kt_blocks_editor_width":"","_kad_blocks_custom_css":"","_kad_blocks_head_custom_js":"","_kad_blocks_body_custom_js":"","_kad_blocks_footer_custom_js":""},"product_brand":[],"product_cat":[263],"product_tag":[627,626],"class_list":{"0":"post-3564","1":"product","2":"type-product","3":"status-publish","4":"has-post-thumbnail","6":"product_cat-confitures-et-confitures","7":"product_tag-compote-doignons","8":"product_tag-confiture-doignons","10":"first","11":"instock","12":"shipping-taxable","13":"purchasable","14":"product-type-simple"},"taxonomy_info":{"product_cat":[{"value":263,"label":"Confitures et confitures"}],"product_tag":[{"value":627,"label":"compote d'oignons"},{"value":626,"label":"Confiture d'oignons"}]},"featured_image_src_large":["https:\/\/agropic.it\/wp-content\/uploads\/2024\/01\/composta-di-cipolle-960x960.png",960,960,true],"author_info":[],"comment_info":0,"_links":{"self":[{"href":"https:\/\/agropic.it\/fr\/wp-json\/wp\/v2\/product\/3564","targetHints":{"allow":["GET"]}}],"collection":[{"href":"https:\/\/agropic.it\/fr\/wp-json\/wp\/v2\/product"}],"about":[{"href":"https:\/\/agropic.it\/fr\/wp-json\/wp\/v2\/types\/product"}],"replies":[{"embeddable":true,"href":"https:\/\/agropic.it\/fr\/wp-json\/wp\/v2\/comments?post=3564"}],"wp:featuredmedia":[{"embeddable":true,"href":"https:\/\/agropic.it\/fr\/wp-json\/wp\/v2\/media\/12324"}],"wp:attachment":[{"href":"https:\/\/agropic.it\/fr\/wp-json\/wp\/v2\/media?parent=3564"}],"wp:term":[{"taxonomy":"product_brand","embeddable":true,"href":"https:\/\/agropic.it\/fr\/wp-json\/wp\/v2\/product_brand?post=3564"},{"taxonomy":"product_cat","embeddable":true,"href":"https:\/\/agropic.it\/fr\/wp-json\/wp\/v2\/product_cat?post=3564"},{"taxonomy":"product_tag","embeddable":true,"href":"https:\/\/agropic.it\/fr\/wp-json\/wp\/v2\/product_tag?post=3564"}],"curies":[{"name":"wp","href":"https:\/\/api.w.org\/{rel}","templated":true}]}}