{"id":3555,"date":"2024-01-24T17:25:34","date_gmt":"2017-10-16T17:25:34","guid":{"rendered":"https:\/\/agropic.it\/prodotto\/miel-au-piment-250g\/"},"modified":"2017-10-16T17:25:34","modified_gmt":"2017-10-16T17:25:34","slug":"miel-au-piment-250g","status":"publish","type":"product","link":"https:\/\/agropic.it\/fr\/Produit\/miel-au-piment-250g\/","title":{"rendered":"Miel au piment 250g"},"content":{"rendered":"<p>Miel de sulla et piment. Recommand\u00e9 pour les  ap\u00e9ritifs et les entr\u00e9es, surtout lorsqu\u2019il est associ\u00e9 \u00e0 des fromages frais et assaisonn\u00e9s.<br \/>\nINGR\u00c9DIENTS: Miel de sulla, extrait de piment. Sans conservateurs. Miele 100% Italien! Format de 250 g.. Sa teneur en vitamines A, B et C est importante.  Il poss\u00e8de des propri\u00e9t\u00e9s antibact\u00e9riennes,  analg\u00e9siquesou  antihistaminiques et antioxydantes. Ajute de contr\u00f4ler le poids corporel.<br \/>\nIl diminue le taux de cholest\u00e9rol, de glucose et de triglyc\u00e9rides.<\/p>\n<p>Gestion familiale et s\u00e9lection des meilleures mati\u00e8res premi\u00e8res, cultiv\u00e9es dans les sols fertiles de l\u2019activit\u00e9 et transform\u00e9es dans le respect de l\u2019ancienne tradition. Telle est la carte d\u2019identit\u00e9 d\u2019Agro Pic, soci\u00e9t\u00e9 sp\u00e9cialis\u00e9e dans la production de produits \u00e0 la bergamote,  confitures, jus de fruits, sauces et sous huiles. L\u2019objectif principal  de l\u2019exploitation est la valorisation des saveurs et des fruits de la Calabre, en particulier les saveurs sp\u00e9ciales et g\u00e9n\u00e9ralement moins connues, comme la bergamote, fruit aux multiples propri\u00e9t\u00e9s b\u00e9n\u00e9fiques, unique et aigre comme tout le territoire calabrais. La nature, la tradition et la haute qualit\u00e9  sont  les ingr\u00e9dients du succ\u00e8s d\u2019Agro Pic. Vous pouvez acheter nos produits via ce site ou par courrier \u00e9lectronique en \u00e9crivant \u00e0 info@agropic.it ou par t\u00e9l\u00e9phone au  +39  349 56 51 669. Une fois le paiement effectu\u00e9, votre commande vous sera livr\u00e9e  en 2-3  jours ouvrables.<\/p>\n","protected":false},"excerpt":{"rendered":"<p>Miel de sulla et piment. Recommand\u00e9 pour les  ap\u00e9ritifs et les entr\u00e9es, surtout lorsqu\u2019il est associ\u00e9 \u00e0 des fromages frais et assaisonn\u00e9s.<br \/>\nINGR\u00c9DIENTS: Miel de sulla, extrait de piment. Sans conservateurs. Miele 100% Italien! Format de 250 g.. Sa teneur en vitamines A, B et C est importante.  Il poss\u00e8de des propri\u00e9t\u00e9s antibact\u00e9riennes,  analg\u00e9siquesou  antihistaminiques et antioxydantes. Ajute de contr\u00f4ler le poids corporel.<br \/>\nIl diminue le taux de cholest\u00e9rol, de glucose et de triglyc\u00e9rides.&hellip; <a class=\"kt-excerpt-readmore more-link\" href=\"https:\/\/agropic.it\/fr\/Produit\/miel-au-piment-250g\/\" aria-label=\"Miel au piment 250g\">Read More<\/a><\/p>\n","protected":false},"featured_media":8169,"comment_status":"closed","ping_status":"closed","template":"","meta":{"kt_blocks_editor_width":"","_kad_blocks_custom_css":"","_kad_blocks_head_custom_js":"","_kad_blocks_body_custom_js":"","_kad_blocks_footer_custom_js":""},"product_brand":[],"product_cat":[255],"product_tag":[614],"class_list":{"0":"post-3555","1":"product","2":"type-product","3":"status-publish","4":"has-post-thumbnail","6":"product_cat-miel","7":"product_tag-miel-de-piment","9":"first","10":"instock","11":"shipping-taxable","12":"purchasable","13":"product-type-simple"},"taxonomy_info":{"product_cat":[{"value":255,"label":"Miel"}],"product_tag":[{"value":614,"label":"miel de piment"}]},"featured_image_src_large":["https:\/\/agropic.it\/wp-content\/uploads\/2024\/01\/Miele-Al-peperoncino-1-1-960x960.jpg",960,960,true],"author_info":[],"comment_info":0,"_links":{"self":[{"href":"https:\/\/agropic.it\/fr\/wp-json\/wp\/v2\/product\/3555","targetHints":{"allow":["GET"]}}],"collection":[{"href":"https:\/\/agropic.it\/fr\/wp-json\/wp\/v2\/product"}],"about":[{"href":"https:\/\/agropic.it\/fr\/wp-json\/wp\/v2\/types\/product"}],"replies":[{"embeddable":true,"href":"https:\/\/agropic.it\/fr\/wp-json\/wp\/v2\/comments?post=3555"}],"wp:featuredmedia":[{"embeddable":true,"href":"https:\/\/agropic.it\/fr\/wp-json\/wp\/v2\/media\/8169"}],"wp:attachment":[{"href":"https:\/\/agropic.it\/fr\/wp-json\/wp\/v2\/media?parent=3555"}],"wp:term":[{"taxonomy":"product_brand","embeddable":true,"href":"https:\/\/agropic.it\/fr\/wp-json\/wp\/v2\/product_brand?post=3555"},{"taxonomy":"product_cat","embeddable":true,"href":"https:\/\/agropic.it\/fr\/wp-json\/wp\/v2\/product_cat?post=3555"},{"taxonomy":"product_tag","embeddable":true,"href":"https:\/\/agropic.it\/fr\/wp-json\/wp\/v2\/product_tag?post=3555"}],"curies":[{"name":"wp","href":"https:\/\/api.w.org\/{rel}","templated":true}]}}