{"id":3546,"date":"2024-01-30T17:30:47","date_gmt":"2017-10-16T17:30:47","guid":{"rendered":"https:\/\/agropic.it\/prodotto\/bombe-a-saveurs-280g\/"},"modified":"2024-05-17T16:25:03","modified_gmt":"2024-05-17T16:25:03","slug":"bombe-a-saveurs-280g","status":"publish","type":"product","link":"https:\/\/agropic.it\/fr\/Produit\/bombe-a-saveurs-280g\/","title":{"rendered":"Bombe de saveur 280g"},"content":{"rendered":"<h5>L&rsquo;Agro Pic Flavor Bomb est une v\u00e9ritable \u00ab\u00a0explosion\u00a0\u00bb de go\u00fbt, avec sa saveur \u00e9pic\u00e9e typique ! Cette fantastique r\u00e9serve ne manque jamais dans les maisons calabraises, en fait, elle est la reine des produits typiques de la r\u00e9gion. \u00c0 tartiner sur du pain et des bruschettas. Id\u00e9al pour cr\u00e9er des ap\u00e9ritifs et des ap\u00e9ritifs, excellent s&rsquo;il est accompagn\u00e9 de charcuteries et de fromages.<\/h5>\n<p><strong>Ingr\u00e9dients<\/strong> : Piment, poivron, oignon, tomates s\u00e9ch\u00e9es, aubergines, huile d&rsquo;olive extra vierge, huile de tournesol, ail, origan, laurier, sel, vinaigre de vin et correcteur d&rsquo;acidit\u00e9 : acide citrique. Sans conservateur.<\/p>\n<p><strong>Origine v\u00e9g\u00e9tale<\/strong> : Italie (Calabre)<\/p>\n<p><strong>Format<\/strong> : 280g<\/p>\n<p><strong>M\u00e9thode de stockage<\/strong> : Conserver dans un endroit frais et sec, \u00e0 l\u2019abri des sources de chaleur et du soleil. Une fois ouvert, couvrir d&rsquo;huile, conserver au r\u00e9frig\u00e9rateur et consommer dans quelques jours.<\/p>\n<p><strong>Le piment, utilis\u00e9 depuis l&rsquo;Antiquit\u00e9, est une \u00e9pice utilis\u00e9e non seulement pour ajouter du piquant aux plats, mais qui offre \u00e9galement une s\u00e9rie d&rsquo;effets b\u00e9n\u00e9fiques pour la sant\u00e9 humaine. En fait, le piment :<\/strong><\/p>\n<ul>\n<li><strong><strong>il est riche en vitamines A, C et E.<\/strong><\/strong><\/li>\n<li><strong><strong>Il poss\u00e8de des propri\u00e9t\u00e9s antibact\u00e9riennes, antihistaminiques et antioxydantes.<\/strong><\/strong><\/li>\n<li><strong><strong>Il a un effet aphrodisiaque r\u00e9put\u00e9.<\/strong><\/strong><\/li>\n<li><strong><strong>Il a des effets analg\u00e9siques sur les muscles et les os.<\/strong><\/strong><\/li>\n<li><strong><strong>active le m\u00e9tabolisme et aide \u00e0 contr\u00f4ler le poids corporel.<\/strong><\/strong><\/li>\n<li><strong><strong>Il r\u00e9duit les niveaux de cholest\u00e9rol, de glucose et de triglyc\u00e9rides.<\/strong><\/strong><\/li>\n<li><strong><strong>Am\u00e9liore la circulation sanguine et pr\u00e9vient les maladies cardiovasculaires telles que les accidents vasculaires c\u00e9r\u00e9braux et les crises cardiaques.<\/strong><\/strong><\/li>\n<li><strong>a un effet antitumoral.<\/strong><\/li>\n<\/ul>\n<h6><strong>Entreprise familiale et s\u00e9lection des meilleures mati\u00e8res premi\u00e8res<\/strong>, cultiv\u00e9es sur les terres fertiles de l&rsquo;entreprise et transform\u00e9es dans le respect de l&rsquo;ancienne tradition. Il s&rsquo;agit de la carte d&rsquo;identit\u00e9 d&rsquo;Agro Pic, une entreprise sp\u00e9cialis\u00e9e dans la production de confitures, jus, sauces et cornichons.<\/h6>\n<h6>L&rsquo;objectif principal de l&rsquo;activit\u00e9 est la valorisation des saveurs et des fruits de Calabre, en particulier les plus particuliers et g\u00e9n\u00e9ralement moins connus, comme la bergamote, un fruit aux multiples propri\u00e9t\u00e9s b\u00e9n\u00e9fiques, unique et aigre comme tout le territoire calabrais.<\/h6>\n<h6>Nature, tradition et haute qualit\u00e9 sont les ingr\u00e9dients du succ\u00e8s d&rsquo;Agro Pic.<\/h6>\n<h6>Pour toute information sur nos produits n&rsquo;h\u00e9sitez pas \u00e0 nous contacter :<\/h6>\n<h6>Cellulaire 349 5651669.<\/h6>\n<h6>T\u00e9l. 0964 1955229<\/h6>\n<h6>info@agropic.it<\/h6>\n","protected":false},"excerpt":{"rendered":"<p>L&rsquo;Agro Pic Flavor Bomb est une v\u00e9ritable \u00ab\u00a0explosion\u00a0\u00bb de go\u00fbt, avec sa saveur \u00e9pic\u00e9e typique ! Cette fantastique r\u00e9serve ne manque jamais dans les maisons calabraises, en fait, elle est la reine des produits typiques de la r\u00e9gion. \u00c0 tartiner sur du pain et des bruschettas. Id\u00e9al pour cr\u00e9er des ap\u00e9ritifs et des ap\u00e9ritifs, excellent s&rsquo;il est accompagn\u00e9 de charcuteries et de fromages.<\/p>\n<p><strong>Ingr\u00e9dients<\/strong> : Piment, poivron, oignon, tomates s\u00e9ch\u00e9es, aubergines, huile d&rsquo;olive extra vierge, huile de tournesol, ail, origan, laurier, sel, vinaigre de vin et correcteur d&rsquo;acidit\u00e9 : acide citrique. Sans conservateur.<\/p>\n<p><strong>Origine v\u00e9g\u00e9tale<\/strong> : Italie (Calabre)<\/p>\n<p><strong>Format<\/strong> : 280g<\/p>\n<p>Lisez la description compl\u00e8te du produit ci-dessous\u00a0!<\/p>\n<p><strong>Achetez maintenant et recevez-le chez vous dans 4-5 jours.<\/strong>&hellip; <a class=\"kt-excerpt-readmore more-link\" href=\"https:\/\/agropic.it\/fr\/Produit\/bombe-a-saveurs-280g\/\" aria-label=\"Bombe de saveur 280g\">Read More<\/a><\/p>\n","protected":false},"featured_media":6949,"comment_status":"closed","ping_status":"closed","template":"","meta":{"kt_blocks_editor_width":"","_kad_blocks_custom_css":"","_kad_blocks_head_custom_js":"","_kad_blocks_body_custom_js":"","_kad_blocks_footer_custom_js":""},"product_brand":[],"product_cat":[266,247,293],"product_tag":[],"class_list":{"0":"post-3546","1":"product","2":"type-product","3":"status-publish","4":"has-post-thumbnail","6":"product_cat-conserves-a-lhuile-et-en-aigre-doux","7":"product_cat-cremes-pate-et-tartinades","8":"product_cat-produits-au-piment","10":"first","11":"instock","12":"shipping-taxable","13":"purchasable","14":"product-type-simple"},"taxonomy_info":{"product_cat":[{"value":266,"label":"Conserves \u00e0 l\u2019huile et en aigre-doux"},{"value":247,"label":"Cr\u00e8mes p\u00e2t\u00e9 et tartinades"},{"value":293,"label":"Produits au piment"}]},"featured_image_src_large":["https:\/\/agropic.it\/wp-content\/uploads\/2023\/03\/Bomba-di-sapori-960x960.webp",960,960,true],"author_info":[],"comment_info":0,"_links":{"self":[{"href":"https:\/\/agropic.it\/fr\/wp-json\/wp\/v2\/product\/3546","targetHints":{"allow":["GET"]}}],"collection":[{"href":"https:\/\/agropic.it\/fr\/wp-json\/wp\/v2\/product"}],"about":[{"href":"https:\/\/agropic.it\/fr\/wp-json\/wp\/v2\/types\/product"}],"replies":[{"embeddable":true,"href":"https:\/\/agropic.it\/fr\/wp-json\/wp\/v2\/comments?post=3546"}],"wp:featuredmedia":[{"embeddable":true,"href":"https:\/\/agropic.it\/fr\/wp-json\/wp\/v2\/media\/6949"}],"wp:attachment":[{"href":"https:\/\/agropic.it\/fr\/wp-json\/wp\/v2\/media?parent=3546"}],"wp:term":[{"taxonomy":"product_brand","embeddable":true,"href":"https:\/\/agropic.it\/fr\/wp-json\/wp\/v2\/product_brand?post=3546"},{"taxonomy":"product_cat","embeddable":true,"href":"https:\/\/agropic.it\/fr\/wp-json\/wp\/v2\/product_cat?post=3546"},{"taxonomy":"product_tag","embeddable":true,"href":"https:\/\/agropic.it\/fr\/wp-json\/wp\/v2\/product_tag?post=3546"}],"curies":[{"name":"wp","href":"https:\/\/api.w.org\/{rel}","templated":true}]}}