{"id":3542,"date":"2024-01-25T17:36:47","date_gmt":"2017-10-16T17:36:47","guid":{"rendered":"https:\/\/agropic.it\/prodotto\/aubergines-filets-a-lhuile-280-g\/"},"modified":"2017-10-16T17:36:47","modified_gmt":"2017-10-16T17:36:47","slug":"aubergines-filets-a-lhuile-280-g","status":"publish","type":"product","link":"https:\/\/agropic.it\/fr\/Produit\/aubergines-filets-a-lhuile-280-g\/","title":{"rendered":"Aubergines filets \u00e0 l\u2019huile 280 g"},"content":{"rendered":"<p>Les aubergines \u00e0 filets \u00e0 l\u2019huile enrichissent et rendent uniques les entr\u00e9es et les ap\u00e9ritifs, surtout lorsqu\u2019elles sont associ\u00e9es \u00e0 de la charcuterie et au fromage, mais elles sont \u00e9galement excellentes dans les salades et les sandwichs.<br \/>\nIngr\u00e9dients: aubergine, piment, ail, origan, menthe, huile de tournesol, vinaigre de vin, acide citrique et acide ascorbique.<br \/>\nFormat de 280 g. l\u2019aubergine aide \u00e0 contr\u00f4ler le diab\u00e8te et le poids corporel  et \u00e0 purifier le  foie. Pr\u00e9vient contre les maladies cardiovasculaires. Ajute de r\u00e9soudre les probl\u00e8mes de constipation.<\/p>\n<p>Gestion familiale et s\u00e9lection des meilleures mati\u00e8res premi\u00e8res, cultiv\u00e9es dans les sols fertiles de l\u2019activit\u00e9 et transform\u00e9es dans le respect de l\u2019ancienne tradition. Telle est la carte d\u2019identit\u00e9 d\u2019Agro Pic, soci\u00e9t\u00e9 sp\u00e9cialis\u00e9e dans la production de produits \u00e0 la bergamote,  confitures, jus de fruits, sauces et sous huiles. L\u2019objectif principal  de l\u2019exploitation est la valorisation des saveurs et des fruits de la Calabre, en particulier les saveurs sp\u00e9ciales et g\u00e9n\u00e9ralement moins connues, comme la bergamote, fruit aux multiples propri\u00e9t\u00e9s b\u00e9n\u00e9fiques, unique et aigre comme tout le territoire calabrais. La nature, la tradition et la haute qualit\u00e9  sont  les ingr\u00e9dients du succ\u00e8s d\u2019Agro Pic. Vous pouvez acheter nos produits via ce site ou par courrier \u00e9lectronique en \u00e9crivant \u00e0 info@agropic.it ou par t\u00e9l\u00e9phone au  +39  349 56 51 669. Une fois le paiement effectu\u00e9, votre commande vous sera livr\u00e9e  en 2-3  jours ouvrables.<\/p>\n","protected":false},"excerpt":{"rendered":"<p>Les aubergines \u00e0 filets \u00e0 l\u2019huile enrichissent et rendent uniques les entr\u00e9es et les ap\u00e9ritifs, surtout lorsqu\u2019elles sont associ\u00e9es \u00e0 de la charcuterie et au fromage, mais elles sont \u00e9galement excellentes dans les salades et les sandwichs.<br \/>\nIngr\u00e9dients: aubergine, piment, ail, origan, menthe, huile de tournesol, vinaigre de vin, acide citrique et acide ascorbique.<br \/>\nFormat de 280 g. l\u2019aubergine aide \u00e0 contr\u00f4ler le diab\u00e8te et le poids corporel  et \u00e0 purifier le  foie. Pr\u00e9vient contre les maladies cardiovasculaires. Ajute de r\u00e9soudre les probl\u00e8mes de constipation.&hellip; <a class=\"kt-excerpt-readmore more-link\" href=\"https:\/\/agropic.it\/fr\/Produit\/aubergines-filets-a-lhuile-280-g\/\" aria-label=\"Aubergines filets \u00e0 l\u2019huile 280 g\">Read More<\/a><\/p>\n","protected":false},"featured_media":7059,"comment_status":"closed","ping_status":"closed","template":"","meta":{"kt_blocks_editor_width":"","_kad_blocks_custom_css":"","_kad_blocks_head_custom_js":"","_kad_blocks_body_custom_js":"","_kad_blocks_footer_custom_js":""},"product_brand":[],"product_cat":[266],"product_tag":[],"class_list":{"0":"post-3542","1":"product","2":"type-product","3":"status-publish","4":"has-post-thumbnail","6":"product_cat-conserves-a-lhuile-et-en-aigre-doux","8":"first","9":"instock","10":"shipping-taxable","11":"purchasable","12":"product-type-simple"},"taxonomy_info":{"product_cat":[{"value":266,"label":"Conserves \u00e0 l\u2019huile et en aigre-doux"}]},"featured_image_src_large":["https:\/\/agropic.it\/wp-content\/uploads\/2023\/03\/Melanzane-a-filetti-sottolio-960x960.webp",960,960,true],"author_info":[],"comment_info":0,"_links":{"self":[{"href":"https:\/\/agropic.it\/fr\/wp-json\/wp\/v2\/product\/3542","targetHints":{"allow":["GET"]}}],"collection":[{"href":"https:\/\/agropic.it\/fr\/wp-json\/wp\/v2\/product"}],"about":[{"href":"https:\/\/agropic.it\/fr\/wp-json\/wp\/v2\/types\/product"}],"replies":[{"embeddable":true,"href":"https:\/\/agropic.it\/fr\/wp-json\/wp\/v2\/comments?post=3542"}],"wp:featuredmedia":[{"embeddable":true,"href":"https:\/\/agropic.it\/fr\/wp-json\/wp\/v2\/media\/7059"}],"wp:attachment":[{"href":"https:\/\/agropic.it\/fr\/wp-json\/wp\/v2\/media?parent=3542"}],"wp:term":[{"taxonomy":"product_brand","embeddable":true,"href":"https:\/\/agropic.it\/fr\/wp-json\/wp\/v2\/product_brand?post=3542"},{"taxonomy":"product_cat","embeddable":true,"href":"https:\/\/agropic.it\/fr\/wp-json\/wp\/v2\/product_cat?post=3542"},{"taxonomy":"product_tag","embeddable":true,"href":"https:\/\/agropic.it\/fr\/wp-json\/wp\/v2\/product_tag?post=3542"}],"curies":[{"name":"wp","href":"https:\/\/api.w.org\/{rel}","templated":true}]}}