{"id":3538,"date":"2024-01-27T17:38:14","date_gmt":"2017-10-16T17:38:14","guid":{"rendered":"https:\/\/agropic.it\/prodotto\/tomates-sechees-sous-huile-180-g\/"},"modified":"2024-06-11T09:44:38","modified_gmt":"2024-06-11T09:44:38","slug":"tomates-sechees-sous-huile-180-g","status":"publish","type":"product","link":"https:\/\/agropic.it\/fr\/Produit\/tomates-sechees-sous-huile-180-g\/","title":{"rendered":"Tomates s\u00e9ch\u00e9es \u00e0 l&rsquo;huile 180g"},"content":{"rendered":"<h5>Les tomates s\u00e9ch\u00e9es \u00e0 l&rsquo;huile sont un v\u00e9ritable d\u00e9lice de la cuisine m\u00e9diterran\u00e9enne. Pour obtenir cette d\u00e9licieuse conserve \u00e0 l&rsquo;huile, les meilleures tomates sont s\u00e9lectionn\u00e9es, cultiv\u00e9es en plein champ dans notre ferme, pour ensuite \u00eatre r\u00e9colt\u00e9es manuellement, s\u00e9ch\u00e9es au soleil et travaill\u00e9es de mani\u00e8re artisanale, en les aromatisant d&rsquo;ail, d&rsquo;origan, de menthe et de piment.<\/h5>\n<p>Id\u00e9ales si elles sont consomm\u00e9es telles quelles ou sur une tranche de pain, dans les ap\u00e9ritifs et les entr\u00e9es rustiques, elles donnent une saveur authentique et forte aux plats, \u00e9galement en accompagnement des sandwichs et des salades.<\/p>\n<p><strong>Ingr\u00e9dients<\/strong> : Tomates s\u00e9ch\u00e9es, huile d&rsquo;olive extra vierge, huile de tournesol, vinaigre de vin blanc, ail, piment, origan, menthe, laurier et sel.<\/p>\n<p><strong>Format<\/strong> : 180g<\/p>\n<p><strong>M\u00e9thode de stockage<\/strong> : Conserver dans un endroit frais et sec, \u00e0 l\u2019abri du soleil et des sources de chaleur. Une fois ouvert, placer au r\u00e9frig\u00e9rateur en recouvrant le produit d&rsquo;un peu d&rsquo;huile et consommer dans quelques jours.<\/p>\n<p>Sans conservateur!<\/p>\n<p><strong>La tomate est la reine incontest\u00e9e du r\u00e9gime m\u00e9diterran\u00e9en, excellente pour entretenir une bonne forme physique car peu calorique, et poss\u00e8de \u00e9galement de nombreuses propri\u00e9t\u00e9s b\u00e9n\u00e9fiques :<\/strong><\/p>\n<ul>\n<li><strong>Pr\u00e9vient les maladies cardiovasculaires telles que les accidents vasculaires c\u00e9r\u00e9braux et les crises cardiaques.<\/strong><\/li>\n<li><strong>Riche en vitamine C.<\/strong><\/li>\n<li><strong>Pr\u00e9vient les cancers du c\u00f4lon et de la prostate.<\/strong><\/li>\n<li><strong>Pr\u00e9vient l&rsquo;ost\u00e9oporose.<\/strong><\/li>\n<li><strong>Il abaisse le mauvais cholest\u00e9rol LDL et augmente le bon cholest\u00e9rol HDL.<\/strong><\/li>\n<li><strong>Prot\u00e8ge votre vue.<\/strong><\/li>\n<li><strong>Il poss\u00e8de des propri\u00e9t\u00e9s diur\u00e9tiques et digestives.<\/strong><\/li>\n<\/ul>\n<p><strong>Entreprise familiale et s\u00e9lection des meilleures mati\u00e8res premi\u00e8res,<\/strong> cultiv\u00e9es sur les terres fertiles de l&rsquo;entreprise et transform\u00e9es dans le respect de l&rsquo;ancienne tradition. Il s&rsquo;agit de la carte d&rsquo;identit\u00e9 d&rsquo;Agro Pic, une entreprise sp\u00e9cialis\u00e9e dans la production de confitures, jus, sauces et cornichons.<\/p>\n<p><strong>L&rsquo;objectif principal de l&rsquo;activit\u00e9 est la valorisation des saveurs et des fruits de Calabre, en particulier les plus particuliers et g\u00e9n\u00e9ralement moins connus<\/strong>, comme la bergamote, un fruit aux multiples propri\u00e9t\u00e9s b\u00e9n\u00e9fiques, unique et aigre comme tout le territoire calabrais.<\/p>\n<p>Nature, tradition et haute qualit\u00e9 sont les ingr\u00e9dients du succ\u00e8s d&rsquo;Agro Pic.<\/p>\n<p><strong>Pour toute information sur nos produits n&rsquo;h\u00e9sitez pas \u00e0 nous contacter\u00a0:<\/strong><\/p>\n<p>Cellulaire 3495651669.<\/p>\n<p>T\u00e9l. 0964 1955229<\/p>\n<p>info@agropic.it<\/p>\n","protected":false},"excerpt":{"rendered":"<p>Les tomates s\u00e9ch\u00e9es sont un v\u00e9ritable d\u00e9lice de la cuisine m\u00e9diterran\u00e9enne. Pour obtenir cette d\u00e9licieuse conserve \u00e0 l&rsquo;huile, les meilleures tomates sont s\u00e9lectionn\u00e9es, cultiv\u00e9es en plein champ dans notre ferme, pour ensuite \u00eatre r\u00e9colt\u00e9es manuellement, s\u00e9ch\u00e9es au soleil et travaill\u00e9es de mani\u00e8re artisanale, en les aromatisant d&rsquo;ail, d&rsquo;origan, de menthe et de piment.<\/p>\n<p>Id\u00e9ales si elles sont consomm\u00e9es telles quelles ou sur une tranche de pain, dans les ap\u00e9ritifs et les entr\u00e9es rustiques, elles donnent une saveur authentique et forte aux plats, \u00e9galement en accompagnement des sandwichs et des salades.<\/p>\n<p><strong>Ingr\u00e9dients<\/strong> : Tomates s\u00e9ch\u00e9es, huile d&rsquo;olive extra vierge, huile de tournesol, vinaigre de vin blanc, ail, piment, origan, menthe, laurier et sel.<\/p>\n<p><strong>Format<\/strong> : 180g<\/p>\n<p>Lisez la description compl\u00e8te du produit ci-dessous<\/p>\n<p><strong>Achetez-le maintenant et recevez-le chez vous dans 4-5 jours ouvrables.<\/strong>&hellip; <a class=\"kt-excerpt-readmore more-link\" href=\"https:\/\/agropic.it\/fr\/Produit\/tomates-sechees-sous-huile-180-g\/\" aria-label=\"Tomates s\u00e9ch\u00e9es \u00e0 l&rsquo;huile 180g\">Read More<\/a><\/p>\n","protected":false},"featured_media":7194,"comment_status":"closed","ping_status":"closed","template":"","meta":{"kt_blocks_editor_width":"","_kad_blocks_custom_css":"","_kad_blocks_head_custom_js":"","_kad_blocks_body_custom_js":"","_kad_blocks_footer_custom_js":""},"product_brand":[],"product_cat":[266],"product_tag":[571],"class_list":{"0":"post-3538","1":"product","2":"type-product","3":"status-publish","4":"has-post-thumbnail","6":"product_cat-conserves-a-lhuile-et-en-aigre-doux","7":"product_tag-tomates-sechees-a-lhuile","9":"first","10":"instock","11":"shipping-taxable","12":"purchasable","13":"product-type-simple"},"taxonomy_info":{"product_cat":[{"value":266,"label":"Conserves \u00e0 l\u2019huile et en aigre-doux"}],"product_tag":[{"value":571,"label":"Tomates s\u00e9ch\u00e9es \u00e0 l'huile"}]},"featured_image_src_large":["https:\/\/agropic.it\/wp-content\/uploads\/2023\/03\/Pomodori-secchi-sottolio-960x960.webp",960,960,true],"author_info":[],"comment_info":0,"_links":{"self":[{"href":"https:\/\/agropic.it\/fr\/wp-json\/wp\/v2\/product\/3538","targetHints":{"allow":["GET"]}}],"collection":[{"href":"https:\/\/agropic.it\/fr\/wp-json\/wp\/v2\/product"}],"about":[{"href":"https:\/\/agropic.it\/fr\/wp-json\/wp\/v2\/types\/product"}],"replies":[{"embeddable":true,"href":"https:\/\/agropic.it\/fr\/wp-json\/wp\/v2\/comments?post=3538"}],"wp:featuredmedia":[{"embeddable":true,"href":"https:\/\/agropic.it\/fr\/wp-json\/wp\/v2\/media\/7194"}],"wp:attachment":[{"href":"https:\/\/agropic.it\/fr\/wp-json\/wp\/v2\/media?parent=3538"}],"wp:term":[{"taxonomy":"product_brand","embeddable":true,"href":"https:\/\/agropic.it\/fr\/wp-json\/wp\/v2\/product_brand?post=3538"},{"taxonomy":"product_cat","embeddable":true,"href":"https:\/\/agropic.it\/fr\/wp-json\/wp\/v2\/product_cat?post=3538"},{"taxonomy":"product_tag","embeddable":true,"href":"https:\/\/agropic.it\/fr\/wp-json\/wp\/v2\/product_tag?post=3538"}],"curies":[{"name":"wp","href":"https:\/\/api.w.org\/{rel}","templated":true}]}}