{"id":3534,"date":"2024-01-28T17:38:50","date_gmt":"2017-10-16T17:38:50","guid":{"rendered":"https:\/\/agropic.it\/prodotto\/olives-vertes-ecrasees-a-la-main-sous-huile-180-g\/"},"modified":"2024-05-31T09:09:43","modified_gmt":"2024-05-31T09:09:43","slug":"olives-vertes-ecrasees-a-la-main-sous-huile-180-g","status":"publish","type":"product","link":"https:\/\/agropic.it\/fr\/Produit\/olives-vertes-ecrasees-a-la-main-sous-huile-180-g\/","title":{"rendered":"Olives vertes concass\u00e9es \u00e0 la main dans l&rsquo;huile 180g"},"content":{"rendered":"<h5>Les Olives vertes concass\u00e9es \u00e0 la main dans l&rsquo;huile repr\u00e9sentent une conserve calabraise classique et un aliment typique du r\u00e9gime m\u00e9diterran\u00e9en.<\/h5>\n<p>Pour \u00e9laborer des olives vertes broy\u00e9es dans l&rsquo;huile Agro Pic, on s\u00e9lectionne les meilleures olives 100% calabraises, fra\u00eechement r\u00e9colt\u00e9es sur les terres de la ferme et transform\u00e9es selon une pr\u00e9paration minutieuse et ancienne, les olives \u00e0 maturit\u00e9 moyenne sont choisies puis broy\u00e9es et d\u00e9noyaut\u00e9es ; pour les rendre encore plus sp\u00e9ciaux, ils sont aromatis\u00e9s au piment, \u00e0 l&rsquo;origan et \u00e0 l&rsquo;ail.<\/p>\n<p>Ils se d\u00e9gustent directement tels quels, mais peuvent \u00eatre d\u00e9gust\u00e9s avec du pain. C&rsquo;est une entr\u00e9e savoureuse et rapide, id\u00e9ale pour les ap\u00e9ritifs et les entr\u00e9es, surtout si elle est accompagn\u00e9e d&rsquo;un plateau de fromages et de charcuteries. Excellent \u00e9galement pour aromatiser de nombreuses recettes, en accompagnement, sur une pizza, dans des sandwichs et dans des salades. Ils s&rsquo;accordent tr\u00e8s bien avec un bon verre de vin rouge.<\/p>\n<p>Ingr\u00e9dients : Olives, huile d&rsquo;olive extra vierge, huile de tournesol, origan, piment, ail, correcteur d&rsquo;acidit\u00e9 : acide citrique, antioxydant : acide ascorbique.<\/p>\n<p>M\u00e9thode de stockage : Conserver dans un endroit frais et sec, \u00e0 l&rsquo;abri du soleil et des sources de chaleur.<\/p>\n<p>Format 180 g<\/p>\n<p>Dunk \u00e0 la main\u00a0!<\/p>\n<p>Sans conservateur! Produit 100% calabrais !<\/p>\n<p><strong>Les olives repr\u00e9sentent l\u2019un des aliments les plus importants du r\u00e9gime typiquement m\u00e9diterran\u00e9en, elles poss\u00e8dent de nombreuses propri\u00e9t\u00e9s b\u00e9n\u00e9fiques parmi lesquelles :<\/strong><\/p>\n<ul>\n<li><strong>Ils abaissent le taux de mauvais cholest\u00e9rol LDL et augmentent la production de bon cholest\u00e9rol HDL car ils sont riches en graisses monoinsatur\u00e9es et sont donc tr\u00e8s efficaces pour pr\u00e9venir les maladies cardiovasculaires telles que les accidents vasculaires c\u00e9r\u00e9braux et les crises cardiaques.<\/strong><\/li>\n<li><strong>Riche en vitamines, notamment en vitamine E.<\/strong><\/li>\n<li><strong>Riche en sels min\u00e9raux tels que le calcium, le magn\u00e9sium et le sodium.<\/strong><\/li>\n<li><strong>Ils ont une puissante action antioxydante et anti-inflammatoire.<\/strong><\/li>\n<li><strong>Ils ont une bonne teneur en cuivre et en fer, ces substances am\u00e9liorent en effet la production de globules rouges, am\u00e9liorant ainsi la circulation sanguine.<\/strong><\/li>\n<li><strong>Ils sont souvent recommand\u00e9s pour maintenir une bonne forme physique, dans les r\u00e9gimes m\u00e9diterran\u00e9ens et pour soulager les probl\u00e8mes digestifs.<\/strong><\/li>\n<\/ul>\n<p><strong>Entreprise familiale et s\u00e9lection des meilleures mati\u00e8res premi\u00e8res<\/strong>, cultiv\u00e9es sur les terres fertiles de l&rsquo;entreprise et transform\u00e9es dans le respect de l&rsquo;ancienne tradition. Il s&rsquo;agit de la carte d&rsquo;identit\u00e9 d&rsquo;Agro Pic, une entreprise sp\u00e9cialis\u00e9e dans la production de confitures, jus, sauces et cornichons.<\/p>\n<p><strong>L&rsquo;objectif principal de l&rsquo;activit\u00e9 est de valoriser les saveurs et les fruits de la Calabre, en particulier les plus particuliers et g\u00e9n\u00e9ralement moins connus,<\/strong> comme la bergamote, un fruit aux multiples propri\u00e9t\u00e9s b\u00e9n\u00e9fiques, unique et aigre comme tout le territoire calabrais.<\/p>\n<p>Nature, tradition et haute qualit\u00e9 sont les ingr\u00e9dients du succ\u00e8s d&rsquo;Agro Pic.<\/p>\n<p><strong>Pour toute information sur nos produits n&rsquo;h\u00e9sitez pas \u00e0 nous contacter\u00a0:<\/strong><\/p>\n<p>cellule. 3495651669<\/p>\n<p>T\u00e9l. 0964 1955229<\/p>\n<p>adresse e-mail: info@agropic.it<\/p>\n<p>&nbsp;<\/p>\n<p>Accueil : www.agropic.it<\/p>\n","protected":false},"excerpt":{"rendered":"<p>Les olives vertes broy\u00e9es dans l&rsquo;huile repr\u00e9sentent une conserve calabraise classique et un aliment typique du r\u00e9gime m\u00e9diterran\u00e9en.<\/p>\n<p>Pour fabriquer des olives vertes broy\u00e9es dans l&rsquo;huile Agro Pic, les meilleures olives 100% calabraises sont s\u00e9lectionn\u00e9es, fra\u00eechement r\u00e9colt\u00e9es sur les terres de la ferme et transform\u00e9es selon une pr\u00e9paration minutieuse et ancienne, les olives de maturit\u00e9 moyenne sont choisies puis \u00e9cras\u00e9es \u00e0 la main et d\u00e9noyaut\u00e9es et \u00e0 les rendent encore plus sp\u00e9ciaux, ils sont aromatis\u00e9s au piment, \u00e0 l&rsquo;origan et \u00e0 l&rsquo;ail.<\/p>\n<p>Format 180 g<\/p>\n<p>Il est possible d&rsquo;acheter nos produits via ce site ou par email en \u00e9crivant \u00e0 info@agropic.it ou par t\u00e9l\u00e9phone en appelant le 349 56 51 669. Une fois le paiement effectu\u00e9, votre commande vous sera livr\u00e9e dans les 4-5 jours.<\/p>\n<p>Lisez la description compl\u00e8te du produit ci-dessous\u00a0!&hellip; <a class=\"kt-excerpt-readmore more-link\" href=\"https:\/\/agropic.it\/fr\/Produit\/olives-vertes-ecrasees-a-la-main-sous-huile-180-g\/\" aria-label=\"Olives vertes concass\u00e9es \u00e0 la main dans l&rsquo;huile 180g\">Read More<\/a><\/p>\n","protected":false},"featured_media":7124,"comment_status":"closed","ping_status":"closed","template":"","meta":{"kt_blocks_editor_width":"","_kad_blocks_custom_css":"","_kad_blocks_head_custom_js":"","_kad_blocks_body_custom_js":"","_kad_blocks_footer_custom_js":""},"product_brand":[],"product_cat":[266],"product_tag":[],"class_list":{"0":"post-3534","1":"product","2":"type-product","3":"status-publish","4":"has-post-thumbnail","6":"product_cat-conserves-a-lhuile-et-en-aigre-doux","8":"first","9":"instock","10":"shipping-taxable","11":"purchasable","12":"product-type-simple"},"taxonomy_info":{"product_cat":[{"value":266,"label":"Conserves \u00e0 l\u2019huile et en aigre-doux"}]},"featured_image_src_large":["https:\/\/agropic.it\/wp-content\/uploads\/2023\/03\/Olive-schiacciate-sottolio-960x960.webp",960,960,true],"author_info":[],"comment_info":0,"_links":{"self":[{"href":"https:\/\/agropic.it\/fr\/wp-json\/wp\/v2\/product\/3534","targetHints":{"allow":["GET"]}}],"collection":[{"href":"https:\/\/agropic.it\/fr\/wp-json\/wp\/v2\/product"}],"about":[{"href":"https:\/\/agropic.it\/fr\/wp-json\/wp\/v2\/types\/product"}],"replies":[{"embeddable":true,"href":"https:\/\/agropic.it\/fr\/wp-json\/wp\/v2\/comments?post=3534"}],"wp:featuredmedia":[{"embeddable":true,"href":"https:\/\/agropic.it\/fr\/wp-json\/wp\/v2\/media\/7124"}],"wp:attachment":[{"href":"https:\/\/agropic.it\/fr\/wp-json\/wp\/v2\/media?parent=3534"}],"wp:term":[{"taxonomy":"product_brand","embeddable":true,"href":"https:\/\/agropic.it\/fr\/wp-json\/wp\/v2\/product_brand?post=3534"},{"taxonomy":"product_cat","embeddable":true,"href":"https:\/\/agropic.it\/fr\/wp-json\/wp\/v2\/product_cat?post=3534"},{"taxonomy":"product_tag","embeddable":true,"href":"https:\/\/agropic.it\/fr\/wp-json\/wp\/v2\/product_tag?post=3534"}],"curies":[{"name":"wp","href":"https:\/\/api.w.org\/{rel}","templated":true}]}}