{"id":3530,"date":"2024-01-24T17:39:35","date_gmt":"2017-10-16T17:39:35","guid":{"rendered":"https:\/\/agropic.it\/prodotto\/olives-vertes-en-saumure-naturelle-550g\/"},"modified":"2017-10-16T17:39:35","modified_gmt":"2017-10-16T17:39:35","slug":"olives-vertes-en-saumure-naturelle-550g","status":"publish","type":"product","link":"https:\/\/agropic.it\/fr\/Produit\/olives-vertes-en-saumure-naturelle-550g\/","title":{"rendered":"Olives vertes en saumure naturelle 550g"},"content":{"rendered":"<p>Les olives vertes en saumure sont un moyen classique de conserver les olives calabraises. Poser \u00eatre d\u00e9gust\u00e9 avec un filet d\u2019huile et de pain. Ils sont un grignoteur savoureux et rapide, id\u00e9al pour les ap\u00e9ritifs et les entr\u00e9es, surtout lorsqu\u2019ils sont jumel\u00e9s \u00e0 une planche \u00e0 d\u00e9couper de fromages et de charcuteries m\u00e9lang\u00e9es. Excellentes aussi pour aromatiser de tr\u00e8s nombreuses recettes. Format de 550 g. .<br \/>\nLes olives sont l\u2019undes aliments les plus importants du r\u00e9gime m\u00e9diterran\u00e9en, elles aident \u00e0 abaisser lemauvais cholest\u00e9rol Ldl, elles sont un  excellent antioxydant et anti-inflammatoire.<\/p>\n<p>Gestion familiale et s\u00e9lection des meilleures mati\u00e8res premi\u00e8res, cultiv\u00e9es dans les sols fertiles de l\u2019activit\u00e9 et transform\u00e9es dans le respect de l\u2019ancienne tradition. Telle est la carte d\u2019identit\u00e9 d\u2019Agro Pic, soci\u00e9t\u00e9 sp\u00e9cialis\u00e9e dans la production de produits \u00e0 la bergamote,  confitures, jus de fruits, sauces et sous huiles. L\u2019objectif principal  de l\u2019exploitation est la valorisation des saveurs et des fruits de la Calabre, en particulier les saveurs sp\u00e9ciales et g\u00e9n\u00e9ralement moins connues, comme la bergamote, fruit aux multiples propri\u00e9t\u00e9s b\u00e9n\u00e9fiques, unique et aigre comme tout le territoire calabrais. La nature, la tradition et la haute qualit\u00e9  sont  les ingr\u00e9dients du succ\u00e8s d\u2019Agro Pic. Vous pouvez acheter nos produits via ce site ou par courrier \u00e9lectronique en \u00e9crivant \u00e0 info@agropic.it ou par t\u00e9l\u00e9phone au  +39  349 56 51 669. Une fois le paiement effectu\u00e9, votre commande vous sera livr\u00e9e  en 2-3  jours ouvrables.<\/p>\n","protected":false},"excerpt":{"rendered":"<p>Les olives vertes en saumure sont un moyen classique de conserver les olives calabraises. Poser \u00eatre d\u00e9gust\u00e9 avec un filet d\u2019huile et de pain. Ils sont un grignoteur savoureux et rapide, id\u00e9al pour les ap\u00e9ritifs et les entr\u00e9es, surtout lorsqu\u2019ils sont jumel\u00e9s \u00e0 une planche \u00e0 d\u00e9couper de fromages et de charcuteries m\u00e9lang\u00e9es. Excellentes aussi pour aromatiser de tr\u00e8s nombreuses recettes. Format de 550 g. .<br \/>\nLes olives sont l\u2019undes aliments les plus importants du r\u00e9gime m\u00e9diterran\u00e9en, elles aident \u00e0 abaisser lemauvais cholest\u00e9rol Ldl, elles sont un  excellent antioxydant et anti-inflammatoire.<br \/>\n&hellip; <a class=\"kt-excerpt-readmore more-link\" href=\"https:\/\/agropic.it\/fr\/Produit\/olives-vertes-en-saumure-naturelle-550g\/\" aria-label=\"Olives vertes en saumure naturelle 550g\">Read More<\/a><\/p>\n","protected":false},"featured_media":8156,"comment_status":"closed","ping_status":"closed","template":"","meta":{"kt_blocks_editor_width":"","_kad_blocks_custom_css":"","_kad_blocks_head_custom_js":"","_kad_blocks_body_custom_js":"","_kad_blocks_footer_custom_js":""},"product_brand":[],"product_cat":[266],"product_tag":[538],"class_list":{"0":"post-3530","1":"product","2":"type-product","3":"status-publish","4":"has-post-thumbnail","6":"product_cat-conserves-a-lhuile-et-en-aigre-doux","7":"product_tag-olives-marinees","9":"first","10":"instock","11":"shipping-taxable","12":"purchasable","13":"product-type-simple"},"taxonomy_info":{"product_cat":[{"value":266,"label":"Conserves \u00e0 l\u2019huile et en aigre-doux"}],"product_tag":[{"value":538,"label":"olives marin\u00e9es"}]},"featured_image_src_large":["https:\/\/agropic.it\/wp-content\/uploads\/2024\/01\/Olive-verdi-al-naturale-1-960x960.jpg",960,960,true],"author_info":[],"comment_info":0,"_links":{"self":[{"href":"https:\/\/agropic.it\/fr\/wp-json\/wp\/v2\/product\/3530","targetHints":{"allow":["GET"]}}],"collection":[{"href":"https:\/\/agropic.it\/fr\/wp-json\/wp\/v2\/product"}],"about":[{"href":"https:\/\/agropic.it\/fr\/wp-json\/wp\/v2\/types\/product"}],"replies":[{"embeddable":true,"href":"https:\/\/agropic.it\/fr\/wp-json\/wp\/v2\/comments?post=3530"}],"wp:featuredmedia":[{"embeddable":true,"href":"https:\/\/agropic.it\/fr\/wp-json\/wp\/v2\/media\/8156"}],"wp:attachment":[{"href":"https:\/\/agropic.it\/fr\/wp-json\/wp\/v2\/media?parent=3530"}],"wp:term":[{"taxonomy":"product_brand","embeddable":true,"href":"https:\/\/agropic.it\/fr\/wp-json\/wp\/v2\/product_brand?post=3530"},{"taxonomy":"product_cat","embeddable":true,"href":"https:\/\/agropic.it\/fr\/wp-json\/wp\/v2\/product_cat?post=3530"},{"taxonomy":"product_tag","embeddable":true,"href":"https:\/\/agropic.it\/fr\/wp-json\/wp\/v2\/product_tag?post=3530"}],"curies":[{"name":"wp","href":"https:\/\/api.w.org\/{rel}","templated":true}]}}