{"id":3515,"date":"2024-01-25T17:55:04","date_gmt":"2017-11-10T17:55:04","guid":{"rendered":"https:\/\/agropic.it\/prodotto\/miel-de-bergamote-250g\/"},"modified":"2017-11-10T17:55:04","modified_gmt":"2017-11-10T17:55:04","slug":"miel-de-bergamote-250g","status":"publish","type":"product","link":"https:\/\/agropic.it\/fr\/Produit\/miel-de-bergamote-250g\/","title":{"rendered":"Miel de bergamote 250g"},"content":{"rendered":"<p>Miel \u00e0 la bergamote. Le Miel de sulla &#038;bergamote est un produit pr\u00e9cieux et enveloppant au go\u00fbt authentique! J\u2019aiaim\u00e9 pour sucrer, farcir et aromatiser les p\u00e2tisseries et les plats, mais il se marie tr\u00e8s bien sur la charcuterie et les fromages frais et assaisonn\u00e9s. Produit sans conservateurs! Miele 100% Italien! Ingr\u00e9dients: Miel de sulla, bergamote. Format de 250 g.<br \/>\nSa teneur en vitamines A, B et C est particuli\u00e8rement importante pour combattre les maux de gorge et la toux. Ce miel poss\u00e8de ensuite une activit\u00e9 diur\u00e9tique et laxative, contribuant \u00e9galement \u00e0 r\u00e9guler l\u2019activit\u00e9 intestinale. Il agit comme d\u00e9toxifiant du foie et constitue un excellent tonifiant naturel. Le cholest\u00e9rol, les fibres, le lactose, le gluten et l\u2019histamine sontabsents. Il a une action d\u00e9congestionnante et s\u00e9dative contre la toux. Il offre de nombreux avantages pour le sang et le c\u0153ur, r\u00e9duit le cholest\u00e9rol, la glyc\u00e9mie et les triglyc\u00e9rides. Il r\u00e9gule le m\u00e9tabolisme et aide \u00e0 contr\u00f4ler le poids corporel. Il offre de nombreux avantages pour l\u2019estomac et l\u2019intestin, car il est gu\u00e9rissant pour les inflammations et les infections du syst\u00e8me gastro-intestinal.<\/p>\n<p>Gestion familiale et s\u00e9lection des meilleures mati\u00e8res premi\u00e8res, cultiv\u00e9es dans les sols fertiles de l\u2019activit\u00e9 et transform\u00e9es dans le respect de l\u2019ancienne tradition. Telle est la carte d\u2019identit\u00e9 d\u2019Agro Pic, soci\u00e9t\u00e9 sp\u00e9cialis\u00e9e dans la production de produits \u00e0 la bergamote,  confitures, jus de fruits, sauces et sous huiles. L\u2019objectif principal  de l\u2019exploitation est la valorisation des saveurs et des fruits de la Calabre, en particulier les saveurs sp\u00e9ciales et g\u00e9n\u00e9ralement moins connues, comme la bergamote, fruit aux multiples propri\u00e9t\u00e9s b\u00e9n\u00e9fiques, unique et aigre comme tout le territoire calabrais. La nature, la tradition et la haute qualit\u00e9  sont  les ingr\u00e9dients du succ\u00e8s d\u2019Agro Pic. Vous pouvez acheter nos produits via ce site ou par courrier \u00e9lectronique en \u00e9crivant \u00e0 info@agropic.it ou par t\u00e9l\u00e9phone au  +39  349 56 51 669. Une fois le paiement effectu\u00e9, votre commande vous sera livr\u00e9e  en 2-3  jours ouvrables.<\/p>\n","protected":false},"excerpt":{"rendered":"<p>Miel \u00e0 la bergamote. Le Miel de sulla &#038;bergamote est un produit pr\u00e9cieux et enveloppant au go\u00fbt authentique! J\u2019aiaim\u00e9 pour sucrer, farcir et aromatiser les p\u00e2tisseries et les plats, mais il se marie tr\u00e8s bien sur la charcuterie et les fromages frais et assaisonn\u00e9s. Produit sans conservateurs! Miele 100% Italien! Ingr\u00e9dients: Miel de sulla, bergamote. Format de 250 g.<br \/>\nSa teneur en vitamines A, B et C est particuli\u00e8rement importante pour combattre les maux de gorge et la toux. Ce miel poss\u00e8de ensuite une activit\u00e9 diur\u00e9tique et laxative, contribuant \u00e9galement \u00e0 r\u00e9guler l\u2019activit\u00e9 intestinale. Il agit comme d\u00e9toxifiant du foie et constitue un excellent tonifiant naturel. Le cholest\u00e9rol, les fibres, le lactose, le gluten et l\u2019histamine sontabsents. Il a une action d\u00e9congestionnante et s\u00e9dative contre la toux. Il offre de nombreux avantages pour le sang et le c\u0153ur, r\u00e9duit le cholest\u00e9rol, la glyc\u00e9mie et les triglyc\u00e9rides. Il r\u00e9gule le m\u00e9tabolisme et aide \u00e0 contr\u00f4ler le poids corporel. Il offre de nombreux avantages pour l\u2019estomac et l\u2019intestin, car il est gu\u00e9rissant pour les inflammations et les infections du syst\u00e8me gastro-intestinal.&hellip; <a class=\"kt-excerpt-readmore more-link\" href=\"https:\/\/agropic.it\/fr\/Produit\/miel-de-bergamote-250g\/\" aria-label=\"Miel de bergamote 250g\">Read More<\/a><\/p>\n","protected":false},"featured_media":7604,"comment_status":"closed","ping_status":"closed","template":"","meta":{"kt_blocks_editor_width":"","_kad_blocks_custom_css":"","_kad_blocks_head_custom_js":"","_kad_blocks_body_custom_js":"","_kad_blocks_footer_custom_js":""},"product_brand":[],"product_cat":[255],"product_tag":[484],"class_list":{"0":"post-3515","1":"product","2":"type-product","3":"status-publish","4":"has-post-thumbnail","6":"product_cat-miel","7":"product_tag-miel-de-bergamote","9":"first","10":"instock","11":"shipping-taxable","12":"purchasable","13":"product-type-simple"},"taxonomy_info":{"product_cat":[{"value":255,"label":"Miel"}],"product_tag":[{"value":484,"label":"miel de bergamote"}]},"featured_image_src_large":["https:\/\/agropic.it\/wp-content\/uploads\/2022\/12\/MIELE-DI-SULLA-E-BERGAMOTTO-AGROMIEL-1-960x960.jpg",960,960,true],"author_info":[],"comment_info":0,"_links":{"self":[{"href":"https:\/\/agropic.it\/fr\/wp-json\/wp\/v2\/product\/3515","targetHints":{"allow":["GET"]}}],"collection":[{"href":"https:\/\/agropic.it\/fr\/wp-json\/wp\/v2\/product"}],"about":[{"href":"https:\/\/agropic.it\/fr\/wp-json\/wp\/v2\/types\/product"}],"replies":[{"embeddable":true,"href":"https:\/\/agropic.it\/fr\/wp-json\/wp\/v2\/comments?post=3515"}],"wp:featuredmedia":[{"embeddable":true,"href":"https:\/\/agropic.it\/fr\/wp-json\/wp\/v2\/media\/7604"}],"wp:attachment":[{"href":"https:\/\/agropic.it\/fr\/wp-json\/wp\/v2\/media?parent=3515"}],"wp:term":[{"taxonomy":"product_brand","embeddable":true,"href":"https:\/\/agropic.it\/fr\/wp-json\/wp\/v2\/product_brand?post=3515"},{"taxonomy":"product_cat","embeddable":true,"href":"https:\/\/agropic.it\/fr\/wp-json\/wp\/v2\/product_cat?post=3515"},{"taxonomy":"product_tag","embeddable":true,"href":"https:\/\/agropic.it\/fr\/wp-json\/wp\/v2\/product_tag?post=3515"}],"curies":[{"name":"wp","href":"https:\/\/api.w.org\/{rel}","templated":true}]}}