{"id":3506,"date":"2024-01-23T11:30:30","date_gmt":"2018-01-20T11:30:30","guid":{"rendered":"https:\/\/agropic.it\/prodotto\/miel-a-la-reglisse-250-g\/"},"modified":"2021-06-23T15:33:22","modified_gmt":"2021-06-23T15:33:22","slug":"miel-a-la-reglisse-250-g","status":"publish","type":"product","link":"https:\/\/agropic.it\/fr\/Produit\/miel-a-la-reglisse-250-g\/","title":{"rendered":"Miel \u00e0 la r\u00e9glisse 250 g"},"content":{"rendered":"<p>Miel \u00e0 la r\u00e9glisse. C\u2019est un produit \u00e0 base de miel aromatis\u00e9 \u00e0 la r\u00e9glisse. Le miel aromatis\u00e9 \u00e0 la r\u00e9glisse est un produit pr\u00e9cieux et enveloppant au go\u00fbt authentique. Miel 100% Calabrese. Ingr\u00e9dients: Miel de sulla, r\u00e9glisse en poudre. Format de 250 g. Sa teneur en vitamines A, B et C est particuli\u00e8rement importante, ainsi que pour la caract\u00e9ristique d\u2019\u00e9dulcoration tout en contenant une faible valeur de sucres simples.<br \/>\nIl agit comme d\u00e9toxifiant pour le foie et constitue un excellent tonifiant naturel. Le cholest\u00e9rol, les fibres, le lactose, le gluten et l\u2019histamine sont absents. Le miel de Sulla est principalement utilis\u00e9 comme \u00e9dulcorant naturel pour \u00e9dulcorer les boissons les plus sobres telles que la camomille, le th\u00e9 et d\u2019autres types d\u2019infusion.<br \/>\net il est \u00e9galement excellent enduit sur le pain et les fromages<\/p>\n<p>Gestion familiale et s\u00e9lection des meilleures mati\u00e8res premi\u00e8res, cultiv\u00e9es dans les sols fertiles de l\u2019activit\u00e9 et transform\u00e9es dans le respect de l\u2019ancienne tradition. Telle est la carte d\u2019identit\u00e9 d\u2019Agro Pic, soci\u00e9t\u00e9 sp\u00e9cialis\u00e9e dans la production de produits \u00e0 la bergamote,  confitures, jus de fruits, sauces et sous huiles. L\u2019objectif principal  de l\u2019exploitation est la valorisation des saveurs et des fruits de la Calabre, en particulier les saveurs sp\u00e9ciales et g\u00e9n\u00e9ralement moins connues, comme la bergamote, fruit aux multiples propri\u00e9t\u00e9s b\u00e9n\u00e9fiques, unique et aigre comme tout le territoire calabrais. La nature, la tradition et la haute qualit\u00e9  sont  les ingr\u00e9dients du succ\u00e8s d\u2019Agro Pic. Vous pouvez acheter nos produits via ce site ou par courrier \u00e9lectronique en \u00e9crivant \u00e0 info@agropic.it ou par t\u00e9l\u00e9phone au  +39  349 56 51 669. Une fois le paiement effectu\u00e9, votre commande vous sera livr\u00e9e  en 2-3  jours ouvrables.<\/p>\n","protected":false},"excerpt":{"rendered":"<p>Miel \u00e0 la r\u00e9glisse. C\u2019est un produit \u00e0 base de miel aromatis\u00e9 \u00e0 la r\u00e9glisse. Le miel aromatis\u00e9 \u00e0 la r\u00e9glisse est un produit pr\u00e9cieux et enveloppant au go\u00fbt authentique. Miel 100% Calabrese. Ingr\u00e9dients: Miel de sulla, r\u00e9glisse en poudre. Format de 250 g. Sa teneur en vitamines A, B et C est particuli\u00e8rement importante, ainsi que pour la caract\u00e9ristique d\u2019\u00e9dulcoration tout en contenant une faible valeur de sucres simples.<br \/>\nIl agit comme d\u00e9toxifiant pour le foie et constitue un excellent tonifiant naturel. Le cholest\u00e9rol, les fibres, le lactose, le gluten et l\u2019histamine sont absents. Le miel de Sulla est principalement utilis\u00e9 comme \u00e9dulcorant naturel pour \u00e9dulcorer les boissons les plus sobres telles que la camomille, le th\u00e9 et d\u2019autres types d\u2019infusion.<br \/>\net il est \u00e9galement excellent enduit sur le pain et les fromages&hellip; <a class=\"kt-excerpt-readmore more-link\" href=\"https:\/\/agropic.it\/fr\/Produit\/miel-a-la-reglisse-250-g\/\" aria-label=\"Miel \u00e0 la r\u00e9glisse 250 g\">Read More<\/a><\/p>\n","protected":false},"featured_media":7609,"comment_status":"closed","ping_status":"closed","template":"","meta":{"kt_blocks_editor_width":"","_kad_blocks_custom_css":"","_kad_blocks_head_custom_js":"","_kad_blocks_body_custom_js":"","_kad_blocks_footer_custom_js":""},"product_brand":[],"product_cat":[255],"product_tag":[],"class_list":{"0":"post-3506","1":"product","2":"type-product","3":"status-publish","4":"has-post-thumbnail","6":"product_cat-miel","8":"first","9":"instock","10":"shipping-taxable","11":"purchasable","12":"product-type-simple"},"taxonomy_info":{"product_cat":[{"value":255,"label":"Miel"}]},"featured_image_src_large":["https:\/\/agropic.it\/wp-content\/uploads\/2022\/12\/MIELE-E-LIQUIRIZIA-LIQMIEL-1-960x960.jpg",960,960,true],"author_info":[],"comment_info":0,"_links":{"self":[{"href":"https:\/\/agropic.it\/fr\/wp-json\/wp\/v2\/product\/3506","targetHints":{"allow":["GET"]}}],"collection":[{"href":"https:\/\/agropic.it\/fr\/wp-json\/wp\/v2\/product"}],"about":[{"href":"https:\/\/agropic.it\/fr\/wp-json\/wp\/v2\/types\/product"}],"replies":[{"embeddable":true,"href":"https:\/\/agropic.it\/fr\/wp-json\/wp\/v2\/comments?post=3506"}],"wp:featuredmedia":[{"embeddable":true,"href":"https:\/\/agropic.it\/fr\/wp-json\/wp\/v2\/media\/7609"}],"wp:attachment":[{"href":"https:\/\/agropic.it\/fr\/wp-json\/wp\/v2\/media?parent=3506"}],"wp:term":[{"taxonomy":"product_brand","embeddable":true,"href":"https:\/\/agropic.it\/fr\/wp-json\/wp\/v2\/product_brand?post=3506"},{"taxonomy":"product_cat","embeddable":true,"href":"https:\/\/agropic.it\/fr\/wp-json\/wp\/v2\/product_cat?post=3506"},{"taxonomy":"product_tag","embeddable":true,"href":"https:\/\/agropic.it\/fr\/wp-json\/wp\/v2\/product_tag?post=3506"}],"curies":[{"name":"wp","href":"https:\/\/api.w.org\/{rel}","templated":true}]}}