{"id":3439,"date":"2018-01-20T17:32:30","date_gmt":"2018-01-20T17:32:30","guid":{"rendered":"https:\/\/agropic.it\/prodotto\/savon-a-lhuile-dolive-a-bergamote-100-g\/"},"modified":"2018-01-20T17:32:30","modified_gmt":"2018-01-20T17:32:30","slug":"savon-a-lhuile-dolive-a-bergamote-100-g","status":"publish","type":"product","link":"https:\/\/agropic.it\/fr\/Produit\/savon-a-lhuile-dolive-a-bergamote-100-g\/","title":{"rendered":"Savon \u00e0 l\u2019huile d\u2019olive \u00e0 bergamote 100 g"},"content":{"rendered":"<p>Savon \u00e0 la bergamote. La Saponetta al Bergamotto d\u2019Agro Pic est un savon solide \u00e0 l\u2019huile d\u2019olive \u00e0 la Bergamote. En effet, la bergamote, en cosm\u00e9tique, est largement utilis\u00e9e et est un produit de base pour les parfums, car elle est capable de fixer ses ar\u00f4mes. Il est riche en propri\u00e9t\u00e9s antioxydantes et curatives. Il poss\u00e8de \u00e9galement une action antibact\u00e9rienne capable d\u2019inhiber la formation de micro-organismes, m\u00eame r\u00e9sistants aux antibiotiques, pour r\u00e9tablir le ph physiologique de la peau et pour combattre l\u2019acn\u00e9 et pour les peaux grasses et impures. Format 100 g.<br \/>\nIngr\u00e9dients: Savon \u00e0 l\u2019huile d\u2019olive \u00e0 la bergamote.<\/p>\n<p>Gestion familiale et s\u00e9lection des meilleures mati\u00e8res premi\u00e8res, cultiv\u00e9es dans les sols fertiles de l\u2019activit\u00e9 et transform\u00e9es dans le respect de l\u2019ancienne tradition. Telle est la carte d\u2019identit\u00e9 d\u2019Agro Pic, soci\u00e9t\u00e9 sp\u00e9cialis\u00e9e dans la production de produits \u00e0 la bergamote,  confitures, jus de fruits, sauces et sous huiles. L\u2019objectif principal  de l\u2019exploitation est la valorisation des saveurs et des fruits de la Calabre, en particulier les saveurs sp\u00e9ciales et g\u00e9n\u00e9ralement moins connues, comme la bergamote, fruit aux multiples propri\u00e9t\u00e9s b\u00e9n\u00e9fiques, unique et aigre comme tout le territoire calabrais. La nature, la tradition et la haute qualit\u00e9  sont  les ingr\u00e9dients du succ\u00e8s d\u2019Agro Pic. Vous pouvez acheter nos produits via ce site ou par courrier \u00e9lectronique en \u00e9crivant \u00e0 info@agropic.it ou par t\u00e9l\u00e9phone au  +39  349 56 51 669. Une fois le paiement effectu\u00e9, votre commande vous sera livr\u00e9e  en 2-3  jours ouvrables.<\/p>\n","protected":false},"excerpt":{"rendered":"<p>Savon \u00e0 la bergamote. La Saponetta al Bergamotto d\u2019Agro Pic est un savon solide \u00e0 l\u2019huile d\u2019olive \u00e0 la Bergamote. En effet, la bergamote, en cosm\u00e9tique, est largement utilis\u00e9e et est un produit de base pour les parfums, car elle est capable de fixer ses ar\u00f4mes. Il est riche en propri\u00e9t\u00e9s antioxydantes et curatives. Il poss\u00e8de \u00e9galement une action antibact\u00e9rienne capable d\u2019inhiber la formation de micro-organismes, m\u00eame r\u00e9sistants aux antibiotiques, pour r\u00e9tablir le ph physiologique de la peau et pour combattre l\u2019acn\u00e9 et pour les peaux grasses et impures. Format 100 g.<br \/>\nIngr\u00e9dients: Savon \u00e0 l\u2019huile d\u2019olive \u00e0 la bergamote.&hellip; <a class=\"kt-excerpt-readmore more-link\" href=\"https:\/\/agropic.it\/fr\/Produit\/savon-a-lhuile-dolive-a-bergamote-100-g\/\" aria-label=\"Savon \u00e0 l\u2019huile d\u2019olive \u00e0 bergamote 100 g\">Read More<\/a><\/p>\n","protected":false},"featured_media":3161,"comment_status":"closed","ping_status":"closed","template":"","meta":{"kt_blocks_editor_width":"","_kad_blocks_custom_css":"","_kad_blocks_head_custom_js":"","_kad_blocks_body_custom_js":"","_kad_blocks_footer_custom_js":""},"product_brand":[],"product_cat":[259],"product_tag":[430,407,431,284,432,286,429],"class_list":{"0":"post-3439","1":"product","2":"type-product","3":"status-publish","4":"has-post-thumbnail","6":"product_cat-epices-de-calabre","7":"product_tag-bergamote-fr-2","8":"product_tag-bergamote-fr","9":"product_tag-bergamote-italienne","10":"product_tag-calabre","11":"product_tag-produit-calabrais","12":"product_tag-produit-italien","13":"product_tag-savon-a-la-bergamote","15":"first","16":"outofstock","17":"shipping-taxable","18":"purchasable","19":"product-type-simple"},"taxonomy_info":{"product_cat":[{"value":259,"label":"\u00c9pices de Calabre"}],"product_tag":[{"value":430,"label":"bergamote"},{"value":407,"label":"bergamote"},{"value":431,"label":"bergamote italienne"},{"value":284,"label":"Calabre"},{"value":432,"label":"produit calabrais"},{"value":286,"label":"produit italien"},{"value":429,"label":"savon \u00e0 la bergamote"}]},"featured_image_src_large":["https:\/\/agropic.it\/wp-content\/uploads\/2020\/02\/Agropic-prodotti48-960x960.jpg",960,960,true],"author_info":[],"comment_info":0,"_links":{"self":[{"href":"https:\/\/agropic.it\/fr\/wp-json\/wp\/v2\/product\/3439","targetHints":{"allow":["GET"]}}],"collection":[{"href":"https:\/\/agropic.it\/fr\/wp-json\/wp\/v2\/product"}],"about":[{"href":"https:\/\/agropic.it\/fr\/wp-json\/wp\/v2\/types\/product"}],"replies":[{"embeddable":true,"href":"https:\/\/agropic.it\/fr\/wp-json\/wp\/v2\/comments?post=3439"}],"wp:featuredmedia":[{"embeddable":true,"href":"https:\/\/agropic.it\/fr\/wp-json\/wp\/v2\/media\/3161"}],"wp:attachment":[{"href":"https:\/\/agropic.it\/fr\/wp-json\/wp\/v2\/media?parent=3439"}],"wp:term":[{"taxonomy":"product_brand","embeddable":true,"href":"https:\/\/agropic.it\/fr\/wp-json\/wp\/v2\/product_brand?post=3439"},{"taxonomy":"product_cat","embeddable":true,"href":"https:\/\/agropic.it\/fr\/wp-json\/wp\/v2\/product_cat?post=3439"},{"taxonomy":"product_tag","embeddable":true,"href":"https:\/\/agropic.it\/fr\/wp-json\/wp\/v2\/product_tag?post=3439"}],"curies":[{"name":"wp","href":"https:\/\/api.w.org\/{rel}","templated":true}]}}