{"id":3435,"date":"2024-01-29T15:28:02","date_gmt":"2024-01-29T15:28:02","guid":{"rendered":"https:\/\/agropic.it\/prodotto\/piments-farcis-a-lhuile-avec-thon-et-capres-180-g\/"},"modified":"2024-05-28T10:30:26","modified_gmt":"2024-05-28T10:30:26","slug":"piments-farcis-a-lhuile-avec-thon-et-capres-180-g","status":"publish","type":"product","link":"https:\/\/agropic.it\/fr\/Produit\/piments-farcis-a-lhuile-avec-thon-et-capres-180-g\/","title":{"rendered":"Piments farcis \u00e0 l&rsquo;huile &#8211; au thon et c\u00e2pres 180g"},"content":{"rendered":"<h6>Les piments farcis \u00e0 l&rsquo;huile Agro Pic sont fabriqu\u00e9s avec les meilleurs piments forts 100 % calabrais, cueillis \u00e0 la main sur les terres vierges de l&rsquo;entreprise et transform\u00e9s \u00e0 0 km. Nos piments farcis \u00e0 l&rsquo;huile sont sans conservateurs.<\/h6>\n<p>C&rsquo;est l&rsquo;une des conserves les plus importantes de la cuisine calabraise, elles sont surtout utilis\u00e9es pour cr\u00e9er de d\u00e9licieuses entr\u00e9es ou peuvent \u00eatre d\u00e9gust\u00e9es avec du pain frais.<\/p>\n<p><strong>Ingr\u00e9dients<\/strong> : Piments forts, huile d&rsquo;olive extra vierge, huile de tournesol, thon, c\u00e2pres, origan, ail, vinaigre de vin blanc, jus de citron.<\/p>\n<p><strong>Format<\/strong> : 180g<\/p>\n<p><strong>M\u00e9thode de stockage<\/strong> : Conserver dans un endroit frais et sec, \u00e0 l\u2019abri du soleil ou des sources de chaleur. Une fois ouvert, conserver au r\u00e9frig\u00e9rateur en le recouvrant d&rsquo;huile et consommer dans quelques jours.<\/p>\n<p>Le piment est un ingr\u00e9dient de base de la cuisine calabraise typique, il poss\u00e8de un grand pouvoir antioxydant gr\u00e2ce aux flavono\u00efdes qu&rsquo;il contient, il est riche en vitamine C et en min\u00e9raux.<\/p>\n<p><strong>Depuis l&rsquo;Antiquit\u00e9, le piment est une \u00e9pice utilis\u00e9e non seulement pour ajouter du piquant aux plats, mais qui a \u00e9galement une s\u00e9rie d&rsquo;effets b\u00e9n\u00e9fiques pour la sant\u00e9 humaine.<\/strong><\/p>\n<p>En fait, le piment :<\/p>\n<ul>\n<li><strong>il est riche en vitamines A, C et E.<\/strong><\/li>\n<li><strong>Il poss\u00e8de des propri\u00e9t\u00e9s antibact\u00e9riennes, antihistaminiques et antioxydantes.<\/strong><\/li>\n<li><strong>Il a un effet aphrodisiaque r\u00e9put\u00e9.<\/strong><\/li>\n<li><strong>Il a des effets analg\u00e9siques sur les muscles et les os.<\/strong><\/li>\n<li><strong>active le m\u00e9tabolisme et aide \u00e0 contr\u00f4ler le poids corporel.<\/strong><\/li>\n<li><strong>Il r\u00e9duit les niveaux de cholest\u00e9rol, de glucose et de triglyc\u00e9rides.<\/strong><\/li>\n<li><strong>Am\u00e9liore la circulation sanguine et pr\u00e9vient les maladies cardiovasculaires<\/strong><\/li>\n<\/ul>\n<p><strong>Entreprise familiale et s\u00e9lection des meilleures mati\u00e8res premi\u00e8res<\/strong>, cultiv\u00e9es sur les terres fertiles de l&rsquo;entreprise et transform\u00e9es dans le respect de l&rsquo;ancienne tradition. Il s&rsquo;agit de la carte d&rsquo;identit\u00e9 d&rsquo;Agro Pic, une entreprise sp\u00e9cialis\u00e9e dans la production de confitures, jus, sauces et cornichons.<\/p>\n<p><strong>L&rsquo;objectif principal d&rsquo;Agro Pic est de valoriser les saveurs et les fruits de la Calabre, en particulier les plus particuliers et g\u00e9n\u00e9ralement moins connus<\/strong>, comme la bergamote, un fruit aux multiples propri\u00e9t\u00e9s b\u00e9n\u00e9fiques, unique et aigre comme tout le territoire calabrais.<\/p>\n<p>Nature, tradition et haute qualit\u00e9 sont les ingr\u00e9dients du succ\u00e8s d&rsquo;Agro Pic.<\/p>\n<p><strong>Pour toute information sur nos produits n&rsquo;h\u00e9sitez pas \u00e0 nous contacter :<\/strong><\/p>\n<p>Cellulaire 349 5651669.<\/p>\n<p>T\u00e9l. 0964 1955229<\/p>\n<p>info@agropic.it<\/p>\n","protected":false},"excerpt":{"rendered":"<p>Les piments farcis \u00e0 l&rsquo;huile Agro Pic sont fabriqu\u00e9s avec les meilleurs piments forts 100 % calabrais, cueillis \u00e0 la main sur les terres vierges de l&rsquo;entreprise et transform\u00e9s \u00e0 0 km. Nos piments farcis \u00e0 l&rsquo;huile sont sans conservateurs.<\/p>\n<p>C&rsquo;est l&rsquo;une des conserves les plus importantes de la cuisine calabraise, elles sont surtout utilis\u00e9es pour cr\u00e9er de d\u00e9licieuses entr\u00e9es ou peuvent \u00eatre d\u00e9gust\u00e9es avec du pain frais.<\/p>\n<p><strong>Ingr\u00e9dients<\/strong> : Piments forts, huile d&rsquo;olive extra vierge, huile de tournesol, thon, c\u00e2pres, origan, ail, vinaigre de vin blanc, jus de citron. <strong>Format<\/strong> : 180g<\/p>\n<p>Lisez la description compl\u00e8te ci-dessous.<\/p>\n<p><strong>Achetez-le maintenant et recevez-le chez vous dans 4-5 jours ouvrables.<\/strong>&hellip; <a class=\"kt-excerpt-readmore more-link\" href=\"https:\/\/agropic.it\/fr\/Produit\/piments-farcis-a-lhuile-avec-thon-et-capres-180-g\/\" aria-label=\"Piments farcis \u00e0 l&rsquo;huile &#8211; au thon et c\u00e2pres 180g\">Read More<\/a><\/p>\n","protected":false},"featured_media":7174,"comment_status":"closed","ping_status":"closed","template":"","meta":{"kt_blocks_editor_width":"","_kad_blocks_custom_css":"","_kad_blocks_head_custom_js":"","_kad_blocks_body_custom_js":"","_kad_blocks_footer_custom_js":""},"product_brand":[],"product_cat":[266],"product_tag":[],"class_list":{"0":"post-3435","1":"product","2":"type-product","3":"status-publish","4":"has-post-thumbnail","6":"product_cat-conserves-a-lhuile-et-en-aigre-doux","8":"first","9":"outofstock","10":"shipping-taxable","11":"purchasable","12":"product-type-simple"},"taxonomy_info":{"product_cat":[{"value":266,"label":"Conserves \u00e0 l\u2019huile et en aigre-doux"}]},"featured_image_src_large":["https:\/\/agropic.it\/wp-content\/uploads\/2023\/03\/Peperoncini-ripieni-con-tonno-e-capperi-960x960.webp",960,960,true],"author_info":[],"comment_info":0,"_links":{"self":[{"href":"https:\/\/agropic.it\/fr\/wp-json\/wp\/v2\/product\/3435","targetHints":{"allow":["GET"]}}],"collection":[{"href":"https:\/\/agropic.it\/fr\/wp-json\/wp\/v2\/product"}],"about":[{"href":"https:\/\/agropic.it\/fr\/wp-json\/wp\/v2\/types\/product"}],"replies":[{"embeddable":true,"href":"https:\/\/agropic.it\/fr\/wp-json\/wp\/v2\/comments?post=3435"}],"wp:featuredmedia":[{"embeddable":true,"href":"https:\/\/agropic.it\/fr\/wp-json\/wp\/v2\/media\/7174"}],"wp:attachment":[{"href":"https:\/\/agropic.it\/fr\/wp-json\/wp\/v2\/media?parent=3435"}],"wp:term":[{"taxonomy":"product_brand","embeddable":true,"href":"https:\/\/agropic.it\/fr\/wp-json\/wp\/v2\/product_brand?post=3435"},{"taxonomy":"product_cat","embeddable":true,"href":"https:\/\/agropic.it\/fr\/wp-json\/wp\/v2\/product_cat?post=3435"},{"taxonomy":"product_tag","embeddable":true,"href":"https:\/\/agropic.it\/fr\/wp-json\/wp\/v2\/product_tag?post=3435"}],"curies":[{"name":"wp","href":"https:\/\/api.w.org\/{rel}","templated":true}]}}