{"id":3431,"date":"2024-01-23T10:55:06","date_gmt":"2018-03-16T10:55:06","guid":{"rendered":"https:\/\/agropic.it\/prodotto\/champignons-melanges-aux-cepes-a-lhuile-280-g\/"},"modified":"2021-06-23T13:56:33","modified_gmt":"2021-06-23T13:56:33","slug":"champignons-melanges-aux-cepes-a-lhuile-280-g","status":"publish","type":"product","link":"https:\/\/agropic.it\/fr\/Produit\/champignons-melanges-aux-cepes-a-lhuile-280-g\/","title":{"rendered":"Champignons m\u00e9lang\u00e9s aux c\u00e8pes \u00e0 l\u2019huile 280 g"},"content":{"rendered":"<p>Champignons m\u00e9lang\u00e9s aux c\u00e8pes. Les champignons m\u00e9lang\u00e9s aux c\u00e8pes \u00e0 l\u2019huile d\u2019Agro Pic sont un classique de la cuisine aspromontana et sont obtenus sans addition d\u2019agents conservateurs. Ingr\u00e9dients: Champignons m\u00e9lang\u00e9s en prop. variables (Pleurotus ostreatus, Strophafaria rugosa annulata, Boletus edulis), huile de tournesol, ail, piment, persil, sel, vinaigre de vin et eau. Format de 300 g. <\/p>\n<p>Gestion familiale et s\u00e9lection des meilleures mati\u00e8res premi\u00e8res, cultiv\u00e9es dans les sols fertiles de l\u2019activit\u00e9 et transform\u00e9es dans le respect de l\u2019ancienne tradition. Telle est la carte d\u2019identit\u00e9 d\u2019Agro Pic, soci\u00e9t\u00e9 sp\u00e9cialis\u00e9e dans la production de produits \u00e0 la bergamote,  confitures, jus de fruits, sauces et sous huiles. L\u2019objectif principal  de l\u2019exploitation est la valorisation des saveurs et des fruits de la Calabre, en particulier les saveurs sp\u00e9ciales et g\u00e9n\u00e9ralement moins connues, comme la bergamote, fruit aux multiples propri\u00e9t\u00e9s b\u00e9n\u00e9fiques, unique et aigre comme tout le territoire calabrais. La nature, la tradition et la haute qualit\u00e9  sont  les ingr\u00e9dients du succ\u00e8s d\u2019Agro Pic. Vous pouvez acheter nos produits via ce site ou par courrier \u00e9lectronique en \u00e9crivant \u00e0 info@agropic.it ou par t\u00e9l\u00e9phone au  +39  349 56 51 669. Une fois le paiement effectu\u00e9, votre commande vous sera livr\u00e9e  en 2-3  jours ouvrables.<\/p>\n","protected":false},"excerpt":{"rendered":"<p>Champignons m\u00e9lang\u00e9s aux c\u00e8pes. Les champignons m\u00e9lang\u00e9s aux c\u00e8pes \u00e0 l\u2019huile d\u2019Agro Pic sont un classique de la cuisine aspromontana et sont obtenus sans addition d\u2019agents conservateurs. Ingr\u00e9dients: Champignons m\u00e9lang\u00e9s en prop. variables (Pleurotus ostreatus, Strophafaria rugosa annulata, Boletus edulis), huile de tournesol, ail, piment, persil, sel, vinaigre de vin et eau. Format de 300 g.<br \/>\n&hellip; <a class=\"kt-excerpt-readmore more-link\" href=\"https:\/\/agropic.it\/fr\/Produit\/champignons-melanges-aux-cepes-a-lhuile-280-g\/\" aria-label=\"Champignons m\u00e9lang\u00e9s aux c\u00e8pes \u00e0 l\u2019huile 280 g\">Read More<\/a><\/p>\n","protected":false},"featured_media":8174,"comment_status":"closed","ping_status":"closed","template":"","meta":{"kt_blocks_editor_width":"","_kad_blocks_custom_css":"","_kad_blocks_head_custom_js":"","_kad_blocks_body_custom_js":"","_kad_blocks_footer_custom_js":""},"product_brand":[],"product_cat":[266],"product_tag":[],"class_list":{"0":"post-3431","1":"product","2":"type-product","3":"status-publish","4":"has-post-thumbnail","6":"product_cat-conserves-a-lhuile-et-en-aigre-doux","8":"first","9":"instock","10":"shipping-taxable","11":"purchasable","12":"product-type-simple"},"taxonomy_info":{"product_cat":[{"value":266,"label":"Conserves \u00e0 l\u2019huile et en aigre-doux"}]},"featured_image_src_large":["https:\/\/agropic.it\/wp-content\/uploads\/2024\/01\/Funghi-Misti-con-porcini-sottolio-960x960.jpg",960,960,true],"author_info":[],"comment_info":0,"_links":{"self":[{"href":"https:\/\/agropic.it\/fr\/wp-json\/wp\/v2\/product\/3431","targetHints":{"allow":["GET"]}}],"collection":[{"href":"https:\/\/agropic.it\/fr\/wp-json\/wp\/v2\/product"}],"about":[{"href":"https:\/\/agropic.it\/fr\/wp-json\/wp\/v2\/types\/product"}],"replies":[{"embeddable":true,"href":"https:\/\/agropic.it\/fr\/wp-json\/wp\/v2\/comments?post=3431"}],"wp:featuredmedia":[{"embeddable":true,"href":"https:\/\/agropic.it\/fr\/wp-json\/wp\/v2\/media\/8174"}],"wp:attachment":[{"href":"https:\/\/agropic.it\/fr\/wp-json\/wp\/v2\/media?parent=3431"}],"wp:term":[{"taxonomy":"product_brand","embeddable":true,"href":"https:\/\/agropic.it\/fr\/wp-json\/wp\/v2\/product_brand?post=3431"},{"taxonomy":"product_cat","embeddable":true,"href":"https:\/\/agropic.it\/fr\/wp-json\/wp\/v2\/product_cat?post=3431"},{"taxonomy":"product_tag","embeddable":true,"href":"https:\/\/agropic.it\/fr\/wp-json\/wp\/v2\/product_tag?post=3431"}],"curies":[{"name":"wp","href":"https:\/\/api.w.org\/{rel}","templated":true}]}}