{"id":3423,"date":"2024-01-28T16:34:51","date_gmt":"2018-04-27T16:34:51","guid":{"rendered":"https:\/\/agropic.it\/prodotto\/miel-de-sulla-250g\/"},"modified":"2024-05-31T09:32:42","modified_gmt":"2024-05-31T09:32:42","slug":"miel-de-sulla-250g","status":"publish","type":"product","link":"https:\/\/agropic.it\/fr\/Produit\/miel-de-sulla-250g\/","title":{"rendered":"Miel de Sulla 250g"},"content":{"rendered":"<h5>Le miel de Sulla Agro Pic est un miel fin et d\u00e9licat riche en propri\u00e9t\u00e9s b\u00e9n\u00e9fiques et cicatrisantes. La saveur du miel de Sulla (une plante herbac\u00e9e typique de Calabre) est d\u00e9licate, tout comme son parfum, un agr\u00e9able ar\u00f4me d&rsquo;herbes sauvages avec une note d&rsquo;agrumes.<\/h5>\n<p>Il est riche en vitamines A, B et C. Le cholest\u00e9rol, les fibres, le lactose, le gluten et l&rsquo;histamine sont absents.<\/p>\n<p>Il est principalement utilis\u00e9 comme \u00e9dulcorant naturel pour le caf\u00e9, le lait, la camomille, le th\u00e9 et les infusions, car il a la caract\u00e9ristique d&rsquo;\u00e9dulcorer malgr\u00e9 sa faible teneur en sucres simples. C&rsquo;est \u00e9galement une excellente tartinade sur du pain et du fromage.<\/p>\n<p><strong>Ingr\u00e9dients<\/strong> : 100% miel de Sulla<\/p>\n<p><strong>Origine du miel<\/strong> : Italie (Calabre)<\/p>\n<p><strong>Format<\/strong> : 250g<\/p>\n<p>Toute solidification garantit l&rsquo;authenticit\u00e9 du produit car il s&rsquo;agit d&rsquo;un processus naturel, en effet avec le temps la consistance devient plus granuleuse, cependant ce processus n&rsquo;alt\u00e8re pas la qualit\u00e9 du produit et peut \u00eatre r\u00e9versible en chauffant doucement le pot.<\/p>\n<p><strong>Conservation<\/strong> : Conserver dans un endroit frais et sec, \u00e0 l&rsquo;\u00e9cart des sources de lumi\u00e8re et de chaleur.<\/p>\n<p><strong>Valeurs nutritionnelles:<\/strong><\/p>\n<ul>\n<li>\u00c9nergie : 332 kcal &#8211; 1391 kj<\/li>\n<li>Glucides : 82,7 g<\/li>\n<li>dont sucres : 82,5g<\/li>\n<li>Prot\u00e9ine : 0,3 g<\/li>\n<li>Mati\u00e8re grasse : 0,1g<\/li>\n<li>dont satur\u00e9 : 0,1g<\/li>\n<li>Sel : 9 mg<\/li>\n<\/ul>\n<p><strong>Entreprise familiale et s\u00e9lection des meilleures mati\u00e8res premi\u00e8res, cultiv\u00e9es sur les terres fertiles de l&rsquo;entreprise et transform\u00e9es dans le respect de l&rsquo;ancienne tradition. Il s&rsquo;agit de la carte d&rsquo;identit\u00e9 d&rsquo;Agro Pic, une entreprise sp\u00e9cialis\u00e9e dans la production de confitures, jus, sauces et cornichons.<\/strong><\/p>\n<p><strong>L&rsquo;objectif principal de l&rsquo;activit\u00e9 est de valoriser les saveurs et les fruits de la Calabre, en particulier les plus particuliers et g\u00e9n\u00e9ralement moins connus,<\/strong> comme la bergamote, un fruit aux multiples propri\u00e9t\u00e9s b\u00e9n\u00e9fiques, unique et aigre comme tout le territoire calabrais.<\/p>\n<p>Nature, tradition et haute qualit\u00e9 sont les ingr\u00e9dients du succ\u00e8s d&rsquo;Agro Pic.<\/p>\n<p><strong>Pour toute information sur nos produits n&rsquo;h\u00e9sitez pas \u00e0 nous contacter\u00a0:<\/strong><\/p>\n<p>Cellulaire 349 5651669.<\/p>\n<p>T\u00e9l. 0964 1955229<\/p>\n<p>info@agropic.it<\/p>\n","protected":false},"excerpt":{"rendered":"<p>Le Miel de Sulla de Calabre Agro Pic est un miel fin et d\u00e9licat riche en propri\u00e9t\u00e9s b\u00e9n\u00e9fiques et cicatrisantes. Sulla est une plante herbac\u00e9e typique de Calabre, aussi d\u00e9licate que son parfum, d&rsquo;o\u00f9 est issu cet agr\u00e9able produit au go\u00fbt d&rsquo;herbes sauvages avec une note d&rsquo;agrumes.<\/p>\n<p>Il est riche en vitamines A, B et C. Le cholest\u00e9rol, les fibres, le lactose, le gluten et l&rsquo;histamine sont absents.<\/p>\n<p>Le miel de Sulla est principalement utilis\u00e9 comme \u00e9dulcorant naturel pour le caf\u00e9, le lait, la camomille, le th\u00e9 et les infusions, car il a la caract\u00e9ristique d&rsquo;\u00e9dulcorer malgr\u00e9 sa faible teneur en sucres simples. C&rsquo;est \u00e9galement une excellente tartinade sur du pain et du fromage.<\/p>\n<p><strong>Ingr\u00e9dients<\/strong> : 100% Miel de Miel <strong>Origine<\/strong> : Italie (Calabre)<\/p>\n<p><strong>Format<\/strong> : 250g<\/p>\n<p>Lisez la description compl\u00e8te ci-dessous.<\/p>\n<p><strong>Achetez-le maintenant et recevez-le chez vous dans 4 \u00e0 5 jours.<\/strong>&hellip; <a class=\"kt-excerpt-readmore more-link\" href=\"https:\/\/agropic.it\/fr\/Produit\/miel-de-sulla-250g\/\" aria-label=\"Miel de Sulla 250g\">Read More<\/a><\/p>\n","protected":false},"featured_media":7594,"comment_status":"closed","ping_status":"closed","template":"","meta":{"kt_blocks_editor_width":"","_kad_blocks_custom_css":"","_kad_blocks_head_custom_js":"","_kad_blocks_body_custom_js":"","_kad_blocks_footer_custom_js":""},"product_brand":[],"product_cat":[255],"product_tag":[455],"class_list":{"0":"post-3423","1":"product","2":"type-product","3":"status-publish","4":"has-post-thumbnail","6":"product_cat-miel","7":"product_tag-miel-de-sulla","9":"first","10":"instock","11":"shipping-taxable","12":"purchasable","13":"product-type-simple"},"taxonomy_info":{"product_cat":[{"value":255,"label":"Miel"}],"product_tag":[{"value":455,"label":"miel de sulla"}]},"featured_image_src_large":["https:\/\/agropic.it\/wp-content\/uploads\/2022\/12\/Miele-di-sulla-250-g-1-960x960.jpg",960,960,true],"author_info":[],"comment_info":0,"_links":{"self":[{"href":"https:\/\/agropic.it\/fr\/wp-json\/wp\/v2\/product\/3423","targetHints":{"allow":["GET"]}}],"collection":[{"href":"https:\/\/agropic.it\/fr\/wp-json\/wp\/v2\/product"}],"about":[{"href":"https:\/\/agropic.it\/fr\/wp-json\/wp\/v2\/types\/product"}],"replies":[{"embeddable":true,"href":"https:\/\/agropic.it\/fr\/wp-json\/wp\/v2\/comments?post=3423"}],"wp:featuredmedia":[{"embeddable":true,"href":"https:\/\/agropic.it\/fr\/wp-json\/wp\/v2\/media\/7594"}],"wp:attachment":[{"href":"https:\/\/agropic.it\/fr\/wp-json\/wp\/v2\/media?parent=3423"}],"wp:term":[{"taxonomy":"product_brand","embeddable":true,"href":"https:\/\/agropic.it\/fr\/wp-json\/wp\/v2\/product_brand?post=3423"},{"taxonomy":"product_cat","embeddable":true,"href":"https:\/\/agropic.it\/fr\/wp-json\/wp\/v2\/product_cat?post=3423"},{"taxonomy":"product_tag","embeddable":true,"href":"https:\/\/agropic.it\/fr\/wp-json\/wp\/v2\/product_tag?post=3423"}],"curies":[{"name":"wp","href":"https:\/\/api.w.org\/{rel}","templated":true}]}}