{"id":3410,"date":"2024-01-30T09:32:37","date_gmt":"2024-01-30T09:32:37","guid":{"rendered":"https:\/\/agropic.it\/prodotto\/12-pieces-puree-de-tomates-serbino-340-g\/"},"modified":"2024-05-23T15:59:20","modified_gmt":"2024-05-23T15:59:20","slug":"12-pieces-puree-de-tomates-serbino-340-g","status":"publish","type":"product","link":"https:\/\/agropic.it\/fr\/Produit\/12-pieces-puree-de-tomates-serbino-340-g\/","title":{"rendered":"12 bouteilles &#8211; Pur\u00e9e de tomates cerises SERBINO 340g"},"content":{"rendered":"<h5>La pur\u00e9e de tomates cerises Serbino est \u00e9labor\u00e9e exclusivement par Agro Pic avec les meilleures tomates cerises de Serbo (vari\u00e9t\u00e9 indig\u00e8ne calabraise), cultiv\u00e9es dans notre ferme en plein champ et sous le soleil. Cors\u00e9, sans conservateur et pr\u00eat en quelques minutes.<\/h5>\n<p>Les tomates sont cultiv\u00e9es sans produits chimiques, r\u00e9colt\u00e9es \u00e0 la main et transform\u00e9es selon l&rsquo;ancienne tradition calabraise.<\/p>\n<p><strong>Ingr\u00e9dients<\/strong> : tomate, sel.<\/p>\n<p>Sans conservateur<\/p>\n<p><strong>Format<\/strong> : 340g<\/p>\n<p><strong>Origine de la tomate<\/strong>\u00a0: ITALIE (Calabre)<\/p>\n<p><strong>Mode d&#8217;emploi<\/strong> : Une bouteille de 340 g contient 3 \u00e0 4 portions, id\u00e9ales pour un spaghetti italien, sur une pizza et pour de nombreuses recettes.<\/p>\n<p><strong>Stockage<\/strong> : Conserver dans un endroit frais et sec, \u00e0 l&rsquo;abri du soleil et des sources de chaleur. Une fois ouvert, \u00e0 conserver au r\u00e9frig\u00e9rateur et \u00e0 consommer dans les 5 jours.<\/p>\n<p><strong>Voici les propri\u00e9t\u00e9s b\u00e9n\u00e9fiques des tomates :<\/strong><\/p>\n<ul>\n<li><strong>Pr\u00e9vient les maladies cardiovasculaires<\/strong><\/li>\n<li><strong>Riche en vitamine C<\/strong><\/li>\n<li><strong>Pr\u00e9vient les cancers du c\u00f4lon et de la prostate<\/strong><\/li>\n<li><strong>Pr\u00e9vient l&rsquo;ost\u00e9oporose<\/strong><\/li>\n<li><strong>Il diminue le mauvais cholest\u00e9rol LDL et augmente le bon cholest\u00e9rol HDL.<\/strong><\/li>\n<li><strong>Prot\u00e8ge votre vue<\/strong><\/li>\n<li><strong>Il a des propri\u00e9t\u00e9s diur\u00e9tiques et digestives<\/strong><\/li>\n<\/ul>\n<p>Manger quotidiennement de la tomate et ses d\u00e9riv\u00e9s permet de r\u00e9duire les risques de formations canc\u00e9reuses des voies gastro-digestives et respiratoires, de l&rsquo;estomac et des poumons.<\/p>\n<p><strong>Entreprise familiale et s\u00e9lection des meilleures mati\u00e8res premi\u00e8res<\/strong>, cultiv\u00e9es sur les terres fertiles de l&rsquo;entreprise et transform\u00e9es dans le respect de l&rsquo;ancienne tradition. Il s&rsquo;agit de la carte d&rsquo;identit\u00e9 d&rsquo;Agro Pic, une entreprise sp\u00e9cialis\u00e9e dans la production de confitures, jus, sauces et cornichons.<\/p>\n<p>Nature, tradition et haute qualit\u00e9 sont les ingr\u00e9dients du succ\u00e8s d&rsquo;Agro Pic.<\/p>\n<p><strong>Pour toute information sur nos produits n&rsquo;h\u00e9sitez pas \u00e0 nous contacter\u00a0:<\/strong><\/p>\n<p>Cellulaire 3495651669.<\/p>\n<p>T\u00e9l. 0964 1955229<\/p>\n<p>info@agropic.it<\/p>\n","protected":false},"excerpt":{"rendered":"<p>La pur\u00e9e de tomates cerises Serbino est \u00e9labor\u00e9e exclusivement par Agro Pic avec les meilleures tomates cerises de Serbo (vari\u00e9t\u00e9 indig\u00e8ne calabraise), cultiv\u00e9es dans notre ferme en plein champ et sous le soleil. Cors\u00e9, sans conservateur et pr\u00eat en quelques minutes.<\/p>\n<p>Les tomates sont cultiv\u00e9es sans produits chimiques, r\u00e9colt\u00e9es \u00e0 la main et transform\u00e9es selon l&rsquo;ancienne tradition calabraise.<\/p>\n<p><strong>Ingr\u00e9dients<\/strong> : tomate, sel. Format : 340g<\/p>\n<p>Sans conservateur<\/p>\n<p><strong>Origine de la tomate<\/strong>\u00a0: ITALIE (Calabre)<\/p>\n<p>Lisez la description compl\u00e8te ci-dessous.<\/p>\n<p><strong>Achetez maintenant et recevez-le chez vous dans 4-5 jours ouvrables.<\/strong>&hellip; <a class=\"kt-excerpt-readmore more-link\" href=\"https:\/\/agropic.it\/fr\/Produit\/12-pieces-puree-de-tomates-serbino-340-g\/\" aria-label=\"12 bouteilles &#8211; Pur\u00e9e de tomates cerises SERBINO 340g\">Read More<\/a><\/p>\n","protected":false},"featured_media":7139,"comment_status":"closed","ping_status":"closed","template":"","meta":{"kt_blocks_editor_width":"","_kad_blocks_custom_css":"","_kad_blocks_head_custom_js":"","_kad_blocks_body_custom_js":"","_kad_blocks_footer_custom_js":""},"product_brand":[],"product_cat":[243],"product_tag":[],"class_list":{"0":"post-3410","1":"product","2":"type-product","3":"status-publish","4":"has-post-thumbnail","6":"product_cat-passes-de-tomates-et-sauces","8":"first","9":"instock","10":"shipping-taxable","11":"purchasable","12":"product-type-simple"},"taxonomy_info":{"product_cat":[{"value":243,"label":"Passes de tomates et sauces"}]},"featured_image_src_large":["https:\/\/agropic.it\/wp-content\/uploads\/2023\/03\/passata-di-pomodoro-ciliegino-960x960.webp",960,960,true],"author_info":[],"comment_info":0,"_links":{"self":[{"href":"https:\/\/agropic.it\/fr\/wp-json\/wp\/v2\/product\/3410","targetHints":{"allow":["GET"]}}],"collection":[{"href":"https:\/\/agropic.it\/fr\/wp-json\/wp\/v2\/product"}],"about":[{"href":"https:\/\/agropic.it\/fr\/wp-json\/wp\/v2\/types\/product"}],"replies":[{"embeddable":true,"href":"https:\/\/agropic.it\/fr\/wp-json\/wp\/v2\/comments?post=3410"}],"wp:featuredmedia":[{"embeddable":true,"href":"https:\/\/agropic.it\/fr\/wp-json\/wp\/v2\/media\/7139"}],"wp:attachment":[{"href":"https:\/\/agropic.it\/fr\/wp-json\/wp\/v2\/media?parent=3410"}],"wp:term":[{"taxonomy":"product_brand","embeddable":true,"href":"https:\/\/agropic.it\/fr\/wp-json\/wp\/v2\/product_brand?post=3410"},{"taxonomy":"product_cat","embeddable":true,"href":"https:\/\/agropic.it\/fr\/wp-json\/wp\/v2\/product_cat?post=3410"},{"taxonomy":"product_tag","embeddable":true,"href":"https:\/\/agropic.it\/fr\/wp-json\/wp\/v2\/product_tag?post=3410"}],"curies":[{"name":"wp","href":"https:\/\/api.w.org\/{rel}","templated":true}]}}