{"id":3391,"date":"2024-01-30T14:15:18","date_gmt":"2019-02-04T14:15:18","guid":{"rendered":"https:\/\/agropic.it\/prodotto\/confiture-supplementaire-de-clementine-220g\/"},"modified":"2024-05-21T06:41:48","modified_gmt":"2024-05-21T06:41:48","slug":"confiture-supplementaire-de-clementine-220g","status":"publish","type":"product","link":"https:\/\/agropic.it\/fr\/Produit\/confiture-supplementaire-de-clementine-220g\/","title":{"rendered":"Confiture de cl\u00e9mentines 220g"},"content":{"rendered":"<h5>La confiture de cl\u00e9mentines est id\u00e9ale pour les petits d\u00e9jeuners et les d\u00e9licieuses collations.<\/h5>\n<p><strong>Ingr\u00e9dients<\/strong> : Cl\u00e9mentine 70%, sucre, \u00e9paississant : pectine naturelle.<\/p>\n<p>Sans conservateur<\/p>\n<p><strong>Format<\/strong> : 220g<\/p>\n<p><strong>Origine cl\u00e9mentine<\/strong> : Italie (Calabre)<\/p>\n<p><strong>Mode de conservation<\/strong> : Conserver dans un endroit sec et frais, \u00e0 l&rsquo;abri de la lumi\u00e8re ou des sources de chaleur. Une fois ouvert, consommer dans quelques jours.<\/p>\n<p>On a utilis\u00e9 : 70g de fruits pour 100g de produits finis.<\/p>\n<p>Valeurs nutritionnelles pour 100 g de produit fini :<\/p>\n<ul>\n<li>\u00c9nergie : 1175 kcal 276 Kj<\/li>\n<li>Prot\u00e9ine : 0,7 g<\/li>\n<li>Lipides 0,3 g<\/li>\n<li>dont satur\u00e9 0,07 g<\/li>\n<li>Glucides 63 g<\/li>\n<li>dont sucres 62 g<\/li>\n<li>Sodium 0,1 g<\/li>\n<\/ul>\n<p><strong>Entreprise familiale et s\u00e9lection des meilleures mati\u00e8res premi\u00e8res<\/strong>, cultiv\u00e9es sur les terres fertiles de l&rsquo;entreprise et transform\u00e9es dans le respect de l&rsquo;ancienne tradition. Il s&rsquo;agit de la carte d&rsquo;identit\u00e9 d&rsquo;Agro Pic, une entreprise sp\u00e9cialis\u00e9e dans la production de confitures, jus, sauces et cornichons.<\/p>\n<p><strong>L&rsquo;objectif principal de l&rsquo;activit\u00e9 est de valoriser les saveurs et les fruits de la Calabre, en particulier les plus particuliers et g\u00e9n\u00e9ralement moins connus<\/strong>, comme la bergamote, un fruit aux multiples propri\u00e9t\u00e9s b\u00e9n\u00e9fiques, unique et aigre comme tout le territoire calabrais.<\/p>\n<p>Nature, tradition et haute qualit\u00e9 sont les ingr\u00e9dients du succ\u00e8s d&rsquo;Agro Pic.<\/p>\n<p><strong>Pour toute information sur nos produits n&rsquo;h\u00e9sitez pas \u00e0 nous contacter :<\/strong><\/p>\n<p>Cellulaire 349 5651669.<\/p>\n<p>T\u00e9l. 0964 1955229<\/p>\n<p>info@agropic.it<\/p>\n","protected":false},"excerpt":{"rendered":"<p>La confiture de cl\u00e9mentines est id\u00e9ale pour les petits d\u00e9jeuners et les d\u00e9licieuses collations.<\/p>\n<p><strong>Ingr\u00e9dients<\/strong> : Cl\u00e9mentine 70%, sucre, \u00e9paississant : pectine naturelle.<\/p>\n<p>Sans conservateur<\/p>\n<p><strong>Format<\/strong> : 220g Cl\u00e9mentine <strong>Origine<\/strong> : Italie (Calabre)<\/p>\n<p>Lisez la description compl\u00e8te pour plus d&rsquo;informations!<\/p>\n<p><strong>Achetez-le maintenant et recevez-le chez vous dans 4 \u00e0 5 jours ouvrables.<\/strong>&hellip; <a class=\"kt-excerpt-readmore more-link\" href=\"https:\/\/agropic.it\/fr\/Produit\/confiture-supplementaire-de-clementine-220g\/\" aria-label=\"Confiture de cl\u00e9mentines 220g\">Read More<\/a><\/p>\n","protected":false},"featured_media":7044,"comment_status":"closed","ping_status":"closed","template":"","meta":{"kt_blocks_editor_width":"","_kad_blocks_custom_css":"","_kad_blocks_head_custom_js":"","_kad_blocks_body_custom_js":"","_kad_blocks_footer_custom_js":""},"product_brand":[],"product_cat":[263],"product_tag":[],"class_list":{"0":"post-3391","1":"product","2":"type-product","3":"status-publish","4":"has-post-thumbnail","6":"product_cat-confitures-et-confitures","8":"first","9":"instock","10":"shipping-taxable","11":"purchasable","12":"product-type-simple"},"taxonomy_info":{"product_cat":[{"value":263,"label":"Confitures et confitures"}]},"featured_image_src_large":["https:\/\/agropic.it\/wp-content\/uploads\/2023\/03\/Marmellata-di-Clementine-960x960.webp",960,960,true],"author_info":[],"comment_info":0,"_links":{"self":[{"href":"https:\/\/agropic.it\/fr\/wp-json\/wp\/v2\/product\/3391","targetHints":{"allow":["GET"]}}],"collection":[{"href":"https:\/\/agropic.it\/fr\/wp-json\/wp\/v2\/product"}],"about":[{"href":"https:\/\/agropic.it\/fr\/wp-json\/wp\/v2\/types\/product"}],"replies":[{"embeddable":true,"href":"https:\/\/agropic.it\/fr\/wp-json\/wp\/v2\/comments?post=3391"}],"wp:featuredmedia":[{"embeddable":true,"href":"https:\/\/agropic.it\/fr\/wp-json\/wp\/v2\/media\/7044"}],"wp:attachment":[{"href":"https:\/\/agropic.it\/fr\/wp-json\/wp\/v2\/media?parent=3391"}],"wp:term":[{"taxonomy":"product_brand","embeddable":true,"href":"https:\/\/agropic.it\/fr\/wp-json\/wp\/v2\/product_brand?post=3391"},{"taxonomy":"product_cat","embeddable":true,"href":"https:\/\/agropic.it\/fr\/wp-json\/wp\/v2\/product_cat?post=3391"},{"taxonomy":"product_tag","embeddable":true,"href":"https:\/\/agropic.it\/fr\/wp-json\/wp\/v2\/product_tag?post=3391"}],"curies":[{"name":"wp","href":"https:\/\/api.w.org\/{rel}","templated":true}]}}