{"id":3383,"date":"2024-01-21T14:24:17","date_gmt":"2024-01-21T14:24:17","guid":{"rendered":"https:\/\/agropic.it\/prodotto\/confiture-supplementaire-de-kiwi-220g\/"},"modified":"2019-02-04T14:24:17","modified_gmt":"2019-02-04T14:24:17","slug":"confiture-supplementaire-de-kiwi-220g","status":"publish","type":"product","link":"https:\/\/agropic.it\/fr\/Produit\/confiture-supplementaire-de-kiwi-220g\/","title":{"rendered":"Confiture suppl\u00e9mentaire de Kiwi 220g"},"content":{"rendered":"<p>Confiture suppl\u00e9mentaire de kiwi. La confiture suppl\u00e9mentaire de kiwis est id\u00e9ale pour les petits d\u00e9jeuners et les collations.<br \/>\nIngr\u00e9dients: kiwi 66%, sucre 34%, zeste de citron et jus de bergamote. Forn\u00e9 220 g. La confiture suppl\u00e9mentaire de kiwis Agro Pic est r\u00e9alis\u00e9e exclusivement avec des kiwis 100 % calabrais.<\/p>\n<p>Gestion familiale et s\u00e9lection des meilleures mati\u00e8res premi\u00e8res, cultiv\u00e9es dans les sols fertiles de l\u2019activit\u00e9 et transform\u00e9es dans le respect de l\u2019ancienne tradition. Telle est la carte d\u2019identit\u00e9 d\u2019Agro Pic, soci\u00e9t\u00e9 sp\u00e9cialis\u00e9e dans la production de produits \u00e0 la bergamote,  confitures, jus de fruits, sauces et sous huiles. L\u2019objectif principal  de l\u2019exploitation est la valorisation des saveurs et des fruits de la Calabre, en particulier les saveurs sp\u00e9ciales et g\u00e9n\u00e9ralement moins connues, comme la bergamote, fruit aux multiples propri\u00e9t\u00e9s b\u00e9n\u00e9fiques, unique et aigre comme tout le territoire calabrais. La nature, la tradition et la haute qualit\u00e9  sont  les ingr\u00e9dients du succ\u00e8s d\u2019Agro Pic. Vous pouvez acheter nos produits via ce site ou par courrier \u00e9lectronique en \u00e9crivant \u00e0 info@agropic.it ou par t\u00e9l\u00e9phone au  +39  349 56 51 669. Une fois le paiement effectu\u00e9, votre commande vous sera livr\u00e9e  en 2-3  jours ouvrables.<\/p>\n","protected":false},"excerpt":{"rendered":"<p>Confiture suppl\u00e9mentaire de kiwi. La confiture suppl\u00e9mentaire de kiwis est id\u00e9ale pour les petits d\u00e9jeuners et les collations.<br \/>\nIngr\u00e9dients: kiwi 66%, sucre 34%, zeste de citron et jus de bergamote. Forn\u00e9 220 g. La confiture suppl\u00e9mentaire de kiwis Agro Pic est r\u00e9alis\u00e9e exclusivement avec des kiwis 100 % calabrais.&hellip; <a class=\"kt-excerpt-readmore more-link\" href=\"https:\/\/agropic.it\/fr\/Produit\/confiture-supplementaire-de-kiwi-220g\/\" aria-label=\"Confiture suppl\u00e9mentaire de Kiwi 220g\">Read More<\/a><\/p>\n","protected":false},"featured_media":8195,"comment_status":"closed","ping_status":"closed","template":"","meta":{"kt_blocks_editor_width":"","_kad_blocks_custom_css":"","_kad_blocks_head_custom_js":"","_kad_blocks_body_custom_js":"","_kad_blocks_footer_custom_js":""},"product_brand":[],"product_cat":[263],"product_tag":[],"class_list":{"0":"post-3383","1":"product","2":"type-product","3":"status-publish","4":"has-post-thumbnail","6":"product_cat-confitures-et-confitures","8":"first","9":"instock","10":"shipping-taxable","11":"purchasable","12":"product-type-simple"},"taxonomy_info":{"product_cat":[{"value":263,"label":"Confitures et confitures"}]},"featured_image_src_large":["https:\/\/agropic.it\/wp-content\/uploads\/2024\/01\/Confettura-kiwi-giallo-e-limone-960x960.jpg",960,960,true],"author_info":[],"comment_info":0,"_links":{"self":[{"href":"https:\/\/agropic.it\/fr\/wp-json\/wp\/v2\/product\/3383","targetHints":{"allow":["GET"]}}],"collection":[{"href":"https:\/\/agropic.it\/fr\/wp-json\/wp\/v2\/product"}],"about":[{"href":"https:\/\/agropic.it\/fr\/wp-json\/wp\/v2\/types\/product"}],"replies":[{"embeddable":true,"href":"https:\/\/agropic.it\/fr\/wp-json\/wp\/v2\/comments?post=3383"}],"wp:featuredmedia":[{"embeddable":true,"href":"https:\/\/agropic.it\/fr\/wp-json\/wp\/v2\/media\/8195"}],"wp:attachment":[{"href":"https:\/\/agropic.it\/fr\/wp-json\/wp\/v2\/media?parent=3383"}],"wp:term":[{"taxonomy":"product_brand","embeddable":true,"href":"https:\/\/agropic.it\/fr\/wp-json\/wp\/v2\/product_brand?post=3383"},{"taxonomy":"product_cat","embeddable":true,"href":"https:\/\/agropic.it\/fr\/wp-json\/wp\/v2\/product_cat?post=3383"},{"taxonomy":"product_tag","embeddable":true,"href":"https:\/\/agropic.it\/fr\/wp-json\/wp\/v2\/product_tag?post=3383"}],"curies":[{"name":"wp","href":"https:\/\/api.w.org\/{rel}","templated":true}]}}