{"id":3374,"date":"2024-01-28T14:39:17","date_gmt":"2019-02-04T14:39:17","guid":{"rendered":"https:\/\/agropic.it\/prodotto\/extrait-de-piment-epice-500g\/"},"modified":"2024-05-31T10:53:22","modified_gmt":"2024-05-31T10:53:22","slug":"extrait-de-piment-epice-500g","status":"publish","type":"product","link":"https:\/\/agropic.it\/fr\/Produit\/extrait-de-piment-epice-500g\/","title":{"rendered":"Extrait de piment \u00e9pic\u00e9 500g"},"content":{"rendered":"<h5>L&rsquo;extrait de piment \u00e9pic\u00e9 est principalement utilis\u00e9 pour aromatiser et aromatiser les saucisses calabraises, \u00e9galement excellentes pour pr\u00e9parer des ap\u00e9ritifs et des bruschettas et pour cr\u00e9er de d\u00e9licieux plats.<\/h5>\n<p><strong>Ingr\u00e9dients<\/strong> : Poivre \u00e9pic\u00e9, sel.<\/p>\n<p><strong>Origine du piment\u00a0<\/strong>: ITALIE (CALABRE)<\/p>\n<p><strong>Format<\/strong> : 500g<\/p>\n<p>M\u00e9thode de stockage : Conserver dans un endroit sec et frais, \u00e0 l\u2019abri du soleil et des sources de chaleur directes. Une fois ouvert, consommer dans quelques semaines.<\/p>\n<p>Le piment est un ingr\u00e9dient de base de la cuisine calabraise typique, aujourd&rsquo;hui connu pour ses propri\u00e9t\u00e9s b\u00e9n\u00e9fiques, en effet il a un grand pouvoir antioxydant gr\u00e2ce aux flavono\u00efdes qu&rsquo;il contient, il est riche en vitamine C et en min\u00e9raux, d&rsquo;autres \u00e9tudes recommandent son utilisation pour pr\u00e9venir les maladies cardiovasculaires. maladies, pour augmenter le m\u00e9tabolisme et pour perdre du poids, mais il est \u00e9galement utile pour lutter contre les maux de gorge.<\/p>\n<p>Le piment, utilis\u00e9 depuis l&rsquo;Antiquit\u00e9, est une \u00e9pice utilis\u00e9e non seulement pour ajouter du piquant aux plats, mais qui offre \u00e9galement une s\u00e9rie d&rsquo;effets b\u00e9n\u00e9fiques pour la sant\u00e9 humaine. En fait, le piment :<\/p>\n<ul>\n<li>il est riche en vitamines A, C et E.<\/li>\n<li>Il poss\u00e8de des propri\u00e9t\u00e9s antibact\u00e9riennes, antihistaminiques et antioxydantes.<\/li>\n<li>Il a un effet aphrodisiaque r\u00e9put\u00e9.<\/li>\n<li>Il a des effets analg\u00e9siques sur les muscles et les os.<\/li>\n<li>active le m\u00e9tabolisme et aide \u00e0 contr\u00f4ler le poids corporel.<\/li>\n<li>Il r\u00e9duit les niveaux de cholest\u00e9rol, de glucose et de triglyc\u00e9rides.<\/li>\n<li>Am\u00e9liore la circulation sanguine et pr\u00e9vient les maladies cardiovasculaires telles que les accidents vasculaires c\u00e9r\u00e9braux et les crises cardiaques.<\/li>\n<li>a un effet antitumoral.<\/li>\n<\/ul>\n<p><strong>Entreprise familiale et s\u00e9lection des meilleures mati\u00e8res premi\u00e8res, cultiv\u00e9es sur les terres fertiles de l&rsquo;entreprise et transform\u00e9es dans le respect de l&rsquo;ancienne tradition. Il s&rsquo;agit de la carte d&rsquo;identit\u00e9 d&rsquo;Agro Pic, une entreprise sp\u00e9cialis\u00e9e dans la production de confitures, jus, sauces et cornichons.<\/strong><\/p>\n<p><strong>L&rsquo;objectif principal de l&rsquo;activit\u00e9 est la valorisation des saveurs et des fruits de Calabre, en particulier les plus particuliers et g\u00e9n\u00e9ralement moins connus,<\/strong> comme la bergamote, un fruit aux multiples propri\u00e9t\u00e9s b\u00e9n\u00e9fiques, unique et aigre comme tout le territoire calabrais.<\/p>\n<p>Nature, tradition et haute qualit\u00e9 sont les ingr\u00e9dients du succ\u00e8s d&rsquo;Agro Pic.<\/p>\n<p><strong>Pour toute information sur nos produits n&rsquo;h\u00e9sitez pas \u00e0 nous contacter\u00a0:<\/strong><\/p>\n<p>cellule. 349 5651669<\/p>\n<p>T\u00e9l. 0964 1955229<\/p>\n<p>info@agropic.it<\/p>\n","protected":false},"excerpt":{"rendered":"<p>L&rsquo;extrait de piment \u00e9pic\u00e9 est principalement utilis\u00e9 pour aromatiser et aromatiser les saucisses calabraises, \u00e9galement excellentes pour pr\u00e9parer des ap\u00e9ritifs et des bruschettas et pour cr\u00e9er de d\u00e9licieux plats.<\/p>\n<p><strong>Ingr\u00e9dients<\/strong> : Poivre \u00e9pic\u00e9, sel. Format : 500g<\/p>\n<p><strong>Origine du piment<\/strong>\u00a0: ITALIE (CALABRE)<\/p>\n<p>Lire la description compl\u00e8te pour plus d&rsquo;informations<\/p>\n<p><strong>Achetez-le maintenant et recevez-le chez vous dans 4-5 jours ouvrables<\/strong>&hellip; <a class=\"kt-excerpt-readmore more-link\" href=\"https:\/\/agropic.it\/fr\/Produit\/extrait-de-piment-epice-500g\/\" aria-label=\"Extrait de piment \u00e9pic\u00e9 500g\">Read More<\/a><\/p>\n","protected":false},"featured_media":8146,"comment_status":"closed","ping_status":"closed","template":"","meta":{"kt_blocks_editor_width":"","_kad_blocks_custom_css":"","_kad_blocks_head_custom_js":"","_kad_blocks_body_custom_js":"","_kad_blocks_footer_custom_js":""},"product_brand":[],"product_cat":[293],"product_tag":[],"class_list":{"0":"post-3374","1":"product","2":"type-product","3":"status-publish","4":"has-post-thumbnail","6":"product_cat-produits-au-piment","8":"first","9":"instock","10":"shipping-taxable","11":"purchasable","12":"product-type-simple"},"taxonomy_info":{"product_cat":[{"value":293,"label":"Produits au piment"}]},"featured_image_src_large":["https:\/\/agropic.it\/wp-content\/uploads\/2024\/01\/Estratto-di-Peperoncino-1-960x960.jpg",960,960,true],"author_info":[],"comment_info":0,"_links":{"self":[{"href":"https:\/\/agropic.it\/fr\/wp-json\/wp\/v2\/product\/3374","targetHints":{"allow":["GET"]}}],"collection":[{"href":"https:\/\/agropic.it\/fr\/wp-json\/wp\/v2\/product"}],"about":[{"href":"https:\/\/agropic.it\/fr\/wp-json\/wp\/v2\/types\/product"}],"replies":[{"embeddable":true,"href":"https:\/\/agropic.it\/fr\/wp-json\/wp\/v2\/comments?post=3374"}],"wp:featuredmedia":[{"embeddable":true,"href":"https:\/\/agropic.it\/fr\/wp-json\/wp\/v2\/media\/8146"}],"wp:attachment":[{"href":"https:\/\/agropic.it\/fr\/wp-json\/wp\/v2\/media?parent=3374"}],"wp:term":[{"taxonomy":"product_brand","embeddable":true,"href":"https:\/\/agropic.it\/fr\/wp-json\/wp\/v2\/product_brand?post=3374"},{"taxonomy":"product_cat","embeddable":true,"href":"https:\/\/agropic.it\/fr\/wp-json\/wp\/v2\/product_cat?post=3374"},{"taxonomy":"product_tag","embeddable":true,"href":"https:\/\/agropic.it\/fr\/wp-json\/wp\/v2\/product_tag?post=3374"}],"curies":[{"name":"wp","href":"https:\/\/api.w.org\/{rel}","templated":true}]}}