{"id":3370,"date":"2024-03-30T11:00:58","date_gmt":"2024-03-30T11:00:58","guid":{"rendered":"https:\/\/agropic.it\/prodotto\/puree-de-tomates-700g\/"},"modified":"2025-08-06T08:44:29","modified_gmt":"2025-08-06T08:44:29","slug":"puree-de-tomates-700g","status":"publish","type":"product","link":"https:\/\/agropic.it\/fr\/Produit\/puree-de-tomates-700g\/","title":{"rendered":"Pur\u00e9e de tomates 700g (1 bouteille)"},"content":{"rendered":"<h3>Pur\u00e9e de tomates calabraises 100% naturelle. Essayez-le pour retrouver la saveur authentique d&rsquo;une bonne pur\u00e9e de tomates maison. Fabriqu\u00e9 selon des recettes et des m\u00e9thodes traditionnelles.<\/h3>\n<p><strong>Ingr\u00e9dients<\/strong> : Tomate, sel<\/p>\n<p><strong>Origine de la tomate<\/strong> : ITALIE (Calabre)<\/p>\n<p><strong>Format<\/strong> : 700 g<\/p>\n<p>Sans conservateurs, sans colorants et sans \u00e9paississants.<\/p>\n<p><strong>M\u00e9thode de stockage<\/strong> : Conserver dans un endroit frais et sec, \u00e0 l\u2019abri du soleil et des sources de chaleur. Une fois ouvert, placer au r\u00e9frig\u00e9rateur et consommer dans quelques jours.<\/p>\n<p><strong>Valeurs nutritionnelles moyennes pour 100 g de produit fini :<\/strong><\/p>\n<p>\u00c9nergie : 38 kcal &#8211; 158 kj<\/p>\n<p>Lipides 0,21 g dont satur\u00e9s 0,029 g<\/p>\n<p>Glucides : 8,98 g dont sucres 4,83 g<\/p>\n<p>Prot\u00e9ine 1,65 g<\/p>\n<p>Sel 0,40 g<\/p>\n<p><strong>La tomate est la reine incontest\u00e9e du r\u00e9gime m\u00e9diterran\u00e9en, excellente pour entretenir une bonne forme physique car peu calorique, et poss\u00e8de \u00e9galement de nombreuses propri\u00e9t\u00e9s b\u00e9n\u00e9fiques :<\/strong><\/p>\n<ul>\n<li><strong>Pr\u00e9vient les maladies cardiovasculaires telles que les accidents vasculaires c\u00e9r\u00e9braux et les crises cardiaques.<\/strong><\/li>\n<li><strong>Riche en vitamine C.<\/strong><\/li>\n<li><strong>Pr\u00e9vient les cancers du c\u00f4lon et de la prostate.<\/strong><\/li>\n<li><strong>Pr\u00e9vient l&rsquo;ost\u00e9oporose.<\/strong><\/li>\n<li><strong>Il abaisse le mauvais cholest\u00e9rol LDL et augmente le bon cholest\u00e9rol HDL.<\/strong><\/li>\n<li><strong>Prot\u00e8ge votre vue.<\/strong><\/li>\n<li><strong>Il poss\u00e8de des propri\u00e9t\u00e9s diur\u00e9tiques et digestives.<\/strong><\/li>\n<\/ul>\n<p><strong>Entreprise familiale et s\u00e9lection des meilleures mati\u00e8res premi\u00e8res, cultiv\u00e9es sur les terres fertiles de l&rsquo;entreprise et transform\u00e9es dans le respect de l&rsquo;ancienne tradition. Il s&rsquo;agit de la carte d&rsquo;identit\u00e9 d&rsquo;Agro Pic, une entreprise sp\u00e9cialis\u00e9e dans la production de confitures, jus, sauces et cornichons.<\/strong><\/p>\n<p><strong>L&rsquo;objectif principal de l&rsquo;activit\u00e9 est de valoriser les saveurs et les fruits de la Calabre, en particulier les plus particuliers et g\u00e9n\u00e9ralement moins connus,<\/strong> comme la bergamote, un fruit aux multiples propri\u00e9t\u00e9s b\u00e9n\u00e9fiques, unique et aigre comme tout le territoire calabrais.<\/p>\n<p>Nature, tradition et haute qualit\u00e9 sont les ingr\u00e9dients du succ\u00e8s d&rsquo;Agro Pic.<\/p>\n<p><strong>Pour toute information sur nos produits n&rsquo;h\u00e9sitez pas \u00e0 nous contacter\u00a0:<\/strong><\/p>\n<p>cellule. 3495651669<\/p>\n<p>adresse e-mail: info@agropic.it<\/p>\n<p>T\u00e9l. 0964 1955229<\/p>\n","protected":false},"excerpt":{"rendered":"<p>Pur\u00e9e de tomates calabraises 100% naturelle. Essayez-le pour retrouver la saveur authentique d&rsquo;une bonne pur\u00e9e de tomates maison. Fabriqu\u00e9 selon des recettes et des m\u00e9thodes traditionnelles.<\/p>\n<p><strong>Ingr\u00e9dients<\/strong> : 100% tomate<strong> Origine de la tomate<\/strong> : ITALIE (Calabre)<\/p>\n<p>Sans conservateurs, sans colorants et sans \u00e9paississants.<\/p>\n<p><strong>Format<\/strong> : 700g<\/p>\n<p>Lisez la description compl\u00e8te du produit pour plus d&rsquo;informations<\/p>\n<p><strong>Achetez-le maintenant et recevez-le dans 4\/5 jours chez vous !<\/strong>&hellip; <a class=\"kt-excerpt-readmore more-link\" href=\"https:\/\/agropic.it\/fr\/Produit\/puree-de-tomates-700g\/\" aria-label=\"Pur\u00e9e de tomates 700g (1 bouteille)\">Read More<\/a><\/p>\n","protected":false},"featured_media":3273,"comment_status":"closed","ping_status":"closed","template":"","meta":{"kt_blocks_editor_width":"","_kad_blocks_custom_css":"","_kad_blocks_head_custom_js":"","_kad_blocks_body_custom_js":"","_kad_blocks_footer_custom_js":""},"product_brand":[],"product_cat":[243],"product_tag":[727,728],"class_list":{"0":"post-3370","1":"product","2":"type-product","3":"status-publish","4":"has-post-thumbnail","6":"product_cat-passes-de-tomates-et-sauces","7":"product_tag-sauce-tomate","8":"product_tag-tomate-italienne","10":"first","11":"instock","12":"shipping-taxable","13":"purchasable","14":"product-type-simple"},"taxonomy_info":{"product_cat":[{"value":243,"label":"Passes de tomates et sauces"}],"product_tag":[{"value":727,"label":"sauce tomate"},{"value":728,"label":"tomate italienne"}]},"featured_image_src_large":["https:\/\/agropic.it\/wp-content\/uploads\/2020\/11\/Passata-di-pomodoro-700-g-960x960.jpg",960,960,true],"author_info":[],"comment_info":0,"_links":{"self":[{"href":"https:\/\/agropic.it\/fr\/wp-json\/wp\/v2\/product\/3370","targetHints":{"allow":["GET"]}}],"collection":[{"href":"https:\/\/agropic.it\/fr\/wp-json\/wp\/v2\/product"}],"about":[{"href":"https:\/\/agropic.it\/fr\/wp-json\/wp\/v2\/types\/product"}],"replies":[{"embeddable":true,"href":"https:\/\/agropic.it\/fr\/wp-json\/wp\/v2\/comments?post=3370"}],"wp:featuredmedia":[{"embeddable":true,"href":"https:\/\/agropic.it\/fr\/wp-json\/wp\/v2\/media\/3273"}],"wp:attachment":[{"href":"https:\/\/agropic.it\/fr\/wp-json\/wp\/v2\/media?parent=3370"}],"wp:term":[{"taxonomy":"product_brand","embeddable":true,"href":"https:\/\/agropic.it\/fr\/wp-json\/wp\/v2\/product_brand?post=3370"},{"taxonomy":"product_cat","embeddable":true,"href":"https:\/\/agropic.it\/fr\/wp-json\/wp\/v2\/product_cat?post=3370"},{"taxonomy":"product_tag","embeddable":true,"href":"https:\/\/agropic.it\/fr\/wp-json\/wp\/v2\/product_tag?post=3370"}],"curies":[{"name":"wp","href":"https:\/\/api.w.org\/{rel}","templated":true}]}}