{"id":3362,"date":"2019-02-04T15:09:03","date_gmt":"2019-02-04T15:09:03","guid":{"rendered":"https:\/\/agropic.it\/prodotto\/origan-de-calabre-en-feuilles-15g\/"},"modified":"2021-06-23T13:17:50","modified_gmt":"2021-06-23T13:17:50","slug":"origan-de-calabre-en-feuilles-15g","status":"publish","type":"product","link":"https:\/\/agropic.it\/fr\/Produit\/origan-de-calabre-en-feuilles-15g\/","title":{"rendered":"Origan de Calabre en feuilles 15g"},"content":{"rendered":"<p>Origan de Calabre en feuilles. Format de 15 g.  Origine: 100 % Calabre. Origan de Calabre en feuilles, r\u00e9colt\u00e9 \u00e0 la main au pied de l\u2019Aspromonte.  Utilisez-le pour aromatiser les premi\u00e8res et secondes de viande et de poisson, mais aussi pour cr\u00e9er des infusions. Ingr\u00e9dients: 100% origan. L\u2019origan est une plante herbac\u00e9e principalement de montagne, \u00e0 forte odeur et \u00e0 saveur indubitable. L\u2019origan fg\u00e8vre et aide les processus digestifs,att\u00e9nue le bien-\u00eatre du syst\u00e8me nerveux,  antibact\u00e9rienou,  antifongiqueou anti-inflammatoires ou,  \u00e0lacellulite naturelle.<\/p>\n<p>Gestion familiale et s\u00e9lection des meilleures mati\u00e8res premi\u00e8res, cultiv\u00e9es dans les sols fertiles de l\u2019activit\u00e9 et transform\u00e9es dans le respect de l\u2019ancienne tradition. Telle est la carte d\u2019identit\u00e9 d\u2019Agro Pic, soci\u00e9t\u00e9 sp\u00e9cialis\u00e9e dans la production de produits \u00e0 la bergamote,  confitures, jus de fruits, sauces et sous huiles. L\u2019objectif principal  de l\u2019exploitation est la valorisation des saveurs et des fruits de la Calabre, en particulier les saveurs sp\u00e9ciales et g\u00e9n\u00e9ralement moins connues, comme la bergamote, fruit aux multiples propri\u00e9t\u00e9s b\u00e9n\u00e9fiques, unique et aigre comme tout le territoire calabrais. La nature, la tradition et la haute qualit\u00e9  sont  les ingr\u00e9dients du succ\u00e8s d\u2019Agro Pic. Vous pouvez acheter nos produits via ce site ou par courrier \u00e9lectronique en \u00e9crivant \u00e0 info@agropic.it ou par t\u00e9l\u00e9phone au  +39  349 56 51 669. Une fois le paiement effectu\u00e9, votre commande vous sera livr\u00e9e  en 2-3  jours ouvrables.<\/p>\n","protected":false},"excerpt":{"rendered":"<p>Origan de Calabre en feuilles. Format de 15 g.  Origine: 100 % Calabre. Origan de Calabre en feuilles, r\u00e9colt\u00e9 \u00e0 la main au pied de l\u2019Aspromonte.  Utilisez-le pour aromatiser les premi\u00e8res et secondes de viande et de poisson, mais aussi pour cr\u00e9er des infusions. Ingr\u00e9dients: 100% origan. L\u2019origan est une plante herbac\u00e9e principalement de montagne, \u00e0 forte odeur et \u00e0 saveur indubitable. L\u2019origan fg\u00e8vre et aide les processus digestifs,att\u00e9nue le bien-\u00eatre du syst\u00e8me nerveux,  antibact\u00e9rienou,  antifongiqueou anti-inflammatoires ou,  \u00e0lacellulite naturelle.<br \/>\n&hellip; <a class=\"kt-excerpt-readmore more-link\" href=\"https:\/\/agropic.it\/fr\/Produit\/origan-de-calabre-en-feuilles-15g\/\" aria-label=\"Origan de Calabre en feuilles 15g\">Read More<\/a><\/p>\n","protected":false},"featured_media":7129,"comment_status":"closed","ping_status":"closed","template":"","meta":{"kt_blocks_editor_width":"","_kad_blocks_custom_css":"","_kad_blocks_head_custom_js":"","_kad_blocks_body_custom_js":"","_kad_blocks_footer_custom_js":""},"product_brand":[],"product_cat":[259],"product_tag":[],"class_list":{"0":"post-3362","1":"product","2":"type-product","3":"status-publish","4":"has-post-thumbnail","6":"product_cat-epices-de-calabre","8":"first","9":"instock","10":"shipping-taxable","11":"purchasable","12":"product-type-simple"},"taxonomy_info":{"product_cat":[{"value":259,"label":"\u00c9pices de Calabre"}]},"featured_image_src_large":["https:\/\/agropic.it\/wp-content\/uploads\/2023\/03\/Origano-selvatico-in-foglie-960x960.webp",960,960,true],"author_info":[],"comment_info":0,"_links":{"self":[{"href":"https:\/\/agropic.it\/fr\/wp-json\/wp\/v2\/product\/3362","targetHints":{"allow":["GET"]}}],"collection":[{"href":"https:\/\/agropic.it\/fr\/wp-json\/wp\/v2\/product"}],"about":[{"href":"https:\/\/agropic.it\/fr\/wp-json\/wp\/v2\/types\/product"}],"replies":[{"embeddable":true,"href":"https:\/\/agropic.it\/fr\/wp-json\/wp\/v2\/comments?post=3362"}],"wp:featuredmedia":[{"embeddable":true,"href":"https:\/\/agropic.it\/fr\/wp-json\/wp\/v2\/media\/7129"}],"wp:attachment":[{"href":"https:\/\/agropic.it\/fr\/wp-json\/wp\/v2\/media?parent=3362"}],"wp:term":[{"taxonomy":"product_brand","embeddable":true,"href":"https:\/\/agropic.it\/fr\/wp-json\/wp\/v2\/product_brand?post=3362"},{"taxonomy":"product_cat","embeddable":true,"href":"https:\/\/agropic.it\/fr\/wp-json\/wp\/v2\/product_cat?post=3362"},{"taxonomy":"product_tag","embeddable":true,"href":"https:\/\/agropic.it\/fr\/wp-json\/wp\/v2\/product_tag?post=3362"}],"curies":[{"name":"wp","href":"https:\/\/api.w.org\/{rel}","templated":true}]}}