{"id":3292,"date":"2024-01-27T14:39:57","date_gmt":"2019-09-17T14:39:57","guid":{"rendered":"https:\/\/agropic.it\/prodotto\/creme-de-piment-200g\/"},"modified":"2019-09-17T14:39:57","modified_gmt":"2019-09-17T14:39:57","slug":"creme-de-piment-200g","status":"publish","type":"product","link":"https:\/\/agropic.it\/fr\/Produit\/creme-de-piment-200g\/","title":{"rendered":"Cr\u00e8me de piment 200g"},"content":{"rendered":"<p>Le piment est une \u00e9pice utilis\u00e9e non seulement pour donner du piquant aux plats, mais offre un certain nombre d\u2019effets b\u00e9n\u00e9fiques pour la sant\u00e9 humaine.  En fait, le piment:<br \/>\nIl est riche en vitamines A, C &#038; E,  poss\u00e8de des propri\u00e9t\u00e9s antibact\u00e9riennes, antihistaminiques et antioxydantes.<br \/>\na un effet aphrodisiaque renomm\u00e9 et  a des effets analg\u00e9siques sur les muscles et les os, active le m\u00e9tabolisme et aide \u00e0 contr\u00f4ler le poids corporel. Il diminue le taux de cholest\u00e9rol, de glucose et de triglyc\u00e9rides. H\u00e0 un effet anticanc\u00e9reux.<\/p>\n<p>Gestion familiale et s\u00e9lection des meilleures mati\u00e8res premi\u00e8res, cultiv\u00e9es dans les sols fertiles de l\u2019activit\u00e9 et transform\u00e9es dans le respect de l\u2019ancienne tradition. Telle est la carte d\u2019identit\u00e9 d\u2019Agro Pic, soci\u00e9t\u00e9 sp\u00e9cialis\u00e9e dans la production de produits \u00e0 la bergamote,  confitures, jus de fruits, sauces et sous huiles. L\u2019objectif principal  de l\u2019exploitation est la valorisation des saveurs et des fruits de la Calabre, en particulier les saveurs sp\u00e9ciales et g\u00e9n\u00e9ralement moins connues, comme la bergamote, fruit aux multiples propri\u00e9t\u00e9s b\u00e9n\u00e9fiques, unique et aigre comme tout le territoire calabrais. La nature, la tradition et la haute qualit\u00e9  sont  les ingr\u00e9dients du succ\u00e8s d\u2019Agro Pic. Vous pouvez acheter nos produits via ce site ou par courrier \u00e9lectronique en \u00e9crivant \u00e0 info@agropic.it ou par t\u00e9l\u00e9phone au  +39  349 56 51 669. Une fois le paiement effectu\u00e9, votre commande vous sera livr\u00e9e  en 2-3  jours ouvrables.<\/p>\n","protected":false},"excerpt":{"rendered":"<p>Le piment est une \u00e9pice utilis\u00e9e non seulement pour donner du piquant aux plats, mais offre un certain nombre d\u2019effets b\u00e9n\u00e9fiques pour la sant\u00e9 humaine.  En fait, le piment:<br \/>\nIl est riche en vitamines A, C &#038; E,  poss\u00e8de des propri\u00e9t\u00e9s antibact\u00e9riennes, antihistaminiques et antioxydantes.<br \/>\na un effet aphrodisiaque renomm\u00e9 et  a des effets analg\u00e9siques sur les muscles et les os.<br \/>\nactive le m\u00e9tabolisme et aide \u00e0 contr\u00f4ler le poids corporel. Il diminue le taux de cholest\u00e9rol, de glucose et de triglyc\u00e9rides. H\u00e0 un effet anticanc\u00e9reux.&hellip; <a class=\"kt-excerpt-readmore more-link\" href=\"https:\/\/agropic.it\/fr\/Produit\/creme-de-piment-200g\/\" aria-label=\"Cr\u00e8me de piment 200g\">Read More<\/a><\/p>\n","protected":false},"featured_media":7009,"comment_status":"closed","ping_status":"closed","template":"","meta":{"kt_blocks_editor_width":"","_kad_blocks_custom_css":"","_kad_blocks_head_custom_js":"","_kad_blocks_body_custom_js":"","_kad_blocks_footer_custom_js":""},"product_brand":[],"product_cat":[247,293],"product_tag":[],"class_list":{"0":"post-3292","1":"product","2":"type-product","3":"status-publish","4":"has-post-thumbnail","6":"product_cat-cremes-pate-et-tartinades","7":"product_cat-produits-au-piment","9":"first","10":"instock","11":"shipping-taxable","12":"purchasable","13":"product-type-simple"},"taxonomy_info":{"product_cat":[{"value":247,"label":"Cr\u00e8mes p\u00e2t\u00e9 et tartinades"},{"value":293,"label":"Produits au piment"}]},"featured_image_src_large":["https:\/\/agropic.it\/wp-content\/uploads\/2023\/03\/Crema-di-peperoncino-960x960.webp",960,960,true],"author_info":[],"comment_info":0,"_links":{"self":[{"href":"https:\/\/agropic.it\/fr\/wp-json\/wp\/v2\/product\/3292","targetHints":{"allow":["GET"]}}],"collection":[{"href":"https:\/\/agropic.it\/fr\/wp-json\/wp\/v2\/product"}],"about":[{"href":"https:\/\/agropic.it\/fr\/wp-json\/wp\/v2\/types\/product"}],"replies":[{"embeddable":true,"href":"https:\/\/agropic.it\/fr\/wp-json\/wp\/v2\/comments?post=3292"}],"wp:featuredmedia":[{"embeddable":true,"href":"https:\/\/agropic.it\/fr\/wp-json\/wp\/v2\/media\/7009"}],"wp:attachment":[{"href":"https:\/\/agropic.it\/fr\/wp-json\/wp\/v2\/media?parent=3292"}],"wp:term":[{"taxonomy":"product_brand","embeddable":true,"href":"https:\/\/agropic.it\/fr\/wp-json\/wp\/v2\/product_brand?post=3292"},{"taxonomy":"product_cat","embeddable":true,"href":"https:\/\/agropic.it\/fr\/wp-json\/wp\/v2\/product_cat?post=3292"},{"taxonomy":"product_tag","embeddable":true,"href":"https:\/\/agropic.it\/fr\/wp-json\/wp\/v2\/product_tag?post=3292"}],"curies":[{"name":"wp","href":"https:\/\/api.w.org\/{rel}","templated":true}]}}