{"id":3272,"date":"2024-01-26T11:40:19","date_gmt":"2024-01-26T11:40:19","guid":{"rendered":"https:\/\/agropic.it\/prodotto\/jus-de-bergamote-pure-100-200-ml-12-pieces\/"},"modified":"2023-04-12T13:17:00","modified_gmt":"2023-04-12T13:17:00","slug":"jus-de-bergamote-pure-100-200-ml-12-pieces","status":"publish","type":"product","link":"https:\/\/agropic.it\/fr\/Produit\/jus-de-bergamote-pure-100-200-ml-12-pieces\/","title":{"rendered":"Jus de Bergamote pure 100 % (200 ml) &#8211; 24 pi\u00e8ces"},"content":{"rendered":"<p>Bo\u00eete de 24 bouteilles de 200 ml de 100% Jus de Bergamote Pure. Sans sucres ajout\u00e9s et sans conservateurs. Ingr\u00e9dients: jus de bergamote 100% naturel. FORMAT DE 200 ml. Il est consid\u00e9r\u00e9 comme le fruit de la sant\u00e9 car certaines \u00e9tudes scientifiques r\u00e9centes lui attribueraient de nombreux effets b\u00e9n\u00e9fiques. Il aide \u00e0 combattre les probl\u00e8mes de mauvais cholest\u00e9rol LDL, pr\u00e9vendant ainsi les maladies cardiovasculaires et normalisant les niveaux de transaminase, CPK et glyc\u00e9mie. Il est riche en sels min\u00e9raux et en vitamines qui peuvent pr\u00e9venir les troubles osseux et renforcer le syst\u00e8me immunitaire et les antioxydants qui ralentissent le vieillissement. Efficace \u00e9galement pour les probl\u00e8mes digestifs, pour combattre la mauvaise haleine et pour am\u00e9liorer les voies respiratoires en raison de ses propri\u00e9t\u00e9s antibact\u00e9riennes. L\u2019utilisation de jus de bergamote ne doit pas remplacer la pharmacoth\u00e9rapie.<\/p>\n<p>Gestion familiale et s\u00e9lection des meilleures mati\u00e8res premi\u00e8res, cultiv\u00e9es dans les sols fertiles de l\u2019activit\u00e9 et transform\u00e9es dans le respect de l\u2019ancienne tradition. Telle est la carte d\u2019identit\u00e9 d\u2019Agro Pic, soci\u00e9t\u00e9 sp\u00e9cialis\u00e9e dans la production de produits \u00e0 la bergamote,  confitures, jus de fruits, sauces et sous huiles. L\u2019objectif principal  de l\u2019exploitation est la valorisation des saveurs et des fruits de la Calabre, en particulier les saveurs sp\u00e9ciales et g\u00e9n\u00e9ralement moins connues, comme la bergamote, fruit aux multiples propri\u00e9t\u00e9s b\u00e9n\u00e9fiques, unique et aigre comme tout le territoire calabrais. La nature, la tradition et la haute qualit\u00e9  sont  les ingr\u00e9dients du succ\u00e8s d\u2019Agro Pic. Vous pouvez acheter nos produits via ce site ou par courrier \u00e9lectronique en \u00e9crivant \u00e0 info@agropic.it ou par t\u00e9l\u00e9phone au  +39  349 56 51 669. Une fois le paiement effectu\u00e9, votre commande vous sera livr\u00e9e  en 2-3  jours ouvrables.<\/p>\n","protected":false},"excerpt":{"rendered":"<p>Bo\u00eete de 24 bouteilles de 200 ml de 100% Jus de Bergamote Pure. Sans sucres ajout\u00e9s et sans conservateurs. Ingr\u00e9dients: jus de bergamote 100% naturel. FORMAT DE 200 ml. Il est consid\u00e9r\u00e9 comme le fruit de la sant\u00e9 car certaines \u00e9tudes scientifiques r\u00e9centes lui attribueraient de nombreux effets b\u00e9n\u00e9fiques. Il aide \u00e0 combattre les probl\u00e8mes de mauvais cholest\u00e9rol LDL, pr\u00e9vendant ainsi les maladies cardiovasculaires et normalisant les niveaux de transaminase, CPK et glyc\u00e9mie. Il est riche en sels min\u00e9raux et en vitamines qui peuvent pr\u00e9venir les troubles osseux et renforcer le syst\u00e8me immunitaire et les antioxydants qui ralentissent le vieillissement. Efficace \u00e9galement pour les probl\u00e8mes digestifs, pour combattre la mauvaise haleine et pour am\u00e9liorer les voies respiratoires en raison de ses propri\u00e9t\u00e9s antibact\u00e9riennes. L\u2019utilisation de jus de bergamote ne doit pas remplacer la pharmacoth\u00e9rapie.&hellip; <a class=\"kt-excerpt-readmore more-link\" href=\"https:\/\/agropic.it\/fr\/Produit\/jus-de-bergamote-pure-100-200-ml-12-pieces\/\" aria-label=\"Jus de Bergamote pure 100 % (200 ml) &#8211; 24 pi\u00e8ces\">Read More<\/a><\/p>\n","protected":false},"featured_media":12853,"comment_status":"closed","ping_status":"closed","template":"","meta":{"kt_blocks_editor_width":"","_kad_blocks_custom_css":"","_kad_blocks_head_custom_js":"","_kad_blocks_body_custom_js":"","_kad_blocks_footer_custom_js":""},"product_brand":[],"product_cat":[294],"product_tag":[407,1179,740,518],"class_list":{"0":"post-3272","1":"product","2":"type-product","3":"status-publish","4":"has-post-thumbnail","6":"product_cat-jus-de-bergamote","7":"product_tag-bergamote-fr","8":"product_tag-bergamote-de-calabre-2","9":"product_tag-bergamote-de-calabre","10":"product_tag-jus-de-bergamote-fr","12":"first","13":"instock","14":"sale","15":"shipping-taxable","16":"purchasable","17":"product-type-simple"},"taxonomy_info":{"product_cat":[{"value":294,"label":"Jus de bergamote"}],"product_tag":[{"value":407,"label":"bergamote"},{"value":1179,"label":"bergamote de Calabre"},{"value":740,"label":"Bergamote de Calabre"},{"value":518,"label":"jus de bergamote"}]},"featured_image_src_large":["https:\/\/agropic.it\/wp-content\/uploads\/2024\/01\/B0F5BW34ZW.MAIN_-960x960.jpg",960,960,true],"author_info":[],"comment_info":0,"_links":{"self":[{"href":"https:\/\/agropic.it\/fr\/wp-json\/wp\/v2\/product\/3272","targetHints":{"allow":["GET"]}}],"collection":[{"href":"https:\/\/agropic.it\/fr\/wp-json\/wp\/v2\/product"}],"about":[{"href":"https:\/\/agropic.it\/fr\/wp-json\/wp\/v2\/types\/product"}],"replies":[{"embeddable":true,"href":"https:\/\/agropic.it\/fr\/wp-json\/wp\/v2\/comments?post=3272"}],"wp:featuredmedia":[{"embeddable":true,"href":"https:\/\/agropic.it\/fr\/wp-json\/wp\/v2\/media\/12853"}],"wp:attachment":[{"href":"https:\/\/agropic.it\/fr\/wp-json\/wp\/v2\/media?parent=3272"}],"wp:term":[{"taxonomy":"product_brand","embeddable":true,"href":"https:\/\/agropic.it\/fr\/wp-json\/wp\/v2\/product_brand?post=3272"},{"taxonomy":"product_cat","embeddable":true,"href":"https:\/\/agropic.it\/fr\/wp-json\/wp\/v2\/product_cat?post=3272"},{"taxonomy":"product_tag","embeddable":true,"href":"https:\/\/agropic.it\/fr\/wp-json\/wp\/v2\/product_tag?post=3272"}],"curies":[{"name":"wp","href":"https:\/\/api.w.org\/{rel}","templated":true}]}}