{"id":3220,"date":"2024-01-31T10:18:36","date_gmt":"2024-01-31T10:18:36","guid":{"rendered":"https:\/\/agropic.it\/prodotto\/jus-de-bergamote-pure-100-200-ml\/"},"modified":"2025-08-07T09:08:01","modified_gmt":"2025-08-07T09:08:01","slug":"100-jus-de-grenade-200-ml","status":"publish","type":"product","link":"https:\/\/agropic.it\/fr\/Produit\/100-jus-de-grenade-200-ml\/","title":{"rendered":"Jus de Grenade 100% 200ml &#8211; (1 bouteille)"},"content":{"rendered":"<h6>Jus de Grenade 100%<\/h6>\n<p>Le jus de grenade est un puissant antioxydant naturel, riche en vitamines et min\u00e9raux. Il renforce le syst\u00e8me immunitaire et est principalement consomm\u00e9 pour ses propri\u00e9t\u00e9s anti-inflammatoires, anti-d\u00e9g\u00e9n\u00e9ratives et d\u00e9toxifiantes. Il contribue \u00e9galement \u00e0 r\u00e9duire le taux de cholest\u00e9rol sanguin.<\/p>\n<p><strong>Ingr\u00e9dients\u00a0<\/strong>: 100\u00a0% jus de grenade<\/p>\n<p>Sans sucres ajout\u00e9s ni conservateurs<\/p>\n<p><strong>Origine de la grenade<\/strong>\u00a0: Italie<\/p>\n<p><strong>Format\u00a0<\/strong>: 200\u00a0ml<\/p>\n<p><strong>Conseils de conservation<\/strong>\u00a0: \u00c0 conserver dans un endroit frais et sec, \u00e0 l\u2019abri de la lumi\u00e8re et de la chaleur. Une fois ouvert, conserver au r\u00e9frig\u00e9rateur et consommer dans les jours qui suivent.<\/p>\n<p>Les \u00e9ventuels s\u00e9diments ou s\u00e9parations sont dus au caract\u00e8re naturel du produit.<\/p>\n<p>Le produit peut \u00eatre consomm\u00e9 naturellement ou dilu\u00e9 dans l&rsquo;eau.<\/p>\n<p><strong>Valeurs nutritionnelles pour 100g de produit\u00a0:<\/strong><\/p>\n<p>\u00c9nergie : 213 kj \/ 51 kcal<\/p>\n<p>Prot\u00e9ine 0,2g<\/p>\n<p>Glucides 13g<\/p>\n<p>dont sucres 12,7g<\/p>\n<p>Graisse 0,2g<\/p>\n<p>dont satur\u00e9 0,2g<\/p>\n<p>Sel 2,25 mg<\/p>\n<p>Depuis l\u2019Antiquit\u00e9, le jus de grenade est reconnu pour de nombreuses qualit\u00e9s nutritionnelles.<\/p>\n<h6>Effets b\u00e9n\u00e9fiques du jus de grenade\u00a0:<\/h6>\n<ul>\n<li>\n<h5>puissant antioxydant naturel<\/h5>\n<\/li>\n<li>\n<h6>propri\u00e9t\u00e9s anti-inflammatoires<\/h6>\n<\/li>\n<li>\n<h6>propri\u00e9t\u00e9s anti-d\u00e9g\u00e9n\u00e9ratives<\/h6>\n<\/li>\n<li>\n<h6>purifie le corps<\/h6>\n<\/li>\n<li>\n<h5>r\u00e9duit le taux de cholest\u00e9rol sanguin<\/h5>\n<\/li>\n<li>\n<h5>riche en vitamines et sels min\u00e9raux<\/h5>\n<\/li>\n<\/ul>\n<p>Cliquez ci-dessous pour d\u00e9couvrir tous les types d&rsquo;achats\u00a0:\u00a0<a href=\"https:\/\/agropic.it\/categoria-dotto\/prodotti-al-melograno\/\">https:\/\/agropic.it\/categoria-prodotti\/prodotti- al- grenade\/<\/a><\/p>\n<p><strong>Entreprise familiale, nous s\u00e9lectionnons les meilleurs ingr\u00e9dients<\/strong>, cultiv\u00e9s sur nos terres fertiles et transform\u00e9s selon des traditions ancestrales.<\/p>\n<p>Outre le jus de grenade, nous proposons une large gamme de produits, tous fra\u00eechement pr\u00e9par\u00e9s selon des m\u00e9thodes artisanales et aux saveurs incomparables, notamment des jus de fruits, des confitures et conserves de fruits de saison, des pur\u00e9es de tomates, des cr\u00e8mes, du miel et des huiles en conserve.<\/p>\n<p><strong>Notre objectif principal est de mettre en valeur les saveurs et les fruits de Calabre, en particulier ceux qui sont rares et g\u00e9n\u00e9ralement m\u00e9connus<\/strong>, comme la bergamote, un fruit aux nombreuses propri\u00e9t\u00e9s b\u00e9n\u00e9fiques, unique et acidul\u00e9, comme toute la Calabre.<\/p>\n<p>Nous vous proposons des produits authentiques et de haute qualit\u00e9, issus d&rsquo;une s\u00e9lection rigoureuse et contr\u00f4l\u00e9e de mati\u00e8res premi\u00e8res, dont beaucoup sont cultiv\u00e9es directement par nos soins et obtenues sans produits chimiques.<\/p>\n<p><strong>Nature, tradition et qualit\u00e9 sont les ingr\u00e9dients du succ\u00e8s d&rsquo;Agro Pic.<\/strong><\/p>\n<p>Suivez-nous sur INSTAGRAM pour d\u00e9couvrir toute l&rsquo;actualit\u00e9 d&rsquo;Agro Pic.<\/p>\n<p>https:\/\/www.instagram.com\/agropic\/<\/p>\n<p><strong>Pour toute information sur nos produits, n&rsquo;h\u00e9sitez pas \u00e0 nous contacter\u00a0:<\/strong><\/p>\n<p>T\u00e9l.\u00a0: +39 3495651669<\/p>\n<p>Courriel\u00a0: info@agropic.it<\/p>\n<p>T\u00e9l.\u00a0: +39 0964 1955229<\/p>\n<p><strong>Description\u00a0<\/strong>:<br \/>\nNotre<strong> jus de grenade 100\u00a0%<\/strong> pur est obtenu par pression \u00e0 froid de grenades s\u00e9lectionn\u00e9es, cultiv\u00e9es selon des m\u00e9thodes naturelles pour garantir un produit riche en nutriments au go\u00fbt intense et authentique. Sans sucres ajout\u00e9s, conservateurs ni colorants, c&rsquo;est le choix id\u00e9al pour ceux qui recherchent un jus authentique, savoureux et sain.<\/p>\n","protected":false},"excerpt":{"rendered":"<p>Le jus de grenade est un puissant antioxydant naturel riche en vitamines et sels min\u00e9raux, augmente les d\u00e9fenses immunitaires et est consomm\u00e9 principalement pour ses actions anti-inflammatoires, anti-d\u00e9g\u00e9n\u00e9ratives et d\u00e9toxifiantes. C&rsquo;est \u00e9galement une aide valable pour r\u00e9duire le taux de cholest\u00e9rol sanguin.<\/p>\n<p>&nbsp;<\/p>\n<p><strong>Ingr\u00e9dients\u00a0:<\/strong> Jus de grenade 100 %<\/p>\n<p>Sans sucres ajout\u00e9s et sans conservateurs<\/p>\n<p><strong>Origine de la grenade\u00a0:<\/strong> Italie<\/p>\n<p><strong>Format :<\/strong> 200ml<\/p>\n<p>Lire la description compl\u00e8te ci-dessous<\/p>\n<p>&nbsp;<\/p>\n<p><strong>Achetez-le maintenant et recevez-le chez vous dans 4-5 jours\u00a0!<\/strong><\/p>\n<h5><\/h5>\n<p>&hellip; <a class=\"kt-excerpt-readmore more-link\" href=\"https:\/\/agropic.it\/fr\/Produit\/100-jus-de-grenade-200-ml\/\" aria-label=\"Jus de Grenade 100% 200ml &#8211; (1 bouteille)\">Read More<\/a><\/p>\n","protected":false},"featured_media":7214,"comment_status":"closed","ping_status":"closed","template":"","meta":{"kt_blocks_editor_width":"","_kad_blocks_custom_css":"","_kad_blocks_head_custom_js":"","_kad_blocks_body_custom_js":"","_kad_blocks_footer_custom_js":""},"product_brand":[],"product_cat":[321],"product_tag":[1117],"class_list":{"0":"post-3220","1":"product","2":"type-product","3":"status-publish","4":"has-post-thumbnail","6":"product_cat-produits-de-grenade","7":"product_tag-jus-de-grenade","9":"first","10":"instock","11":"shipping-taxable","12":"purchasable","13":"product-type-simple"},"taxonomy_info":{"product_cat":[{"value":321,"label":"produits de grenade"}],"product_tag":[{"value":1117,"label":"jus de grenade"}]},"featured_image_src_large":["https:\/\/agropic.it\/wp-content\/uploads\/2023\/03\/Succo-di-Melograno-100-200-ml-1-960x960.webp",960,960,true],"author_info":[],"comment_info":0,"_links":{"self":[{"href":"https:\/\/agropic.it\/fr\/wp-json\/wp\/v2\/product\/3220","targetHints":{"allow":["GET"]}}],"collection":[{"href":"https:\/\/agropic.it\/fr\/wp-json\/wp\/v2\/product"}],"about":[{"href":"https:\/\/agropic.it\/fr\/wp-json\/wp\/v2\/types\/product"}],"replies":[{"embeddable":true,"href":"https:\/\/agropic.it\/fr\/wp-json\/wp\/v2\/comments?post=3220"}],"wp:featuredmedia":[{"embeddable":true,"href":"https:\/\/agropic.it\/fr\/wp-json\/wp\/v2\/media\/7214"}],"wp:attachment":[{"href":"https:\/\/agropic.it\/fr\/wp-json\/wp\/v2\/media?parent=3220"}],"wp:term":[{"taxonomy":"product_brand","embeddable":true,"href":"https:\/\/agropic.it\/fr\/wp-json\/wp\/v2\/product_brand?post=3220"},{"taxonomy":"product_cat","embeddable":true,"href":"https:\/\/agropic.it\/fr\/wp-json\/wp\/v2\/product_cat?post=3220"},{"taxonomy":"product_tag","embeddable":true,"href":"https:\/\/agropic.it\/fr\/wp-json\/wp\/v2\/product_tag?post=3220"}],"curies":[{"name":"wp","href":"https:\/\/api.w.org\/{rel}","templated":true}]}}