{"id":3136,"date":"2024-01-30T09:42:17","date_gmt":"2024-01-30T09:42:17","guid":{"rendered":"https:\/\/agropic.it\/prodotto\/100-jus-de-grenade-200-ml-24-pieces\/"},"modified":"2024-05-22T09:03:18","modified_gmt":"2024-05-22T09:03:18","slug":"100-jus-de-grenade-200-ml-24-pieces","status":"publish","type":"product","link":"https:\/\/agropic.it\/fr\/Produit\/100-jus-de-grenade-200-ml-24-pieces\/","title":{"rendered":"Jus de Grenade 100% Bio 200ml &#8211; (24 bouteilles)"},"content":{"rendered":"<h5>JUS DE GRENADE BIO &#8211; PACK DE 24 BOUTEILLES DE 200ml<\/h5>\n<p>Le jus de grenade est un puissant antioxydant naturel riche en vitamines et sels min\u00e9raux, il augmente les d\u00e9fenses immunitaires et est consomm\u00e9 principalement pour ses actions anti-inflammatoires, anti-d\u00e9g\u00e9n\u00e9ratives et d\u00e9toxifiantes. C&rsquo;est \u00e9galement une aide valable pour r\u00e9duire le taux de cholest\u00e9rol sanguin.<\/p>\n<p><strong>Ingr\u00e9dients<\/strong> : Jus de Grenade 100% Bio<\/p>\n<p>Sans sucres ajout\u00e9s et sans conservateurs<\/p>\n<p>Le produit est BIOLOGIQUE &#8211;\u00a0 Op\u00e9rateur contr\u00f4l\u00e9 n. 43515<br \/>\nV\u00e9rifi\u00e9 et certifi\u00e9 par Suolo e Salute Srl<\/p>\n<p><strong>Origine de la grenade<\/strong> : Italie<\/p>\n<p><strong>Format<\/strong> : 200 ml<\/p>\n<p><strong>Mode de conservation<\/strong> : Conserver dans un endroit frais et sec, \u00e0 l&rsquo;\u00e9cart des sources de lumi\u00e8re ou de chaleur. Une fois ouvert, conservez le produit au r\u00e9frig\u00e9rateur et consommez-le dans les jours qui suivent.<\/p>\n<p>Les \u00e9ventuels s\u00e9diments ou s\u00e9parations sont dus au caract\u00e8re naturel du produit.<\/p>\n<p>Le produit peut \u00eatre consomm\u00e9 naturellement ou dilu\u00e9 dans l&rsquo;eau.<\/p>\n<p><strong>Valeurs nutritionnelles pour 100g de produit :<\/strong><\/p>\n<p>\u00c9nergie : 213 kj \/ 51 kcal<\/p>\n<p>Prot\u00e9ine 0,2g<\/p>\n<p>Glucides 13g<\/p>\n<p>dont sucres 12,7g<\/p>\n<p>Graisse 0,2g<\/p>\n<p>dont satur\u00e9 0,2g<\/p>\n<p>Sel 2,25 mg<\/p>\n<p>Depuis l\u2019Antiquit\u00e9, la grenade est reconnue pour ses nombreuses qualit\u00e9s nutritionnelles.<\/p>\n<p><strong>Effets b\u00e9n\u00e9fiques du jus de grenade :<\/strong><\/p>\n<ul>\n<li><strong>puissant antioxydant naturel<\/strong><\/li>\n<li><strong>propri\u00e9t\u00e9s anti-inflammatoires<\/strong><\/li>\n<li><strong>propri\u00e9t\u00e9s anti-d\u00e9g\u00e9n\u00e9ratives<\/strong><\/li>\n<li><strong>purifie le corps<\/strong><\/li>\n<li><strong>r\u00e9duit le taux de cholest\u00e9rol dans le sang<\/strong><\/li>\n<li><strong>riche en vitamines et sels min\u00e9raux<\/strong><\/li>\n<\/ul>\n<p>Cliquez ci-dessous pour d\u00e9couvrir tous les types d&rsquo;achats\u00a0:\u00a0https:\/\/agropic.it\/categoria-prodotti\/prodotti-al-melograno\/<\/p>\n<p><strong>Entreprise familiale et s\u00e9lection des meilleures mati\u00e8res premi\u00e8res<\/strong>, cultiv\u00e9es sur les terres fertiles de l&rsquo;entreprise et transform\u00e9es dans le respect de l&rsquo;ancienne tradition. Il s&rsquo;agit de la carte d&rsquo;identit\u00e9 d&rsquo;Agro Pic, une entreprise sp\u00e9cialis\u00e9e dans la production de confitures, jus, sauces et cornichons.<\/p>\n<p>Nature, tradition et haute qualit\u00e9 sont les ingr\u00e9dients du succ\u00e8s d&rsquo;Agro Pic.<\/p>\n<p><strong>Pour toute information sur nos produits n&rsquo;h\u00e9sitez pas \u00e0 nous contacter :<\/strong><\/p>\n<p>Cellulaire 349 5651669.<\/p>\n<p>T\u00e9l. 0964 1955229<\/p>\n<p>info@agropic.it<\/p>\n","protected":false},"excerpt":{"rendered":"<p><strong>PACK DE 24 BOUTEILLES DE 200ml<\/strong><\/p>\n<p>Le jus de grenade est un puissant antioxydant naturel riche en vitamines et sels min\u00e9raux, il augmente les d\u00e9fenses immunitaires et est consomm\u00e9 principalement pour ses actions anti-inflammatoires, anti-d\u00e9g\u00e9n\u00e9ratives et d\u00e9toxifiantes. C&rsquo;est \u00e9galement une aide valable pour r\u00e9duire le taux de cholest\u00e9rol sanguin.<\/p>\n<p><strong>Ingr\u00e9dients<\/strong> : Jus de Grenade 100% Bio<\/p>\n<p>Sans sucres ajout\u00e9s et sans conservateurs<\/p>\n<p><strong>Origine de la grenade<\/strong> : Italie<\/p>\n<p><strong>Format<\/strong> : 200 ml<\/p>\n<p>Lire la description compl\u00e8te ci-dessous<\/p>\n<p><strong>Achetez-le maintenant et recevez-le chez vous dans 4 \u00e0 5 jours\u00a0!<\/strong>&hellip; <a class=\"kt-excerpt-readmore more-link\" href=\"https:\/\/agropic.it\/fr\/Produit\/100-jus-de-grenade-200-ml-24-pieces\/\" aria-label=\"Jus de Grenade 100% Bio 200ml &#8211; (24 bouteilles)\">Read More<\/a><\/p>\n","protected":false},"featured_media":12822,"comment_status":"closed","ping_status":"closed","template":"","meta":{"kt_blocks_editor_width":"","_kad_blocks_custom_css":"","_kad_blocks_head_custom_js":"","_kad_blocks_body_custom_js":"","_kad_blocks_footer_custom_js":""},"product_brand":[],"product_cat":[321],"product_tag":[1128,1117],"class_list":{"0":"post-3136","1":"product","2":"type-product","3":"status-publish","4":"has-post-thumbnail","6":"product_cat-produits-de-grenade","7":"product_tag-jus-de-grenade-2","8":"product_tag-jus-de-grenade","10":"first","11":"instock","12":"shipping-taxable","13":"purchasable","14":"product-type-simple"},"taxonomy_info":{"product_cat":[{"value":321,"label":"produits de grenade"}],"product_tag":[{"value":1128,"label":"jus de grenade"},{"value":1117,"label":"jus de grenade"}]},"featured_image_src_large":["https:\/\/agropic.it\/wp-content\/uploads\/2024\/01\/B0FVXYV22B.MAIN_-960x960.png",960,960,true],"author_info":[],"comment_info":0,"_links":{"self":[{"href":"https:\/\/agropic.it\/fr\/wp-json\/wp\/v2\/product\/3136","targetHints":{"allow":["GET"]}}],"collection":[{"href":"https:\/\/agropic.it\/fr\/wp-json\/wp\/v2\/product"}],"about":[{"href":"https:\/\/agropic.it\/fr\/wp-json\/wp\/v2\/types\/product"}],"replies":[{"embeddable":true,"href":"https:\/\/agropic.it\/fr\/wp-json\/wp\/v2\/comments?post=3136"}],"wp:featuredmedia":[{"embeddable":true,"href":"https:\/\/agropic.it\/fr\/wp-json\/wp\/v2\/media\/12822"}],"wp:attachment":[{"href":"https:\/\/agropic.it\/fr\/wp-json\/wp\/v2\/media?parent=3136"}],"wp:term":[{"taxonomy":"product_brand","embeddable":true,"href":"https:\/\/agropic.it\/fr\/wp-json\/wp\/v2\/product_brand?post=3136"},{"taxonomy":"product_cat","embeddable":true,"href":"https:\/\/agropic.it\/fr\/wp-json\/wp\/v2\/product_cat?post=3136"},{"taxonomy":"product_tag","embeddable":true,"href":"https:\/\/agropic.it\/fr\/wp-json\/wp\/v2\/product_tag?post=3136"}],"curies":[{"name":"wp","href":"https:\/\/api.w.org\/{rel}","templated":true}]}}