{"id":3104,"date":"2024-01-31T11:13:39","date_gmt":"2024-01-31T11:13:39","guid":{"rendered":"https:\/\/agropic.it\/prodotto\/miel-de-sulla-500-g\/"},"modified":"2025-08-07T08:59:09","modified_gmt":"2025-08-07T08:59:09","slug":"miel-de-sulla-500-g","status":"publish","type":"product","link":"https:\/\/agropic.it\/fr\/Produit\/miel-de-sulla-500-g\/","title":{"rendered":"Miel de Sulla 500g"},"content":{"rendered":"<h6>Miel de Sulla<\/h6>\n<p>Le miel de Sulla de Calabre Agro Pic est un miel fin et d\u00e9licat, riche en propri\u00e9t\u00e9s b\u00e9n\u00e9fiques et curatives. Son go\u00fbt est d\u00e9licat, tout comme son ar\u00f4me, un agr\u00e9able parfum d&rsquo;herbes sauvages avec une touche d&rsquo;agrumes.<\/p>\n<p>Le miel de Sulla est un v\u00e9ritable tr\u00e9sor de la nature, \u00e9labor\u00e9 avec soin et passion \u00e0 chaque \u00e9tape de sa production, de la r\u00e9colte \u00e0 l&rsquo;extraction, qui pr\u00e9serve toutes ses propri\u00e9t\u00e9s naturelles, jusqu&rsquo;au conditionnement. Chaque \u00e9tape est r\u00e9alis\u00e9e \u00e0 la main, garantissant un produit authentique et de haute qualit\u00e9, riche de toutes les caract\u00e9ristiques qui le rendent unique et pr\u00e9cieux.<\/p>\n<p>100 % artisanal, monofloral et non pasteuris\u00e9. Vous recevrez un produit naturel et authentique livr\u00e9 \u00e0 domicile, issu de terres exemptes de pesticides et de substances nocives pour les abeilles.<\/p>\n<p>Il est riche en vitamines A, B et C. Le cholest\u00e9rol, les fibres, le lactose, le gluten et l&rsquo;histamine sont absents.<\/p>\n<p>Il est principalement utilis\u00e9 comme \u00e9dulcorant naturel pour le caf\u00e9, le lait, la camomille, le th\u00e9 et les infusions, car il a la caract\u00e9ristique d&rsquo;\u00e9dulcorer malgr\u00e9 sa faible teneur en sucres simples. C&rsquo;est \u00e9galement une excellente tartinade sur du pain et du fromage.<\/p>\n<p><strong>Ingr\u00e9dients\u00a0:<\/strong> 100% Miel de Sulla calabrais<\/p>\n<p><strong>Origine du miel :<\/strong> Italie (Calabre)<\/p>\n<p><strong>Format :<\/strong> 500g<\/p>\n<p>Toute solidification garantit l&rsquo;authenticit\u00e9 du produit car il s&rsquo;agit d&rsquo;un processus naturel, en effet avec le temps la consistance devient plus granuleuse, cependant ce processus n&rsquo;alt\u00e8re pas la qualit\u00e9 du produit et peut \u00eatre r\u00e9versible en chauffant doucement le pot.<\/p>\n<p><strong>Conservation\u00a0:<\/strong> \u00c0 conserver dans un endroit frais et sec, \u00e0 l&rsquo;\u00e9cart des sources de lumi\u00e8re et de chaleur.<\/p>\n<p><strong>Valeurs nutritionnelles\u00a0:<\/strong><\/p>\n<ul>\n<li>\u00c9nergie\u00a0: 332\u00a0kcal &#8211; 1\u00a0391\u00a0kj<\/li>\n<li>Glucides\u00a0: 82,7\u00a0g<\/li>\n<li>dont sucres\u00a0: 82,5g<\/li>\n<li>Prot\u00e9ines\u00a0: 0,3\u00a0g<\/li>\n<li>Graisse\u00a0: 0,1\u00a0g<\/li>\n<li>dont satur\u00e9s\u00a0: 0,1g<\/li>\n<li>Sel\u00a0: 9\u00a0mg<\/li>\n<\/ul>\n<h6><strong>Gestion familiale et s\u00e9lection des meilleures mati\u00e8res premi\u00e8res<\/strong>, cultiv\u00e9es sur les terres fertiles de l&rsquo;entreprise et transform\u00e9es dans le respect de l&rsquo;ancienne tradition. Il s&rsquo;agit de la carte d&rsquo;identit\u00e9 d&rsquo;Agro Pic, une entreprise sp\u00e9cialis\u00e9e dans la production de confitures, jus, sauces et cornichons.<\/h6>\n<p><strong>L&rsquo;objectif principal de l&rsquo;activit\u00e9 est la valorisation des saveurs et des fruits de Calabre, en particulier les plus particuliers et g\u00e9n\u00e9ralement moins connus<\/strong>, comme la bergamote, un fruit aux multiples propri\u00e9t\u00e9s b\u00e9n\u00e9fiques, unique et aigre comme le tout le territoire calabrais.<\/p>\n<p>Nous vous proposons des produits authentiques et de haute qualit\u00e9, issus d&rsquo;une s\u00e9lection rigoureuse et contr\u00f4l\u00e9e de mati\u00e8res premi\u00e8res, dont beaucoup sont cultiv\u00e9es directement par nos soins et produites sans produits chimiques.<\/p>\n<p><strong>Nature, tradition et qualit\u00e9 sont les ingr\u00e9dients du succ\u00e8s d&rsquo;Agro Pic.<\/strong><\/p>\n<p>Suivez-nous sur INSTAGRAM pour d\u00e9couvrir les derni\u00e8res actualit\u00e9s d&rsquo;Agro Pic.<\/p>\n<p>https:\/\/www.instagram.com\/agropic\/<\/p>\n<p><strong>Pour toute information sur nos produits, n&rsquo;h\u00e9sitez pas \u00e0 nous contacter\u00a0:<\/strong><\/p>\n<p>Portable\u00a0: +39 3495651669<\/p>\n<p>Courriel\u00a0: info@agropic.it<\/p>\n<p>T\u00e9l.\u00a0: +39 0964 1955229<\/p>\n","protected":false},"excerpt":{"rendered":"<h6>Le Miel de Sulla de Calabre Agro Pic est un miel fin et d\u00e9licat riche en propri\u00e9t\u00e9s b\u00e9n\u00e9fiques et cicatrisantes. La saveur du miel de Sulla (une plante herbac\u00e9e typique de Calabre) est d\u00e9licate, tout comme son parfum, un agr\u00e9able ar\u00f4me d&rsquo;herbes sauvages avec une note d&rsquo;agrumes.<\/h6>\n<p>Il est riche en vitamines A, B et C. Le cholest\u00e9rol, les fibres, le lactose, le gluten et l&rsquo;histamine sont absents.<\/p>\n<p>Il est principalement utilis\u00e9 comme \u00e9dulcorant naturel pour le caf\u00e9, le lait, la camomille, le th\u00e9 et les infusions, car il a la caract\u00e9ristique d&rsquo;\u00e9dulcorer malgr\u00e9 sa faible teneur en sucres simples. Il est \u00e9galement excellent \u00e0 tartiner sur du pain et du fromage.<\/p>\n<p>&nbsp;<\/p>\n<p><strong>Ingr\u00e9dients\u00a0:<\/strong> 100\u00a0% Miel de <strong>Miel Origine\u00a0:<\/strong> Italie (Calabre)<\/p>\n<p><strong>Format :<\/strong> 500g<\/p>\n<p>Lisez la description compl\u00e8te ci-dessous.<\/p>\n<p><strong>Achetez-le maintenant et recevez-le chez vous dans 4-5 jours.<\/strong>&hellip; <a class=\"kt-excerpt-readmore more-link\" href=\"https:\/\/agropic.it\/fr\/Produit\/miel-de-sulla-500-g\/\" aria-label=\"Miel de Sulla 500g\">Read More<\/a><\/p>\n","protected":false},"featured_media":7599,"comment_status":"closed","ping_status":"closed","template":"","meta":{"kt_blocks_editor_width":"","_kad_blocks_custom_css":"","_kad_blocks_head_custom_js":"","_kad_blocks_body_custom_js":"","_kad_blocks_footer_custom_js":""},"product_brand":[],"product_cat":[255],"product_tag":[454,455,453],"class_list":{"0":"post-3104","1":"product","2":"type-product","3":"status-publish","4":"has-post-thumbnail","6":"product_cat-miel","7":"product_tag-miel-de-calabre","8":"product_tag-miel-de-sulla","9":"product_tag-mon-cheri","11":"first","12":"instock","13":"shipping-taxable","14":"purchasable","15":"product-type-simple"},"taxonomy_info":{"product_cat":[{"value":255,"label":"Miel"}],"product_tag":[{"value":454,"label":"Miel de Calabre"},{"value":455,"label":"miel de sulla"},{"value":453,"label":"mon ch\u00e9ri"}]},"featured_image_src_large":["https:\/\/agropic.it\/wp-content\/uploads\/2022\/12\/MIELE-DI-SULLA-500-g-1-960x960.jpg",960,960,true],"author_info":[],"comment_info":0,"_links":{"self":[{"href":"https:\/\/agropic.it\/fr\/wp-json\/wp\/v2\/product\/3104","targetHints":{"allow":["GET"]}}],"collection":[{"href":"https:\/\/agropic.it\/fr\/wp-json\/wp\/v2\/product"}],"about":[{"href":"https:\/\/agropic.it\/fr\/wp-json\/wp\/v2\/types\/product"}],"replies":[{"embeddable":true,"href":"https:\/\/agropic.it\/fr\/wp-json\/wp\/v2\/comments?post=3104"}],"wp:featuredmedia":[{"embeddable":true,"href":"https:\/\/agropic.it\/fr\/wp-json\/wp\/v2\/media\/7599"}],"wp:attachment":[{"href":"https:\/\/agropic.it\/fr\/wp-json\/wp\/v2\/media?parent=3104"}],"wp:term":[{"taxonomy":"product_brand","embeddable":true,"href":"https:\/\/agropic.it\/fr\/wp-json\/wp\/v2\/product_brand?post=3104"},{"taxonomy":"product_cat","embeddable":true,"href":"https:\/\/agropic.it\/fr\/wp-json\/wp\/v2\/product_cat?post=3104"},{"taxonomy":"product_tag","embeddable":true,"href":"https:\/\/agropic.it\/fr\/wp-json\/wp\/v2\/product_tag?post=3104"}],"curies":[{"name":"wp","href":"https:\/\/api.w.org\/{rel}","templated":true}]}}