{"id":3096,"date":"2024-01-28T12:20:38","date_gmt":"2020-06-26T12:20:38","guid":{"rendered":"https:\/\/agropic.it\/prodotto\/pate-de-tomates-sechees-200g\/"},"modified":"2024-06-11T08:35:34","modified_gmt":"2024-06-11T08:35:34","slug":"pate-de-tomates-sechees-200g","status":"publish","type":"product","link":"https:\/\/agropic.it\/fr\/Produit\/pate-de-tomates-sechees-200g\/","title":{"rendered":"P\u00e2t\u00e9 de tomates s\u00e9ch\u00e9es 200g"},"content":{"rendered":"<h5>Pour obtenir le d\u00e9licieux p\u00e2t\u00e9 de tomates s\u00e9ch\u00e9es, nous s\u00e9lectionnons les meilleures tomates, cultiv\u00e9es en plein champ dans notre ferme, pour \u00eatre ensuite r\u00e9colt\u00e9es manuellement, s\u00e9ch\u00e9es au soleil et travaill\u00e9es artisanalement, en les aromatisant d&rsquo;herbes aromatiques. Id\u00e9al \u00e0 tartiner sur une tranche de pain, dans les ap\u00e9ritifs et les entr\u00e9es rustiques, excellent \u00e9galement pour garnir des sandwichs.<\/h5>\n<p><strong>Ingr\u00e9dients <\/strong>: Tomates s\u00e9ch\u00e9es, huile d&rsquo;olive extra vierge, huile de tournesol, origan, ail, menthe, piment, vinaigre de vin blanc, correcteur d&rsquo;acidit\u00e9 : acide citrique.<\/p>\n<p>Sans conservateur<\/p>\n<p><strong>Format<\/strong> : 200g<\/p>\n<p><strong>M\u00e9thode de stockage<\/strong> : Conserver dans un endroit frais et sec, \u00e0 l\u2019abri du soleil et des sources de chaleur. Une fois ouvert, placer au r\u00e9frig\u00e9rateur en recouvrant le contenu du pot d&rsquo;un peu d&rsquo;huile et consommer dans quelques jours.<\/p>\n<p><strong>La tomate est la reine incontest\u00e9e du r\u00e9gime m\u00e9diterran\u00e9en, excellente pour entretenir une bonne forme physique car peu calorique, et poss\u00e8de \u00e9galement de nombreuses propri\u00e9t\u00e9s b\u00e9n\u00e9fiques :<\/strong><\/p>\n<ul>\n<li><strong>Pr\u00e9vient les maladies cardiovasculaires telles que les accidents vasculaires c\u00e9r\u00e9braux et les crises cardiaques.<\/strong><\/li>\n<li><strong>Riche en vitamine C.<\/strong><\/li>\n<li><strong>Pr\u00e9vient les cancers du c\u00f4lon et de la prostate.<\/strong><\/li>\n<li><strong>Pr\u00e9vient l&rsquo;ost\u00e9oporose et prot\u00e8ge la vision.<\/strong><\/li>\n<li><strong>Il abaisse le mauvais cholest\u00e9rol LDL et augmente le bon cholest\u00e9rol HDL.<\/strong><\/li>\n<li><strong>Il poss\u00e8de des propri\u00e9t\u00e9s diur\u00e9tiques et digestives.<\/strong><\/li>\n<\/ul>\n<p><strong>Entreprise familiale et s\u00e9lection des meilleures mati\u00e8res premi\u00e8res<\/strong>, cultiv\u00e9es sur les terres fertiles de l&rsquo;entreprise et transform\u00e9es dans le respect de l&rsquo;ancienne tradition. Il s&rsquo;agit de la carte d&rsquo;identit\u00e9 d&rsquo;Agro Pic, une entreprise sp\u00e9cialis\u00e9e dans la production de confitures, jus, sauces et cornichons.<\/p>\n<p><strong>L&rsquo;objectif principal de l&rsquo;activit\u00e9 est la valorisation des saveurs et des fruits de Calabre, en particulier les plus particuliers et g\u00e9n\u00e9ralement moins connus<\/strong>, comme la bergamote, un fruit aux multiples propri\u00e9t\u00e9s b\u00e9n\u00e9fiques, unique et aigre comme tout le territoire calabrais.<\/p>\n<p>Nature, tradition et haute qualit\u00e9 sont les ingr\u00e9dients du succ\u00e8s d&rsquo;Agro Pic.<\/p>\n<p><strong>Pour toute information sur nos produits n&rsquo;h\u00e9sitez pas \u00e0 nous contacter\u00a0:<\/strong><\/p>\n<p>Cellulaire 349 5651669.<\/p>\n<p>T\u00e9l. 0964 1955229<\/p>\n<p>info@agropic.it<\/p>\n","protected":false},"excerpt":{"rendered":"<p>Pour obtenir le d\u00e9licieux p\u00e2t\u00e9 de tomates s\u00e9ch\u00e9es, nous s\u00e9lectionnons les meilleures tomates, cultiv\u00e9es en plein champ dans notre ferme, pour \u00eatre ensuite r\u00e9colt\u00e9es manuellement, s\u00e9ch\u00e9es au soleil et travaill\u00e9es artisanalement, en les aromatisant d&rsquo;herbes aromatiques. Id\u00e9al \u00e0 tartiner sur une tranche de pain, dans les ap\u00e9ritifs et les entr\u00e9es rustiques, excellent \u00e9galement pour garnir des sandwichs.<\/p>\n<p><strong>Ingr\u00e9dients<\/strong> : Tomates s\u00e9ch\u00e9es, huile d&rsquo;olive extra vierge, huile de tournesol, origan, ail, menthe, piment, vinaigre de vin blanc, correcteur d&rsquo;acidit\u00e9 : acide citrique.<\/p>\n<p>Sans conservateur<\/p>\n<p><strong>Format<\/strong> : 200g<\/p>\n<p>Lisez la description compl\u00e8te ci-dessous pour d\u00e9couvrir toutes les propri\u00e9t\u00e9s b\u00e9n\u00e9fiques, les \u00e9tudes scientifiques et les conseils d&rsquo;utilisation !<\/p>\n<p><strong>Achetez-le maintenant et recevez-le dans 4-5 jours chez vous !<\/strong>&hellip; <a class=\"kt-excerpt-readmore more-link\" href=\"https:\/\/agropic.it\/fr\/Produit\/pate-de-tomates-sechees-200g\/\" aria-label=\"P\u00e2t\u00e9 de tomates s\u00e9ch\u00e9es 200g\">Read More<\/a><\/p>\n","protected":false},"featured_media":7164,"comment_status":"closed","ping_status":"closed","template":"","meta":{"kt_blocks_editor_width":"","_kad_blocks_custom_css":"","_kad_blocks_head_custom_js":"","_kad_blocks_body_custom_js":"","_kad_blocks_footer_custom_js":""},"product_brand":[],"product_cat":[247],"product_tag":[],"class_list":{"0":"post-3096","1":"product","2":"type-product","3":"status-publish","4":"has-post-thumbnail","6":"product_cat-cremes-pate-et-tartinades","8":"first","9":"instock","10":"shipping-taxable","11":"purchasable","12":"product-type-simple"},"taxonomy_info":{"product_cat":[{"value":247,"label":"Cr\u00e8mes p\u00e2t\u00e9 et tartinades"}]},"featured_image_src_large":["https:\/\/agropic.it\/wp-content\/uploads\/2023\/03\/Pate-di-pomodori-secchi-960x960.webp",960,960,true],"author_info":[],"comment_info":0,"_links":{"self":[{"href":"https:\/\/agropic.it\/fr\/wp-json\/wp\/v2\/product\/3096","targetHints":{"allow":["GET"]}}],"collection":[{"href":"https:\/\/agropic.it\/fr\/wp-json\/wp\/v2\/product"}],"about":[{"href":"https:\/\/agropic.it\/fr\/wp-json\/wp\/v2\/types\/product"}],"replies":[{"embeddable":true,"href":"https:\/\/agropic.it\/fr\/wp-json\/wp\/v2\/comments?post=3096"}],"wp:featuredmedia":[{"embeddable":true,"href":"https:\/\/agropic.it\/fr\/wp-json\/wp\/v2\/media\/7164"}],"wp:attachment":[{"href":"https:\/\/agropic.it\/fr\/wp-json\/wp\/v2\/media?parent=3096"}],"wp:term":[{"taxonomy":"product_brand","embeddable":true,"href":"https:\/\/agropic.it\/fr\/wp-json\/wp\/v2\/product_brand?post=3096"},{"taxonomy":"product_cat","embeddable":true,"href":"https:\/\/agropic.it\/fr\/wp-json\/wp\/v2\/product_cat?post=3096"},{"taxonomy":"product_tag","embeddable":true,"href":"https:\/\/agropic.it\/fr\/wp-json\/wp\/v2\/product_tag?post=3096"}],"curies":[{"name":"wp","href":"https:\/\/api.w.org\/{rel}","templated":true}]}}