{"id":3043,"date":"2024-01-26T16:07:36","date_gmt":"2020-08-18T16:07:36","guid":{"rendered":"https:\/\/agropic.it\/prodotto\/miel-deucalyptus-250-g\/"},"modified":"2020-08-18T16:07:36","modified_gmt":"2020-08-18T16:07:36","slug":"miel-deucalyptus-250-g","status":"publish","type":"product","link":"https:\/\/agropic.it\/fr\/Produit\/miel-deucalyptus-250-g\/","title":{"rendered":"Miel d\u2019Eucalyptus 250 g"},"content":{"rendered":"<p>Riche en propri\u00e9t\u00e9s b\u00e9n\u00e9fiques, il est consomm\u00e9 principalement pour combattre le rhume et les maux de gorge, mais il est \u00e9galement indiqu\u00e9 aux personnes ayant des probl\u00e8mes de constipation ou d\u2019appareils urinaires. Antioxydant puissant qui peut combattre le vieillissement cellulaire. Excellent jumelage avec des fromages frais et assaisonn\u00e9s, mais il se marie aussi bien avec les plats de poisson et de viande. Il est recommand\u00e9 de le consommer en vrac dans du th\u00e9, des tisanes ou du yogourt blanc.<\/p>\n<p>Gestion familiale et s\u00e9lection des meilleures mati\u00e8res premi\u00e8res, cultiv\u00e9es dans les sols fertiles de l\u2019activit\u00e9 et transform\u00e9es dans le respect de l\u2019ancienne tradition. Telle est la carte d\u2019identit\u00e9 d\u2019Agro Pic, soci\u00e9t\u00e9 sp\u00e9cialis\u00e9e dans la production de produits \u00e0 la bergamote,  confitures, jus de fruits, sauces et sous huiles. L\u2019objectif principal  de l\u2019exploitation est la valorisation des saveurs et des fruits de la Calabre, en particulier les saveurs sp\u00e9ciales et g\u00e9n\u00e9ralement moins connues, comme la bergamote, fruit aux multiples propri\u00e9t\u00e9s b\u00e9n\u00e9fiques, unique et aigre comme tout le territoire calabrais. La nature, la tradition et la haute qualit\u00e9  sont  les ingr\u00e9dients du succ\u00e8s d\u2019Agro Pic. Vous pouvez acheter nos produits via ce site ou par courrier \u00e9lectronique en \u00e9crivant \u00e0 info@agropic.it ou par t\u00e9l\u00e9phone au  +39  349 56 51 669. Une fois le paiement effectu\u00e9, votre commande vous sera livr\u00e9e  en 2-3  jours ouvrables.<\/p>\n","protected":false},"excerpt":{"rendered":"<p>Riche en propri\u00e9t\u00e9s b\u00e9n\u00e9fiques, il est consomm\u00e9 principalement pour combattre le rhume et les maux de gorge, mais il est \u00e9galement indiqu\u00e9 aux personnes ayant des probl\u00e8mes de constipation ou d\u2019appareils urinaires. Antioxydant puissant qui peut combattre le vieillissement cellulaire. Excellent jumelage avec des fromages frais et assaisonn\u00e9s, mais il se marie aussi bien avec les plats de poisson et de viande. Il est recommand\u00e9 de le consommer en vrac dans du th\u00e9, des tisanes ou du yogourt blanc.&hellip; <a class=\"kt-excerpt-readmore more-link\" href=\"https:\/\/agropic.it\/fr\/Produit\/miel-deucalyptus-250-g\/\" aria-label=\"Miel d\u2019Eucalyptus 250 g\">Read More<\/a><\/p>\n","protected":false},"featured_media":7584,"comment_status":"closed","ping_status":"closed","template":"","meta":{"kt_blocks_editor_width":"","_kad_blocks_custom_css":"","_kad_blocks_head_custom_js":"","_kad_blocks_body_custom_js":"","_kad_blocks_footer_custom_js":""},"product_brand":[],"product_cat":[255],"product_tag":[454,453],"class_list":{"0":"post-3043","1":"product","2":"type-product","3":"status-publish","4":"has-post-thumbnail","6":"product_cat-miel","7":"product_tag-miel-de-calabre","8":"product_tag-mon-cheri","10":"first","11":"instock","12":"shipping-taxable","13":"purchasable","14":"product-type-simple"},"taxonomy_info":{"product_cat":[{"value":255,"label":"Miel"}],"product_tag":[{"value":454,"label":"Miel de Calabre"},{"value":453,"label":"mon ch\u00e9ri"}]},"featured_image_src_large":["https:\/\/agropic.it\/wp-content\/uploads\/2022\/12\/MIELE-DI-EUCALIPTO-250-g-1-960x960.jpg",960,960,true],"author_info":[],"comment_info":0,"_links":{"self":[{"href":"https:\/\/agropic.it\/fr\/wp-json\/wp\/v2\/product\/3043","targetHints":{"allow":["GET"]}}],"collection":[{"href":"https:\/\/agropic.it\/fr\/wp-json\/wp\/v2\/product"}],"about":[{"href":"https:\/\/agropic.it\/fr\/wp-json\/wp\/v2\/types\/product"}],"replies":[{"embeddable":true,"href":"https:\/\/agropic.it\/fr\/wp-json\/wp\/v2\/comments?post=3043"}],"wp:featuredmedia":[{"embeddable":true,"href":"https:\/\/agropic.it\/fr\/wp-json\/wp\/v2\/media\/7584"}],"wp:attachment":[{"href":"https:\/\/agropic.it\/fr\/wp-json\/wp\/v2\/media?parent=3043"}],"wp:term":[{"taxonomy":"product_brand","embeddable":true,"href":"https:\/\/agropic.it\/fr\/wp-json\/wp\/v2\/product_brand?post=3043"},{"taxonomy":"product_cat","embeddable":true,"href":"https:\/\/agropic.it\/fr\/wp-json\/wp\/v2\/product_cat?post=3043"},{"taxonomy":"product_tag","embeddable":true,"href":"https:\/\/agropic.it\/fr\/wp-json\/wp\/v2\/product_tag?post=3043"}],"curies":[{"name":"wp","href":"https:\/\/api.w.org\/{rel}","templated":true}]}}