{"id":3039,"date":"2024-01-29T16:22:11","date_gmt":"2020-08-18T16:22:11","guid":{"rendered":"https:\/\/agropic.it\/prodotto\/pate-dartichauts-200g\/"},"modified":"2024-05-28T08:10:40","modified_gmt":"2024-05-28T08:10:40","slug":"pate-dartichauts-200g","status":"publish","type":"product","link":"https:\/\/agropic.it\/fr\/Produit\/pate-dartichauts-200g\/","title":{"rendered":"P\u00e2t\u00e9 d&rsquo;Artichauts 200g"},"content":{"rendered":"<h5><strong>Le p\u00e2t\u00e9 d&rsquo;artichauts Agro Pic au go\u00fbt incomparable et aromatique est id\u00e9al pour garnir des sandwichs ou servi sur des canap\u00e9s pour des ap\u00e9ritifs savoureux. Il peut \u00e9galement \u00eatre utilis\u00e9 comme condiment pour les p\u00e2tes ou les plats de viande.<\/strong><\/h5>\n<p><strong>Format<\/strong> : 200g<\/p>\n<p><strong>Ingr\u00e9dients<\/strong> : Artichauts 81%, huile d&rsquo;olive extra vierge, huile de tournesol, sel, origan, ail, piment, vinaigre de vin, correcteur d&rsquo;acidit\u00e9 : acide citrique.<\/p>\n<p><strong>Valeurs nutritionnelles pour 100 g de produit :<\/strong><\/p>\n<ul>\n<li>\u00c9nergie 312 Kcal \/ 1305 kj<\/li>\n<li>Prot\u00e9ine 1,6g<\/li>\n<li>Lipides 31,6g<\/li>\n<li>dont satur\u00e9 10g<\/li>\n<li>Glucides 3,3g<\/li>\n<li>dont sucres 2,4g<\/li>\n<li>Sel 1,3g<\/li>\n<\/ul>\n<h6>Entreprise familiale et s\u00e9lection des meilleures mati\u00e8res premi\u00e8res, cultiv\u00e9es sur les terres fertiles de l&rsquo;entreprise et transform\u00e9es dans le respect de l&rsquo;ancienne tradition. Il s&rsquo;agit de la carte d&rsquo;identit\u00e9 d&rsquo;Agro Pic, une entreprise sp\u00e9cialis\u00e9e dans la production de confitures, jus, sauces et cornichons.<br \/>\nL&rsquo;objectif principal de l&rsquo;activit\u00e9 est la valorisation des saveurs et des fruits de Calabre, en particulier les plus particuliers et g\u00e9n\u00e9ralement moins connus, comme la bergamote, un fruit aux multiples propri\u00e9t\u00e9s b\u00e9n\u00e9fiques, unique et aigre comme tout le territoire calabrais.<br \/>\nNature, tradition et haute qualit\u00e9 sont les ingr\u00e9dients du succ\u00e8s d&rsquo;Agro Pic.<br \/>\nPour toute information sur nos produits n&rsquo;h\u00e9sitez pas \u00e0 nous contacter :<br \/>\nCellulaire 349 5651669.<br \/>\nT\u00e9l. 0964 1955229<br \/>\ninfo@agropic.it<\/h6>\n<h6>Il est possible d&rsquo;acheter nos produits via ce site ou par e-mail en \u00e9crivant \u00e0 info@agropic.it ou par t\u00e9l\u00e9phone en appelant le num\u00e9ro 349 56 51 669. Une fois le paiement effectu\u00e9, votre commande vous sera livr\u00e9e dans les 4-5 jours.<\/h6>\n","protected":false},"excerpt":{"rendered":"<p><strong>Le p\u00e2t\u00e9 d&rsquo;artichauts Agro Pic au go\u00fbt incomparable et aromatique est id\u00e9al pour garnir des sandwichs ou servi sur des canap\u00e9s pour des ap\u00e9ritifs savoureux. Il peut \u00e9galement \u00eatre utilis\u00e9 comme condiment pour les p\u00e2tes ou les plats de viande.<\/strong><\/p>\n<p><strong>Format<\/strong> : 200g<\/p>\n<p><strong>Ingr\u00e9dients<\/strong> : Artichauts 81%, huile d&rsquo;olive extra vierge, huile de tournesol, sel, origan, ail, piment, vinaigre de vin, correcteur d&rsquo;acidit\u00e9 : acide citrique.&hellip; <a class=\"kt-excerpt-readmore more-link\" href=\"https:\/\/agropic.it\/fr\/Produit\/pate-dartichauts-200g\/\" aria-label=\"P\u00e2t\u00e9 d&rsquo;Artichauts 200g\">Read More<\/a><\/p>\n","protected":false},"featured_media":7144,"comment_status":"closed","ping_status":"closed","template":"","meta":{"kt_blocks_editor_width":"","_kad_blocks_custom_css":"","_kad_blocks_head_custom_js":"","_kad_blocks_body_custom_js":"","_kad_blocks_footer_custom_js":""},"product_brand":[],"product_cat":[247],"product_tag":[],"class_list":{"0":"post-3039","1":"product","2":"type-product","3":"status-publish","4":"has-post-thumbnail","6":"product_cat-cremes-pate-et-tartinades","8":"first","9":"instock","10":"shipping-taxable","11":"purchasable","12":"product-type-simple"},"taxonomy_info":{"product_cat":[{"value":247,"label":"Cr\u00e8mes p\u00e2t\u00e9 et tartinades"}]},"featured_image_src_large":["https:\/\/agropic.it\/wp-content\/uploads\/2023\/03\/Pate-di-carciofi-960x960.webp",960,960,true],"author_info":[],"comment_info":0,"_links":{"self":[{"href":"https:\/\/agropic.it\/fr\/wp-json\/wp\/v2\/product\/3039","targetHints":{"allow":["GET"]}}],"collection":[{"href":"https:\/\/agropic.it\/fr\/wp-json\/wp\/v2\/product"}],"about":[{"href":"https:\/\/agropic.it\/fr\/wp-json\/wp\/v2\/types\/product"}],"replies":[{"embeddable":true,"href":"https:\/\/agropic.it\/fr\/wp-json\/wp\/v2\/comments?post=3039"}],"wp:featuredmedia":[{"embeddable":true,"href":"https:\/\/agropic.it\/fr\/wp-json\/wp\/v2\/media\/7144"}],"wp:attachment":[{"href":"https:\/\/agropic.it\/fr\/wp-json\/wp\/v2\/media?parent=3039"}],"wp:term":[{"taxonomy":"product_brand","embeddable":true,"href":"https:\/\/agropic.it\/fr\/wp-json\/wp\/v2\/product_brand?post=3039"},{"taxonomy":"product_cat","embeddable":true,"href":"https:\/\/agropic.it\/fr\/wp-json\/wp\/v2\/product_cat?post=3039"},{"taxonomy":"product_tag","embeddable":true,"href":"https:\/\/agropic.it\/fr\/wp-json\/wp\/v2\/product_tag?post=3039"}],"curies":[{"name":"wp","href":"https:\/\/api.w.org\/{rel}","templated":true}]}}