{"id":3000,"date":"2024-01-31T09:02:46","date_gmt":"2024-01-31T09:02:46","guid":{"rendered":"https:\/\/agropic.it\/prodotto\/oignons-rouges-aigre-doux-200g\/"},"modified":"2026-03-10T16:12:27","modified_gmt":"2026-03-10T16:12:27","slug":"oignons-rouges-aigre-doux-200g","status":"publish","type":"product","link":"https:\/\/agropic.it\/fr\/Produit\/oignons-rouges-aigre-doux-200g\/","title":{"rendered":"Oignons en filets aigre-doux 180g"},"content":{"rendered":"<h5><strong>Oignons rouges aigre-doux <\/strong><strong>en filets <\/strong> <strong>sont une confiture typique de la Calabre, coup\u00e9e en filets et cuite lentement dans un m\u00e9lange de sucre et de vinaigre. Id\u00e9ales pour cr\u00e9er de savoureux hors-d&rsquo;\u0153uvre et ap\u00e9ritifs, elles sont \u00e9galement excellentes en accompagnement des plats principaux et d\u00e9licieuses dans les salades, les sandwichs farcis et les hamburgers.<br \/>\n<\/strong><\/h5>\n<p><strong>Format : <\/strong>180g<\/p>\n<p><strong>Ingr\u00e9dients :<\/strong> Oignons rouges 75%, sucre, eau, vinaigre de vin blanc (vin, antioxydant : dioxyde de soufre*), sel.<br \/>\nAllerg\u00e8nes : produits avec *<\/p>\n<p><strong>Origine Oignons :<\/strong> Italie (Calabre)<\/p>\n<p>Stockage <strong>:<\/strong> Conserver dans un endroit sec et frais, \u00e0 l&rsquo;abri de la lumi\u00e8re directe du soleil et des sources de chaleur. Apr\u00e8s ouverture, consommer dans les jours qui suivent. <\/p>\n<p><strong>Valeurs nutritionnelles pour 100g de produit :<\/strong><\/p>\n<ul>\n<li>\u00c9nergie : 106 kcal &#8211; 444 kj<\/li>\n<li>Prot\u00e9ines : 0,76 g<\/li>\n<li>Lipides 8.47g<\/li>\n<li>dont 1,2 g satur\u00e9<\/li>\n<li>Glucides : 8g<\/li>\n<li>dont sucres 2,94g<\/li>\n<li>Sel 0.2g<\/li>\n<\/ul>\n<p>Les <strong>filets d&rsquo;oignons rouges aigre-doux<\/strong> sont un hors-d&rsquo;\u0153uvre ou un plat d&rsquo;accompagnement typiquement italien, particuli\u00e8rement appr\u00e9ci\u00e9 pour le contraste de saveurs entre le sucr\u00e9 et l&rsquo;acide. Ils sont pr\u00e9par\u00e9s en coupant les oignons en fines tranches (filets) et en les faisant mariner dans un m\u00e9lange de vinaigre, de sucre et d&rsquo;autres \u00e9pices, cr\u00e9ant ainsi un \u00e9quilibre de saveurs qui rend le plat frais et savoureux. <\/p>\n<h3>Utilisations :<\/h3>\n<p>Les oignons aigre-doux sont \u00e9galement excellents :<\/p>\n<ul>\n<li><strong>Accompagnement<\/strong> des viandes grill\u00e9es, r\u00f4ties ou en rago\u00fbt.<\/li>\n<li><strong>Ap\u00e9ritif<\/strong> \u00e0 servir avec du fromage, de la charcuterie ou du pain.<\/li>\n<li><strong>Vinaigrette<\/strong> pour salades, sandwichs ou bruschettas.<\/li>\n<\/ul>\n<p>Il s&rsquo;agit d&rsquo;un plat polyvalent qui peut \u00eatre pr\u00e9par\u00e9 \u00e0 l&rsquo;avance et conserv\u00e9 au r\u00e9frig\u00e9rateur, se bonifiant au fil du temps.<\/p>\n<p><strong>Entreprise familiale et s\u00e9lection des meilleures mati\u00e8res premi\u00e8res<\/strong>, cultiv\u00e9es dans le sol fertile de l&rsquo;entreprise et transform\u00e9es selon une tradition ancestrale.<\/p>\n<p>Outre les oignons en filets aigre-doux, nous proposons une large gamme de produits, tous transform\u00e9s \u00e0 l&rsquo;\u00e9tat frais et selon des m\u00e9thodes artisanales, \u00e0 la saveur inimitable, tels que des jus de fruits, des confitures et des marmelades de fruits de saison, des pur\u00e9es de tomates, des cr\u00e8mes, du miel et des conserves \u00e0 l&rsquo;huile.<\/p>\n<p>L<strong>&lsquo;objectif principal de l&rsquo;activit\u00e9 est de valoriser les saveurs et les fruits de la Calabre, en particulier ceux qui sont sp\u00e9ciaux et g\u00e9n\u00e9ralement moins connus<\/strong>, comme la bergamote, un fruit aux multiples propri\u00e9t\u00e9s b\u00e9n\u00e9fiques, aussi unique et acide que l&rsquo;ensemble du territoire calabrais.<\/p>\n<p>Nous proposons des produits authentiques de haute qualit\u00e9, issus d&rsquo;une s\u00e9lection rigoureuse et contr\u00f4l\u00e9e de mati\u00e8res premi\u00e8res, dont la plupart sont cultiv\u00e9es directement par nos soins et obtenues sans l&rsquo;utilisation de produits chimiques.<\/p>\n<p>Nature, tradition et haute qualit\u00e9 sont les ingr\u00e9dients du succ\u00e8s d&rsquo;Agro Pic.<\/p>\n<h5><strong>Oignons rouges aigre-doux <\/strong><strong>en filets <\/strong> <strong>sont une confiture typique de la Calabre, coup\u00e9e en filets et cuite lentement dans un m\u00e9lange de sucre et de vinaigre. Id\u00e9ales pour cr\u00e9er de savoureux hors-d&rsquo;\u0153uvre et ap\u00e9ritifs, elles sont \u00e9galement excellentes en accompagnement des plats principaux et d\u00e9licieuses dans les salades, les sandwichs farcis et les hamburgers. <\/strong><\/h5>\n<p>Les <strong>filets d&rsquo;oignons rouges aigre-doux<\/strong> sont un hors-d&rsquo;\u0153uvre ou un plat d&rsquo;accompagnement typiquement italien, particuli\u00e8rement appr\u00e9ci\u00e9 pour le contraste de saveurs entre le sucr\u00e9 et l&rsquo;acide. Ils sont pr\u00e9par\u00e9s en coupant les oignons en fines tranches (filets) et en les faisant mariner dans un m\u00e9lange de vinaigre, de sucre et d&rsquo;autres \u00e9pices, cr\u00e9ant ainsi un \u00e9quilibre de saveurs qui rend le plat frais et savoureux. <\/p>\n<p>Suivez-nous sur INSTAGRAM pour d\u00e9couvrir toute l&rsquo;actualit\u00e9 d&rsquo;Agro Pic<\/p>\n<p><a href=\"https:\/\/www.instagram.com\/agropic\/\" target=\"_blank\" rel=\"noopener\">https:\/\/www.instagram.com\/agropic\/<\/a><\/p>\n<p><strong>Pour toute information sur nos produits, n&rsquo;h\u00e9sitez pas \u00e0 <a href=\"https:\/\/www.agropic.it\/contatti\/\">nous contacter :<\/a><\/strong><\/p>\n<p>cellule. 3495651669<\/p>\n<p>Adresse \u00e9lectronique : info@agropic.it<\/p>\n<p>T\u00e9l. 0964 1955229<\/p>\n","protected":false},"excerpt":{"rendered":"<p><strong>Oignons rouges aigre-doux<\/strong><\/p>\n<h6><strong>Les oignons rouges en filets aigre-doux 180g sont une confiture typique de la Calabre, coup\u00e9s en filets et cuits lentement dans un m\u00e9lange de sucre et de vinaigre. Id\u00e9al pour cr\u00e9er de savoureux hors-d&rsquo;\u0153uvre et ap\u00e9ritifs, il est \u00e9galement excellent comme accompagnement des plats principaux et d\u00e9licieux dans les salades, les sandwichs farcis et les hamburgers.<br \/>\n<\/strong><\/h6>\n<p><strong>Format :<\/strong> 180g<\/p>\n<p><strong>Origine Oignons :<\/strong> Italie (Calabre)<\/p>\n<p>Lisez la description compl\u00e8te ci-dessous.<\/p>\n<p>&nbsp;<\/p>\n<p><strong>Achetez maintenant et recevez le produit chez vous en 2 ou 3 jours.<\/strong>&hellip; <a class=\"kt-excerpt-readmore more-link\" href=\"https:\/\/agropic.it\/fr\/Produit\/oignons-rouges-aigre-doux-200g\/\" aria-label=\"Oignons en filets aigre-doux 180g\">Read More<\/a><\/p>\n","protected":false},"featured_media":6959,"comment_status":"closed","ping_status":"closed","template":"","meta":{"kt_blocks_editor_width":"","_kad_blocks_custom_css":"","_kad_blocks_head_custom_js":"","_kad_blocks_body_custom_js":"","_kad_blocks_footer_custom_js":""},"product_brand":[],"product_cat":[266],"product_tag":[1163,1165,1164,1167,1166],"class_list":{"0":"post-3000","1":"product","2":"type-product","3":"status-publish","4":"has-post-thumbnail","6":"product_cat-conserves-a-lhuile-et-en-aigre-doux","7":"product_tag-oignons","8":"product_tag-oignons-aigre-doux","9":"product_tag-oignons-caramelises","10":"product_tag-oignons-en-filets-aigre-doux","11":"product_tag-oignons-rouges-en-filets-aigre-doux","13":"first","14":"instock","15":"shipping-taxable","16":"purchasable","17":"product-type-simple"},"taxonomy_info":{"product_cat":[{"value":266,"label":"Conserves \u00e0 l\u2019huile et en aigre-doux"}],"product_tag":[{"value":1163,"label":"oignons"},{"value":1165,"label":"oignons aigre-doux"},{"value":1164,"label":"oignons caram\u00e9lis\u00e9s"},{"value":1167,"label":"oignons en filets aigre-doux"},{"value":1166,"label":"oignons rouges en filets aigre-doux"}]},"featured_image_src_large":["https:\/\/agropic.it\/wp-content\/uploads\/2023\/03\/Cipolle-a-filetti-in-agrodolce-960x960.webp",960,960,true],"author_info":[],"comment_info":0,"_links":{"self":[{"href":"https:\/\/agropic.it\/fr\/wp-json\/wp\/v2\/product\/3000","targetHints":{"allow":["GET"]}}],"collection":[{"href":"https:\/\/agropic.it\/fr\/wp-json\/wp\/v2\/product"}],"about":[{"href":"https:\/\/agropic.it\/fr\/wp-json\/wp\/v2\/types\/product"}],"replies":[{"embeddable":true,"href":"https:\/\/agropic.it\/fr\/wp-json\/wp\/v2\/comments?post=3000"}],"wp:featuredmedia":[{"embeddable":true,"href":"https:\/\/agropic.it\/fr\/wp-json\/wp\/v2\/media\/6959"}],"wp:attachment":[{"href":"https:\/\/agropic.it\/fr\/wp-json\/wp\/v2\/media?parent=3000"}],"wp:term":[{"taxonomy":"product_brand","embeddable":true,"href":"https:\/\/agropic.it\/fr\/wp-json\/wp\/v2\/product_brand?post=3000"},{"taxonomy":"product_cat","embeddable":true,"href":"https:\/\/agropic.it\/fr\/wp-json\/wp\/v2\/product_cat?post=3000"},{"taxonomy":"product_tag","embeddable":true,"href":"https:\/\/agropic.it\/fr\/wp-json\/wp\/v2\/product_tag?post=3000"}],"curies":[{"name":"wp","href":"https:\/\/api.w.org\/{rel}","templated":true}]}}