{"id":2992,"date":"2024-01-28T08:12:37","date_gmt":"2021-01-19T08:12:37","guid":{"rendered":"https:\/\/agropic.it\/prodotto\/confiture-supplementaire-doranges-220g\/"},"modified":"2024-06-11T09:19:13","modified_gmt":"2024-06-11T09:19:13","slug":"confiture-supplementaire-doranges-220g","status":"publish","type":"product","link":"https:\/\/agropic.it\/fr\/Produit\/confiture-supplementaire-doranges-220g\/","title":{"rendered":"Marmelade d&rsquo;Oranges 220g"},"content":{"rendered":"<h5>Notre marmelade d&rsquo;oranges est compos\u00e9e exclusivement d&rsquo;oranges 100% de Calabre ! Nous s\u00e9lectionnons les oranges les meilleures et les plus m\u00fbres, et au km 0. Nous pr\u00e9parons notre marmelade d&rsquo;oranges cuites lentement jusqu&rsquo;\u00e0 ce qu&rsquo;elle obtienne une consistance tartinable au go\u00fbt aigre-doux.<\/h5>\n<p><strong>Format<\/strong> : 220g<\/p>\n<p><strong>Ingr\u00e9dients<\/strong> : Oranges 70%, sucre, \u00e9paississant : pectine.<\/p>\n<p>Sans conservateurs et sans colorants<\/p>\n<p><strong>Orange Origine<\/strong> : ITALIE (CALABRE)<\/p>\n<p><strong>Stockage<\/strong> : Conserver dans un endroit frais et sec, \u00e0 l&rsquo;abri du soleil et des sources de chaleur. Une fois ouvert, placer au r\u00e9frig\u00e9rateur et consommer dans quelques jours.<\/p>\n<p><strong>Valeurs nutritionnelles pour 100g de produit :<\/strong><\/p>\n<ul>\n<li>Valeur \u00e9nerg\u00e9tique 222 Kcal 929 Kj<\/li>\n<li>Prot\u00e9ine : 0,5<\/li>\n<li>Lipides : 0,1<\/li>\n<li>dont mati\u00e8res grasses : 0<\/li>\n<li>Glucides : 53<\/li>\n<li>dont sucres 45<\/li>\n<li>Sel 0,1<\/li>\n<\/ul>\n<p><strong>Les oranges sont riches en vitamine C, qui renforce le syst\u00e8me immunitaire en pr\u00e9venant les maladies hivernales, et en potassium qui est un alli\u00e9 valable du c\u0153ur et de la circulation.<\/strong><br \/>\n<strong>Les oranges aident \u00e9galement \u00e0 lutter contre les probl\u00e8mes de constipation car elles sont riches en fibres.<\/strong><br \/>\n<strong>Des \u00e9tudes r\u00e9centes r\u00e9v\u00e8lent ses propri\u00e9t\u00e9s anticanc\u00e9reuses et b\u00e9n\u00e9fiques pour l&rsquo;esprit car elles am\u00e9liorent les fonctions cognitives.<\/strong><\/p>\n<p><strong>Entreprise familiale et s\u00e9lection des meilleures mati\u00e8res premi\u00e8res,<\/strong> cultiv\u00e9es sur les terres fertiles de l&rsquo;entreprise et transform\u00e9es dans le respect de l&rsquo;ancienne tradition. Il s&rsquo;agit de la carte d&rsquo;identit\u00e9 d&rsquo;Agro Pic, une entreprise sp\u00e9cialis\u00e9e dans la production de confitures, jus, sauces et cornichons.<\/p>\n<p><strong>L&rsquo;objectif principal de l&rsquo;activit\u00e9 est la valorisation des saveurs et des fruits de Calabre, en particulier les plus particuliers et g\u00e9n\u00e9ralement moins connus<\/strong>, comme la bergamote, un fruit aux multiples propri\u00e9t\u00e9s b\u00e9n\u00e9fiques, unique et aigre comme tout le territoire calabrais.<\/p>\n<p>Nature, tradition et haute qualit\u00e9 sont les ingr\u00e9dients du succ\u00e8s d&rsquo;Agro Pic.<\/p>\n<p><strong>Pour toute information sur nos produits n&rsquo;h\u00e9sitez pas \u00e0 nous contacter\u00a0:<\/strong><\/p>\n<p>Cellulaire 349 5651669.<\/p>\n<p>T\u00e9l. 0964 1955229<\/p>\n<p>info@agropic.it<\/p>\n","protected":false},"excerpt":{"rendered":"<p>Notre marmelade d&rsquo;oranges est compos\u00e9e exclusivement d&rsquo;oranges 100% de Calabre ! Nous s\u00e9lectionnons les oranges les meilleures et les plus m\u00fbres, et au km 0. Nous pr\u00e9parons notre marmelade d&rsquo;oranges cuites lentement jusqu&rsquo;\u00e0 ce qu&rsquo;elle obtienne une consistance tartinable au go\u00fbt aigre-doux.<\/p>\n<p><strong>Format<\/strong> : 220g<\/p>\n<p><strong>Ingr\u00e9dients<\/strong> : Oranges 70%, sucre, \u00e9paississant : pectine.<\/p>\n<p>Sans conservateurs et sans colorants<\/p>\n<p><strong>Orange Origine<\/strong> : ITALIE (CALABRE)&hellip; <a class=\"kt-excerpt-readmore more-link\" href=\"https:\/\/agropic.it\/fr\/Produit\/confiture-supplementaire-doranges-220g\/\" aria-label=\"Marmelade d&rsquo;Oranges 220g\">Read More<\/a><\/p>\n","protected":false},"featured_media":7034,"comment_status":"closed","ping_status":"closed","template":"","meta":{"kt_blocks_editor_width":"","_kad_blocks_custom_css":"","_kad_blocks_head_custom_js":"","_kad_blocks_body_custom_js":"","_kad_blocks_footer_custom_js":""},"product_brand":[],"product_cat":[263],"product_tag":[520],"class_list":{"0":"post-2992","1":"product","2":"type-product","3":"status-publish","4":"has-post-thumbnail","6":"product_cat-confitures-et-confitures","7":"product_tag-confiture","9":"first","10":"instock","11":"shipping-taxable","12":"purchasable","13":"product-type-simple"},"taxonomy_info":{"product_cat":[{"value":263,"label":"Confitures et confitures"}],"product_tag":[{"value":520,"label":"confiture"}]},"featured_image_src_large":["https:\/\/agropic.it\/wp-content\/uploads\/2023\/03\/Marmellata-di-arance-960x960.webp",960,960,true],"author_info":[],"comment_info":0,"_links":{"self":[{"href":"https:\/\/agropic.it\/fr\/wp-json\/wp\/v2\/product\/2992","targetHints":{"allow":["GET"]}}],"collection":[{"href":"https:\/\/agropic.it\/fr\/wp-json\/wp\/v2\/product"}],"about":[{"href":"https:\/\/agropic.it\/fr\/wp-json\/wp\/v2\/types\/product"}],"replies":[{"embeddable":true,"href":"https:\/\/agropic.it\/fr\/wp-json\/wp\/v2\/comments?post=2992"}],"wp:featuredmedia":[{"embeddable":true,"href":"https:\/\/agropic.it\/fr\/wp-json\/wp\/v2\/media\/7034"}],"wp:attachment":[{"href":"https:\/\/agropic.it\/fr\/wp-json\/wp\/v2\/media?parent=2992"}],"wp:term":[{"taxonomy":"product_brand","embeddable":true,"href":"https:\/\/agropic.it\/fr\/wp-json\/wp\/v2\/product_brand?post=2992"},{"taxonomy":"product_cat","embeddable":true,"href":"https:\/\/agropic.it\/fr\/wp-json\/wp\/v2\/product_cat?post=2992"},{"taxonomy":"product_tag","embeddable":true,"href":"https:\/\/agropic.it\/fr\/wp-json\/wp\/v2\/product_tag?post=2992"}],"curies":[{"name":"wp","href":"https:\/\/api.w.org\/{rel}","templated":true}]}}