{"id":2968,"date":"2024-01-30T10:14:43","date_gmt":"2021-01-20T10:14:43","guid":{"rendered":"https:\/\/agropic.it\/prodotto\/miel-millefiori-500-g\/"},"modified":"2024-05-21T08:00:07","modified_gmt":"2024-05-21T08:00:07","slug":"miel-millefiori-500-g","status":"publish","type":"product","link":"https:\/\/agropic.it\/fr\/Produit\/miel-millefiori-500-g\/","title":{"rendered":"Miel de fleurs sauvages 500g"},"content":{"rendered":"<p>Miel de fleurs sauvages 500g<\/p>\n<h5>Le miel de fleurs sauvages est produit par les abeilles qui collectent le nectar d&rsquo;une large gamme de fleurs, cr\u00e9ant un m\u00e9lange diversifi\u00e9 de saveurs et d&rsquo;ar\u00f4mes. Le r\u00e9sultat est un miel caract\u00e9ris\u00e9 par une douceur \u00e9quilibr\u00e9e, id\u00e9al pour sucrer naturellement le lait, les infusions et le th\u00e9, ou il peut \u00eatre tartin\u00e9 directement sur du pain ou des fromages frais et affin\u00e9s. De plus, il peut \u00e9galement \u00eatre utilis\u00e9 pour enrichir et cr\u00e9er diverses pr\u00e9parations sucr\u00e9es et sal\u00e9es.<\/h5>\n<p><strong>Format<\/strong> : 500g<\/p>\n<p><strong>Ingr\u00e9dients<\/strong> : 100% miel Millefiori de Calabre<\/p>\n<p>Toute solidification du miel garantit l\u2019authenticit\u00e9 du produit car il s\u2019agit d\u2019un processus naturel.<\/p>\n<p><strong>Stockage<\/strong> : Conserver dans un endroit frais et sec, \u00e0 l&rsquo;abri de la lumi\u00e8re directe et des sources de chaleur.<\/p>\n<p><strong>Valeurs nutritionnelles pour 100g de produit :<\/strong><\/p>\n<ul>\n<li>\u00c9nergie 304 kcal 1270 kj<\/li>\n<li>Prot\u00e9ine 0,4 g<\/li>\n<li>Lipides 0 g<\/li>\n<li>dont satur\u00e9 0 g<\/li>\n<li>Glucides 80,3 g<\/li>\n<li>dont sucres 80,3 g<\/li>\n<li>Sel 10g<\/li>\n<\/ul>\n<p>Le miel de fleurs sauvages est riche en nutriments et est un \u00e9dulcorant et un \u00e9nergisant naturel. Excellent pour soulager la toux et les rhumes pendant la p\u00e9riode hivernale et pour lutter contre les allergies saisonni\u00e8res, il est \u00e9galement utilis\u00e9 pour purifier le foie et am\u00e9liorer la fonctionnalit\u00e9 du syst\u00e8me digestif, il est \u00e9galement l&rsquo;alli\u00e9 parfait pour les soins des cheveux et de la peau.<\/p>\n<p>Le miel de fleurs sauvages Agro Pic n\u2019est soumis \u00e0 aucun traitement industriel pour conserver toutes ses propri\u00e9t\u00e9s curatives.<\/p>\n<p><strong>Entreprise familiale et s\u00e9lection des meilleures mati\u00e8res premi\u00e8res<\/strong>, cultiv\u00e9es sur les terres fertiles de l&rsquo;entreprise et transform\u00e9es dans le respect de l&rsquo;ancienne tradition. Il s&rsquo;agit de la carte d&rsquo;identit\u00e9 d&rsquo;Agro Pic, une entreprise sp\u00e9cialis\u00e9e dans la production de confitures, jus, sauces et cornichons.<\/p>\n<p><strong>L&rsquo;objectif principal de l&rsquo;activit\u00e9 est de valoriser les saveurs et les fruits de la Calabre, en particulier les plus particuliers et g\u00e9n\u00e9ralement moins connus<\/strong>, comme la bergamote, un fruit aux multiples propri\u00e9t\u00e9s b\u00e9n\u00e9fiques, unique et aigre comme tout le territoire calabrais.<\/p>\n<p>Nature, tradition et haute qualit\u00e9 sont les ingr\u00e9dients du succ\u00e8s d&rsquo;Agro Pic.<\/p>\n<p><strong>Pour toute information sur nos produits n&rsquo;h\u00e9sitez pas \u00e0 nous contacter :<\/strong><\/p>\n<p>Il est possible d&rsquo;acheter nos produits via ce site ou par e-mail en \u00e9crivant \u00e0\u00a0info@agropic.it\u00a0ou par t\u00e9l\u00e9phone en appelant le num\u00e9ro\u00a0349 56 51\u00a0669. Une fois le paiement effectu\u00e9, votre commande vous sera livr\u00e9e dans les 4-5 jours.<\/p>\n","protected":false},"excerpt":{"rendered":"<p><strong>Le miel de fleurs sauvages est produit par les abeilles qui collectent le nectar d&rsquo;une large gamme de fleurs, cr\u00e9ant un m\u00e9lange diversifi\u00e9 de saveurs et d&rsquo;ar\u00f4mes. Le r\u00e9sultat est un miel caract\u00e9ris\u00e9 par une douceur \u00e9quilibr\u00e9e, id\u00e9al pour sucrer naturellement le lait, les infusions et le th\u00e9, ou il peut \u00eatre tartin\u00e9 directement sur du pain ou des fromages frais et affin\u00e9s. De plus, il peut \u00e9galement \u00eatre utilis\u00e9 pour enrichir et cr\u00e9er diverses pr\u00e9parations sucr\u00e9es et sal\u00e9es.<\/strong><\/p>\n<p><strong>Format<\/strong> : 500g<\/p>\n<p><strong>Ingr\u00e9dients<\/strong> : 100% miel Millefiori de Calabre<\/p>\n<p>Lire la description compl\u00e8te ci-dessous<\/p>\n<p><strong>Achetez maintenant et recevez-le directement chez vous dans 4-5 jours.<\/strong>&hellip; <a class=\"kt-excerpt-readmore more-link\" href=\"https:\/\/agropic.it\/fr\/Produit\/miel-millefiori-500-g\/\" aria-label=\"Miel de fleurs sauvages 500g\">Read More<\/a><\/p>\n","protected":false},"featured_media":7624,"comment_status":"closed","ping_status":"closed","template":"","meta":{"kt_blocks_editor_width":"","_kad_blocks_custom_css":"","_kad_blocks_head_custom_js":"","_kad_blocks_body_custom_js":"","_kad_blocks_footer_custom_js":""},"product_brand":[],"product_cat":[255],"product_tag":[454,453],"class_list":{"0":"post-2968","1":"product","2":"type-product","3":"status-publish","4":"has-post-thumbnail","6":"product_cat-miel","7":"product_tag-miel-de-calabre","8":"product_tag-mon-cheri","10":"first","11":"instock","12":"shipping-taxable","13":"purchasable","14":"product-type-simple"},"taxonomy_info":{"product_cat":[{"value":255,"label":"Miel"}],"product_tag":[{"value":454,"label":"Miel de Calabre"},{"value":453,"label":"mon ch\u00e9ri"}]},"featured_image_src_large":["https:\/\/agropic.it\/wp-content\/uploads\/2022\/12\/MIELE-MILLEFIORI-500-g-1-960x960.jpg",960,960,true],"author_info":[],"comment_info":0,"_links":{"self":[{"href":"https:\/\/agropic.it\/fr\/wp-json\/wp\/v2\/product\/2968","targetHints":{"allow":["GET"]}}],"collection":[{"href":"https:\/\/agropic.it\/fr\/wp-json\/wp\/v2\/product"}],"about":[{"href":"https:\/\/agropic.it\/fr\/wp-json\/wp\/v2\/types\/product"}],"replies":[{"embeddable":true,"href":"https:\/\/agropic.it\/fr\/wp-json\/wp\/v2\/comments?post=2968"}],"wp:featuredmedia":[{"embeddable":true,"href":"https:\/\/agropic.it\/fr\/wp-json\/wp\/v2\/media\/7624"}],"wp:attachment":[{"href":"https:\/\/agropic.it\/fr\/wp-json\/wp\/v2\/media?parent=2968"}],"wp:term":[{"taxonomy":"product_brand","embeddable":true,"href":"https:\/\/agropic.it\/fr\/wp-json\/wp\/v2\/product_brand?post=2968"},{"taxonomy":"product_cat","embeddable":true,"href":"https:\/\/agropic.it\/fr\/wp-json\/wp\/v2\/product_cat?post=2968"},{"taxonomy":"product_tag","embeddable":true,"href":"https:\/\/agropic.it\/fr\/wp-json\/wp\/v2\/product_tag?post=2968"}],"curies":[{"name":"wp","href":"https:\/\/api.w.org\/{rel}","templated":true}]}}