{"id":2960,"date":"2024-01-30T10:18:02","date_gmt":"2021-01-20T10:18:02","guid":{"rendered":"https:\/\/agropic.it\/prodotto\/pate-dolive-noir-200g\/"},"modified":"2024-05-21T07:26:14","modified_gmt":"2024-05-21T07:26:14","slug":"pate-dolive-noir-200g","status":"publish","type":"product","link":"https:\/\/agropic.it\/fr\/Produit\/pate-dolive-noir-200g\/","title":{"rendered":"P\u00e2t\u00e9 d&rsquo;olives noires 190g"},"content":{"rendered":"<h5>Pour \u00e9laborer le p\u00e2t\u00e9 d&rsquo;olives noires Agro Pic, les meilleures olives 100% calabraises sont s\u00e9lectionn\u00e9es, r\u00e9colt\u00e9es sur les terres de la ferme et transform\u00e9es selon une pr\u00e9paration minutieuse et ancienne. Saveur intense et vive, id\u00e9ale pour les plats rustiques et les ap\u00e9ritifs, excellente m\u00eame si elle est simplement tartin\u00e9e sur du pain grill\u00e9 pour des collations savoureuses. De plus, il peut \u00e9galement \u00eatre utilis\u00e9 comme twist et pour parfumer les plats.<\/h5>\n<p><strong>Format<\/strong> : 190g<\/p>\n<p><strong>Ingr\u00e9dients<\/strong> : Olives noires, huile d&rsquo;olive, huile de tournesol, sel, vinaigre de vin blanc, fenouil, jus d&rsquo;orange.<\/p>\n<p>Sans conservateurs et sans colorants<\/p>\n<p>Les olives repr\u00e9sentent l\u2019un des aliments les plus importants du r\u00e9gime typiquement m\u00e9diterran\u00e9en, elles poss\u00e8dent de nombreuses propri\u00e9t\u00e9s b\u00e9n\u00e9fiques parmi lesquelles :<\/p>\n<ul>\n<li>Ils abaissent le taux de mauvais cholest\u00e9rol LDL et augmentent la production de bon cholest\u00e9rol HDL car ils sont riches en graisses mono-insatur\u00e9es et sont donc tr\u00e8s efficaces pour pr\u00e9venir les maladies cardiovasculaires telles que les accidents vasculaires c\u00e9r\u00e9braux et les crises cardiaques.<\/li>\n<li>Riche en vitamines, notamment en vitamine E.<\/li>\n<li>Riche en sels min\u00e9raux tels que le calcium, le magn\u00e9sium et le sodium.<\/li>\n<li>Ils ont une puissante action antioxydante et anti-inflammatoire.<\/li>\n<li>Ils ont une bonne teneur en cuivre et en fer, ces substances am\u00e9liorent en effet la production de globules rouges, am\u00e9liorant ainsi la circulation sanguine.<\/li>\n<li>Ils sont souvent recommand\u00e9s pour maintenir une bonne forme physique, dans les r\u00e9gimes m\u00e9diterran\u00e9ens et pour soulager les probl\u00e8mes digestifs.<\/li>\n<\/ul>\n<p><strong>Entreprise familiale et s\u00e9lection des meilleures mati\u00e8res premi\u00e8res<\/strong>, cultiv\u00e9es sur les terres fertiles de l&rsquo;entreprise et transform\u00e9es dans le respect de l&rsquo;ancienne tradition. Il s&rsquo;agit de la carte d&rsquo;identit\u00e9 d&rsquo;Agro Pic, une entreprise sp\u00e9cialis\u00e9e dans la production de confitures, jus, sauces et cornichons.<\/p>\n<p><strong>L&rsquo;objectif principal de l&rsquo;activit\u00e9 est de valoriser les saveurs et les fruits de la Calabre, en particulier les plus particuliers et g\u00e9n\u00e9ralement moins connus<\/strong>, comme la bergamote, un fruit aux multiples propri\u00e9t\u00e9s b\u00e9n\u00e9fiques, unique et aigre comme tout le territoire calabrais.<\/p>\n<p>Nature, tradition et haute qualit\u00e9 sont les ingr\u00e9dients du succ\u00e8s d&rsquo;Agro Pic.<\/p>\n<p><strong>Pour toute information sur nos produits n&rsquo;h\u00e9sitez pas \u00e0 nous contacter :<\/strong><\/p>\n<p>Cellulaire 3495651669.<\/p>\n<p>T\u00e9l. 0964 1955229<\/p>\n<p>info@agropic.it<\/p>\n","protected":false},"excerpt":{"rendered":"<p><strong>Pour \u00e9laborer le p\u00e2t\u00e9 d&rsquo;olives noires Agro Pic, les meilleures olives 100% calabraises sont s\u00e9lectionn\u00e9es, r\u00e9colt\u00e9es sur les terres de la ferme et transform\u00e9es selon une pr\u00e9paration minutieuse et ancienne. Saveur intense et vive, id\u00e9ale pour les plats rustiques et les ap\u00e9ritifs, excellente m\u00eame si elle est simplement tartin\u00e9e sur du pain grill\u00e9 pour des collations savoureuses. De plus, il peut \u00e9galement \u00eatre utilis\u00e9 comme twist et pour parfumer les plats.<\/strong><\/p>\n<p><strong>Format<\/strong> : 190g<\/p>\n<p><strong>Ingr\u00e9dients<\/strong> : Olives noires, huile d&rsquo;olive extra vierge, huile de tournesol, sel, vinaigre de vin blanc, fenouil, jus d&rsquo;orange.<\/p>\n<p>Sans conservateurs et sans colorants<\/p>\n<p><strong>Achetez-le maintenant et recevez-le dans 4-5 jours chez vous !<\/strong>&hellip; <a class=\"kt-excerpt-readmore more-link\" href=\"https:\/\/agropic.it\/fr\/Produit\/pate-dolive-noir-200g\/\" aria-label=\"P\u00e2t\u00e9 d&rsquo;olives noires 190g\">Read More<\/a><\/p>\n","protected":false},"featured_media":7154,"comment_status":"closed","ping_status":"closed","template":"","meta":{"kt_blocks_editor_width":"","_kad_blocks_custom_css":"","_kad_blocks_head_custom_js":"","_kad_blocks_body_custom_js":"","_kad_blocks_footer_custom_js":""},"product_brand":[],"product_cat":[247],"product_tag":[734,553],"class_list":{"0":"post-2960","1":"product","2":"type-product","3":"status-publish","4":"has-post-thumbnail","6":"product_cat-cremes-pate-et-tartinades","7":"product_tag-crane","8":"product_tag-pate-dolives","10":"first","11":"instock","12":"shipping-taxable","13":"purchasable","14":"product-type-simple"},"taxonomy_info":{"product_cat":[{"value":247,"label":"Cr\u00e8mes p\u00e2t\u00e9 et tartinades"}],"product_tag":[{"value":734,"label":"cr\u00e2ne"},{"value":553,"label":"p\u00e2t\u00e9 d'olives"}]},"featured_image_src_large":["https:\/\/agropic.it\/wp-content\/uploads\/2023\/03\/Pate-di-olive-nere-960x960.webp",960,960,true],"author_info":[],"comment_info":0,"_links":{"self":[{"href":"https:\/\/agropic.it\/fr\/wp-json\/wp\/v2\/product\/2960","targetHints":{"allow":["GET"]}}],"collection":[{"href":"https:\/\/agropic.it\/fr\/wp-json\/wp\/v2\/product"}],"about":[{"href":"https:\/\/agropic.it\/fr\/wp-json\/wp\/v2\/types\/product"}],"replies":[{"embeddable":true,"href":"https:\/\/agropic.it\/fr\/wp-json\/wp\/v2\/comments?post=2960"}],"wp:featuredmedia":[{"embeddable":true,"href":"https:\/\/agropic.it\/fr\/wp-json\/wp\/v2\/media\/7154"}],"wp:attachment":[{"href":"https:\/\/agropic.it\/fr\/wp-json\/wp\/v2\/media?parent=2960"}],"wp:term":[{"taxonomy":"product_brand","embeddable":true,"href":"https:\/\/agropic.it\/fr\/wp-json\/wp\/v2\/product_brand?post=2960"},{"taxonomy":"product_cat","embeddable":true,"href":"https:\/\/agropic.it\/fr\/wp-json\/wp\/v2\/product_cat?post=2960"},{"taxonomy":"product_tag","embeddable":true,"href":"https:\/\/agropic.it\/fr\/wp-json\/wp\/v2\/product_tag?post=2960"}],"curies":[{"name":"wp","href":"https:\/\/api.w.org\/{rel}","templated":true}]}}