{"id":2936,"date":"2024-01-29T13:49:41","date_gmt":"2021-04-21T13:49:41","guid":{"rendered":"https:\/\/agropic.it\/prodotto\/sauce-prete-epicee-a-la-calabrese\/"},"modified":"2024-05-30T08:12:51","modified_gmt":"2024-05-30T08:12:51","slug":"sauce-prete-epicee-a-la-calabrese","status":"publish","type":"product","link":"https:\/\/agropic.it\/fr\/Produit\/sauce-prete-epicee-a-la-calabrese\/","title":{"rendered":"Sauce calabraise \u00e9pic\u00e9e pr\u00eate \u00e0 l&#8217;emploi 300g"},"content":{"rendered":"<h4>Sauce calabraise \u00e9pic\u00e9e pr\u00eate \u00e0 l&#8217;emploi.<\/h4>\n<h5>Toute la saveur de la Calabre dans une sauce calabraise \u00e9pic\u00e9e pr\u00eate \u00e0 l&#8217;emploi, rapide et polyvalente. Offrez-vous la commodit\u00e9 d&rsquo;une sauce savoureuse et \u00e9pic\u00e9e sans avoir \u00e0 tout pr\u00e9parer \u00e0 partir de z\u00e9ro et transformez votre plat de p\u00e2tes en une exp\u00e9rience culinaire pleine de saveurs\u00a0!<br \/>\nSans conservateurs, sans colorants et sans \u00e9paississants<\/h5>\n<p><strong>Format<\/strong> : 300g<\/p>\n<p><strong>Ingr\u00e9dients<\/strong> : Tomate 92%, piment 5%, huile d&rsquo;olive extra vierge, ail, persil, correcteur d&rsquo;acidit\u00e9 : acide citrique, sel.<\/p>\n<p><strong>Conseils d&rsquo;utilisation<\/strong> : Pr\u00e9chauffer la sauce dans une po\u00eale en ajoutant une pinc\u00e9e de fromage. Versez les p\u00e2tes et jetez-les dans la po\u00eale pour m\u00e9langer le tout. Pour 3-4 personnes.<\/p>\n<p><strong>Stockage<\/strong> : Conserver dans un endroit sec et frais, \u00e0 l&rsquo;\u00e9cart des sources de lumi\u00e8re ou de chaleur. Une fois ouvert, consommer dans quelques jours.<\/p>\n<p><strong>Valeurs nutritionnelles moyennes pour 100g :<\/strong><\/p>\n<ul>\n<li>\u00c9nergie 412,5 kj\/96 kcal<\/li>\n<li>Prot\u00e9ines 3,9 g<\/li>\n<li>Glucides 18,1 g<\/li>\n<li>dont sucres 17,8 g<\/li>\n<li>Mati\u00e8re grasse 1,5 g<\/li>\n<li>dont satur\u00e9 0,2 g<\/li>\n<li>Sel 2,75 g<\/li>\n<\/ul>\n<p><strong>Entreprise familiale et s\u00e9lection des meilleures mati\u00e8res premi\u00e8res<\/strong>, cultiv\u00e9es sur les terres fertiles de l&rsquo;entreprise et transform\u00e9es dans le respect de l&rsquo;ancienne tradition. Il s&rsquo;agit de la carte d&rsquo;identit\u00e9 d&rsquo;Agro Pic, une entreprise sp\u00e9cialis\u00e9e dans la production de confitures, jus, sauces et cornichons.<\/p>\n<p><strong>L&rsquo;objectif principal de l&rsquo;activit\u00e9 est de valoriser les saveurs et les fruits de la Calabre, en particulier les plus particuliers et g\u00e9n\u00e9ralement moins connus<\/strong>, comme la bergamote, un fruit aux multiples propri\u00e9t\u00e9s b\u00e9n\u00e9fiques, unique et aigre comme tout le territoire calabrais.<\/p>\n<p>Nature, tradition et haute qualit\u00e9 sont les ingr\u00e9dients du succ\u00e8s d&rsquo;Agro Pic.<\/p>\n<p><strong>Pour toute information sur nos produits n&rsquo;h\u00e9sitez pas \u00e0 nous contacter\u00a0:<\/strong><\/p>\n<p>Cellulaire 349 5651669.<\/p>\n<p>T\u00e9l. 0964 1955229<\/p>\n<p>info@agropic.it<\/p>\n","protected":false},"excerpt":{"rendered":"<p><strong>Toute la saveur de la Calabre dans une sauce calabraise \u00e9pic\u00e9e pr\u00eate \u00e0 l&#8217;emploi, rapide et polyvalente. Offrez-vous la commodit\u00e9 d&rsquo;une sauce savoureuse et \u00e9pic\u00e9e sans avoir \u00e0 tout pr\u00e9parer \u00e0 partir de z\u00e9ro et transformez votre plat de p\u00e2tes en une exp\u00e9rience culinaire pleine de saveurs\u00a0!<\/strong><\/p>\n<p>Sans conservateurs, sans colorants et sans \u00e9paississants<\/p>\n<p><strong>Format<\/strong> : 300g<\/p>\n<p><strong>Conseils d&rsquo;utilisation<\/strong> : Pr\u00e9chauffer la sauce dans une po\u00eale en ajoutant une pinc\u00e9e de fromage. Versez les p\u00e2tes et m\u00e9langez le tout. Pour 3-4 personnes&hellip; <a class=\"kt-excerpt-readmore more-link\" href=\"https:\/\/agropic.it\/fr\/Produit\/sauce-prete-epicee-a-la-calabrese\/\" aria-label=\"Sauce calabraise \u00e9pic\u00e9e pr\u00eate \u00e0 l&#8217;emploi 300g\">Read More<\/a><\/p>\n","protected":false},"featured_media":2937,"comment_status":"closed","ping_status":"closed","template":"","meta":{"kt_blocks_editor_width":"","_kad_blocks_custom_css":"","_kad_blocks_head_custom_js":"","_kad_blocks_body_custom_js":"","_kad_blocks_footer_custom_js":""},"product_brand":[],"product_cat":[243,293],"product_tag":[],"class_list":{"0":"post-2936","1":"product","2":"type-product","3":"status-publish","4":"has-post-thumbnail","6":"product_cat-passes-de-tomates-et-sauces","7":"product_cat-produits-au-piment","9":"first","10":"instock","11":"shipping-taxable","12":"purchasable","13":"product-type-simple"},"taxonomy_info":{"product_cat":[{"value":243,"label":"Passes de tomates et sauces"},{"value":293,"label":"Produits au piment"}]},"featured_image_src_large":["https:\/\/agropic.it\/wp-content\/uploads\/2020\/08\/3bc00b10-6048-4d2b-8e86-a9da82368223-960x963.jpg",960,963,true],"author_info":[],"comment_info":0,"_links":{"self":[{"href":"https:\/\/agropic.it\/fr\/wp-json\/wp\/v2\/product\/2936","targetHints":{"allow":["GET"]}}],"collection":[{"href":"https:\/\/agropic.it\/fr\/wp-json\/wp\/v2\/product"}],"about":[{"href":"https:\/\/agropic.it\/fr\/wp-json\/wp\/v2\/types\/product"}],"replies":[{"embeddable":true,"href":"https:\/\/agropic.it\/fr\/wp-json\/wp\/v2\/comments?post=2936"}],"wp:featuredmedia":[{"embeddable":true,"href":"https:\/\/agropic.it\/fr\/wp-json\/wp\/v2\/media\/2937"}],"wp:attachment":[{"href":"https:\/\/agropic.it\/fr\/wp-json\/wp\/v2\/media?parent=2936"}],"wp:term":[{"taxonomy":"product_brand","embeddable":true,"href":"https:\/\/agropic.it\/fr\/wp-json\/wp\/v2\/product_brand?post=2936"},{"taxonomy":"product_cat","embeddable":true,"href":"https:\/\/agropic.it\/fr\/wp-json\/wp\/v2\/product_cat?post=2936"},{"taxonomy":"product_tag","embeddable":true,"href":"https:\/\/agropic.it\/fr\/wp-json\/wp\/v2\/product_tag?post=2936"}],"curies":[{"name":"wp","href":"https:\/\/api.w.org\/{rel}","templated":true}]}}