{"id":13718,"date":"2024-01-29T08:34:04","date_gmt":"2024-01-29T08:34:04","guid":{"rendered":"https:\/\/agropic.it\/prodotto\/miel-deucalyptus-500g\/"},"modified":"2026-03-04T15:53:34","modified_gmt":"2026-03-04T15:53:34","slug":"miel-deucalyptus-500g","status":"publish","type":"product","link":"https:\/\/agropic.it\/fr\/Produit\/miel-deucalyptus-500g\/","title":{"rendered":"Miel d&rsquo;eucalyptus 500g"},"content":{"rendered":"<p>Miel d&rsquo;eucalyptus<\/p>\n<p>Le miel d&rsquo;eucalyptus est l&rsquo;un des miels les plus fins. Il a une couleur ambr\u00e9e et une saveur intense et balsamique.<br \/>\nRiche en propri\u00e9t\u00e9s b\u00e9n\u00e9fiques, il est principalement consomm\u00e9 pour lutter contre les rhumes et les maux de gorge, mais il est \u00e9galement recommand\u00e9 pour les personnes souffrant de constipation ou de probl\u00e8mes de voies urinaires. Puissant antioxydant capable de lutter contre le vieillissement cellulaire, comme le d\u00e9montrent de nombreuses \u00e9tudes.<br \/>\nSe marie parfaitement avec les fromages frais et affin\u00e9s, mais aussi avec les poissons et les viandes. Il est recommand\u00e9 de le consommer dissous dans du th\u00e9, des tisanes ou du yaourt blanc.   <\/p>\n<p><span style=\"font-family: inherit; font-size: 16px;\">Le miel d&rsquo;eucalyptus est un authentique tr\u00e9sor de la nature, trait\u00e9 avec soin et passion \u00e0 chaque \u00e9tape de son processus de production, de la r\u00e9colte \u00e0 l&rsquo;extraction du miel, qui se fait avec soin pour pr\u00e9server toutes ses propri\u00e9t\u00e9s naturelles, jusqu&rsquo;\u00e0 l&#8217;emballage. Chaque \u00e9tape est r\u00e9alis\u00e9e \u00e0 la main, ce qui garantit un produit authentique et de qualit\u00e9, riche de toutes les caract\u00e9ristiques qui le rendent unique et appr\u00e9ci\u00e9.<br \/>\nProduit 100 % artisanal, monofloral et non pasteuris\u00e9. Vous recevez chez vous un produit naturel et authentique, issu de sols exempts de pesticides et de substances nocives pour les abeilles.  <\/span><\/p>\n<p>La solidification \u00e9ventuelle du miel garantit l&rsquo;authenticit\u00e9 du produit en tant que processus naturel.<\/p>\n<p><strong>Format :<\/strong> 500g<\/p>\n<p><strong>STOCKAGE :<\/strong> Conserver dans un endroit frais et sec, \u00e0 l&rsquo;abri de la lumi\u00e8re directe et des sources de chaleur.<\/p>\n<p><strong>Entreprise familiale et s\u00e9lection des meilleures mati\u00e8res premi\u00e8res<\/strong>, cultiv\u00e9es dans le sol fertile de l&rsquo;entreprise et transform\u00e9es selon une tradition ancestrale.<\/p>\n<p>Outre le miel d&rsquo;eucalyptus, nous proposons une large gamme de produits, tous fra\u00eechement transform\u00e9s selon des m\u00e9thodes artisanales et \u00e0 la saveur inimitable, tels que des jus de fruits, des confitures et des marmelades de fruits de saison, des pur\u00e9es de tomates, des cr\u00e8mes, du miel et des conserves \u00e0 l&rsquo;huile.<\/p>\n<p>L<strong>&lsquo;objectif principal de l&rsquo;activit\u00e9 est de valoriser les saveurs et les fruits de la Calabre, en particulier ceux qui sont sp\u00e9ciaux et g\u00e9n\u00e9ralement moins connus<\/strong>, comme la bergamote, un fruit aux multiples propri\u00e9t\u00e9s b\u00e9n\u00e9fiques, aussi unique et acide que l&rsquo;ensemble du territoire calabrais.<\/p>\n<p>Nous proposons des produits authentiques de haute qualit\u00e9, issus d&rsquo;une s\u00e9lection rigoureuse et contr\u00f4l\u00e9e de mati\u00e8res premi\u00e8res, dont la plupart sont cultiv\u00e9es directement par nos soins et obtenues sans l&rsquo;utilisation de produits chimiques.<\/p>\n<p>Nature, tradition et haute qualit\u00e9 sont les ingr\u00e9dients du succ\u00e8s d&rsquo;Agro Pic.<\/p>\n<p>Suivez-nous sur INSTAGRAM pour d\u00e9couvrir toute l&rsquo;actualit\u00e9 d&rsquo;Agro Pic<\/p>\n<p><a href=\"https:\/\/www.instagram.com\/agropic\/\" target=\"_blank\" rel=\"noopener\">https:\/\/www.instagram.com\/agropic\/<\/a><\/p>\n<p><strong>Pour toute information sur nos produits, n&rsquo;h\u00e9sitez pas \u00e0 <a href=\"https:\/\/www.agropic.it\/contatti\/\">nous contacter :<\/a><\/strong><\/p>\n<p>cellule. 3495651669<\/p>\n<p>Adresse \u00e9lectronique : info@agropic.it<\/p>\n<p>T\u00e9l. 0964 1955229<\/p>\n","protected":false},"excerpt":{"rendered":"<p>Miel d&rsquo;eucalyptus<\/p>\n<p>Format 500 g<\/p>\n<h6>Le miel d&rsquo;eucalyptus est l&rsquo;un des miels les plus fins. Il a une couleur ambr\u00e9e et une saveur intense et balsamique.<br \/>\nRiche en propri\u00e9t\u00e9s b\u00e9n\u00e9fiques, il est principalement consomm\u00e9 pour lutter contre les rhumes et les maux de gorge, mais il est \u00e9galement indiqu\u00e9 pour les personnes souffrant de constipation ou de probl\u00e8mes du syst\u00e8me urinaire.<br \/>\nPuissant antioxydant capable de lutter contre le vieillissement cellulaire, comme le d\u00e9montrent de nombreuses \u00e9tudes.<br \/>\nIl se marie tr\u00e8s bien avec les fromages frais et affin\u00e9s, mais aussi avec les entr\u00e9es et les plats de poissons et de viandes. Il est recommand\u00e9 de le consommer dissous dans du th\u00e9, des tisanes ou du yaourt blanc.  <\/h6>\n<p>Vous pouvez acheter nos produits via ce site ou par courrier \u00e9lectronique en \u00e9crivant \u00e0 <a href=\"mailto:info@agropic.it\">info@agropic.it<\/a> ou par t\u00e9l\u00e9phone en appelant le <a href=\"tel:3495651669\">349 56 51 669<\/a>. Une fois le paiement effectu\u00e9, votre commande sera livr\u00e9e dans les 24 \u00e0 48 heures. <\/p>\n<p>Lisez la description compl\u00e8te ci-dessous !&hellip; <a class=\"kt-excerpt-readmore more-link\" href=\"https:\/\/agropic.it\/fr\/Produit\/miel-deucalyptus-500g\/\" aria-label=\"Miel d&rsquo;eucalyptus 500g\">Read More<\/a><\/p>\n","protected":false},"featured_media":7589,"comment_status":"closed","ping_status":"closed","template":"","meta":{"kt_blocks_editor_width":"","_kad_blocks_custom_css":"","_kad_blocks_head_custom_js":"","_kad_blocks_body_custom_js":"","_kad_blocks_footer_custom_js":""},"product_brand":[],"product_cat":[255],"product_tag":[1124,454],"class_list":{"0":"post-13718","1":"product","2":"type-product","3":"status-publish","4":"has-post-thumbnail","6":"product_cat-miel","7":"product_tag-miel-deucalyptus","8":"product_tag-miel-de-calabre","10":"first","11":"instock","12":"shipping-taxable","13":"purchasable","14":"product-type-simple"},"taxonomy_info":{"product_cat":[{"value":255,"label":"Miel"}],"product_tag":[{"value":1124,"label":"miel d'eucalyptus"},{"value":454,"label":"Miel de Calabre"}]},"featured_image_src_large":["https:\/\/agropic.it\/wp-content\/uploads\/2022\/12\/MIELE-DI-EUCALIPTO-500-g-1-960x960.jpg",960,960,true],"author_info":[],"comment_info":0,"_links":{"self":[{"href":"https:\/\/agropic.it\/fr\/wp-json\/wp\/v2\/product\/13718","targetHints":{"allow":["GET"]}}],"collection":[{"href":"https:\/\/agropic.it\/fr\/wp-json\/wp\/v2\/product"}],"about":[{"href":"https:\/\/agropic.it\/fr\/wp-json\/wp\/v2\/types\/product"}],"replies":[{"embeddable":true,"href":"https:\/\/agropic.it\/fr\/wp-json\/wp\/v2\/comments?post=13718"}],"wp:featuredmedia":[{"embeddable":true,"href":"https:\/\/agropic.it\/fr\/wp-json\/wp\/v2\/media\/7589"}],"wp:attachment":[{"href":"https:\/\/agropic.it\/fr\/wp-json\/wp\/v2\/media?parent=13718"}],"wp:term":[{"taxonomy":"product_brand","embeddable":true,"href":"https:\/\/agropic.it\/fr\/wp-json\/wp\/v2\/product_brand?post=13718"},{"taxonomy":"product_cat","embeddable":true,"href":"https:\/\/agropic.it\/fr\/wp-json\/wp\/v2\/product_cat?post=13718"},{"taxonomy":"product_tag","embeddable":true,"href":"https:\/\/agropic.it\/fr\/wp-json\/wp\/v2\/product_tag?post=13718"}],"curies":[{"name":"wp","href":"https:\/\/api.w.org\/{rel}","templated":true}]}}