{"id":13714,"date":"2024-01-28T20:16:41","date_gmt":"2024-01-28T20:16:41","guid":{"rendered":"https:\/\/agropic.it\/prodotto\/100-jus-de-grenade-720ml-6-bouteilles\/"},"modified":"2026-03-04T15:53:33","modified_gmt":"2026-03-04T15:53:33","slug":"100-jus-de-grenade-720ml-6-bouteilles","status":"publish","type":"product","link":"https:\/\/agropic.it\/fr\/Produit\/100-jus-de-grenade-720ml-6-bouteilles\/","title":{"rendered":"100% jus de grenade 720ml &#8211; (6 bouteilles)"},"content":{"rendered":"<h5>PACKAGE DE 6 BOUTEILLES 720ml<\/h5>\n<p>Le jus de grenade est un puissant antioxydant naturel riche en vitamines et en min\u00e9raux, qui renforce le syst\u00e8me immunitaire et est principalement consomm\u00e9 pour ses actions anti-inflammatoires, anti-d\u00e9g\u00e9n\u00e9ratives et d\u00e9toxifiantes. Il contribue \u00e9galement \u00e0 r\u00e9duire le taux de cholest\u00e9rol dans le sang. <\/p>\n<p><strong>Ingr\u00e9dients :<\/strong> 100 % de jus de grenade<\/p>\n<p>Sans sucre ajout\u00e9 et sans conservateur<\/p>\n<p><strong>Origine Grenades :<\/strong> Italie<\/p>\n<p><strong>Format :<\/strong> 720ml<\/p>\n<p><strong>Conservation :<\/strong> Conserver dans un endroit frais et sec, \u00e0 l&rsquo;abri de la lumi\u00e8re et de la chaleur. Apr\u00e8s ouverture, conserver au r\u00e9frig\u00e9rateur et consommer dans les jours qui suivent. <\/p>\n<p>Les \u00e9ventuels s\u00e9diments ou s\u00e9parations sont dus au caract\u00e8re naturel du produit.<\/p>\n<p>Le produit peut \u00eatre consomm\u00e9 tel quel ou dilu\u00e9 dans l&rsquo;eau.<\/p>\n<p><strong>Valeurs nutritionnelles pour 100g de produit :<\/strong><\/p>\n<p>\u00c9nergie : 213 kj \/ 51 kcal<\/p>\n<p>Prot\u00e9ines 0,2 g<\/p>\n<p>Glucides 13g<\/p>\n<p>dont sucres 12,7 g<\/p>\n<p>Mati\u00e8res grasses 0,2 g<\/p>\n<p>dont 0,2 g satur\u00e9s<\/p>\n<p>Sel 2,25 mg<\/p>\n<p>Depuis l&rsquo;Antiquit\u00e9, la grenade est reconnue pour ses nombreuses qualit\u00e9s nutritionnelles.<\/p>\n<h6>Effets b\u00e9n\u00e9fiques du jus de grenade :<\/h6>\n<ul>\n<li>\n<h5>puissant antioxydant naturel<\/h5>\n<\/li>\n<li>\n<h6>propri\u00e9t\u00e9s anti-inflammatoires<\/h6>\n<\/li>\n<li>\n<h6>propri\u00e9t\u00e9s anti-d\u00e9g\u00e9n\u00e9ratives<\/h6>\n<\/li>\n<li>\n<h6>purifie l&rsquo;organisme<\/h6>\n<\/li>\n<li>\n<h5>r\u00e9duit le taux de cholest\u00e9rol sanguin<\/h5>\n<\/li>\n<li>\n<h5>riche en vitamines et min\u00e9raux<\/h5>\n<\/li>\n<\/ul>\n<p>Cliquez ci-dessous pour d\u00e9couvrir tous les types d&rsquo;achat <a href=\"\/?product_cat=prodotti-al-melograno\">: https:\/\/agropic.it\/categoria-prodotto\/prodotti-al-melograno\/<\/a><\/p>\n<p><strong>Entreprise familiale et s\u00e9lection des meilleures mati\u00e8res premi\u00e8res<\/strong>, cultiv\u00e9es dans le sol fertile de l&rsquo;entreprise et transform\u00e9es selon une tradition ancestrale.<\/p>\n<p>Outre le jus de grenade, nous proposons une large gamme de produits, tous fra\u00eechement transform\u00e9s selon des m\u00e9thodes artisanales et au go\u00fbt inimitable, tels que des jus de fruits, des confitures et des marmelades \u00e0 base de fruits de saison, des pur\u00e9es de tomates, des cr\u00e8mes, du miel et des conserves \u00e0 l&rsquo;huile.<\/p>\n<p>L<strong>&lsquo;objectif principal de l&rsquo;activit\u00e9 est de valoriser les saveurs et les fruits de la Calabre, en particulier ceux qui sont sp\u00e9ciaux et g\u00e9n\u00e9ralement moins connus<\/strong>, comme la bergamote, un fruit aux multiples propri\u00e9t\u00e9s b\u00e9n\u00e9fiques, aussi unique et acide que l&rsquo;ensemble du territoire calabrais.<\/p>\n<p>Nous proposons des produits authentiques de haute qualit\u00e9, issus d&rsquo;une s\u00e9lection rigoureuse et contr\u00f4l\u00e9e de mati\u00e8res premi\u00e8res, dont la plupart sont cultiv\u00e9es directement par nos soins et obtenues sans l&rsquo;utilisation de produits chimiques.<\/p>\n<p>Nature, tradition et haute qualit\u00e9 sont les ingr\u00e9dients du succ\u00e8s d&rsquo;Agro Pic.<\/p>\n<p>Suivez-nous sur INSTAGRAM pour d\u00e9couvrir toute l&rsquo;actualit\u00e9 d&rsquo;Agro Pic<\/p>\n<p><a href=\"https:\/\/www.instagram.com\/agropic\/\" target=\"_blank\" rel=\"noopener\">https:\/\/www.instagram.com\/agropic\/<\/a><\/p>\n<p><strong>Pour toute information sur nos produits, n&rsquo;h\u00e9sitez pas \u00e0 <a href=\"https:\/\/www.agropic.it\/contatti\/\">nous contacter :<\/a><\/strong><\/p>\n<p>cellule. 3495651669<\/p>\n<p>Adresse \u00e9lectronique : info@agropic.it<\/p>\n<p>T\u00e9l. 0964 1955229<\/p>\n","protected":false},"excerpt":{"rendered":"<h5>PACKAGE DE 6 BOUTEILLES 720ml<\/h5>\n<p>Le jus de grenade est un puissant antioxydant naturel riche en vitamines et en min\u00e9raux, qui renforce le syst\u00e8me immunitaire et est principalement consomm\u00e9 pour ses actions anti-inflammatoires, anti-d\u00e9g\u00e9n\u00e9ratives et d\u00e9toxifiantes. Il contribue \u00e9galement \u00e0 r\u00e9duire le taux de cholest\u00e9rol dans le sang. <\/p>\n<p>&nbsp;<\/p>\n<p><strong>Ingr\u00e9dients :<\/strong> 100 % de jus de grenade<\/p>\n<p>Sans sucre ajout\u00e9 et sans conservateur<\/p>\n<p><strong>Origine Grenades :<\/strong> Italie<\/p>\n<p><strong>Format :<\/strong> 720ml<\/p>\n<p>Lisez la description compl\u00e8te ci-dessous<\/p>\n<p>&nbsp;<\/p>\n<p><strong>Achetez-le maintenant et recevez-le chez vous en 2 ou 3 jours !<\/strong>&hellip; <a class=\"kt-excerpt-readmore more-link\" href=\"https:\/\/agropic.it\/fr\/Produit\/100-jus-de-grenade-720ml-6-bouteilles\/\" aria-label=\"100% jus de grenade 720ml &#8211; (6 bouteilles)\">Read More<\/a><\/p>\n","protected":false},"featured_media":12811,"comment_status":"closed","ping_status":"closed","template":"","meta":{"kt_blocks_editor_width":"","_kad_blocks_custom_css":"","_kad_blocks_head_custom_js":"","_kad_blocks_body_custom_js":"","_kad_blocks_footer_custom_js":""},"product_brand":[],"product_cat":[321],"product_tag":[],"class_list":{"0":"post-13714","1":"product","2":"type-product","3":"status-publish","4":"has-post-thumbnail","6":"product_cat-produits-de-grenade","8":"first","9":"instock","10":"shipping-taxable","11":"purchasable","12":"product-type-simple"},"taxonomy_info":{"product_cat":[{"value":321,"label":"produits de grenade"}]},"featured_image_src_large":["https:\/\/agropic.it\/wp-content\/uploads\/2024\/01\/B0FVXT3MQ3.MAIN_-960x960.png",960,960,true],"author_info":[],"comment_info":0,"_links":{"self":[{"href":"https:\/\/agropic.it\/fr\/wp-json\/wp\/v2\/product\/13714","targetHints":{"allow":["GET"]}}],"collection":[{"href":"https:\/\/agropic.it\/fr\/wp-json\/wp\/v2\/product"}],"about":[{"href":"https:\/\/agropic.it\/fr\/wp-json\/wp\/v2\/types\/product"}],"replies":[{"embeddable":true,"href":"https:\/\/agropic.it\/fr\/wp-json\/wp\/v2\/comments?post=13714"}],"wp:featuredmedia":[{"embeddable":true,"href":"https:\/\/agropic.it\/fr\/wp-json\/wp\/v2\/media\/12811"}],"wp:attachment":[{"href":"https:\/\/agropic.it\/fr\/wp-json\/wp\/v2\/media?parent=13714"}],"wp:term":[{"taxonomy":"product_brand","embeddable":true,"href":"https:\/\/agropic.it\/fr\/wp-json\/wp\/v2\/product_brand?post=13714"},{"taxonomy":"product_cat","embeddable":true,"href":"https:\/\/agropic.it\/fr\/wp-json\/wp\/v2\/product_cat?post=13714"},{"taxonomy":"product_tag","embeddable":true,"href":"https:\/\/agropic.it\/fr\/wp-json\/wp\/v2\/product_tag?post=13714"}],"curies":[{"name":"wp","href":"https:\/\/api.w.org\/{rel}","templated":true}]}}