{"id":13709,"date":"2025-08-08T12:22:04","date_gmt":"2025-08-08T12:22:04","guid":{"rendered":"https:\/\/agropic.it\/prodotto\/miel-dorange-500g\/"},"modified":"2026-03-04T15:50:46","modified_gmt":"2026-03-04T15:50:46","slug":"miel-dorange-500g","status":"publish","type":"product","link":"https:\/\/agropic.it\/fr\/Produit\/miel-dorange-500g\/","title":{"rendered":"Miel d&rsquo;orange 500g"},"content":{"rendered":"<h2 data-start=\"564\" data-end=\"882\"><strong data-start=\"567\" data-end=\"592\">Miel d&rsquo;orange 500g<\/strong><\/h2>\n<p data-start=\"564\" data-end=\"882\">Le <strong data-start=\"567\" data-end=\"592\">Miele di Arancio 500g<\/strong> est un produit d&rsquo;excellence de la tradition apicole italienne, \u00e9labor\u00e9 \u00e0 partir du nectar des fleurs d&rsquo;oranger cultiv\u00e9es en Calabre.<br data-start=\"740\" data-end=\"743\">De couleur claire et au parfum incomparable, ce miel offre une saveur douce et l\u00e9g\u00e8rement citronn\u00e9e qui s\u00e9duit au premier coup d&rsquo;\u0153il.<\/p>\n<p data-start=\"884\" data-end=\"1096\">Gr\u00e2ce \u00e0 ses propri\u00e9t\u00e9s naturelles, le miel d&rsquo;oranger est appr\u00e9ci\u00e9 non seulement comme \u00e9dulcorant naturel, mais aussi pour ses bienfaits : effet relaxant, action antioxydante et soutien au bien-\u00eatre g\u00e9n\u00e9ral.<\/p>\n<p data-start=\"1098\" data-end=\"1217\">Parfait pour \u00eatre d\u00e9gust\u00e9 \u00e0 la cuill\u00e8re, tartin\u00e9 sur le pain et les biscuits, ou pour enrichir les tisanes, les desserts et les recettes gourmandes.<\/p>\n<p><strong>Ingr\u00e9dients :<\/strong> 100% miel d&rsquo;orange<\/p>\n<p><strong>Origine Miel :<\/strong> Italie (Calabre)<\/p>\n<p><strong>Format :<\/strong> 500g<\/p>\n<p>La solidification garantit l&rsquo;authenticit\u00e9 du produit en tant que processus naturel ; avec le temps, la consistance devient plus granuleuse, mais ce processus n&rsquo;alt\u00e8re pas la qualit\u00e9 du produit et peut \u00eatre invers\u00e9 en chauffant l\u00e9g\u00e8rement le bocal.<\/p>\n<p><strong>Stockage :<\/strong> Conserver dans un endroit frais et sec, \u00e0 l&rsquo;abri de la lumi\u00e8re et des sources de chaleur.<\/p>\n<p><strong>Valeurs nutritionnelles :<\/strong><\/p>\n<ul>\n<li>\u00c9nergie : 332 kcal &#8211; 1391 kj<\/li>\n<li>Glucides : 82.7g<\/li>\n<li>dont sucres : 82,5g<\/li>\n<li>Prot\u00e9ines : 0,3 g<\/li>\n<li>Graisses : 0,1 g<\/li>\n<li>dont satur\u00e9s : 0,1 g<\/li>\n<li>Sel : 9 mg\n<p data-start=\"564\" data-end=\"882\">Le <strong data-start=\"567\" data-end=\"592\">Miele di Arancio 500g<\/strong> est un produit d&rsquo;excellence de la tradition apicole italienne, \u00e9labor\u00e9 \u00e0 partir du nectar des fleurs d&rsquo;oranger cultiv\u00e9es en Calabre.<br data-start=\"740\" data-end=\"743\">De couleur claire et au parfum incomparable, ce miel offre une saveur douce et l\u00e9g\u00e8rement citronn\u00e9e qui s\u00e9duit au premier coup d&rsquo;\u0153il.<\/p>\n<p data-start=\"884\" data-end=\"1096\">Gr\u00e2ce \u00e0 ses propri\u00e9t\u00e9s naturelles, le miel d&rsquo;oranger est appr\u00e9ci\u00e9 non seulement comme \u00e9dulcorant naturel, mais aussi pour ses bienfaits : effet relaxant, action antioxydante et soutien au bien-\u00eatre g\u00e9n\u00e9ral.<\/p>\n<p data-start=\"1098\" data-end=\"1217\">Parfait \u00e0 d\u00e9guster \u00e0 la cuill\u00e8re, \u00e0 tartiner sur le pain et les biscuits, ou \u00e0 enrichir les tisanes, les desserts et les recettes gourmandes.<\/p>\n<p>100% naturel, pur et calabrais. D\u00e9couvrez d\u00e8s maintenant son go\u00fbt sublime ! <\/p>\n<p>Avec le temps, la consistance devient plus granuleuse, mais ce processus n&rsquo;alt\u00e8re pas la qualit\u00e9 du produit et peut \u00eatre invers\u00e9 en chauffant l\u00e9g\u00e8rement le pot.<\/li>\n<\/ul>\n<p><strong>Entreprise familiale et s\u00e9lection des meilleures mati\u00e8res premi\u00e8res<\/strong>, cultiv\u00e9es dans les sols fertiles de l&rsquo;exploitation et transform\u00e9es dans le respect de la tradition ancestrale.<br \/>\nOutre le miel sulla, nous proposons une vaste gamme de produits, tous transform\u00e9s \u00e0 partir de produits frais et selon des m\u00e9thodes artisanales, au go\u00fbt incomparable, tels que des jus de fruits, des confitures et des marmelades \u00e0 base de fruits de saison, des pur\u00e9es de tomates, des cr\u00e8mes, du miel et des conserves \u00e0 l&rsquo;huile.<\/p>\n<p>L<strong>&lsquo;objectif principal de l&rsquo;activit\u00e9 est de valoriser les saveurs et les fruits de la Calabre, en particulier ceux qui sont sp\u00e9ciaux et g\u00e9n\u00e9ralement moins connus<\/strong>, comme la bergamote, un fruit aux multiples propri\u00e9t\u00e9s b\u00e9n\u00e9fiques, aussi unique et acide que l&rsquo;ensemble du territoire calabrais.<\/p>\n<p>Nous proposons des produits authentiques de haute qualit\u00e9, issus d&rsquo;une s\u00e9lection rigoureuse et contr\u00f4l\u00e9e de mati\u00e8res premi\u00e8res, dont la plupart sont cultiv\u00e9es directement par nos soins et obtenues sans l&rsquo;utilisation de produits chimiques.<\/p>\n<p>Nature, tradition et haute qualit\u00e9 sont les ingr\u00e9dients du succ\u00e8s d&rsquo;Agro Pic.<\/p>\n<p>Suivez-nous sur INSTAGRAM pour d\u00e9couvrir tout le contenu et l&rsquo;actualit\u00e9 d&rsquo;Agro Pic.<\/p>\n<p><a href=\"https:\/\/www.instagram.com\/agropic\/\" target=\"_blank\" rel=\"noopener\">https:\/\/www.instagram.com\/agropic\/<\/a><\/p>\n<p><strong>Pour toute information sur nos produits, n&rsquo;h\u00e9sitez pas \u00e0 <a href=\"https:\/\/www.agropic.it\/contatti\/\">nous contacter :<\/a><\/strong><\/p>\n<p>cellule. 3495651669<\/p>\n<p>Adresse \u00e9lectronique : info@agropic.it<\/p>\n<p>T\u00e9l. 0964 1955229<\/p>\n","protected":false},"excerpt":{"rendered":"<p data-start=\"564\" data-end=\"882\">Le <strong data-start=\"567\" data-end=\"592\">Miele di Arancio 500g<\/strong> est un produit d&rsquo;excellence de la tradition apicole italienne, \u00e9labor\u00e9 \u00e0 partir du nectar des fleurs d&rsquo;oranger cultiv\u00e9es en Calabre.<br data-start=\"740\" data-end=\"743\">De couleur claire et au parfum incomparable, ce miel offre une saveur douce et l\u00e9g\u00e8rement citronn\u00e9e qui s\u00e9duit au premier coup d&rsquo;\u0153il.<\/p>\n<p data-start=\"884\" data-end=\"1096\">Gr\u00e2ce \u00e0 ses propri\u00e9t\u00e9s naturelles, le miel d&rsquo;oranger est appr\u00e9ci\u00e9 non seulement comme \u00e9dulcorant naturel, mais aussi pour ses bienfaits : effet relaxant, action antioxydante et soutien au bien-\u00eatre g\u00e9n\u00e9ral.<\/p>\n<p data-start=\"1098\" data-end=\"1217\">Parfait \u00e0 d\u00e9guster \u00e0 la cuill\u00e8re, \u00e0 tartiner sur le pain et les biscuits, ou \u00e0 enrichir les tisanes, les desserts et les recettes gourmandes.<\/p>\n<p><strong>Ingr\u00e9dients :<\/strong> 100% miel d&rsquo;orange<\/p>\n<p><strong>Origine Miel :<\/strong> Italie (Calabre)<\/p>\n<p><strong>Format :<\/strong> 500g<\/p>\n<p>Lisez la description compl\u00e8te ci-dessous.<\/p>\n<p>&nbsp;<\/p>\n<p><strong>Achetez-le maintenant et recevez-le \u00e0 votre domicile en 2 ou 3 jours.<\/strong><\/p>\n<p>&nbsp;&hellip; <a class=\"kt-excerpt-readmore more-link\" href=\"https:\/\/agropic.it\/fr\/Produit\/miel-dorange-500g\/\" aria-label=\"Miel d&rsquo;orange 500g\">Read More<\/a><\/p>\n","protected":false},"featured_media":12319,"comment_status":"closed","ping_status":"closed","template":"","meta":{"kt_blocks_editor_width":"","_kad_blocks_custom_css":"","_kad_blocks_head_custom_js":"","_kad_blocks_body_custom_js":"","_kad_blocks_footer_custom_js":""},"product_brand":[],"product_cat":[255],"product_tag":[],"class_list":{"0":"post-13709","1":"product","2":"type-product","3":"status-publish","4":"has-post-thumbnail","6":"product_cat-miel","8":"first","9":"instock","10":"shipping-taxable","11":"purchasable","12":"product-type-simple"},"taxonomy_info":{"product_cat":[{"value":255,"label":"Miel"}]},"featured_image_src_large":["https:\/\/agropic.it\/wp-content\/uploads\/2024\/01\/miele-di-arancio-500g-960x960.png",960,960,true],"author_info":[],"comment_info":0,"_links":{"self":[{"href":"https:\/\/agropic.it\/fr\/wp-json\/wp\/v2\/product\/13709","targetHints":{"allow":["GET"]}}],"collection":[{"href":"https:\/\/agropic.it\/fr\/wp-json\/wp\/v2\/product"}],"about":[{"href":"https:\/\/agropic.it\/fr\/wp-json\/wp\/v2\/types\/product"}],"replies":[{"embeddable":true,"href":"https:\/\/agropic.it\/fr\/wp-json\/wp\/v2\/comments?post=13709"}],"wp:featuredmedia":[{"embeddable":true,"href":"https:\/\/agropic.it\/fr\/wp-json\/wp\/v2\/media\/12319"}],"wp:attachment":[{"href":"https:\/\/agropic.it\/fr\/wp-json\/wp\/v2\/media?parent=13709"}],"wp:term":[{"taxonomy":"product_brand","embeddable":true,"href":"https:\/\/agropic.it\/fr\/wp-json\/wp\/v2\/product_brand?post=13709"},{"taxonomy":"product_cat","embeddable":true,"href":"https:\/\/agropic.it\/fr\/wp-json\/wp\/v2\/product_cat?post=13709"},{"taxonomy":"product_tag","embeddable":true,"href":"https:\/\/agropic.it\/fr\/wp-json\/wp\/v2\/product_tag?post=13709"}],"curies":[{"name":"wp","href":"https:\/\/api.w.org\/{rel}","templated":true}]}}