{"id":11283,"date":"2018-04-25T18:32:10","date_gmt":"2025-04-04T16:26:46","guid":{"rendered":"https:\/\/agropic.it\/prodotto\/jus-de-clementine-100-200ml-24-bouteilles\/"},"modified":"2025-04-04T16:26:46","modified_gmt":"2025-04-04T16:26:46","slug":"jus-de-clementine-100-200ml-24-bouteilles","status":"publish","type":"product","link":"https:\/\/agropic.it\/fr\/Produit\/jus-de-clementine-100-200ml-24-bouteilles\/","title":{"rendered":"Jus de cl\u00e9mentine 100% &#8211; 200ml (24 bouteilles)"},"content":{"rendered":"<h6>Jus de cl\u00e9mentine 100% BO\u00ceTE DE 24 BOUTEILLES<\/h6>\n<p><strong>Sans sucre ajout\u00e9 et sans conservateur<\/strong><\/p>\n<p><strong>Format :<\/strong> 200 ml<\/p>\n<p>Seules des cl\u00e9mentines de Calabre \u00e0 100 % ont \u00e9t\u00e9 utilis\u00e9es pour fabriquer ce jus. Le jus de cl\u00e9mentine est un \u00e9lixir de fra\u00eecheur et de douceur. Extrait des cl\u00e9mentines juteuses et parfum\u00e9es, il offre une saveur unique et sa note d&rsquo;agrumes \u00e9veille les sens. La boisson se caract\u00e9rise par un \u00e9quilibre harmonieux entre le sucr\u00e9 et le l\u00e9g\u00e8rement acidul\u00e9, offrant une exp\u00e9rience gustative d\u00e9licieuse et rafra\u00eechissante. Enfin, vous pouvez l&rsquo;utiliser pour vos petits d\u00e9jeuners.    <\/p>\n<p>Les \u00e9ventuels r\u00e9sidus ou s\u00e9parations ne compromettent pas la qualit\u00e9 du produit. Bien agiter avant utilisation <\/p>\n<p><strong>Conservation<\/strong>: Conserver dans un endroit sec et frais, \u00e0 l&rsquo;abri de la lumi\u00e8re et des sources de chaleur. Une fois ouvert, conservez-le au r\u00e9frig\u00e9rateur et consommez-le au bout de quelques jours. <\/p>\n<p>Jus de cl\u00e9mentine :<\/p>\n<ul>\n<li>Il est riche en vitamine C et soutient votre syst\u00e8me immunitaire.<\/li>\n<li>Favorise la production de collag\u00e8ne pour une peau saine<\/li>\n<li>Il est riche en antioxydants et en min\u00e9raux<\/li>\n<li>Il contient du potassium, qui peut aider \u00e0 maintenir la tension art\u00e9rielle.<\/li>\n<\/ul>\n<p><strong>Entreprise familiale et s\u00e9lection des meilleures mati\u00e8res premi\u00e8res<\/strong>, cultiv\u00e9es dans le sol fertile de l&rsquo;entreprise et transform\u00e9es selon une tradition ancestrale.<\/p>\n<p>Outre le jus de cl\u00e9mentine, nous proposons une large gamme de produits, tous fra\u00eechement transform\u00e9s selon des m\u00e9thodes artisanales et au go\u00fbt inimitable, tels que des jus de fruits, des confitures et des marmelades \u00e0 base de fruits de saison, des pur\u00e9es de tomates, des cr\u00e8mes, du miel et des conserves \u00e0 l&rsquo;huile.<\/p>\n<p>L<strong>&lsquo;objectif principal de l&rsquo;activit\u00e9 est de valoriser les saveurs et les fruits de la Calabre, en particulier ceux qui sont sp\u00e9ciaux et g\u00e9n\u00e9ralement moins connus<\/strong>, comme la bergamote, un fruit aux multiples propri\u00e9t\u00e9s b\u00e9n\u00e9fiques, aussi unique et acide que l&rsquo;ensemble du territoire calabrais.<\/p>\n<p>Nous proposons des produits authentiques de haute qualit\u00e9, issus d&rsquo;une s\u00e9lection rigoureuse et contr\u00f4l\u00e9e de mati\u00e8res premi\u00e8res, dont la plupart sont cultiv\u00e9es directement par nos soins et obtenues sans l&rsquo;utilisation de produits chimiques.<\/p>\n<p>Nature, tradition et haute qualit\u00e9 sont les ingr\u00e9dients du succ\u00e8s d&rsquo;Agro Pic.<\/p>\n<p>Suivez-nous sur INSTAGRAM pour d\u00e9couvrir toute l&rsquo;actualit\u00e9 d&rsquo;Agro Pic<\/p>\n<p><a href=\"https:\/\/www.instagram.com\/agropic\/\" target=\"_blank\" rel=\"noopener\">https:\/\/www.instagram.com\/agropic\/<\/a><\/p>\n<p><strong>Pour toute information sur nos produits, n&rsquo;h\u00e9sitez pas \u00e0 <a href=\"https:\/\/www.agropic.it\/contatti\/\">nous contacter :<\/a><\/strong><\/p>\n<p>cellule. 3495651669<\/p>\n<p>Adresse \u00e9lectronique : info@agropic.it<\/p>\n<p>T\u00e9l. 0964 1955229<\/p>\n","protected":false},"excerpt":{"rendered":"<p>Jus de cl\u00e9mentine 100% naturel (bo\u00eete de 24 bouteilles)<\/p>\n<p><strong>Sans conservateur ni sucre ajout\u00e9.<\/strong><\/p>\n<p><strong>Format :<\/strong> 200 ml<\/p>\n<p>Jus de cl\u00e9mentine :<\/p>\n<ul>\n<li>Il est riche en vitamine C et soutient votre syst\u00e8me immunitaire.<\/li>\n<li>Il est riche en antioxydants et favorise la production de collag\u00e8ne pour une peau saine.<\/li>\n<li>Il contient du potassium, qui peut aider \u00e0 maintenir la tension art\u00e9rielle.<\/li>\n<\/ul>\n<p><strong>Id\u00e9al pour vos petits d\u00e9jeuners sains et savoureux.<\/strong><\/p>\n<p>Lisez la description ci-dessous pour plus de d\u00e9tails.<\/p>\n<p>&nbsp;<\/p>\n<p><strong>Achetez maintenant et recevez le produit \u00e0 votre domicile dans les 2 \u00e0 3 jours ouvrables.<\/strong>&hellip; <a class=\"kt-excerpt-readmore more-link\" href=\"https:\/\/agropic.it\/fr\/Produit\/jus-de-clementine-100-200ml-24-bouteilles\/\" aria-label=\"Jus de cl\u00e9mentine 100% &#8211; 200ml (24 bouteilles)\">Read More<\/a><\/p>\n","protected":false},"featured_media":7209,"comment_status":"closed","ping_status":"closed","template":"","meta":{"kt_blocks_editor_width":"","_kad_blocks_custom_css":"","_kad_blocks_head_custom_js":"","_kad_blocks_body_custom_js":"","_kad_blocks_footer_custom_js":""},"product_brand":[],"product_cat":[1084],"product_tag":[1102,1085],"class_list":{"0":"post-11283","1":"product","2":"type-product","3":"status-publish","4":"has-post-thumbnail","6":"product_cat-jus-de-clementine","7":"product_tag-clementines-calabre","8":"product_tag-jus-de-clementine","10":"first","11":"instock","12":"shipping-taxable","13":"purchasable","14":"product-type-simple"},"taxonomy_info":{"product_cat":[{"value":1084,"label":"Jus de cl\u00e9mentine"}],"product_tag":[{"value":1102,"label":"cl\u00e9mentines calabre"},{"value":1085,"label":"jus de cl\u00e9mentine"}]},"featured_image_src_large":["https:\/\/agropic.it\/wp-content\/uploads\/2023\/03\/Succo-di-Clementina-100-200-ml-1-960x960.webp",960,960,true],"author_info":[],"comment_info":0,"_links":{"self":[{"href":"https:\/\/agropic.it\/fr\/wp-json\/wp\/v2\/product\/11283","targetHints":{"allow":["GET"]}}],"collection":[{"href":"https:\/\/agropic.it\/fr\/wp-json\/wp\/v2\/product"}],"about":[{"href":"https:\/\/agropic.it\/fr\/wp-json\/wp\/v2\/types\/product"}],"replies":[{"embeddable":true,"href":"https:\/\/agropic.it\/fr\/wp-json\/wp\/v2\/comments?post=11283"}],"wp:featuredmedia":[{"embeddable":true,"href":"https:\/\/agropic.it\/fr\/wp-json\/wp\/v2\/media\/7209"}],"wp:attachment":[{"href":"https:\/\/agropic.it\/fr\/wp-json\/wp\/v2\/media?parent=11283"}],"wp:term":[{"taxonomy":"product_brand","embeddable":true,"href":"https:\/\/agropic.it\/fr\/wp-json\/wp\/v2\/product_brand?post=11283"},{"taxonomy":"product_cat","embeddable":true,"href":"https:\/\/agropic.it\/fr\/wp-json\/wp\/v2\/product_cat?post=11283"},{"taxonomy":"product_tag","embeddable":true,"href":"https:\/\/agropic.it\/fr\/wp-json\/wp\/v2\/product_tag?post=11283"}],"curies":[{"name":"wp","href":"https:\/\/api.w.org\/{rel}","templated":true}]}}