{"id":11276,"date":"2018-04-26T18:20:39","date_gmt":"2018-04-26T18:20:39","guid":{"rendered":"https:\/\/agropic.it\/prodotto\/aionios-calabrese-bergamot-et-elicriso-amaro-70cl\/"},"modified":"2025-11-26T16:27:33","modified_gmt":"2025-11-26T16:27:33","slug":"aionios-calabrese-bergamot-et-elicriso-amaro-70cl","status":"publish","type":"product","link":"https:\/\/agropic.it\/fr\/Produit\/aionios-calabrese-bergamot-et-elicriso-amaro-70cl\/","title":{"rendered":"AIONIOS CALABRESE BERGAMOT ET ELICRISO AMARO 70cl"},"content":{"rendered":"<h6>Aionios Amaro Calabrese avec Beragmotto et Helichrysum 70cl<\/h6>\n<h6>INGR\u00c9DIENTS :<\/h6>\n<p>L&rsquo;amaro AIONIOS se distingue par son m\u00e9lange d&rsquo;ingr\u00e9dients qui \u00e9voquent le territoire calabrais.<br \/>\nL&rsquo;h\u00e9lichryse, r\u00e9colt\u00e9e sur les pentes de l&rsquo;Aspromonte, apporte des notes chaudes et balsamiques, tandis que la bergamote, fruit embl\u00e9matique des c\u00f4tes baign\u00e9es par la mer Ionienne, conf\u00e8re une fra\u00eecheur d&rsquo;agrumes.<br \/>\nCette combinaison, enrichie par des herbes sauvages, cr\u00e9e un \u00e9quilibre unique entre le go\u00fbt aromatique des montagnes et la vivacit\u00e9 de la mer.<\/p>\n<p>28% VOL<\/p>\n<p>Format : 70 cl<\/p>\n<p>Ingr\u00e9dients : Alcool hydrat\u00e9, sucre caram\u00e9lis\u00e9, infusion d&rsquo;h\u00e9lichryse et de bergamote et extraits de plantes.<\/p>\n<h5>TRAITEMENT :<\/h5>\n<p>L&rsquo;infusion qui donne naissance \u00e0 un bitter \u00ab\u00a0\u00e9ternel\u00a0\u00bb est un processus lent et profond, au cours duquel les herbes, les racines et les \u00e9pices sont tremp\u00e9es pendant des semaines ou des mois dans de l&rsquo;alcool de qualit\u00e9 sup\u00e9rieure.<br \/>\nPendant cette longue p\u00e9riode, l&rsquo;alcool extrait patiemment les saveurs les plus intenses et les plus cach\u00e9es des ingr\u00e9dients, cr\u00e9ant une complexit\u00e9 et un \u00e9quilibre uniques entre les notes am\u00e8res, douces et aromatiques.<br \/>\nLe r\u00e9sultat est un amer qui semble acqu\u00e9rir un caract\u00e8re immortel, car chaque gorg\u00e9e r\u00e9v\u00e8le des couches de saveurs qui continuent d&rsquo;\u00e9voluer avec le temps, donnant une sensation d&rsquo;\u00e9ternit\u00e9 au palais.<\/p>\n<h5>L&rsquo;AMARO ETERNO \u00e0 l&rsquo;H\u00e9lichryse et \u00e0 la Bergamote de Calabre<\/h5>\n<p>AIONIOS est un bitter raffin\u00e9 et intense, fruit d&rsquo;une ancienne recette transmise de g\u00e9n\u00e9ration en g\u00e9n\u00e9ration, qui procure des \u00e9motions \u00e0 chaque gorg\u00e9e gr\u00e2ce \u00e0 un arri\u00e8re-go\u00fbt persistant qui parle de la Calabre. Il se distingue par son profil aromatique incomparable, fruit de la fusion harmonieuse et savante de l&rsquo;h\u00e9lichryse et de la bergamote, r\u00e9colt\u00e9es sur les terrains rocailleux de l&rsquo;Aspromonte et le long de la c\u00f4te de la mer Ionienne.<br \/>\nAIONIOS\u00a0\u00bb d\u00e9signe, dans la langue grecque ancienne, la force vitale, \u00ab\u00a0l&rsquo;\u00e9ternel\u00a0\u00bb, l&rsquo;un des nombreux noms populaires attribu\u00e9s \u00e0 l&rsquo;h\u00e9lichryse.<\/p>\n<p>Un verre de cette liqueur \u00e9tait offert dans des circonstances particuli\u00e8res et pour c\u00e9l\u00e9brer des moments de joie et de bonheur avec l&rsquo;espoir qu&rsquo;ils durent toujours.<\/p>\n<h6>QUI SOMMES-NOUS ?<\/h6>\n<p>Agro Pic est une entreprise qui produit des jus de fruits artisanaux, des confitures, du miel, des pur\u00e9es de tomates, des conserves \u00e0 l&rsquo;huile et des \u00e9pices. Nous sommes situ\u00e9s en Calabre, \u00e0 quelques pas du parc national de l&rsquo;Aspromonte (<br \/>\n) et \u00e0 quelques kilom\u00e8tres de la fantastique mer Ionienne.<br \/>\nNotre exp\u00e9rience et notre connaissance approfondie des produits locaux se traduisent par une recherche continue qui nous guide dans la s\u00e9lection des meilleures herbes et des meilleurs ingr\u00e9dients de la r\u00e9gion.<br \/>\nC&rsquo;est ainsi que prennent vie les recettes authentiques qui donnent naissance \u00e0 notre amer, expression de la tradition et de la nature qui nous entoure.<\/p>\n<p><strong>Entreprise familiale et s\u00e9lection des meilleures mati\u00e8res premi\u00e8res<\/strong>, cultiv\u00e9es dans le sol fertile de l&rsquo;entreprise et transform\u00e9es selon une tradition ancestrale.<\/p>\n<p>Outre l&rsquo;Amaro Aionios, nous proposons une large gamme de produits, tous transform\u00e9s \u00e0 l&rsquo;\u00e9tat frais et selon des m\u00e9thodes artisanales, \u00e0 la saveur incomparable, tels que des jus de fruits, des confitures et des marmelades de fruits de saison, des pur\u00e9es de tomates, des cr\u00e8mes, du miel et des conserves \u00e0 l&rsquo;huile.<\/p>\n<p>L<strong>&lsquo;objectif principal de l&rsquo;activit\u00e9 est de valoriser les saveurs et les fruits de la Calabre, en particulier ceux qui sont sp\u00e9ciaux et g\u00e9n\u00e9ralement moins connus<\/strong>, comme la bergamote, un fruit aux multiples propri\u00e9t\u00e9s b\u00e9n\u00e9fiques, aussi unique et acide que l&rsquo;ensemble du territoire calabrais.<\/p>\n<p>Nous proposons des produits authentiques de haute qualit\u00e9, issus d&rsquo;une s\u00e9lection rigoureuse et contr\u00f4l\u00e9e de mati\u00e8res premi\u00e8res, dont la plupart sont cultiv\u00e9es directement par nos soins et obtenues sans l&rsquo;utilisation de produits chimiques.<\/p>\n<p>Nature, tradition et haute qualit\u00e9 sont les ingr\u00e9dients du succ\u00e8s d&rsquo;Agro Pic.<\/p>\n<p>Suivez-nous sur INSTAGRAM pour d\u00e9couvrir toute l&rsquo;actualit\u00e9 d&rsquo;Agro Pic<\/p>\n<p><a href=\"https:\/\/www.instagram.com\/agropic\/\" target=\"_blank\" rel=\"noopener\">https:\/\/www.instagram.com\/agropic\/<\/a><\/p>\n<p><strong>Pour toute information sur nos produits, n&rsquo;h\u00e9sitez pas \u00e0 <a href=\"https:\/\/www.agropic.it\/contatti\/\">nous contacter :<\/a><\/strong><\/p>\n<p>cellule. 3495651669<\/p>\n<p>Adresse \u00e9lectronique : info@agropic.it<\/p>\n<p>T\u00e9l. 0964 1955229<\/p>\n","protected":false},"excerpt":{"rendered":"<h6>Aionios Amaro Calabrese avec Beragmotto et Helichrysum 70cl<\/h6>\n<h6>INGR\u00c9DIENTS :<\/h6>\n<p>L&rsquo;amaro AIONIOS se distingue par son m\u00e9lange d&rsquo;ingr\u00e9dients qui \u00e9voquent le territoire calabrais.<br \/>\nL&rsquo;h\u00e9lichryse, r\u00e9colt\u00e9e sur les pentes de l&rsquo;Aspromonte, apporte des notes chaudes et balsamiques, tandis que la bergamote, fruit embl\u00e9matique des c\u00f4tes baign\u00e9es par la mer Ionienne, conf\u00e8re une fra\u00eecheur d&rsquo;agrumes.<br \/>\nCette combinaison, enrichie d&rsquo;herbes sauvages, cr\u00e9e un \u00e9quilibre unique entre le go\u00fbt aromatique des montagnes et la vivacit\u00e9 de la mer.<\/p>\n<p>28% VOL<\/p>\n<p>Format : 70 cl<\/p>\n<p>Ingr\u00e9dients : Alcool hydrat\u00e9, sucre caram\u00e9lis\u00e9, infusion d&rsquo;h\u00e9lichryse et de bergamote et extraits de plantes.&hellip; <a class=\"kt-excerpt-readmore more-link\" href=\"https:\/\/agropic.it\/fr\/Produit\/aionios-calabrese-bergamot-et-elicriso-amaro-70cl\/\" aria-label=\"AIONIOS CALABRESE BERGAMOT ET ELICRISO AMARO 70cl\">Read More<\/a><\/p>\n","protected":false},"featured_media":10106,"comment_status":"closed","ping_status":"closed","template":"","meta":{"kt_blocks_editor_width":"","_kad_blocks_custom_css":"","_kad_blocks_head_custom_js":"","_kad_blocks_body_custom_js":"","_kad_blocks_footer_custom_js":""},"product_brand":[],"product_cat":[294],"product_tag":[],"class_list":{"0":"post-11276","1":"product","2":"type-product","3":"status-publish","4":"has-post-thumbnail","6":"product_cat-jus-de-bergamote","8":"first","9":"instock","10":"shipping-taxable","11":"purchasable","12":"product-type-simple"},"taxonomy_info":{"product_cat":[{"value":294,"label":"Jus de bergamote"}]},"featured_image_src_large":["https:\/\/agropic.it\/wp-content\/uploads\/2018\/04\/Progetto-senza-titolo-1-960x960.jpg",960,960,true],"author_info":[],"comment_info":0,"_links":{"self":[{"href":"https:\/\/agropic.it\/fr\/wp-json\/wp\/v2\/product\/11276","targetHints":{"allow":["GET"]}}],"collection":[{"href":"https:\/\/agropic.it\/fr\/wp-json\/wp\/v2\/product"}],"about":[{"href":"https:\/\/agropic.it\/fr\/wp-json\/wp\/v2\/types\/product"}],"replies":[{"embeddable":true,"href":"https:\/\/agropic.it\/fr\/wp-json\/wp\/v2\/comments?post=11276"}],"wp:featuredmedia":[{"embeddable":true,"href":"https:\/\/agropic.it\/fr\/wp-json\/wp\/v2\/media\/10106"}],"wp:attachment":[{"href":"https:\/\/agropic.it\/fr\/wp-json\/wp\/v2\/media?parent=11276"}],"wp:term":[{"taxonomy":"product_brand","embeddable":true,"href":"https:\/\/agropic.it\/fr\/wp-json\/wp\/v2\/product_brand?post=11276"},{"taxonomy":"product_cat","embeddable":true,"href":"https:\/\/agropic.it\/fr\/wp-json\/wp\/v2\/product_cat?post=11276"},{"taxonomy":"product_tag","embeddable":true,"href":"https:\/\/agropic.it\/fr\/wp-json\/wp\/v2\/product_tag?post=11276"}],"curies":[{"name":"wp","href":"https:\/\/api.w.org\/{rel}","templated":true}]}}