{"id":11272,"date":"2021-05-26T15:06:40","date_gmt":"2025-04-04T16:25:29","guid":{"rendered":"https:\/\/agropic.it\/prodotto\/coeurs-dartichauts-sauvages-a-lhuile-180g\/"},"modified":"2025-04-04T16:25:29","modified_gmt":"2025-04-04T16:25:29","slug":"coeurs-dartichauts-sauvages-a-lhuile-180g","status":"publish","type":"product","link":"https:\/\/agropic.it\/fr\/Produit\/coeurs-dartichauts-sauvages-a-lhuile-180g\/","title":{"rendered":"Coeurs d&rsquo;artichauts sauvages \u00e0 l&rsquo;huile 180g"},"content":{"rendered":"<h6>Coeurs d&rsquo;artichauts sauvages \u00e0 l&rsquo;huile<\/h6>\n<h6>D\u00e9licieuses conserves \u00e0 l&rsquo;huile cr\u00e9\u00e9es par Agro Pic de mani\u00e8re artisanale et au km 0, \u00e0 partir d&rsquo;artichauts sauvages qui poussent sur les pentes de l&rsquo;Aspromonte, cueillis et \u00e9pluch\u00e9s \u00e0 la main, puis transform\u00e9s selon la recette traditionnelle calabraise.<\/h6>\n<h6>Les c\u0153urs d&rsquo;artichauts sauvages \u00e0 l&rsquo;huile sont principalement consomm\u00e9s en ap\u00e9ritif, mais ils sont \u00e9galement id\u00e9aux pour farcir les sandwichs et dans les salades. Essayez-les \u00e9galement en accompagnement de plats de poisson et de viande. <\/h6>\n<p><strong>Format :<\/strong>180g<\/p>\n<p><strong>Ingr\u00e9dients :<\/strong> Coeurs d&rsquo;artichauts sauvages 50%, huile de graines de tournesol, huile d&rsquo;olive extra vierge, jus de citron, vinaigre de vin, sel, ail, feuille de laurier, menthe, origan.<\/p>\n<h6>Les artichauts sauvages sont \u00e9galement riches en fibres et en propri\u00e9t\u00e9s b\u00e9n\u00e9fiques !<\/h6>\n<p><strong>Valeurs nutritionnelles pour 100g de produit :<\/strong><\/p>\n<ul>\n<li>\u00c9nergie 288 Kcal \/ 1205 Kj<\/li>\n<li>Prot\u00e9ines 1,7 g<\/li>\n<li>Lipides 29g<\/li>\n<li>dont 5,9 g satur\u00e9s<\/li>\n<li>Glucides 1,8 g<\/li>\n<li>dont sucres 1,5g<\/li>\n<li>Sel 1.8g<\/li>\n<\/ul>\n<p>Conserver dans un endroit frais et sec, \u00e0 l&rsquo;abri de la lumi\u00e8re directe et des sources de chaleur.<\/p>\n<p><strong>Entreprise familiale et s\u00e9lection des meilleures mati\u00e8res premi\u00e8res<\/strong>, cultiv\u00e9es dans le sol fertile de l&rsquo;entreprise et transform\u00e9es selon une tradition ancestrale.<\/p>\n<p>Outre les c\u0153urs d&rsquo;artichauts sauvages \u00e0 l&rsquo;huile, nous vous proposons une large gamme de produits, tous \u00e9labor\u00e9s selon des m\u00e9thodes fra\u00eeches et artisanales, \u00e0 la saveur incomparable, tels que les jus de fruits, les confitures et les marmelades de fruits de saison, les pur\u00e9es de tomates, les cr\u00e8mes, le miel et les conserves \u00e0 l&rsquo;huile.<\/p>\n<p>L<strong>&lsquo;objectif principal de l&rsquo;activit\u00e9 est de valoriser les saveurs et les fruits de la Calabre, en particulier ceux qui sont sp\u00e9ciaux et g\u00e9n\u00e9ralement moins connus<\/strong>, comme la bergamote, un fruit aux multiples propri\u00e9t\u00e9s b\u00e9n\u00e9fiques, aussi unique et acide que l&rsquo;ensemble du territoire calabrais.<\/p>\n<p>Nous proposons des produits authentiques de haute qualit\u00e9, issus d&rsquo;une s\u00e9lection rigoureuse et contr\u00f4l\u00e9e de mati\u00e8res premi\u00e8res, dont la plupart sont cultiv\u00e9es directement par nos soins et obtenues sans l&rsquo;utilisation de produits chimiques.<\/p>\n<p>Nature, tradition et haute qualit\u00e9 sont les ingr\u00e9dients du succ\u00e8s d&rsquo;Agro Pic.<\/p>\n<p>Suivez-nous sur INSTAGRAM pour d\u00e9couvrir toute l&rsquo;actualit\u00e9 d&rsquo;Agro Pic<\/p>\n<p><a href=\"https:\/\/www.instagram.com\/agropic\/\" target=\"_blank\" rel=\"noopener\">https:\/\/www.instagram.com\/agropic\/<\/a><\/p>\n<p><strong>Pour toute information sur nos produits, n&rsquo;h\u00e9sitez pas \u00e0 <a href=\"https:\/\/www.agropic.it\/contatti\/\">nous contacter :<\/a><\/strong><\/p>\n<p>cellule. 3495651669<\/p>\n<p>Adresse \u00e9lectronique : info@agropic.it<\/p>\n<p>T\u00e9l. 0964 1955229<\/p>\n","protected":false},"excerpt":{"rendered":"<p><strong>D\u00e9licieuse confiture \u00e0 l&rsquo;huile cr\u00e9\u00e9e par Agro Pic de mani\u00e8re artisanale et au km 0, en utilisant des artichauts sauvages qui poussent \u00e0 l&rsquo;\u00e9tat sauvage sur les pentes de l&rsquo;Aspromonte, cueillis et \u00e9pluch\u00e9s \u00e0 la main. <\/strong><\/p>\n<p><strong>Format :<\/strong> 180g<\/p>\n<p><strong>Ingr\u00e9dients : <\/strong>Coeurs d&rsquo;artichauts sauvages 50%, huile de graines de tournesol, huile d&rsquo;olive extra vierge, jus de citron, vinaigre de vin, sel, ail, laurier, menthe, origan.<\/p>\n<p>Lisez la description compl\u00e8te du produit ci-dessous !<\/p>\n<p><strong>Achetez-le maintenant et recevez-le en 48\/72 heures \u00e0 votre domicile !<\/strong>&hellip; <a class=\"kt-excerpt-readmore more-link\" href=\"https:\/\/agropic.it\/fr\/Produit\/coeurs-dartichauts-sauvages-a-lhuile-180g\/\" aria-label=\"Coeurs d&rsquo;artichauts sauvages \u00e0 l&rsquo;huile 180g\">Read More<\/a><\/p>\n","protected":false},"featured_media":7579,"comment_status":"closed","ping_status":"closed","template":"","meta":{"kt_blocks_editor_width":"","_kad_blocks_custom_css":"","_kad_blocks_head_custom_js":"","_kad_blocks_body_custom_js":"","_kad_blocks_footer_custom_js":""},"product_brand":[],"product_cat":[266],"product_tag":[1075,1077,1078,1076,1074],"class_list":{"0":"post-11272","1":"product","2":"type-product","3":"status-publish","4":"has-post-thumbnail","6":"product_cat-conserves-a-lhuile-et-en-aigre-doux","7":"product_tag-artichauts-a-lhuile","8":"product_tag-artichauts-sauvages","9":"product_tag-artichauts-sauvages-a-lhuile","10":"product_tag-coeurs-dartichauts-a-lhuile","11":"product_tag-zinurra-fr","13":"first","14":"instock","15":"shipping-taxable","16":"purchasable","17":"product-type-simple"},"taxonomy_info":{"product_cat":[{"value":266,"label":"Conserves \u00e0 l\u2019huile et en aigre-doux"}],"product_tag":[{"value":1075,"label":"artichauts \u00e0 l'huile"},{"value":1077,"label":"artichauts sauvages"},{"value":1078,"label":"artichauts sauvages \u00e0 l'huile"},{"value":1076,"label":"Coeurs d'artichauts \u00e0 l'huile"},{"value":1074,"label":"zinurra"}]},"featured_image_src_large":["https:\/\/agropic.it\/wp-content\/uploads\/2022\/12\/cuori-di-carciofini-selvatici-sottolio-1-960x960.jpg",960,960,true],"author_info":[],"comment_info":0,"_links":{"self":[{"href":"https:\/\/agropic.it\/fr\/wp-json\/wp\/v2\/product\/11272","targetHints":{"allow":["GET"]}}],"collection":[{"href":"https:\/\/agropic.it\/fr\/wp-json\/wp\/v2\/product"}],"about":[{"href":"https:\/\/agropic.it\/fr\/wp-json\/wp\/v2\/types\/product"}],"replies":[{"embeddable":true,"href":"https:\/\/agropic.it\/fr\/wp-json\/wp\/v2\/comments?post=11272"}],"wp:featuredmedia":[{"embeddable":true,"href":"https:\/\/agropic.it\/fr\/wp-json\/wp\/v2\/media\/7579"}],"wp:attachment":[{"href":"https:\/\/agropic.it\/fr\/wp-json\/wp\/v2\/media?parent=11272"}],"wp:term":[{"taxonomy":"product_brand","embeddable":true,"href":"https:\/\/agropic.it\/fr\/wp-json\/wp\/v2\/product_brand?post=11272"},{"taxonomy":"product_cat","embeddable":true,"href":"https:\/\/agropic.it\/fr\/wp-json\/wp\/v2\/product_cat?post=11272"},{"taxonomy":"product_tag","embeddable":true,"href":"https:\/\/agropic.it\/fr\/wp-json\/wp\/v2\/product_tag?post=11272"}],"curies":[{"name":"wp","href":"https:\/\/api.w.org\/{rel}","templated":true}]}}