{"id":11266,"date":"2024-01-20T13:43:29","date_gmt":"2025-04-04T16:25:15","guid":{"rendered":"https:\/\/agropic.it\/prodotto\/marmelade-dorange-et-de-chocolat-noir-220g\/"},"modified":"2025-04-04T16:25:15","modified_gmt":"2025-04-04T16:25:15","slug":"marmelade-dorange-et-de-chocolat-noir-220g","status":"publish","type":"product","link":"https:\/\/agropic.it\/fr\/Produit\/marmelade-dorange-et-de-chocolat-noir-220g\/","title":{"rendered":"Marmelade d&rsquo;orange et de chocolat noir 220g"},"content":{"rendered":"<h6>La marmelade d&rsquo;orange et de chocolat noir est une d\u00e9licieuse combinaison de saveurs, associant l&rsquo;ar\u00f4me d&rsquo;agrumes des oranges \u00e0 la richesse et \u00e0 la profondeur du chocolat noir.<\/h6>\n<p>Le go\u00fbt est un \u00e9quilibre parfait entre la douceur des oranges et l&rsquo;intensit\u00e9 complexe du chocolat noir. Les oranges apportent leur fra\u00eecheur et leur acidit\u00e9, tandis que le chocolat noir ajoute une richesse cr\u00e9meuse et un arri\u00e8re-go\u00fbt l\u00e9g\u00e8rement amer. Cette combinaison cr\u00e9e une exp\u00e9rience gustative sophistiqu\u00e9e et satisfaisante.  <\/p>\n<div class=\"group\/conversation-turn relative flex w-full min-w-0 flex-col agent-turn\">\n<div class=\"flex-col gap-1 md:gap-3\">\n<div class=\"flex max-w-full flex-col flex-grow\">\n<div class=\"min-h-8 text-message flex w-full flex-col items-end gap-2 whitespace-normal break-words text-start [.text-message+&amp;]:mt-5\" dir=\"auto\" data-message-author-role=\"assistant\" data-message-id=\"fc6de168-253f-42ce-9c55-b8576c8c46a1\" data-message-model-slug=\"gpt-4o-mini\">\n<div class=\"flex w-full flex-col gap-1 empty:hidden first:pt-[3px]\">\n<div class=\"markdown prose w-full break-words dark:prose-invert light\">\n<p>La marmelade d&rsquo;orange et de chocolat noir est une combinaison qui met l&rsquo;eau \u00e0 la bouche et qui peut \u00eatre utilis\u00e9e de diff\u00e9rentes mani\u00e8res pour enrichir vos pr\u00e9parations. Voici quelques id\u00e9es d&rsquo;utilisation : <\/p>\n<p>1. <strong>Sur toast ou biscotte<\/strong><\/p>\n<p>Un classique qui ne d\u00e9\u00e7oit jamais ! \u00c9talez la confiture sur une tranche de pain grill\u00e9 ou sur des biscottes pour un petit-d\u00e9jeuner riche et savoureux. Le contraste entre la douceur de l&rsquo;orange et l&rsquo;intensit\u00e9 du chocolat noir est parfait.2.    <strong>En combinaison avec des fromages<\/strong><\/p>\n<p>La marmelade d&rsquo;orange et de chocolat se marie tr\u00e8s bien avec les fromages affin\u00e9s comme le pecorino, le parmesan ou m\u00eame les fromages plus doux comme le fromage de ch\u00e8vre. Elle peut \u00eatre utilis\u00e9e comme garniture lors d&rsquo;une d\u00e9gustation de fromages, apportant une touche sucr\u00e9e et un peu d&rsquo;originalit\u00e9. <\/p>\n<p>3. <strong>Comme garniture pour les g\u00e2teaux<\/strong><\/p>\n<p>Vous pouvez utiliser la confiture pour garnir des biscuits, des tartes ou des g\u00e2teaux. Par exemple, pr\u00e9parez une p\u00e2te bris\u00e9e et remplissez-la de confiture, puis faites-la cuire au four. La combinaison du chocolat noir et de l&rsquo;orange rendra le dessert irr\u00e9sistible.  <\/p>\n<p>4. <strong>Dans les glaces ou les sorbets<\/strong><\/p>\n<p>La marmelade d&rsquo;orange et de chocolat noir peut constituer une excellente garniture pour les glaces ou les sorbets. Ou encore, m\u00e9lang\u00e9e \u00e0 de la glace \u00e0 la vanille ou au chocolat, elle cr\u00e9e un dessert original et rafra\u00eechissant. <\/p>\n<p>5. <strong>Dans les cr\u00eapes ou les gaufres<\/strong><\/p>\n<p>Utilisez la confiture comme garniture pour les cr\u00eapes ou les gaufres. Ajoutez \u00e9galement de la cr\u00e8me fouett\u00e9e ou du yaourt pour un dessert ou un petit-d\u00e9jeuner plus riche. <\/p>\n<\/div>\n<\/div>\n<\/div>\n<\/div>\n<\/div>\n<\/div>\n<p>Une cr\u00e9ation d\u00e9licieuse qui satisfait les palais les plus exigeants, offrant une symphonie de saveurs \u00e0 chaque cuiller\u00e9e.<\/p>\n<p><strong>Ingr\u00e9dients :<\/strong> Oranges 68%, sucre, chocolat noir 3% (sucre, p\u00e2te de cacao, beurre de cacao, \u00e9mulsifiant : l\u00e9cithine de soja*, ar\u00f4me), \u00e9paississant : pectine. ALLERG\u00c8NES : produits avec * <\/p>\n<p>Sans conservateur<\/p>\n<p><strong>Format :<\/strong> 220g<\/p>\n<p><strong>Origine oranges :<\/strong> Italie (Calabre)<\/p>\n<p>Stockage <strong>: <\/strong>Conserver dans un endroit frais et sec, \u00e0 l&rsquo;abri des sources de chaleur et de lumi\u00e8re. Apr\u00e8s ouverture, conserver au r\u00e9frig\u00e9rateur et consommer dans les jours qui suivent. <\/p>\n<p><strong>Entreprise familiale et s\u00e9lection des meilleures mati\u00e8res premi\u00e8res<\/strong>, cultiv\u00e9es dans le sol fertile de l&rsquo;entreprise et transform\u00e9es selon une tradition ancestrale.<\/p>\n<p>Outre la marmelade d&rsquo;orange et le chocolat noir, nous vous proposons une large gamme de produits, tous transform\u00e9s \u00e0 l&rsquo;\u00e9tat frais et selon des m\u00e9thodes artisanales, \u00e0 la saveur incomparable, tels que des jus de fruits, des confitures et marmelades de fruits de saison, des pur\u00e9es de tomates, des cr\u00e8mes, du miel et des conserves \u00e0 l&rsquo;huile.<\/p>\n<p>L<strong>&lsquo;objectif principal de l&rsquo;activit\u00e9 est de valoriser les saveurs et les fruits de la Calabre, en particulier ceux qui sont sp\u00e9ciaux et g\u00e9n\u00e9ralement moins connus<\/strong>, comme la bergamote, un fruit aux multiples propri\u00e9t\u00e9s b\u00e9n\u00e9fiques, aussi unique et acide que l&rsquo;ensemble du territoire calabrais.<\/p>\n<p>Nous proposons des produits authentiques de haute qualit\u00e9, issus d&rsquo;une s\u00e9lection rigoureuse et contr\u00f4l\u00e9e de mati\u00e8res premi\u00e8res, dont la plupart sont cultiv\u00e9es directement par nos soins et obtenues sans l&rsquo;utilisation de produits chimiques.<\/p>\n<p>Nature, tradition et haute qualit\u00e9 sont les ingr\u00e9dients du succ\u00e8s d&rsquo;Agro Pic.<\/p>\n<p>Suivez-nous sur INSTAGRAM pour d\u00e9couvrir toute l&rsquo;actualit\u00e9 d&rsquo;Agro Pic<\/p>\n<p><a href=\"https:\/\/www.instagram.com\/agropic\/\" target=\"_blank\" rel=\"noopener\">https:\/\/www.instagram.com\/agropic\/<\/a><\/p>\n<p><strong>Pour toute information sur nos produits, n&rsquo;h\u00e9sitez pas \u00e0 <a href=\"https:\/\/www.agropic.it\/contatti\/\">nous contacter :<\/a><\/strong><\/p>\n<p>cellule. 3495651669<\/p>\n<p>Adresse \u00e9lectronique : info@agropic.it<\/p>\n<p>T\u00e9l. 0964 1955229<\/p>\n<p>&nbsp;<\/p>\n<p>&nbsp;<\/p>\n<p>&nbsp;<\/p>\n","protected":false},"excerpt":{"rendered":"<p>La marmelade d&rsquo;orange et de chocolat noir est une d\u00e9licieuse combinaison de saveurs, associant l&rsquo;ar\u00f4me d&rsquo;agrumes des oranges \u00e0 la richesse et \u00e0 la profondeur du chocolat noir.<\/p>\n<p>Il est id\u00e9al pour tartiner des tranches de pain grill\u00e9, des croissants ou pour garnir des g\u00e2teaux et des tartes. Il peut \u00e9galement \u00eatre associ\u00e9 \u00e0 des fromages \u00e0 p\u00e2te dure pour cr\u00e9er une combinaison de saveurs unique. <\/p>\n<p><strong>Ingr\u00e9dients :<\/strong> Oranges 68%, sucre, chocolat noir 3% (sucre, p\u00e2te de cacao, beurre de cacao, \u00e9mulsifiant : l\u00e9cithine de soja*, ar\u00f4me), \u00e9paississant : pectine. ALLERG\u00c8NES : produits avec * <\/p>\n<p><strong>Origine oranges :<\/strong> Italie (Calabre) <strong>Format :<\/strong> 220g<\/p>\n<p>Lisez la description compl\u00e8te du produit ci-dessous.<\/p>\n<p>&nbsp;<\/p>\n<p><strong>Achetez maintenant et recevez le produit chez vous en 2 ou 3 jours.<\/strong>&hellip; <a class=\"kt-excerpt-readmore more-link\" href=\"https:\/\/agropic.it\/fr\/Produit\/marmelade-dorange-et-de-chocolat-noir-220g\/\" aria-label=\"Marmelade d&rsquo;orange et de chocolat noir 220g\">Read More<\/a><\/p>\n","protected":false},"featured_media":8200,"comment_status":"closed","ping_status":"closed","template":"","meta":{"kt_blocks_editor_width":"","_kad_blocks_custom_css":"","_kad_blocks_head_custom_js":"","_kad_blocks_body_custom_js":"","_kad_blocks_footer_custom_js":""},"product_brand":[],"product_cat":[263],"product_tag":[1048,1047],"class_list":{"0":"post-11266","1":"product","2":"type-product","3":"status-publish","4":"has-post-thumbnail","6":"product_cat-confitures-et-confitures","7":"product_tag-confiture-de-chocolat","8":"product_tag-marmelade-dorange-et-de-chocolat","10":"first","11":"instock","12":"shipping-taxable","13":"purchasable","14":"product-type-simple"},"taxonomy_info":{"product_cat":[{"value":263,"label":"Confitures et confitures"}],"product_tag":[{"value":1048,"label":"confiture de chocolat"},{"value":1047,"label":"marmelade d'orange et de chocolat"}]},"featured_image_src_large":["https:\/\/agropic.it\/wp-content\/uploads\/2024\/01\/Marmellata-di-arance-e-cioccolato-fondente-960x960.jpg",960,960,true],"author_info":[],"comment_info":0,"_links":{"self":[{"href":"https:\/\/agropic.it\/fr\/wp-json\/wp\/v2\/product\/11266","targetHints":{"allow":["GET"]}}],"collection":[{"href":"https:\/\/agropic.it\/fr\/wp-json\/wp\/v2\/product"}],"about":[{"href":"https:\/\/agropic.it\/fr\/wp-json\/wp\/v2\/types\/product"}],"replies":[{"embeddable":true,"href":"https:\/\/agropic.it\/fr\/wp-json\/wp\/v2\/comments?post=11266"}],"wp:featuredmedia":[{"embeddable":true,"href":"https:\/\/agropic.it\/fr\/wp-json\/wp\/v2\/media\/8200"}],"wp:attachment":[{"href":"https:\/\/agropic.it\/fr\/wp-json\/wp\/v2\/media?parent=11266"}],"wp:term":[{"taxonomy":"product_brand","embeddable":true,"href":"https:\/\/agropic.it\/fr\/wp-json\/wp\/v2\/product_brand?post=11266"},{"taxonomy":"product_cat","embeddable":true,"href":"https:\/\/agropic.it\/fr\/wp-json\/wp\/v2\/product_cat?post=11266"},{"taxonomy":"product_tag","embeddable":true,"href":"https:\/\/agropic.it\/fr\/wp-json\/wp\/v2\/product_tag?post=11266"}],"curies":[{"name":"wp","href":"https:\/\/api.w.org\/{rel}","templated":true}]}}