{"id":11265,"date":"2024-01-23T09:08:49","date_gmt":"2024-01-23T09:08:49","guid":{"rendered":"https:\/\/agropic.it\/prodotto\/creme-de-pistaches-200g\/"},"modified":"2025-04-04T16:25:14","modified_gmt":"2025-04-04T16:25:14","slug":"creme-de-pistaches-200g","status":"publish","type":"product","link":"https:\/\/agropic.it\/fr\/Produit\/creme-de-pistaches-200g\/","title":{"rendered":"Cr\u00e8me de pistaches 200g"},"content":{"rendered":"<h6>La cr\u00e8me de pistache est un excellent d\u00e9lice culinaire, riche et cr\u00e9meux, \u00e0 la saveur caract\u00e9ristique et irr\u00e9sistible de pistache. La saveur de la cr\u00e8me de pistache est caract\u00e9ristique et pleine, avec une combinaison \u00e9quilibr\u00e9e de douceur et une l\u00e9g\u00e8re note sal\u00e9e. <\/h6>\n<p>Cette cr\u00e8me est fabriqu\u00e9e \u00e0 partir de pistaches de la plus haute qualit\u00e9 et peut \u00eatre \u00e9tal\u00e9e sur des toasts, utilis\u00e9e comme garniture pour des g\u00e2teaux, ajout\u00e9e \u00e0 la cr\u00e8me glac\u00e9e, ou enrichir la saveur des g\u00e2teaux, des biscuits et autres.<\/p>\n<p><strong>Ingr\u00e9dients :<\/strong> Pistaches* 40%, sucre, huile de tournesol riche en acide ol\u00e9ique, graisse v\u00e9g\u00e9tale, lait \u00e9cr\u00e9m\u00e9* en poudre, lactos\u00e9rum* en poudre, \u00e9mulsifiant : l\u00e9cithine de soja*. Allerg\u00e8nes : produits avec * <\/p>\n<p><strong>Format :<\/strong> 200g<\/p>\n<h6><strong>Valeurs nutritionnelles moyennes pour 100g de produit :<\/strong><\/h6>\n<ul>\n<li>\n<h6>\u00c9nergie 560 kcal &#8211; 2331 kj<\/h6>\n<\/li>\n<li>\n<h6>Mati\u00e8res grasses 36.8g<\/h6>\n<\/li>\n<li>\n<h6>dont 7,4 g satur\u00e9s<\/h6>\n<\/li>\n<li>\n<h6>Glucides 44,9 g<\/h6>\n<\/li>\n<li>\n<h6>dont sucres 41,6 g<\/h6>\n<\/li>\n<li>\n<h6>Prot\u00e9ines 10.4g<\/h6>\n<\/li>\n<li>\n<h6>Sel 0.13g<\/h6>\n<\/li>\n<\/ul>\n<p><strong>Entreprise familiale et s\u00e9lection des meilleures mati\u00e8res premi\u00e8res<\/strong>, cultiv\u00e9es dans le sol fertile de l&rsquo;entreprise et transform\u00e9es selon une tradition ancestrale.<\/p>\n<p>Outre la cr\u00e8me de pistache, nous vous proposons une large gamme de produits, tous fra\u00eechement transform\u00e9s selon des m\u00e9thodes artisanales et au go\u00fbt inimitable, tels que des jus de fruits, des confitures et marmelades de fruits de saison, des pur\u00e9es de tomates, des cr\u00e8mes, du miel et des conserves \u00e0 l&rsquo;huile.<\/p>\n<p>L<strong>&lsquo;objectif principal de l&rsquo;activit\u00e9 est de valoriser les saveurs et les fruits de la Calabre, en particulier ceux qui sont sp\u00e9ciaux et g\u00e9n\u00e9ralement moins connus<\/strong>, comme la bergamote, un fruit aux multiples propri\u00e9t\u00e9s b\u00e9n\u00e9fiques, aussi unique et acide que l&rsquo;ensemble du territoire calabrais.<\/p>\n<p>Nous proposons des produits authentiques de haute qualit\u00e9, issus d&rsquo;une s\u00e9lection rigoureuse et contr\u00f4l\u00e9e de mati\u00e8res premi\u00e8res, dont la plupart sont cultiv\u00e9es directement par nos soins et obtenues sans l&rsquo;utilisation de produits chimiques.<\/p>\n<p>Nature, tradition et haute qualit\u00e9 sont les ingr\u00e9dients du succ\u00e8s d&rsquo;Agro Pic.<\/p>\n<p>Suivez-nous sur INSTAGRAM pour d\u00e9couvrir toute l&rsquo;actualit\u00e9 d&rsquo;Agro Pic<\/p>\n<p><a href=\"https:\/\/www.instagram.com\/agropic\/\" target=\"_blank\" rel=\"noopener\">https:\/\/www.instagram.com\/agropic\/<\/a><\/p>\n<p><strong>Pour toute information sur nos produits, n&rsquo;h\u00e9sitez pas \u00e0 <a href=\"https:\/\/www.agropic.it\/contatti\/\">nous contacter :<\/a><\/strong><\/p>\n<p>cellule. 3495651669<\/p>\n<p>Adresse \u00e9lectronique : info@agropic.it<\/p>\n<p>T\u00e9l. 0964 1955229<\/p>\n<p>&nbsp;<\/p>\n","protected":false},"excerpt":{"rendered":"<p>La cr\u00e8me de pistache est un excellent d\u00e9lice culinaire, riche et cr\u00e9meux, \u00e0 la saveur caract\u00e9ristique et irr\u00e9sistible de pistache. La saveur de la cr\u00e8me de pistache est caract\u00e9ristique et pleine, avec une combinaison \u00e9quilibr\u00e9e de douceur et une l\u00e9g\u00e8re note sal\u00e9e. <\/p>\n<p>Cette cr\u00e8me est fabriqu\u00e9e \u00e0 partir de pistaches de la plus haute qualit\u00e9 et peut \u00eatre \u00e9tal\u00e9e sur des toasts, utilis\u00e9e comme garniture pour des g\u00e2teaux, ajout\u00e9e \u00e0 la cr\u00e8me glac\u00e9e, ou enrichir la saveur des g\u00e2teaux, des biscuits et autres.<\/p>\n<p><strong>Ingr\u00e9dients :<\/strong> Pistaches* 40%, sucre, huile de tournesol riche en acide ol\u00e9ique, graisse v\u00e9g\u00e9tale, lait \u00e9cr\u00e9m\u00e9* en poudre, lactos\u00e9rum* en poudre, \u00e9mulsifiant : l\u00e9cithine de soja*. Allerg\u00e8nes : produits avec * <\/p>\n<p><strong>Format :<\/strong> 200g<\/p>\n<p>Lisez la description compl\u00e8te pour plus d&rsquo;informations !<\/p>\n<p>&nbsp;<\/p>\n<p><strong>Achetez-le maintenant et recevez-le \u00e0 votre domicile en 2 ou 3 jours.<\/strong>&hellip; <a class=\"kt-excerpt-readmore more-link\" href=\"https:\/\/agropic.it\/fr\/Produit\/creme-de-pistaches-200g\/\" aria-label=\"Cr\u00e8me de pistaches 200g\">Read More<\/a><\/p>\n","protected":false},"featured_media":8185,"comment_status":"closed","ping_status":"closed","template":"","meta":{"kt_blocks_editor_width":"","_kad_blocks_custom_css":"","_kad_blocks_head_custom_js":"","_kad_blocks_body_custom_js":"","_kad_blocks_footer_custom_js":""},"product_brand":[],"product_cat":[247],"product_tag":[1045,1044,1043,1042,1046],"class_list":{"0":"post-11265","1":"product","2":"type-product","3":"status-publish","4":"has-post-thumbnail","6":"product_cat-cremes-pate-et-tartinades","7":"product_tag-creme-a-tartiner-a-la-pistache","8":"product_tag-creme-de-pistache-fr-2","9":"product_tag-creme-de-pistache-fr","10":"product_tag-creme-de-pistache","11":"product_tag-pate-a-tartiner-a-la-pistache","13":"first","14":"instock","15":"shipping-taxable","16":"purchasable","17":"product-type-simple"},"taxonomy_info":{"product_cat":[{"value":247,"label":"Cr\u00e8mes p\u00e2t\u00e9 et tartinades"}],"product_tag":[{"value":1045,"label":"cr\u00e8me \u00e0 tartiner \u00e0 la pistache"},{"value":1044,"label":"cr\u00e8me de pistache"},{"value":1043,"label":"cr\u00e8me de pistache"},{"value":1042,"label":"cr\u00e8me de pistache"},{"value":1046,"label":"p\u00e2te \u00e0 tartiner \u00e0 la pistache"}]},"featured_image_src_large":["https:\/\/agropic.it\/wp-content\/uploads\/2024\/01\/Crema-di-pistacchio-2-960x960.jpg",960,960,true],"author_info":[],"comment_info":0,"_links":{"self":[{"href":"https:\/\/agropic.it\/fr\/wp-json\/wp\/v2\/product\/11265","targetHints":{"allow":["GET"]}}],"collection":[{"href":"https:\/\/agropic.it\/fr\/wp-json\/wp\/v2\/product"}],"about":[{"href":"https:\/\/agropic.it\/fr\/wp-json\/wp\/v2\/types\/product"}],"replies":[{"embeddable":true,"href":"https:\/\/agropic.it\/fr\/wp-json\/wp\/v2\/comments?post=11265"}],"wp:featuredmedia":[{"embeddable":true,"href":"https:\/\/agropic.it\/fr\/wp-json\/wp\/v2\/media\/8185"}],"wp:attachment":[{"href":"https:\/\/agropic.it\/fr\/wp-json\/wp\/v2\/media?parent=11265"}],"wp:term":[{"taxonomy":"product_brand","embeddable":true,"href":"https:\/\/agropic.it\/fr\/wp-json\/wp\/v2\/product_brand?post=11265"},{"taxonomy":"product_cat","embeddable":true,"href":"https:\/\/agropic.it\/fr\/wp-json\/wp\/v2\/product_cat?post=11265"},{"taxonomy":"product_tag","embeddable":true,"href":"https:\/\/agropic.it\/fr\/wp-json\/wp\/v2\/product_tag?post=11265"}],"curies":[{"name":"wp","href":"https:\/\/api.w.org\/{rel}","templated":true}]}}