{"id":11262,"date":"2024-01-19T14:33:26","date_gmt":"2025-04-04T16:25:03","guid":{"rendered":"https:\/\/agropic.it\/prodotto\/miel-damande-mandormiele-250g\/"},"modified":"2025-04-04T16:25:03","modified_gmt":"2025-04-04T16:25:03","slug":"miel-damande-mandormiele-250g","status":"publish","type":"product","link":"https:\/\/agropic.it\/fr\/Produit\/miel-damande-mandormiele-250g\/","title":{"rendered":"Miel d&rsquo;amande &#8211; MANDORMIELE 250g"},"content":{"rendered":"<h6>Le miel d&rsquo;amande est une combinaison irr\u00e9sistible qui associe la douceur naturelle du miel au parfum enveloppant et \u00e0 la saveur d\u00e9licate des amandes. Sa texture est douce et soyeuse, tandis que le parfum d\u00e9licat des amandes se r\u00e9pand de mani\u00e8re invitante d\u00e8s l&rsquo;ouverture du pot. <\/h6>\n<h6>Ce miel aromatique est parfait pour tartiner les toasts, ajouter au yaourt ou aux c\u00e9r\u00e9ales pour un petit-d\u00e9jeuner raffin\u00e9, ou \u00eatre utilis\u00e9 comme ingr\u00e9dient dans les g\u00e2teaux et les desserts. Sa polyvalence le rend \u00e9galement id\u00e9al pour accompagner les fromages \u00e0 p\u00e2te dure ou comme ingr\u00e9dient secret dans les sauces et les marinades. <\/h6>\n<p><strong>Ingr\u00e9dients : <\/strong>Miel de sulla 99% et ar\u00f4me d&rsquo;amande 1%.<\/p>\n<p><strong>Origine Miel :<\/strong> Italie<\/p>\n<p><strong>Format :<\/strong> 250g<\/p>\n<p>La solidification \u00e9ventuelle du miel garantit l&rsquo;authenticit\u00e9 du produit en tant que processus naturel.<\/p>\n<p><strong>Stockage :<\/strong> Conserver dans un endroit frais et sec, \u00e0 l&rsquo;abri de la lumi\u00e8re directe et des sources de chaleur.<\/p>\n<p><strong>Valeurs nutritionnelles pour 100g de produit :<\/strong><\/p>\n<ul>\n<li>\u00c9nergie 304 kcal 1270 kj<\/li>\n<li>Prot\u00e9ines 0,4 g<\/li>\n<li>Lipides 0 g<\/li>\n<li>dont 0 g satur\u00e9<\/li>\n<li>Glucides 80,3 g<\/li>\n<li>dont sucres 80,3 g<\/li>\n<li>Sel 10 g<\/li>\n<\/ul>\n<p>Le miel de fleurs sauvages est riche en nutriments et constitue un \u00e9dulcorant et un \u00e9nergisant naturel. Excellent pour soulager la toux et les rhumes pendant les mois d&rsquo;hiver et pour lutter contre les allergies saisonni\u00e8res, il est \u00e9galement utilis\u00e9 pour purifier le foie et am\u00e9liorer le fonctionnement du syst\u00e8me digestif, et est l&rsquo;alli\u00e9 parfait pour les soins des cheveux et de la peau. <\/p>\n<p>Le miel de fleurs sauvages Agro Pic n&rsquo;est soumis \u00e0 aucune transformation industrielle afin de conserver toutes ses propri\u00e9t\u00e9s curatives.<\/p>\n<p><span style=\"font-family: inherit; font-size: 16px;\">Le miel Millefiori est un authentique tr\u00e9sor de la nature, trait\u00e9 avec soin et passion \u00e0 chaque \u00e9tape de son processus de production, de la r\u00e9colte \u00e0 l&rsquo;extraction du miel, qui s&rsquo;effectue avec le souci de pr\u00e9server toutes ses propri\u00e9t\u00e9s naturelles, jusqu&rsquo;\u00e0 l&#8217;emballage. Chaque \u00e9tape est r\u00e9alis\u00e9e \u00e0 la main, ce qui garantit un produit authentique et de qualit\u00e9, riche de toutes les caract\u00e9ristiques qui le rendent unique et appr\u00e9ci\u00e9.<br \/>\nProduit 100 % artisanal, monofloral et non pasteuris\u00e9. Vous recevez chez vous un produit naturel et authentique, issu de sols exempts de pesticides et de substances nocives pour les abeilles.  <\/span><\/p>\n<p><strong>Entreprise familiale et s\u00e9lection des meilleures mati\u00e8res premi\u00e8res<\/strong>, cultiv\u00e9es dans le sol fertile de l&rsquo;entreprise et transform\u00e9es selon une tradition ancestrale.<\/p>\n<p>Outre le miel d&rsquo;amande, nous vous proposons une large gamme de produits, tous fra\u00eechement transform\u00e9s selon des m\u00e9thodes artisanales et au go\u00fbt inimitable, tels que des jus de fruits, des confitures et des marmelades de fruits de saison, des pur\u00e9es de tomates, des cr\u00e8mes, du miel et des conserves \u00e0 l&rsquo;huile.<\/p>\n<p>L<strong>&lsquo;objectif principal de l&rsquo;activit\u00e9 est de valoriser les saveurs et les fruits de la Calabre, en particulier ceux qui sont sp\u00e9ciaux et g\u00e9n\u00e9ralement moins connus<\/strong>, comme la bergamote, un fruit aux multiples propri\u00e9t\u00e9s b\u00e9n\u00e9fiques, aussi unique et acide que l&rsquo;ensemble du territoire calabrais.<\/p>\n<p>Nous proposons des produits authentiques de haute qualit\u00e9, issus d&rsquo;une s\u00e9lection rigoureuse et contr\u00f4l\u00e9e de mati\u00e8res premi\u00e8res, dont la plupart sont cultiv\u00e9es directement par nos soins et obtenues sans l&rsquo;utilisation de produits chimiques.<\/p>\n<p>Nature, tradition et haute qualit\u00e9 sont les ingr\u00e9dients du succ\u00e8s d&rsquo;Agro Pic.<\/p>\n<p>Suivez-nous sur INSTAGRAM pour d\u00e9couvrir toute l&rsquo;actualit\u00e9 d&rsquo;Agro Pic<\/p>\n<p><a href=\"https:\/\/www.instagram.com\/agropic\/\" target=\"_blank\" rel=\"noopener\">https:\/\/www.instagram.com\/agropic\/<\/a><\/p>\n<p><strong>Pour toute information sur nos produits, n&rsquo;h\u00e9sitez pas \u00e0 <a href=\"https:\/\/www.agropic.it\/contatti\/\">nous contacter :<\/a><\/strong><\/p>\n<p>cellule. 3495651669<\/p>\n<p>Adresse \u00e9lectronique : info@agropic.it<\/p>\n<p>T\u00e9l. 0964 1955229<\/p>\n","protected":false},"excerpt":{"rendered":"<h6>Le miel d&rsquo;amande est une combinaison irr\u00e9sistible qui associe la douceur naturelle du miel au parfum enveloppant et \u00e0 la saveur d\u00e9licate des amandes. Sa texture est douce et soyeuse, tandis que le parfum d\u00e9licat des amandes se r\u00e9pand de mani\u00e8re invitante d\u00e8s l&rsquo;ouverture du pot. <\/h6>\n<p>Ce miel aromatique est parfait pour tartiner les toasts, ajouter au yaourt ou aux c\u00e9r\u00e9ales pour un petit-d\u00e9jeuner raffin\u00e9, ou \u00eatre utilis\u00e9 comme ingr\u00e9dient dans les g\u00e2teaux et les desserts. Sa polyvalence le rend \u00e9galement id\u00e9al pour accompagner les fromages \u00e0 p\u00e2te dure ou comme ingr\u00e9dient secret dans les sauces et les marinades. <\/p>\n<p><strong>Ingr\u00e9dients : Miel de sulla 99% et ar\u00f4me d&rsquo;amande 1%.<\/strong><\/p>\n<p><strong>Origine Miel :<\/strong> Italie<\/p>\n<p><strong>Format :<\/strong> 250g<\/p>\n<p>Lisez la description compl\u00e8te ci-dessous<\/p>\n<p>&nbsp;<\/p>\n<p><strong>Achetez maintenant et recevez le produit directement chez vous en 2 ou 3 jours.<\/strong><\/p>\n<p>&nbsp;&hellip; <a class=\"kt-excerpt-readmore more-link\" href=\"https:\/\/agropic.it\/fr\/Produit\/miel-damande-mandormiele-250g\/\" aria-label=\"Miel d&rsquo;amande &#8211; MANDORMIELE 250g\">Read More<\/a><\/p>\n","protected":false},"featured_media":8205,"comment_status":"closed","ping_status":"closed","template":"","meta":{"kt_blocks_editor_width":"","_kad_blocks_custom_css":"","_kad_blocks_head_custom_js":"","_kad_blocks_body_custom_js":"","_kad_blocks_footer_custom_js":""},"product_brand":[],"product_cat":[255],"product_tag":[1030,1032,1033,1028,1029,1031],"class_list":{"0":"post-11262","1":"product","2":"type-product","3":"status-publish","4":"has-post-thumbnail","6":"product_cat-miel","7":"product_tag-amandes-et-miel","8":"product_tag-mandormiele-fr","9":"product_tag-miel-aux-amandes","10":"product_tag-miel-damande","11":"product_tag-miel-et-amandes","12":"product_tag-specialites-au-miel-et-aux-amandes","14":"first","15":"instock","16":"shipping-taxable","17":"purchasable","18":"product-type-simple"},"taxonomy_info":{"product_cat":[{"value":255,"label":"Miel"}],"product_tag":[{"value":1030,"label":"amandes et miel"},{"value":1032,"label":"mandormiele"},{"value":1033,"label":"miel aux amandes"},{"value":1028,"label":"miel d'amande"},{"value":1029,"label":"miel et amandes"},{"value":1031,"label":"sp\u00e9cialit\u00e9s au miel et aux amandes"}]},"featured_image_src_large":["https:\/\/agropic.it\/wp-content\/uploads\/2024\/01\/Mandormiele-miele-alla-mandorla-960x960.jpg",960,960,true],"author_info":[],"comment_info":0,"_links":{"self":[{"href":"https:\/\/agropic.it\/fr\/wp-json\/wp\/v2\/product\/11262","targetHints":{"allow":["GET"]}}],"collection":[{"href":"https:\/\/agropic.it\/fr\/wp-json\/wp\/v2\/product"}],"about":[{"href":"https:\/\/agropic.it\/fr\/wp-json\/wp\/v2\/types\/product"}],"replies":[{"embeddable":true,"href":"https:\/\/agropic.it\/fr\/wp-json\/wp\/v2\/comments?post=11262"}],"wp:featuredmedia":[{"embeddable":true,"href":"https:\/\/agropic.it\/fr\/wp-json\/wp\/v2\/media\/8205"}],"wp:attachment":[{"href":"https:\/\/agropic.it\/fr\/wp-json\/wp\/v2\/media?parent=11262"}],"wp:term":[{"taxonomy":"product_brand","embeddable":true,"href":"https:\/\/agropic.it\/fr\/wp-json\/wp\/v2\/product_brand?post=11262"},{"taxonomy":"product_cat","embeddable":true,"href":"https:\/\/agropic.it\/fr\/wp-json\/wp\/v2\/product_cat?post=11262"},{"taxonomy":"product_tag","embeddable":true,"href":"https:\/\/agropic.it\/fr\/wp-json\/wp\/v2\/product_tag?post=11262"}],"curies":[{"name":"wp","href":"https:\/\/api.w.org\/{rel}","templated":true}]}}