{"id":11257,"date":"2024-01-18T10:32:50","date_gmt":"2025-04-04T16:21:47","guid":{"rendered":"https:\/\/agropic.it\/prodotto\/miel-de-chataignier-250-g\/"},"modified":"2025-04-04T16:21:47","modified_gmt":"2025-04-04T16:21:47","slug":"miel-de-chataignier-250-g","status":"publish","type":"product","link":"https:\/\/agropic.it\/fr\/Produit\/miel-de-chataignier-250-g\/","title":{"rendered":"Miel de ch\u00e2taignier 250 g"},"content":{"rendered":"<p><span style=\"font-family: inherit; font-size: 16px; font-weight: bold;\">Le miel de ch\u00e2taignier est l&rsquo;un des miels les plus fins. Il a une couleur fonc\u00e9e et une saveur intense et balsamique.<br \/>\n<\/span><\/p>\n<p>Le miel de <strong>ch\u00e2taignier<\/strong> est un miel monofloral connu pour sa saveur particuli\u00e8re, ses propri\u00e9t\u00e9s b\u00e9n\u00e9fiques et son utilisation polyvalente en cuisine et en m\u00e9decine naturelle. Il est recommand\u00e9 aux personnes qui aiment les miels peu sucr\u00e9s et pr\u00e9f\u00e8rent une <strong>saveur plus prononc\u00e9e<\/strong>. <\/p>\n<p><span style=\"font-family: inherit; font-size: 16px;\">Le miel de ch\u00e2taignier est un authentique tr\u00e9sor de la nature, trait\u00e9 avec soin et passion \u00e0 chaque \u00e9tape de son processus de production, de la r\u00e9colte \u00e0 l&rsquo;extraction du miel, qui s&rsquo;effectue avec le souci de pr\u00e9server toutes ses propri\u00e9t\u00e9s naturelles, jusqu&rsquo;\u00e0 l&#8217;emballage. Chaque \u00e9tape est r\u00e9alis\u00e9e \u00e0 la main, ce qui garantit un produit authentique, de grande qualit\u00e9 et riche de toutes les caract\u00e9ristiques qui le rendent unique et appr\u00e9ci\u00e9. <\/span><\/p>\n<p>Produit 100% artisanal, monofloral et non pasteuris\u00e9. Vous recevez chez vous un produit naturel et authentique, issu de sols exempts de pesticides et de substances nocives pour les abeilles. <\/p>\n<h5>Caract\u00e9ristiques du miel de ch\u00e2taignier<\/h5>\n<ol>\n<li><strong>Couleur<\/strong>: le miel de ch\u00e2taignier a une couleur tr\u00e8s fonc\u00e9e. Il est g\u00e9n\u00e9ralement plus fonc\u00e9 que les autres miels. <\/li>\n<li><strong>Go\u00fbt<\/strong>: Son go\u00fbt est peu sucr\u00e9, avec des notes l\u00e9g\u00e8rement <b>bois\u00e9es<\/b>.<\/li>\n<li><strong>Ar\u00f4me<\/strong>: L&rsquo;ar\u00f4me est assez intense, avec des notes d&rsquo;herbes rappelant les senteurs de la montagne.<\/li>\n<li><strong>Propri\u00e9t\u00e9s b\u00e9n\u00e9fiques du miel de ch\u00e2taignier<\/strong>: Le miel de ch\u00e2taignier est un alli\u00e9 pr\u00e9cieux pour la sant\u00e9, riche en fer, en sels min\u00e9raux tels que le magn\u00e9sium, le potassium, le sodium et le calcium, qui contribuent au bien-\u00eatre g\u00e9n\u00e9ral de l&rsquo;organisme. Gr\u00e2ce \u00e0 ses propri\u00e9t\u00e9s antibact\u00e9riennes et apaisantes, il est id\u00e9al pour soulager les gorges irrit\u00e9es et traiter les \u00e9tats grippaux, et il est \u00e9galement indiqu\u00e9 pour les personnes souffrant de constipation ou de probl\u00e8mes du syst\u00e8me urinaire. C&rsquo;est un rem\u00e8de naturel qui lib\u00e8re de l&rsquo;\u00e9nergie et favorise la r\u00e9cup\u00e9ration en cas de fatigue. C&rsquo;est un antioxydant puissant qui lutte contre le vieillissement cellulaire. Il favorise \u00e9galement la circulation sanguine, nettoie le foie et les voies urinaires et facilite la digestion, ce qui le rend adapt\u00e9 aux enfants et aux personnes \u00e2g\u00e9es.   <\/li>\n<\/ol>\n<p><strong>Format :<\/strong> 250g<\/p>\n<p><strong>Origine Miel :<\/strong> Italie (Calabre)<\/p>\n<p>La solidification \u00e9ventuelle du miel de ch\u00e2taignier garantit l&rsquo;authenticit\u00e9 du produit en tant que processus naturel.<\/p>\n<p><strong>Stockage :<\/strong> Conserver dans un endroit frais et sec, \u00e0 l&rsquo;abri de la lumi\u00e8re directe et des sources de chaleur.<\/p>\n<p><strong>Entreprise familiale et s\u00e9lection des meilleures mati\u00e8res premi\u00e8res<\/strong>, cultiv\u00e9es dans le sol fertile de l&rsquo;entreprise et transform\u00e9es selon une tradition ancestrale.<\/p>\n<p>Outre le miel de ch\u00e2taignier, nous vous proposons une large gamme de produits, tous fra\u00eechement transform\u00e9s selon des m\u00e9thodes artisanales et \u00e0 la saveur incomparable, tels que des jus de fruits, des confitures et des marmelades de fruits de saison, des pur\u00e9es de tomates, des cr\u00e8mes, du miel et des conserves \u00e0 l&rsquo;huile.<\/p>\n<p>L<strong>&lsquo;objectif principal de l&rsquo;activit\u00e9 est de valoriser les saveurs et les fruits de la Calabre, en particulier ceux qui sont sp\u00e9ciaux et g\u00e9n\u00e9ralement moins connus<\/strong>, comme la bergamote, un fruit aux multiples propri\u00e9t\u00e9s b\u00e9n\u00e9fiques, aussi unique et acide que l&rsquo;ensemble du territoire calabrais.<\/p>\n<p>Nous proposons des produits authentiques de haute qualit\u00e9, issus d&rsquo;une s\u00e9lection rigoureuse et contr\u00f4l\u00e9e de mati\u00e8res premi\u00e8res, dont la plupart sont cultiv\u00e9es directement par nos soins et obtenues sans l&rsquo;utilisation de produits chimiques.<\/p>\n<p>Nature, tradition et haute qualit\u00e9 sont les ingr\u00e9dients du succ\u00e8s d&rsquo;Agro Pic.<\/p>\n<p>Suivez-nous sur INSTAGRAM pour d\u00e9couvrir toute l&rsquo;actualit\u00e9 d&rsquo;Agro Pic<\/p>\n<p><a href=\"https:\/\/www.instagram.com\/agropic\/\" target=\"_blank\" rel=\"noopener\">https:\/\/www.instagram.com\/agropic\/<\/a><\/p>\n<p><strong>Pour toute information sur nos produits, n&rsquo;h\u00e9sitez pas \u00e0 <a href=\"https:\/\/www.agropic.it\/contatti\/\">nous contacter :<\/a><\/strong><\/p>\n<p>cellule. 3495651669<\/p>\n<p>Adresse \u00e9lectronique : info@agropic.it<\/p>\n<p>T\u00e9l. 0964 1955229<\/p>\n","protected":false},"excerpt":{"rendered":"<p><span style=\"font-family: inherit; font-size: 16px; font-weight: bold;\">Le miel de ch\u00e2taignier est l&rsquo;un des miels les plus fins. Il a une couleur fonc\u00e9e et une saveur intense et balsamique.<br \/>\n<\/span><\/p>\n<p>Le miel de <strong>ch\u00e2taignier<\/strong> est un miel monofloral connu pour sa saveur particuli\u00e8re, ses propri\u00e9t\u00e9s b\u00e9n\u00e9fiques et son utilisation polyvalente en cuisine et en m\u00e9decine naturelle. Il est recommand\u00e9 aux personnes qui aiment les miels peu sucr\u00e9s et pr\u00e9f\u00e8rent une <strong>saveur plus prononc\u00e9e<\/strong>. <\/p>\n<p>Produit 100% artisanal, monofloral et non pasteuris\u00e9.<\/p>\n<p>Format : 250g<\/p>\n<p>Origine Miel : Italie (Calabre)<\/p>\n<p>Lisez la description compl\u00e8te ci-dessous.<\/p>\n<p>&nbsp;<\/p>\n<p><strong>Achetez-le maintenant et recevez-le \u00e0 votre domicile en 2 ou 3 jours.<\/strong>&hellip; <a class=\"kt-excerpt-readmore more-link\" href=\"https:\/\/agropic.it\/fr\/Produit\/miel-de-chataignier-250-g\/\" aria-label=\"Miel de ch\u00e2taignier 250 g\">Read More<\/a><\/p>\n","protected":false},"featured_media":11345,"comment_status":"closed","ping_status":"closed","template":"","meta":{"kt_blocks_editor_width":"","_kad_blocks_custom_css":"","_kad_blocks_head_custom_js":"","_kad_blocks_body_custom_js":"","_kad_blocks_footer_custom_js":""},"product_brand":[],"product_cat":[255],"product_tag":[],"class_list":{"0":"post-11257","1":"product","2":"type-product","3":"status-publish","4":"has-post-thumbnail","6":"product_cat-miel","8":"first","9":"instock","10":"shipping-taxable","11":"purchasable","12":"product-type-simple"},"taxonomy_info":{"product_cat":[{"value":255,"label":"Miel"}]},"featured_image_src_large":["https:\/\/agropic.it\/wp-content\/uploads\/2024\/01\/MIELE-DI-CASTAGNO-250g-2-1-960x960.jpg",960,960,true],"author_info":[],"comment_info":0,"_links":{"self":[{"href":"https:\/\/agropic.it\/fr\/wp-json\/wp\/v2\/product\/11257","targetHints":{"allow":["GET"]}}],"collection":[{"href":"https:\/\/agropic.it\/fr\/wp-json\/wp\/v2\/product"}],"about":[{"href":"https:\/\/agropic.it\/fr\/wp-json\/wp\/v2\/types\/product"}],"replies":[{"embeddable":true,"href":"https:\/\/agropic.it\/fr\/wp-json\/wp\/v2\/comments?post=11257"}],"wp:featuredmedia":[{"embeddable":true,"href":"https:\/\/agropic.it\/fr\/wp-json\/wp\/v2\/media\/11345"}],"wp:attachment":[{"href":"https:\/\/agropic.it\/fr\/wp-json\/wp\/v2\/media?parent=11257"}],"wp:term":[{"taxonomy":"product_brand","embeddable":true,"href":"https:\/\/agropic.it\/fr\/wp-json\/wp\/v2\/product_brand?post=11257"},{"taxonomy":"product_cat","embeddable":true,"href":"https:\/\/agropic.it\/fr\/wp-json\/wp\/v2\/product_cat?post=11257"},{"taxonomy":"product_tag","embeddable":true,"href":"https:\/\/agropic.it\/fr\/wp-json\/wp\/v2\/product_tag?post=11257"}],"curies":[{"name":"wp","href":"https:\/\/api.w.org\/{rel}","templated":true}]}}