{"id":11138,"date":"2024-12-23T08:11:46","date_gmt":"2024-12-23T08:11:46","guid":{"rendered":"https:\/\/agropic.it\/prodotto\/marmelade-de-mandarine-et-de-pamplemousse-rose-220g\/"},"modified":"2025-08-06T08:39:43","modified_gmt":"2025-08-06T08:39:43","slug":"marmelade-de-mandarine-et-de-pamplemousse-rose-220g","status":"publish","type":"product","link":"https:\/\/agropic.it\/fr\/Produit\/marmelade-de-mandarine-et-de-pamplemousse-rose-220g\/","title":{"rendered":"Marmelade de mandarine et de pamplemousse rose 220g"},"content":{"rendered":"<h6>Marmelade de mandarine et de pamplemousse rose 220g<\/h6>\n<h6>La marmelade de mandarine tardive et de pamplemousse rose est une d\u00e9licieuse combinaison d&rsquo;agrumes. La douceur de la mandarine tardive se marie harmonieusement avec la saveur l\u00e9g\u00e8rement am\u00e8re et aromatique du pamplemousse rose, cr\u00e9ant ainsi une marmelade \u00e9quilibr\u00e9e et riche en saveurs, id\u00e9ale pour les petits d\u00e9jeuners savoureux et les en-cas app\u00e9tissants.<\/h6>\n<p>Avec sa saveur douce et fra\u00eeche, la marmelade de mandarine tardive et de pamplemousse rose peut \u00eatre utilis\u00e9e de diverses mani\u00e8res cr\u00e9atives et savoureuses. Voici quelques id\u00e9es pour en tirer le meilleur parti :<\/p>\n<p>1. Tartinez sur du <strong>pain ou des tranches de pain grill\u00e9<\/strong>: la fa\u00e7on la plus simple et la plus savoureuse d&rsquo;appr\u00e9cier la confiture est de la tartiner sur une tranche de pain frais ou un toast croustillant. Elle est id\u00e9ale pour un petit-d\u00e9jeuner \u00e9nergisant ou un en-cas l\u00e9ger.<\/p>\n<p>2. <strong>Accompagnez le fromage<\/strong>: La marmelade d&rsquo;agrumes se marie tr\u00e8s bien avec des fromages frais tels que le <strong>fromage de ch\u00e8vre<\/strong>, la <strong>ricotta<\/strong> ou m\u00eame des fromages plus affin\u00e9s comme le <strong>parmesan<\/strong> ou le <strong>pecorino<\/strong>. L&rsquo;acidit\u00e9 du pamplemousse et la douceur de la mandarine \u00e9quilibrent parfaitement la saveur sal\u00e9e des fromages.<\/p>\n<p>3. <strong>Pour garnir les desserts<\/strong>: utilisez-la pour garnir des tartes, des <strong>biscuits<\/strong> ou des <strong>g\u00e2teaux<\/strong>. La marmelade d&rsquo;agrumes est id\u00e9ale pour fourrer les p\u00e2tes bris\u00e9es ou pour ajouter une touche de fra\u00eecheur aux desserts \u00e0 la cuill\u00e8re tels que la cr\u00e8me <strong>bavaroise<\/strong> ou le <strong>cheesecake<\/strong>.<\/p>\n<p>4.<strong> Garniture de yaourt ou de cr\u00e8me glac\u00e9e<\/strong>: Vous pouvez utiliser la confiture comme garniture de yaourt grec ou de yaourt nature, \u00e9ventuellement accompagn\u00e9e de fruits frais ou de granola. Sur une glace, en particulier une glace \u00e0 la cr\u00e8me, \u00e0 la vanille ou aux agrumes, c&rsquo;est \u00e9galement une combinaison d\u00e9licieuse.<\/p>\n<p>5. <strong>En association avec des plats sal\u00e9s<\/strong>: la marmelade d&rsquo;agrumes peut \u00eatre utilis\u00e9e pour accompagner des plats sal\u00e9s. Essayez-la sur des <strong>viandes grill\u00e9es<\/strong> comme le poulet, le porc ou la dinde, ou sur des <strong>bruschetta<\/strong> avec du fromage \u00e0 tartiner et des noix.<\/p>\n<h6>Ingr\u00e9dients : Mandarine tardive 45%, Pamplemousse rose 25%, sucre, \u00e9paississant : pectine naturelle.<\/h6>\n<h6>Sans colorant ni conservateur<\/h6>\n<h6>Format : 220 g<\/h6>\n<h6>Origine de la mati\u00e8re premi\u00e8re : Italie (Calabre)<\/h6>\n<p><strong>Conservation :<\/strong> Conserver dans un endroit sec et frais, \u00e0 l&rsquo;abri de la lumi\u00e8re et de la chaleur. Une fois ouvert, consommez dans les jours qui suivent.<\/p>\n<p>70 g de fruits pour 100 g de produit fini ont \u00e9t\u00e9 utilis\u00e9s.<\/p>\n<p>Valeurs nutritionnelles pour 100 g de produit fini :<\/p>\n<ul>\n<li>\u00c9nergie : 656,9 kcal 154 Kj<\/li>\n<li>Prot\u00e9ines : 1,4 g<\/li>\n<li>Lipides 0,1 g<\/li>\n<li>dont 0,01 g<\/li>\n<li>Glucides 40 g<\/li>\n<li>dont sucres 40 g<\/li>\n<li>Sel 0,02 g<\/li>\n<\/ul>\n<p><strong>Entreprise familiale et s\u00e9lection des meilleures mati\u00e8res premi\u00e8res<\/strong>, cultiv\u00e9es dans le sol fertile de l&rsquo;entreprise et transform\u00e9es selon une tradition ancestrale.<\/p>\n<p>Outre la marmelade de mandarine tardive et de pamplemousse rose, nous vous proposons une large gamme de produits, tous transform\u00e9s \u00e0 l&rsquo;\u00e9tat frais et selon des m\u00e9thodes artisanales, \u00e0 la saveur incomparable, tels que des jus de fruits, des confitures et des marmelades de fruits de saison, des pur\u00e9es de tomates, des cr\u00e8mes, du miel et des conserves \u00e0 l&rsquo;huile.<\/p>\n<p>L<strong>&lsquo;objectif principal de l&rsquo;activit\u00e9 est de valoriser les saveurs et les fruits de la Calabre, en particulier ceux qui sont sp\u00e9ciaux et g\u00e9n\u00e9ralement moins connus<\/strong>, comme la bergamote, un fruit aux multiples propri\u00e9t\u00e9s b\u00e9n\u00e9fiques, aussi unique et acide que l&rsquo;ensemble du territoire calabrais.<\/p>\n<p>Nous proposons des produits authentiques de haute qualit\u00e9, issus d&rsquo;une s\u00e9lection rigoureuse et contr\u00f4l\u00e9e de mati\u00e8res premi\u00e8res, dont la plupart sont cultiv\u00e9es directement par nos soins et obtenues sans l&rsquo;utilisation de produits chimiques.<\/p>\n<p>Nature, tradition et haute qualit\u00e9 sont les ingr\u00e9dients du succ\u00e8s d&rsquo;Agro Pic.<\/p>\n<p>Suivez-nous sur INSTAGRAM pour d\u00e9couvrir toute l&rsquo;actualit\u00e9 d&rsquo;Agro Pic<\/p>\n<p><a href=\"https:\/\/www.instagram.com\/agropic\/\" target=\"_blank\" rel=\"noopener\">https:\/\/www.instagram.com\/agropic\/<\/a><\/p>\n<p><strong>Pour toute information sur nos produits, n&rsquo;h\u00e9sitez pas \u00e0 <a href=\"https:\/\/www.agropic.it\/contatti\/\">nous contacter :<\/a><\/strong><\/p>\n<p>cellule. 3495651669<\/p>\n<p>Adresse \u00e9lectronique : info@agropic.it<\/p>\n<p>T\u00e9l. 0964 1955229<\/p>\n","protected":false},"excerpt":{"rendered":"<h6>La marmelade de mandarine tardive et de pamplemousse rose est une d\u00e9licieuse association d&rsquo;agrumes. La douceur de la mandarine tardive se marie harmonieusement avec la saveur l\u00e9g\u00e8rement am\u00e8re et aromatique du pamplemousse rose, cr\u00e9ant ainsi une marmelade \u00e9quilibr\u00e9e et riche en saveurs, id\u00e9ale pour les petits d\u00e9jeuners savoureux et les en-cas app\u00e9tissants.<\/h6>\n<p>Sans colorant ni conservateur<\/p>\n<p>&nbsp;<\/p>\n<p><strong>Ingr\u00e9dients<\/strong>: Mandarine tardive 45%, Pamplemousse rose 25%, sucre, \u00e9paississant : pectine naturelle.<\/p>\n<p><strong>Format :<\/strong> 220g<\/p>\n<p><strong>Origine de la mati\u00e8re premi\u00e8re :<\/strong> Italie (Calabre)&hellip; <a class=\"kt-excerpt-readmore more-link\" href=\"https:\/\/agropic.it\/fr\/Produit\/marmelade-de-mandarine-et-de-pamplemousse-rose-220g\/\" aria-label=\"Marmelade de mandarine et de pamplemousse rose 220g\">Read More<\/a><\/p>\n","protected":false},"featured_media":7054,"comment_status":"open","ping_status":"closed","template":"","meta":{"kt_blocks_editor_width":"","_kad_blocks_custom_css":"","_kad_blocks_head_custom_js":"","_kad_blocks_body_custom_js":"","_kad_blocks_footer_custom_js":""},"product_brand":[],"product_cat":[263],"product_tag":[998,999],"class_list":{"0":"post-11138","1":"product","2":"type-product","3":"status-publish","4":"has-post-thumbnail","6":"product_cat-confitures-et-confitures","7":"product_tag-marmelade-de-mandarines","8":"product_tag-marmelade-de-pamplemousse-rose","10":"first","11":"instock","12":"shipping-taxable","13":"purchasable","14":"product-type-simple"},"taxonomy_info":{"product_cat":[{"value":263,"label":"Confitures et confitures"}],"product_tag":[{"value":998,"label":"marmelade de mandarines"},{"value":999,"label":"marmelade de pamplemousse rose"}]},"featured_image_src_large":["https:\/\/agropic.it\/wp-content\/uploads\/2023\/03\/Marmellata-di-mandarino-tardivo-e-pompelmo-rosa-960x960.webp",960,960,true],"author_info":[],"comment_info":0,"_links":{"self":[{"href":"https:\/\/agropic.it\/fr\/wp-json\/wp\/v2\/product\/11138","targetHints":{"allow":["GET"]}}],"collection":[{"href":"https:\/\/agropic.it\/fr\/wp-json\/wp\/v2\/product"}],"about":[{"href":"https:\/\/agropic.it\/fr\/wp-json\/wp\/v2\/types\/product"}],"replies":[{"embeddable":true,"href":"https:\/\/agropic.it\/fr\/wp-json\/wp\/v2\/comments?post=11138"}],"wp:featuredmedia":[{"embeddable":true,"href":"https:\/\/agropic.it\/fr\/wp-json\/wp\/v2\/media\/7054"}],"wp:attachment":[{"href":"https:\/\/agropic.it\/fr\/wp-json\/wp\/v2\/media?parent=11138"}],"wp:term":[{"taxonomy":"product_brand","embeddable":true,"href":"https:\/\/agropic.it\/fr\/wp-json\/wp\/v2\/product_brand?post=11138"},{"taxonomy":"product_cat","embeddable":true,"href":"https:\/\/agropic.it\/fr\/wp-json\/wp\/v2\/product_cat?post=11138"},{"taxonomy":"product_tag","embeddable":true,"href":"https:\/\/agropic.it\/fr\/wp-json\/wp\/v2\/product_tag?post=11138"}],"curies":[{"name":"wp","href":"https:\/\/api.w.org\/{rel}","templated":true}]}}