{"id":3680,"date":"2021-06-24T14:30:45","date_gmt":"2021-06-24T14:30:45","guid":{"rendered":"https:\/\/agropic.it\/?page_id=3680"},"modified":"2021-09-22T10:03:45","modified_gmt":"2021-09-22T10:03:45","slug":"politique-de-confidentialite","status":"publish","type":"page","link":"https:\/\/agropic.it\/fr\/politique-de-confidentialite\/","title":{"rendered":"Politique de confidentialit\u00e9"},"content":{"rendered":"<h1>INFORMATIONS SELON LE NOUVEAU RGPD 2016\/679<\/h1>\n<p>Notre politique de confidentialit\u00e9 vise \u00e0 \u00eatre aussi lisible et transparente que possible en ce qui concerne la fa\u00e7on dont nous collectons et traitons vos donn\u00e9es. Nous collectons toujours la quantit\u00e9 minimale de donn\u00e9es personnelles n\u00e9cessaires pour fournir nos services. Nous n\u2019utilisons ces donn\u00e9es qu\u2019\u00e0 des fins commerciales directes et (si n\u00e9cessaire, par exemple \u00e0 des fins fiscales) pour nous conformer \u00e0 nos obligations en vertu de la loi applicable. <strong>Nous ne vendons pas vos donn\u00e9es \u00e0 des tiers<\/strong> et nous permettons \u00e0 nos visiteurs \/utilisateurs de mettre \u00e0 jour ou de supprimer leurs donn\u00e9es personnelles.<\/p>\n<h2>Contr\u00f4leur de donn\u00e9es et sous-traitant<\/h2>\n<p>Le responsable du traitement des donn\u00e9es est <strong>Agropic di Perre Maria Carmela<\/strong> avec si\u00e8ge social \u00e0 <strong>C.da Marcato SNC &#8211; 89040 Cirella di Plat\u00ec (RC) &#8211; Partita IVA 01316820776.<\/strong><\/p>\n<p>Vous pouvez entrer en contact avec le propri\u00e9taire \/ gestionnaire des donn\u00e9es par e-mail \u00e0 info@agropic.it ou en appelant le IT02640940801.<\/p>\n<h2>Quelles donn\u00e9es personnelles nous collectons et pourquoi nous les collectons<\/h2>\n<h3>Commerce \u00e9lectronique<\/h3>\n<p>Lorsque vous passez un bon de commande sur notre site, nous collectons les donn\u00e9es suivantes : Pr\u00e9nom, Nom, Nom de la soci\u00e9t\u00e9 (facultatif), Code fiscal et \/ ou num\u00e9ro de TVA, Adresse compl\u00e8te (rue, num\u00e9ro de maison, code postal, ville), Email et num\u00e9ro de t\u00e9l\u00e9phone. Ces donn\u00e9es sont n\u00e9cessaires et indispensables pour permettre le traitement correct de votre achat et \u00e0 des fins fiscales. Nous n\u2019utiliserons pas ces donn\u00e9es \u00e0 des fins de marketing (en vous envoyant des newsletters) \u00e0 moins que vous n\u2019ayez coch\u00e9 la case facultative \u00ab Abonnez-moi \u00e0 la newsletter \u00bb.<br \/>\n<strong>Nous ne collectons pas de donn\u00e9es de paiement<\/strong> : toutes les transactions n\u2019ont pas lieu directement sur ce site. En cas de paiement par PayPal ou carte bancaire, la transaction a lieu sur le site PayPal. Pour savoir comment PayPal traite vos donn\u00e9es personnelles, vous pouvez lire les informations en cliquant ici.<\/p>\n<h3>Inscription<\/h3>\n<p>Lorsque vous inscrivez sur notre site Web, nous recueillons les donn\u00e9es suivantes : nom d\u2019utilisateur, adresse e-mail et mot de passe que vous avez choisis. Ces donn\u00e9es sont stock\u00e9es dans notre base de donn\u00e9es pour permettre le fonctionnement normal et correct de notre site.<br \/>\nVotre e-mail ne sera pas utilis\u00e9 \u00e0 des fins de marketing (envoi d\u2019e-mails publicitaires de notre part) \u00e0 moins que vous ne vous soyez abonn\u00e9 \u00e0 notre newsletter.<br \/>\nVotre mot de passe est crypt\u00e9 dans notre base de donn\u00e9es et nous n\u2019avons aucun moyen de le voir ou de le r\u00e9cup\u00e9rer. Si vous oubliez votre mot de passe, vous devrez en demander un nouveau en cliquant sur le lien dans le formulaire de connexion.<\/p>\n<h3>Formulaires de contact<\/h3>\n<p>Lorsque vous remplissez l\u2019un de nos formulaires de contact, nous collectons les donn\u00e9es suivantes : Pr\u00e9nom, Nom (uniquement lorsqu\u2019il est fourni), E-mail, Num\u00e9ro de t\u00e9l\u00e9phone. Ces donn\u00e9es sont n\u00e9cessaires pour nous permettre de r\u00e9pondre \u00e0 vos demandes et ne sont pas utilis\u00e9es \u00e0 des fins de marketing d\u2019entreprise.<\/p>\n<h3>Connexion sociale<\/h3>\n<p>Lorsque vous cliquez sur le bouton \u00ab Connexion avec Facebook \u00bb, nous collectons des donn\u00e9es \u00e0 partir de votre profil Facebook public. Ces donn\u00e9es comprennent le pr\u00e9nom, le nom, l\u2019adresse e-mail, le lien vers le profil de m\u00e9dias sociaux, l\u2019identifiant unique, le lien vers l\u2019avatar du profil social. Ces donn\u00e9es sont utilis\u00e9es pour cr\u00e9er votre compte utilisateur sur notre site Web. Vous pouvez r\u00e9voquer ce consentement \u00e0 tout moment en nous envoyant un e-mail.<br \/>\nNewsletter (Mailchimp)<br \/>\nLorsque vous vous abonnez \u00e0 la Newsletter de ce site (en cochant la case obligatoire de consentement \u00e0 ces informations et en cliquant sur le lien re\u00e7u dans l\u2019e-mail de confirmation), vous nous fournirez votre email et \u00e9ventuellement aussi vos nom et pr\u00e9nom. La Newsletter de notre site est g\u00e9r\u00e9e dans son int\u00e9gralit\u00e9 (stockage de vos donn\u00e9es personnelles sur le serveur et envoi d\u2019emails publicitaires) par Mailchimp.<br \/>\nMailchimp est l\u2019une des principales soci\u00e9t\u00e9s de newsletter au monde. Une fois inscrit, vous pouvez modifier\/supprimer les donn\u00e9es personnelles que vous avez fournies et votre abonnement au service en mettant \u00e0 jour vos pr\u00e9f\u00e9rences chaque fois que vous recevez un e-mail publicitaire ; ou bien, demandez notre annulation \u00e0 tout moment en cliquant ici.<\/p>\n<h3>Banni\u00e8res WhatsApp<\/h3>\n<p>Lorsque vous cliquez sur la banni\u00e8re de d\u00e9filement WhatsApp situ\u00e9e sur toutes les pages du site, votre appareil vous connectera \u00e0 nous via ce service de messagerie instantan\u00e9e. Nous ne pourrons voir votre num\u00e9ro de t\u00e9l\u00e9phone et votre profil WhatsApp que si vous nous envoyez un message apr\u00e8s avoir cliqu\u00e9 sur la banni\u00e8re. Nous n\u2019utiliserons votre num\u00e9ro de t\u00e9l\u00e9phone que dans le but strictement n\u00e9cessaire de r\u00e9pondre \u00e0 vos demandes. Vous pouvez lire la politique de confidentialit\u00e9 de Whatsapp en cliquant ici.<\/p>\n<p>Commentaires et avis sur les produits<br \/>\nLorsque des visiteurs ou des utilisateurs enregistr\u00e9s laissent des commentaires sur le site (y compris des critiques de produits), nous collectons les donn\u00e9es affich\u00e9es dans le formulaire de commentaire en plus de l\u2019adresse IP du visiteur et de la cha\u00eene de l\u2019agent utilisateur du navigateur pour aider \u00e0 d\u00e9tecter le spam.<br \/>\nUne cha\u00eene anonymis\u00e9e cr\u00e9\u00e9e \u00e0 partir de votre adresse e-mail (\u00e9galement appel\u00e9e hachage) peut \u00eatre fournie au service Gravatar pour voir si vous l\u2019utilisez. La politique de confidentialit\u00e9 du service Gravatar est disponible ici : https:\/\/automattic.com\/privacy\/. Apr\u00e8s approbation de votre commentaire, votre photo de profil est visible par le public dans le contexte de votre commentaire.<\/p>\n<h3>M\u00e9dia<\/h3>\n<p>Si vous t\u00e9l\u00e9chargez des images sur le site Web, vous devez \u00e9viter de t\u00e9l\u00e9charger des images qui incluent des donn\u00e9es de localisation int\u00e9gr\u00e9es (GPS EXIF). Les visiteurs du site Web peuvent t\u00e9l\u00e9charger et extraire toutes les donn\u00e9es de localisation des images sur le site Web.<\/p>\n<h3>Donn\u00e9es de navigation<\/h3>\n<p>Le bon fonctionnement de ce site Web et des services fournis n\u00e9cessite des syst\u00e8mes informatiques et des proc\u00e9dures logicielles qui, dans le cadre de leur fonctionnement normal, acqui\u00e8rent certaines donn\u00e9es personnelles, dont la transmission est implicite dans l\u2019utilisation des protocoles de communication Internet. Ces donn\u00e9es ne sont pas collect\u00e9es pour \u00eatre associ\u00e9es \u00e0 des sujets identifi\u00e9s, mais de par leur nature m\u00eame, elles pourraient, par le traitement et l\u2019association avec des donn\u00e9es d\u00e9tenues par des tiers, permettre d\u2019identifier les utilisateurs (par exemple, les adresses IP). Ces donn\u00e9es, en plus de permettre le fonctionnement normal de notre site, ne sont utilis\u00e9es que pour des informations statistiques anonymes relatives \u00e0 l\u2019utilisation du service et pour v\u00e9rifier son bon fonctionnement et sont conserv\u00e9es pendant la p\u00e9riode strictement n\u00e9cessaire et en tout cas conform\u00e9ment \u00e0 la r\u00e9glementation en vigueur.<\/p>\n<h3>Cookies<\/h3>\n<p>Ce site utilise des cookies, y compris des cookies tiers, pour am\u00e9liorer l\u2019exp\u00e9rience de navigation et permettre aux utilisateurs de profiter de nos services. Les cookies sont de petits fichiers texte envoy\u00e9s par notre site Web et stock\u00e9s sur votre ordinateur, tablette, smartphone ou autre appareil mobile. Ils contiennent des informations de base sur votre navigation sur Internet et sont reconnus par votre navigateur chaque fois que vous visitez le site.<\/p>\n<h4>Quelques exemples pratiques de cookies :<\/h4>\n<ul>\n<li>Si vous laissez un commentaire sur notre site, vous pouvez choisir d\u2019enregistrer votre nom, votre adresse e-mail et votre site Web dans des cookies. Ceux-ci sont utilis\u00e9s pour votre commodit\u00e9 afin que vous n\u2019ayez pas \u00e0 ressaisir vos coordonn\u00e9es lorsque vous laissez un autre commentaire. Ces cookies dureront un an.<\/li>\n<li>Si vous avez un compte et acc\u00e9dez \u00e0 ce site, un cookie temporaire sera d\u00e9fini pour d\u00e9terminer si votre navigateur accepte les cookies. Ce cookie ne contient aucune donn\u00e9e personnelle et est supprim\u00e9 lorsque vous fermez votre navigateur.<\/li>\n<li>Lorsque vous vous connectez, plusieurs cookies seront configur\u00e9s pour stocker vos informations de connexion et les options d\u2019affichage de l\u2019\u00e9cran. Les cookies de connexion durent deux jours et les cookies d\u2019option d\u2019\u00e9cran durent un an. Si vous s\u00e9lectionnez \u00ab Se souvenir de moi \u00bb, votre connexion persistera pendant quinze jours. Si vous vous d\u00e9connectez de votre compte, vos cookies de connexion seront supprim\u00e9s.<\/li>\n<li>Si vous modifiez ou publiez un article, un cookie suppl\u00e9mentaire sera enregistr\u00e9 dans votre navigateur. Ce cookie n\u2019inclut aucune donn\u00e9e personnelle, mais indique simplement l\u2019ID de l\u2019article que vous venez de modifier. Il expire apr\u00e8s 1 jour.<\/li>\n<\/ul>\n<p><strong>Pour plus d\u2019informations, veuillez consulter notre page Utilisation des cookies.<\/strong><\/p>\n<h3>Contenu int\u00e9gr\u00e9 \u00e0 partir d\u2019autres sites Web<\/h3>\n<p>Les articles\/pages\/produits sur ce site peuvent inclure du contenu int\u00e9gr\u00e9 (par exemple, des vid\u00e9os, des images, des articles, google maps, etc.). Le contenu int\u00e9gr\u00e9 d\u2019autres sites Web se comporte exactement de la m\u00eame mani\u00e8re que si le visiteur avait visit\u00e9 l\u2019autre site Web.<br \/>\nCes sites Web peuvent collecter des donn\u00e9es vous concernant, utiliser des cookies, int\u00e9grer un suivi tiers suppl\u00e9mentaire et suivre votre interaction avec ce contenu int\u00e9gr\u00e9, y compris le suivi de votre interaction avec le contenu int\u00e9gr\u00e9 si vous avez un compte et \u00eates connect\u00e9 \u00e0 ce site Web.<\/p>\n<h3>Google Analytics<\/h3>\n<p>Nous utilisons Google Analytics pour collecter des informations concernant l\u2019utilisation de notre site Web, telles que le nombre de visiteurs par jour et \/ ou sur une p\u00e9riode de temps donn\u00e9e, le nombre de pages vues et la popularit\u00e9 de certaines pages \/ articles \/ produits. Google Analytics utilise des cookies et d\u2019autres technologies similaires pour identifier votre appareil et fournir des informations \u00e0 son sujet, notamment :<\/p>\n<ul>\n<li>Adresse IP (anonymis\u00e9e par une fonction sp\u00e9ciale pour emp\u00eacher le stockage d\u2019informations relatives aux adresses IP compl\u00e8tes. Les informations utilis\u00e9es peuvent donc \u00eatre consid\u00e9r\u00e9es comme ne relevant pas de la d\u00e9finition des donn\u00e9es personnelles et le traitement de celles-ci est exempt\u00e9 de l\u2019obligation du consentement pr\u00e9alable de l\u2019utilisateur)<\/li>\n<li>Situation g\u00e9ographique (approximative)<\/li>\n<li>Type d\u2019appareil (ordinateur, smartphone, tablette)<\/li>\n<li>Syst\u00e8me d\u2019exploitation et navigateur utilis\u00e9s<\/li>\n<li>Le site que vous avez visit\u00e9 avant d\u2019arriver sur notre site Web.<\/li>\n<\/ul>\n<p><strong>Notre site Web n\u2019utilise PAS les fonctions publicitaires de Google Analytics et n\u2019effectue donc pas de profilage des utilisateurs et \/ ou d\u2019op\u00e9rations de remarketing par son interm\u00e9diaire.<\/strong><\/p>\n<h3>Avec qui partageons-nous vos donn\u00e9es ?<\/h3>\n<p>Toutes les donn\u00e9es personnelles collect\u00e9es sur notre site Web sont trait\u00e9es de mani\u00e8re confidentielle. Nous divulguons tout ou partie de vos informations dans les circonstances limit\u00e9es d\u00e9crites ci-dessous et avec des garanties appropri\u00e9es pour votre vie priv\u00e9e :<\/p>\n<ul>\n<li>Si la loi l\u2019exige, nous divulguerons des informations vous concernant en r\u00e9ponse \u00e0 une citation \u00e0 compara\u00eetre, \u00e0 une ordonnance d\u2019un tribunal ou \u00e0 toute autre demande gouvernementale l\u00e9gale<\/li>\n<li>Avec nos employ\u00e9s et\/ou personnes autoris\u00e9es qui ont besoin de conna\u00eetre les informations que vous soumettez via notre site afin de nous permettre de vous fournir nos services et\/ou \u00e0 des fins administratives, de facturation, fiscales et \u00e0 toutes autres fins connexes. Nous exigeons de tous qu\u2019ils se conforment strictement \u00e0 cette politique de confidentialit\u00e9.<\/li>\n<li>Mailchimp : pour permettre le bon fonctionnement de notre Newsletter.<\/li>\n<li>Avec notre fournisseur d\u2019h\u00e9bergement : Serverplan (uniquement les donn\u00e9es de navigation mentionn\u00e9es dans le paragraphe pr\u00e9c\u00e9dent \u00ab quelles donn\u00e9es personnelles nous collectons et pourquoi nous les collectons \u00bb)<\/li>\n<\/ul>\n<h3>Combien de temps conservons-nous vos donn\u00e9es ?<\/h3>\n<ul>\n<li>Les donn\u00e9es que vous soumettez lors de la soumission d\u2019un bon de commande sont stock\u00e9es ind\u00e9finiment et en tout cas pendant la p\u00e9riode de temps n\u00e9cessaire \u00e0 des fins administratives et fiscales.<\/li>\n<li>Votre nom d\u2019utilisateur, votre adresse e-mail et votre mot de passe pour le compte que vous avez cr\u00e9\u00e9 sur ce site sont stock\u00e9s ind\u00e9finiment ou jusqu\u2019\u00e0 ce que vous demandiez leur suppression.<\/li>\n<li>Les donn\u00e9es que vous soumettez en remplissant des formulaires de contact sont stock\u00e9es ind\u00e9finiment sur nos serveurs et sur nos appareils professionnels. Vous pouvez demander la suppression de ces donn\u00e9es \u00e0 tout moment en consultant le paragraphe suivant \u00ab Quels droits avez-vous sur vos donn\u00e9es \u00bb.<\/li>\n<li>L\u2019adresse e-mail que vous fournissez lors de l\u2019inscription \u00e0 la newsletter est enregistr\u00e9e ind\u00e9finiment ou jusqu\u2019\u00e0 ce que vous demandiez la suppression.<\/li>\n<li>Si vous laissez un commentaire, le commentaire et ses m\u00e9tadonn\u00e9es sont stock\u00e9s ind\u00e9finiment. C\u2019est ainsi que nous pouvons automatiquement reconna\u00eetre et approuver tous les commentaires ult\u00e9rieurs au lieu de les garder dans une file d\u2019attente de mod\u00e9ration.<\/li>\n<li>Vos donn\u00e9es dans Google Analytics sont conserv\u00e9es pendant 26 mois \u00e0 des fins statistiques. Pass\u00e9 ce d\u00e9lai, il sera supprim\u00e9 automatiquement.<\/li>\n<li>Les donn\u00e9es de navigation sont conserv\u00e9es pendant la dur\u00e9e strictement n\u00e9cessaire et en tout \u00e9tat de cause conform\u00e9ment \u00e0 la r\u00e9glementation en vigueur.<\/li>\n<\/ul>\n<h3>Quels sont vos droits sur vos donn\u00e9es ?<\/h3>\n<p>Si vous avez un compte sur ce site, ou si vous avez laiss\u00e9 des commentaires, vous pouvez demander \u00e0 recevoir un fichier export\u00e9 du site avec les donn\u00e9es personnelles que nous d\u00e9tenons \u00e0 votre sujet, y compris les donn\u00e9es que vous nous avez fournies. Vous pouvez \u00e9galement nous demander de supprimer toutes les donn\u00e9es personnelles vous concernant, y compris les donn\u00e9es que vous avez fournies en passant une commande, en enregistrant un compte et\/ou en remplissant des formulaires de contact et que nous stockons sur nos serveurs et sur nos appareils professionnels. Cela n\u2019inclut pas les donn\u00e9es que nous sommes tenus de conserver \u00e0 des fins administratives, juridiques ou de s\u00e9curit\u00e9.<\/p>\n<p><strong>Si vous souhaitez savoir quelles donn\u00e9es personnelles nous d\u00e9tenons \u00e0 votre sujet et\/ou si vous souhaitez les supprimer, vous pouvez le faire en envoyant un e-mail \u00e0 info@agropic.it<\/strong><\/p>\n<h3>O\u00f9 nous envoyons vos donn\u00e9es<\/h3>\n<p>Vos donn\u00e9es personnelles r\u00e9sident sur nos appareils d\u2019entreprise et (y compris ceux partag\u00e9s avec notre fournisseur d\u2019h\u00e9bergement) dans tous les cas au sein de la Communaut\u00e9 europ\u00e9enne.<br \/>\nLes donn\u00e9es que vous fournissez pour l\u2019abonnement \u00e0 la Newsletter sont \u00e9galement trait\u00e9es en dehors de la communaut\u00e9 europ\u00e9enne (les serveurs de Mailchimp sont situ\u00e9s aux \u00c9tats-Unis).<br \/>\nLes donn\u00e9es collect\u00e9es par Google Analytics sont trait\u00e9es aux \u00c9tats-Unis.<br \/>\nLes commentaires des visiteurs peuvent \u00eatre v\u00e9rifi\u00e9s via un service de d\u00e9tection automatique du spam.<\/p>\n<h3>Coordonn\u00e9es<\/h3>\n<p>Pour toute information\/doute\/question concernant le traitement de vos donn\u00e9es personnelles, vous pouvez contacter le propri\u00e9taire\/sous-traitant, <strong>Agropic di Perre Maria Carmela<\/strong> \u00e0<strong> info@agropic.it<\/strong> ou en appelant le <strong>349 5651669.<\/strong><\/p>\n<h3>Comment nous prot\u00e9geons vos donn\u00e9es<\/h3>\n<p>Nous faisons de notre mieux pour prot\u00e9ger vos donn\u00e9es personnelles. Nous utilisons des protocoles s\u00e9curis\u00e9s pour la communication et le transfert de donn\u00e9es (tels que HTTPS). Nous utilisons l\u2019anonymat et le pseudonyme dans la mesure du possible. Nous surveillons et mettons \u00e0 jour nos syst\u00e8mes afin de pr\u00e9venir d\u2019\u00e9ventuelles vuln\u00e9rabilit\u00e9s et attaques.<br \/>\nBien que nous fassions de notre mieux, nous ne pouvons pas garantir la s\u00e9curit\u00e9 de vos informations. Cependant, nous nous engageons \u00e0 informer les autorit\u00e9s comp\u00e9tentes des violations de donn\u00e9es. Nous vous informerons \u00e9galement en cas de menace pour vos droits ou int\u00e9r\u00eats. Nous ferons tout ce qui est raisonnablement possible pour pr\u00e9venir les atteintes \u00e0 la s\u00e9curit\u00e9 et aider les autorit\u00e9s en cas de violation.<\/p>\n<h3>De quels tiers recevons-nous des donn\u00e9es<\/h3>\n<p>Nous ne recevons pas de donn\u00e9es de tiers.<\/p>\n<h3>Ce que nous faisons avec vos donn\u00e9es pour prendre des d\u00e9cisions automatis\u00e9es et\/ou \u00e9tablir le profil<\/h3>\n<p>Nous ne profilons pas nos utilisateurs\/visiteurs.<\/p>\n<h3>Modifications de la politique de confidentialit\u00e9<\/h3>\n<p>Cette politique de confidentialit\u00e9 est en vigueur \u00e0 compter du 09.06.2018 et Agropic di Perre Maria Carmela peut modifier ou mettre \u00e0 jour son contenu.<br \/>\n\u00c0 cette fin, nous vous invitons \u00e0 visiter la section sur la confidentialit\u00e9 pour v\u00e9rifier la version mise \u00e0 jour.<\/p>\n","protected":false},"excerpt":{"rendered":"<p>INFORMATIONS SELON LE NOUVEAU RGPD 2016\/679 Notre politique de confidentialit\u00e9 vise \u00e0 \u00eatre aussi lisible et transparente que possible en ce qui concerne la fa\u00e7on dont nous collectons et traitons vos donn\u00e9es. Nous collectons toujours la quantit\u00e9 minimale de donn\u00e9es &hellip; <a class=\"kt-excerpt-readmore more-link\" href=\"https:\/\/agropic.it\/fr\/politique-de-confidentialite\/\" aria-label=\"Politique de confidentialit\u00e9\">Read More<\/a><\/p>\n","protected":false},"author":39,"featured_media":0,"parent":0,"menu_order":1,"comment_status":"closed","ping_status":"closed","template":"","meta":{"kt_blocks_editor_width":"","_kad_blocks_custom_css":"","_kad_blocks_head_custom_js":"","_kad_blocks_body_custom_js":"","_kad_blocks_footer_custom_js":"","footnotes":""},"class_list":["post-3680","page","type-page","status-publish","hentry"],"taxonomy_info":[],"featured_image_src_large":false,"author_info":{"display_name":"agropic","author_link":"https:\/\/agropic.it\/fr\/author\/agropic\/"},"comment_info":"","_links":{"self":[{"href":"https:\/\/agropic.it\/fr\/wp-json\/wp\/v2\/pages\/3680","targetHints":{"allow":["GET"]}}],"collection":[{"href":"https:\/\/agropic.it\/fr\/wp-json\/wp\/v2\/pages"}],"about":[{"href":"https:\/\/agropic.it\/fr\/wp-json\/wp\/v2\/types\/page"}],"author":[{"embeddable":true,"href":"https:\/\/agropic.it\/fr\/wp-json\/wp\/v2\/users\/39"}],"replies":[{"embeddable":true,"href":"https:\/\/agropic.it\/fr\/wp-json\/wp\/v2\/comments?post=3680"}],"version-history":[{"count":0,"href":"https:\/\/agropic.it\/fr\/wp-json\/wp\/v2\/pages\/3680\/revisions"}],"wp:attachment":[{"href":"https:\/\/agropic.it\/fr\/wp-json\/wp\/v2\/media?parent=3680"}],"curies":[{"name":"wp","href":"https:\/\/api.w.org\/{rel}","templated":true}]}}