{"id":3659,"date":"2021-06-24T10:47:43","date_gmt":"2021-06-24T10:47:43","guid":{"rendered":"https:\/\/agropic.it\/?page_id=3659"},"modified":"2021-06-24T10:47:43","modified_gmt":"2021-06-24T10:47:43","slug":"paiements-acceptes","status":"publish","type":"page","link":"https:\/\/agropic.it\/fr\/paiements-acceptes\/","title":{"rendered":"Paiements accept\u00e9s"},"content":{"rendered":"<p>Vous pouvez payer vos commandes par les modes de paiement suivants:<\/p>\n<ul>\n<li>PayPal \/ Carte de cr\u00e9dit \/ Carte pr\u00e9pay\u00e9e<\/li>\n<\/ul>\n<ul>\n<li>Virement bancaire \u00e0 l\u2019avance<\/li>\n<\/ul>\n<ul>\n<li>Contre remboursement<\/li>\n<\/ul>\n<p><strong>Nous vous souhaitons une exp\u00e9rience de magasinage agr\u00e9able sur notre site Web.<\/strong><\/p>\n","protected":false},"excerpt":{"rendered":"<p>Vous pouvez payer vos commandes par les modes de paiement suivants: PayPal \/ Carte de cr\u00e9dit \/ Carte pr\u00e9pay\u00e9e Virement bancaire \u00e0 l\u2019avance Contre remboursement Nous vous souhaitons une exp\u00e9rience de magasinage agr\u00e9able sur notre site Web.<\/p>\n","protected":false},"author":39,"featured_media":0,"parent":0,"menu_order":0,"comment_status":"closed","ping_status":"closed","template":"","meta":{"kt_blocks_editor_width":"","_kad_blocks_custom_css":"","_kad_blocks_head_custom_js":"","_kad_blocks_body_custom_js":"","_kad_blocks_footer_custom_js":"","footnotes":""},"class_list":["post-3659","page","type-page","status-publish","hentry"],"taxonomy_info":[],"featured_image_src_large":false,"author_info":{"display_name":"agropic","author_link":"https:\/\/agropic.it\/fr\/author\/agropic\/"},"comment_info":"","_links":{"self":[{"href":"https:\/\/agropic.it\/fr\/wp-json\/wp\/v2\/pages\/3659","targetHints":{"allow":["GET"]}}],"collection":[{"href":"https:\/\/agropic.it\/fr\/wp-json\/wp\/v2\/pages"}],"about":[{"href":"https:\/\/agropic.it\/fr\/wp-json\/wp\/v2\/types\/page"}],"author":[{"embeddable":true,"href":"https:\/\/agropic.it\/fr\/wp-json\/wp\/v2\/users\/39"}],"replies":[{"embeddable":true,"href":"https:\/\/agropic.it\/fr\/wp-json\/wp\/v2\/comments?post=3659"}],"version-history":[{"count":0,"href":"https:\/\/agropic.it\/fr\/wp-json\/wp\/v2\/pages\/3659\/revisions"}],"wp:attachment":[{"href":"https:\/\/agropic.it\/fr\/wp-json\/wp\/v2\/media?parent=3659"}],"curies":[{"name":"wp","href":"https:\/\/api.w.org\/{rel}","templated":true}]}}