{"id":3666,"date":"2024-01-31T09:18:40","date_gmt":"2024-01-31T09:18:40","guid":{"rendered":"https:\/\/agropic.it\/prodotto\/pate-de-aceitunas-verdes-200-g\/"},"modified":"2026-03-10T16:12:13","modified_gmt":"2026-03-10T16:12:13","slug":"pate-de-aceitunas-verdes-200-g","status":"publish","type":"product","link":"https:\/\/agropic.it\/es\/producto\/pate-de-aceitunas-verdes-200-g\/","title":{"rendered":"Pat\u00e9 de aceitunas verdes 190 g"},"content":{"rendered":"<h5>El pat\u00e9 de aceitunas verdes tiene un sabor intenso y vivo, ideal para r\u00fasticos y aperitivos, y tambi\u00e9n excelente untado en pan para sabrosos tentempi\u00e9s.<\/h5>\n<p>Para elaborar el pat\u00e9 de aceitunas verdes de Agro Pic, se seleccionan las mejores aceitunas 100 % calabresas reci\u00e9n recogidas de la tierra de la empresa y se procesan siguiendo la cuidadosa y ancestral preparaci\u00f3n con agua y sal. A\u00f1adimos guindilla, or\u00e9gano y ajo para hacerlas a\u00fan m\u00e1s especiales y sabrosas. <\/p>\n<p><strong>Ingredientes:<\/strong> Aceitunas 64%, aceite de oliva virgen extra, aceite de girasol, sal, ajo, guindilla, or\u00e9gano, regulador de la acidez: \u00e1cido c\u00edtrico, antioxidante: \u00e1cido asc\u00f3rbico.<\/p>\n<p>Producto sin conservantes.<\/p>\n<p><strong>Origen de las aceitunas:<\/strong> Italia<\/p>\n<p><strong>Formato:<\/strong> 190 g<\/p>\n<h6>Las aceitunas son uno de los alimentos m\u00e1s importantes de la t\u00edpica dieta mediterr\u00e1nea y tienen numerosas propiedades beneficiosas, entre ellas:<\/h6>\n<ul>\n<li>\n<h6>Reducen el nivel de colesterol malo Ldl y aumentan la producci\u00f3n de colesterol bueno Hdl porque son ricos en grasas monoinsaturadas y, por lo tanto, son muy buenos para prevenir enfermedades cardiovasculares como el ictus y el infarto de miocardio.<\/h6>\n<\/li>\n<li>\n<h6>Alto contenido en vitaminas, especialmente vitamina E.<\/h6>\n<\/li>\n<li>\n<h6>Rico en minerales como calcio, magnesio y sodio.<\/h6>\n<\/li>\n<li>\n<h6>Poseen una potente acci\u00f3n antioxidante y antiinflamatoria.<\/h6>\n<\/li>\n<li>\n<h6>Tienen un buen contenido en cobre y hierro, sustancias que mejoran la producci\u00f3n de gl\u00f3bulos rojos y, por consiguiente, la circulaci\u00f3n sangu\u00ednea.<\/h6>\n<\/li>\n<li>\n<h6>A menudo se recomiendan para mantener una buena forma f\u00edsica, en dietas mediterr\u00e1neas y para ayudar con problemas digestivos.<\/h6>\n<\/li>\n<\/ul>\n<p><strong>Gesti\u00f3n familiar y selecci\u00f3n de las mejores materias primas<\/strong>, cultivadas en la f\u00e9rtil tierra de la empresa y procesadas seg\u00fan la antigua tradici\u00f3n.<\/p>\n<p>Adem\u00e1s del pat\u00e9 de aceitunas verdes, ofrecemos una amplia gama de productos, todos ellos elaborados a partir de m\u00e9todos frescos y artesanales con un sabor inconfundible, como zumos de frutas, confituras y mermeladas de frutas de temporada, pur\u00e9s de tomate, cremas, miel y conservas en aceite.<\/p>\n<p><strong>El objetivo principal de la actividad es valorizar los sabores y las frutas de Calabria, en particular los que son especiales y normalmente menos conocidos<\/strong>, como la bergamota, una fruta con m\u00faltiples propiedades beneficiosas, tan \u00fanica y \u00e1cida como todo el territorio calabr\u00e9s.<\/p>\n<p>Aportamos productos genuinos de alta calidad a partir de una selecci\u00f3n cuidadosa y controlada de materias primas, muchas de las cuales cultivamos directamente y obtenemos sin utilizar productos qu\u00edmicos.<\/p>\n<p>Naturaleza, tradici\u00f3n y alta calidad son los ingredientes del \u00e9xito de Agro Pic.<\/p>\n<p>S\u00edguenos en INSTAGRAM para descubrir todas las novedades de Agro Pic<\/p>\n<p><a href=\"https:\/\/www.instagram.com\/agropic\/\" target=\"_blank\" rel=\"noopener\">https:\/\/www.instagram.com\/agropic\/<\/a><\/p>\n<p><strong>Para cualquier informaci\u00f3n sobre nuestros productos, no dudes en <a href=\"https:\/\/www.agropic.it\/contatti\/\">ponerte en contacto con nosotros:<\/a><\/strong><\/p>\n<p>c\u00e9lula. 3495651669<\/p>\n<p>direcci\u00f3n de correo electr\u00f3nico: info@agropic.it<\/p>\n<p>Tel. 0964 1955229<\/p>\n","protected":false},"excerpt":{"rendered":"<p>El pat\u00e9 de aceitunas verdes tiene un sabor intenso y vivo, ideal para r\u00fasticos y aperitivos, y tambi\u00e9n excelente untado en pan para sabrosos tentempi\u00e9s.<\/p>\n<p>Para elaborar el pat\u00e9 de aceitunas verdes de Agro Pic, se seleccionan las mejores aceitunas 100% calabresas reci\u00e9n recogidas de la tierra de la empresa y se procesan siguiendo la cuidadosa y ancestral preparaci\u00f3n con agua y sal. A\u00f1adimos guindilla, or\u00e9gano y ajo para hacerlas a\u00fan m\u00e1s especiales y sabrosas. <\/p>\n<p>Producto sin conservantes.<\/p>\n<p><strong>Formato:<\/strong> 190 g<\/p>\n<p><strong>Origen Aceitunas:<\/strong> Italia<\/p>\n<p><strong>C\u00f3mpralo ahora y rec\u00edbelo en tu casa en 2-3 d\u00edas.<\/strong><\/p>\n<p>Lee la descripci\u00f3n completa a continuaci\u00f3n&hellip; <a class=\"kt-excerpt-readmore more-link\" href=\"https:\/\/agropic.it\/es\/producto\/pate-de-aceitunas-verdes-200-g\/\" aria-label=\"Pat\u00e9 de aceitunas verdes 190 g\">Leer m\u00e1s<\/a><\/p>\n","protected":false},"featured_media":7161,"comment_status":"closed","ping_status":"closed","template":"","meta":{"kt_blocks_editor_width":"","_kad_blocks_custom_css":"","_kad_blocks_head_custom_js":"","_kad_blocks_body_custom_js":"","_kad_blocks_footer_custom_js":""},"product_brand":[],"product_cat":[249],"product_tag":[1150,1149,560,1151],"class_list":{"0":"post-3666","1":"product","2":"type-product","3":"status-publish","4":"has-post-thumbnail","6":"product_cat-pate-y-cremas-untables","7":"product_tag-aceitunas-batidas","8":"product_tag-crema-de-aceitunas","9":"product_tag-pate-de-aceitunas","10":"product_tag-pesto-de-aceitunas","12":"first","13":"instock","14":"shipping-taxable","15":"purchasable","16":"product-type-simple"},"taxonomy_info":{"product_cat":[{"value":249,"label":"Pat\u00e9 y cremas untables"}],"product_tag":[{"value":1150,"label":"aceitunas batidas"},{"value":1149,"label":"crema de aceitunas"},{"value":560,"label":"pat\u00e9 de aceitunas"},{"value":1151,"label":"pesto de aceitunas"}]},"featured_image_src_large":["https:\/\/agropic.it\/wp-content\/uploads\/2023\/03\/Pate-di-olive-verdi-960x960.webp",960,960,true],"author_info":[],"comment_info":0,"_links":{"self":[{"href":"https:\/\/agropic.it\/es\/wp-json\/wp\/v2\/product\/3666","targetHints":{"allow":["GET"]}}],"collection":[{"href":"https:\/\/agropic.it\/es\/wp-json\/wp\/v2\/product"}],"about":[{"href":"https:\/\/agropic.it\/es\/wp-json\/wp\/v2\/types\/product"}],"replies":[{"embeddable":true,"href":"https:\/\/agropic.it\/es\/wp-json\/wp\/v2\/comments?post=3666"}],"wp:featuredmedia":[{"embeddable":true,"href":"https:\/\/agropic.it\/es\/wp-json\/wp\/v2\/media\/7161"}],"wp:attachment":[{"href":"https:\/\/agropic.it\/es\/wp-json\/wp\/v2\/media?parent=3666"}],"wp:term":[{"taxonomy":"product_brand","embeddable":true,"href":"https:\/\/agropic.it\/es\/wp-json\/wp\/v2\/product_brand?post=3666"},{"taxonomy":"product_cat","embeddable":true,"href":"https:\/\/agropic.it\/es\/wp-json\/wp\/v2\/product_cat?post=3666"},{"taxonomy":"product_tag","embeddable":true,"href":"https:\/\/agropic.it\/es\/wp-json\/wp\/v2\/product_tag?post=3666"}],"curies":[{"name":"wp","href":"https:\/\/api.w.org\/{rel}","templated":true}]}}